{"id":34111,"date":"2022-01-22T13:17:13","date_gmt":"2022-01-22T12:17:13","guid":{"rendered":"https:\/\/demoweb.info\/sexshop001\/producto\/boomerang-vibrador-con-estimulacion-vaginal\/"},"modified":"2022-01-22T13:17:29","modified_gmt":"2022-01-22T12:17:29","slug":"boomerang-vibrador-con-estimulacion-vaginal","status":"publish","type":"product","link":"https:\/\/demoweb.info\/sexshop001\/producto\/boomerang-vibrador-con-estimulacion-vaginal\/","title":{"rendered":"BOOMERANG VIBRADOR CON ESTIMULACI\u00d3N VAGINAL"},"content":{"rendered":"<p><strong>BOOMERANG VIBRADOR CON ESTIMULACI\u00d3N VAGINAL<\/strong><\/p>\n<p>Boomerang tiene la forma ideal para estimular los primeros cent\u00edmetros de la zona vaginal y a su vez disfrutar de las potentes vibraciones. Re\u00fane las caracter\u00edsticas para tener una estimulaci\u00f3n total. Dise\u00f1o, potencia y flexibilidad, un juguete perfecto para conseguir org\u00e1smos de 10.<\/p>\n<p>Estimulador directa de punto G , con cuatro intensidades de vibraci\u00f3n.<\/p>\n<p>Boomerang es un juguete er\u00f3tico con una flexibilidad y potencia, que te derretir\u00e1 nada m\u00e1s usarlo. Su dise\u00f1o con forma de boomerang llegar\u00e1 a darte placer con tan s\u00f3lo introducirlo, sus vibraciones potentes con 28 modos de vibraci\u00f3n y sus 4 intensidades te conquistar\u00e1n. Un vibrador completo y adaptable a tus deseos. \u00a1No querr\u00e1s parar nunca!<\/p>\n<p>Boomerang est\u00e1 dise\u00f1ado para:<\/p>\n<ul>\n<li>Resistente al agua<\/li>\n<li>Muy flexible y potente.<\/li>\n<li>Juguete con 4 intensidades.<\/li>\n<li>28 modos de vibraci\u00f3n.<\/li>\n<\/ul>\n<p>Vibrador potente y ovalado para dar rienda suelta a tus deseso.<\/p>\n<p><strong>Boomerang<\/strong> se convertir\u00e1 en tu aliado para disfrutar de las potentes vibraciones y su incre\u00edble estimulaci\u00f3n vaginal. Es un juguete tan completo y especial que te deslumbrar\u00e1 con sus 28 potentes modos de vibraciones, cumplir\u00e1n tus deseos m\u00e1s picantes.<\/p>\n<p>Caracter\u00edsticas:<\/p>\n<ul>\n<li>Medidas del producto: (210x35x35) mm<\/li>\n<li>Materiales: ABS ,Medical Grade Silicone.<\/li>\n<li>Peso del producto: 92 g<\/li>\n<li>Bater\u00eda:recargable a trav\u00e9s de USB.<\/li>\n<li>Uso y mantenimiento: El juguete debe limpiarse antes y despu\u00e9s de cada uso, empleando agua tibia y jab\u00f3n suave. Instrucciones incluidas en el embalaje.<\/li>\n<\/ul><\/p>\n","protected":false},"excerpt":{"rendered":"<p>BOOMERANG VIBRADOR CON ESTIMULACI\u00d3N VAGINAL Boomerang tiene la forma ideal para estimular los primeros cent\u00edmetros de la zona vaginal y<\/p>\n","protected":false},"featured_media":34112,"comment_status":"open","ping_status":"open","template":"","meta":[],"product_cat":[315],"product_tag":[1226],"class_list":["post-34111","product","type-product","status-publish","has-post-thumbnail","hentry","product_cat-silicona-vibradores-juguetes-xxx","product_tag-u-sex-toys"],"bundled_by":[],"bundle_stock_status":"instock","bundle_stock_quantity":1,"bundle_virtual":false,"bundle_layout":"","bundle_add_to_cart_form_location":"","bundle_editable_in_cart":false,"bundle_sold_individually_context":"","bundle_item_grouping":"","bundle_min_size":"","bundle_max_size":"","bundled_items":[],"yoast_head":"<!-- This site is optimized with the Yoast SEO plugin v20.6 - https:\/\/yoast.com\/wordpress\/plugins\/seo\/ -->\n<title>BOOMERANG VIBRADOR CON ESTIMULACI\u00d3N VAGINAL - Tienda Er\u00f3tica<\/title>\n<meta name=\"robots\" content=\"noindex, follow, max-snippet:-1, max-image-preview:large, max-video-preview:-1\" \/>\n<meta property=\"og:locale\" content=\"es_ES\" \/>\n<meta property=\"og:type\" content=\"article\" \/>\n<meta property=\"og:title\" content=\"BOOMERANG VIBRADOR CON ESTIMULACI\u00d3N VAGINAL - Tienda Er\u00f3tica\" \/>\n<meta property=\"og:description\" content=\"BOOMERANG VIBRADOR CON ESTIMULACI\u00d3N VAGINAL Boomerang tiene la forma ideal para estimular los primeros cent\u00edmetros de la zona vaginal y\" \/>\n<meta property=\"og:url\" content=\"https:\/\/demoweb.info\/sexshop001\/producto\/boomerang-vibrador-con-estimulacion-vaginal\/\" \/>\n<meta property=\"og:site_name\" content=\"Tienda Er\u00f3tica\" \/>\n<meta property=\"article:modified_time\" content=\"2022-01-22T12:17:29+00:00\" \/>\n<meta property=\"og:image\" content=\"https:\/\/demoweb.info\/sexshop001\/wp-content\/uploads\/2022\/01\/BOOMERANG-VIBRADOR-CON-ESTIMULACION-VAGINAL.jpg\" \/>\n\t<meta property=\"og:image:width\" content=\"550\" \/>\n\t<meta property=\"og:image:height\" content=\"550\" \/>\n\t<meta property=\"og:image:type\" content=\"image\/jpeg\" \/>\n<meta name=\"twitter:card\" content=\"summary_large_image\" \/>\n<meta name=\"twitter:label1\" content=\"Tiempo de lectura\" \/>\n\t<meta name=\"twitter:data1\" content=\"1 minuto\" \/>\n<script type=\"application\/ld+json\" class=\"yoast-schema-graph\">{\"@context\":\"https:\/\/schema.org\",\"@graph\":[{\"@type\":\"WebPage\",\"@id\":\"https:\/\/demoweb.info\/sexshop001\/producto\/boomerang-vibrador-con-estimulacion-vaginal\/\",\"url\":\"https:\/\/demoweb.info\/sexshop001\/producto\/boomerang-vibrador-con-estimulacion-vaginal\/\",\"name\":\"BOOMERANG VIBRADOR CON ESTIMULACI\u00d3N VAGINAL - Tienda Er\u00f3tica\",\"isPartOf\":{\"@id\":\"https:\/\/demoweb.info\/sexshop001\/#website\"},\"datePublished\":\"2022-01-22T12:17:13+00:00\",\"dateModified\":\"2022-01-22T12:17:29+00:00\",\"breadcrumb\":{\"@id\":\"https:\/\/demoweb.info\/sexshop001\/producto\/boomerang-vibrador-con-estimulacion-vaginal\/#breadcrumb\"},\"inLanguage\":\"es\",\"potentialAction\":[{\"@type\":\"ReadAction\",\"target\":[\"https:\/\/demoweb.info\/sexshop001\/producto\/boomerang-vibrador-con-estimulacion-vaginal\/\"]}]},{\"@type\":\"BreadcrumbList\",\"@id\":\"https:\/\/demoweb.info\/sexshop001\/producto\/boomerang-vibrador-con-estimulacion-vaginal\/#breadcrumb\",\"itemListElement\":[{\"@type\":\"ListItem\",\"position\":1,\"name\":\"Portada\",\"item\":\"https:\/\/demoweb.info\/sexshop001\/\"},{\"@type\":\"ListItem\",\"position\":2,\"name\":\"Tienda\",\"item\":\"https:\/\/demoweb.info\/sexshop001\/tienda\/\"},{\"@type\":\"ListItem\",\"position\":3,\"name\":\"BOOMERANG VIBRADOR CON ESTIMULACI\u00d3N VAGINAL\"}]},{\"@type\":\"WebSite\",\"@id\":\"https:\/\/demoweb.info\/sexshop001\/#website\",\"url\":\"https:\/\/demoweb.info\/sexshop001\/\",\"name\":\"Tienda Er\u00f3tica\",\"description\":\"DEMOWEB SL\",\"potentialAction\":[{\"@type\":\"SearchAction\",\"target\":{\"@type\":\"EntryPoint\",\"urlTemplate\":\"https:\/\/demoweb.info\/sexshop001\/?s={search_term_string}\"},\"query-input\":\"required name=search_term_string\"}],\"inLanguage\":\"es\"}]}<\/script>\n<!-- \/ Yoast SEO plugin. -->","yoast_head_json":{"title":"BOOMERANG VIBRADOR CON ESTIMULACI\u00d3N VAGINAL - Tienda Er\u00f3tica","robots":{"index":"noindex","follow":"follow","max-snippet":"max-snippet:-1","max-image-preview":"max-image-preview:large","max-video-preview":"max-video-preview:-1"},"og_locale":"es_ES","og_type":"article","og_title":"BOOMERANG VIBRADOR CON ESTIMULACI\u00d3N VAGINAL - Tienda Er\u00f3tica","og_description":"BOOMERANG VIBRADOR CON ESTIMULACI\u00d3N VAGINAL Boomerang tiene la forma ideal para estimular los primeros cent\u00edmetros de la zona vaginal y","og_url":"https:\/\/demoweb.info\/sexshop001\/producto\/boomerang-vibrador-con-estimulacion-vaginal\/","og_site_name":"Tienda Er\u00f3tica","article_modified_time":"2022-01-22T12:17:29+00:00","og_image":[{"width":550,"height":550,"url":"https:\/\/demoweb.info\/sexshop001\/wp-content\/uploads\/2022\/01\/BOOMERANG-VIBRADOR-CON-ESTIMULACION-VAGINAL.jpg","type":"image\/jpeg"}],"twitter_card":"summary_large_image","twitter_misc":{"Tiempo de lectura":"1 minuto"},"schema":{"@context":"https:\/\/schema.org","@graph":[{"@type":"WebPage","@id":"https:\/\/demoweb.info\/sexshop001\/producto\/boomerang-vibrador-con-estimulacion-vaginal\/","url":"https:\/\/demoweb.info\/sexshop001\/producto\/boomerang-vibrador-con-estimulacion-vaginal\/","name":"BOOMERANG VIBRADOR CON ESTIMULACI\u00d3N VAGINAL - Tienda Er\u00f3tica","isPartOf":{"@id":"https:\/\/demoweb.info\/sexshop001\/#website"},"datePublished":"2022-01-22T12:17:13+00:00","dateModified":"2022-01-22T12:17:29+00:00","breadcrumb":{"@id":"https:\/\/demoweb.info\/sexshop001\/producto\/boomerang-vibrador-con-estimulacion-vaginal\/#breadcrumb"},"inLanguage":"es","potentialAction":[{"@type":"ReadAction","target":["https:\/\/demoweb.info\/sexshop001\/producto\/boomerang-vibrador-con-estimulacion-vaginal\/"]}]},{"@type":"BreadcrumbList","@id":"https:\/\/demoweb.info\/sexshop001\/producto\/boomerang-vibrador-con-estimulacion-vaginal\/#breadcrumb","itemListElement":[{"@type":"ListItem","position":1,"name":"Portada","item":"https:\/\/demoweb.info\/sexshop001\/"},{"@type":"ListItem","position":2,"name":"Tienda","item":"https:\/\/demoweb.info\/sexshop001\/tienda\/"},{"@type":"ListItem","position":3,"name":"BOOMERANG VIBRADOR CON ESTIMULACI\u00d3N VAGINAL"}]},{"@type":"WebSite","@id":"https:\/\/demoweb.info\/sexshop001\/#website","url":"https:\/\/demoweb.info\/sexshop001\/","name":"Tienda Er\u00f3tica","description":"DEMOWEB SL","potentialAction":[{"@type":"SearchAction","target":{"@type":"EntryPoint","urlTemplate":"https:\/\/demoweb.info\/sexshop001\/?s={search_term_string}"},"query-input":"required name=search_term_string"}],"inLanguage":"es"}]}},"_links":{"self":[{"href":"https:\/\/demoweb.info\/sexshop001\/wp-json\/wp\/v3\/product\/34111","targetHints":{"allow":["GET"]}}],"collection":[{"href":"https:\/\/demoweb.info\/sexshop001\/wp-json\/wp\/v3\/product"}],"about":[{"href":"https:\/\/demoweb.info\/sexshop001\/wp-json\/wp\/v2\/types\/product"}],"replies":[{"embeddable":true,"href":"https:\/\/demoweb.info\/sexshop001\/wp-json\/wp\/v2\/comments?post=34111"}],"wp:featuredmedia":[{"embeddable":true,"href":"https:\/\/demoweb.info\/sexshop001\/wp-json\/wp\/v2\/media\/34112"}],"wp:attachment":[{"href":"https:\/\/demoweb.info\/sexshop001\/wp-json\/wp\/v2\/media?parent=34111"}],"wp:term":[{"taxonomy":"product_cat","embeddable":true,"href":"https:\/\/demoweb.info\/sexshop001\/wp-json\/wp\/v2\/product_cat?post=34111"},{"taxonomy":"product_tag","embeddable":true,"href":"https:\/\/demoweb.info\/sexshop001\/wp-json\/wp\/v2\/product_tag?post=34111"}],"curies":[{"name":"wp","href":"https:\/\/api.w.org\/{rel}","templated":true}]}}