{"id":34105,"date":"2022-01-22T13:17:13","date_gmt":"2022-01-22T12:17:13","guid":{"rendered":"https:\/\/demoweb.info\/sexshop001\/producto\/coss-vibrador-con-succionador-de-clitoris\/"},"modified":"2022-01-22T13:17:26","modified_gmt":"2022-01-22T12:17:26","slug":"coss-vibrador-con-succionador-de-clitoris","status":"publish","type":"product","link":"https:\/\/demoweb.info\/sexshop001\/producto\/coss-vibrador-con-succionador-de-clitoris\/","title":{"rendered":"COSS VIBRADOR CON SUCCIONADOR DE CL\u00cdTORIS"},"content":{"rendered":"<p><strong>COSS VIBRADOR CON SUCCIONADOR DE CL\u00cdTORIS<\/strong><\/p>\n<p>Coss es una gama m\u00e1s sofisticada, elegante y revolucionaria de succionador de cl\u00edtoris. Es el succionador por excelencia que te har\u00e1 temblar y con el que conseguir\u00e1s los mejores orgasmos. \u00a1No parar\u00e1s de usarlo!<\/p>\n<p>Vibrador y succionador de cl\u00edtoris para orgasmos de 10<\/p>\n<p>Coss es un juguete er\u00f3tico con un dise\u00f1o m\u00e1s elegante y cuidado. Dise\u00f1ado para llenarte de placer y cumplir todos tus deseos sexuales al minuto.<br \/>\nSe convertir\u00e1 en tu juguete favorito para descubrir nuevas experiencias y formas de disfrutar de tu sexualidad. Sus 12 modos de vibraci\u00f3n te har\u00e1n temblar y empezar a disfrutar, pero con el succionador de cl\u00edtoris, conseguir\u00e1s orgasmos m\u00faltiples disfrutando con tu pareja.<\/p>\n<p>Coss est\u00e1 dise\u00f1ado para:<\/p>\n<ul>\n<li>Especializado en orgasmos m\u00faltiples.<\/li>\n<li>Estimulaci\u00f3n sin contacto directo por ondas expansivas<\/li>\n<li>Vibraci\u00f3n y succi\u00f3n para conseguir un placer extremo.<\/li>\n<li> 12 modos de succi\u00f3n y vibraci\u00f3n<\/li>\n<\/ul>\n<p>Vibrador y succionador femenino<\/p>\n<p>Coss se convertir\u00e1 en tu juguete ideal para conseguir los mejores orgasmos. Su dise\u00f1o te enamorar\u00e1, s\u00f3lo tendr\u00e1s ganas de usarlo. Es una revoluci\u00f3n, su estimulaci\u00f3n es por ondas expansivas y pulsaciones, evitando el contacto directo.<\/p>\n<p>Para empezar a vibrar, presione el bot\u00f3n con forma de coraz\u00f3n \u201cS\u201d y se iluminar\u00e1 una luz, te encantar\u00e1 y entrar\u00e1s en calor al minuto. Si deseas cambiar al modo succi\u00f3n para seguir disfrutando del placer, vuelve a presionarlo y se cambiar\u00e1 al modo de succi\u00f3n. Para apagarlo, presione el bot\u00f3n de nuevo durante 3 segundos.<\/p>\n<p>Para iniciar el modo succi\u00f3n, presione el bot\u00f3n con forma de coraz\u00f3n \u201cF\u201d y se iluminar\u00e1 una luz, te encantar\u00e1 y podr\u00e1s disfrutar de los 12 modos de succi\u00f3n y regularlos como desees. Para apagarlo, presione el bot\u00f3n de nuevo durante 3 segundos.<\/p>\n<p>Si se te acaba la bater\u00eda, y no quieres dejar de disfrutar el placer m\u00e1s extremo, no olvides que es recargable con USB. Siempre estar\u00e1 disponible, para hacerte disfrutar.\u00bf Te apetece jugar bajo el agua? Pru\u00e9balo, es waterproof.<\/p><\/p>\n","protected":false},"excerpt":{"rendered":"<p>COSS VIBRADOR CON SUCCIONADOR DE CL\u00cdTORIS Coss es una gama m\u00e1s sofisticada, elegante y revolucionaria de succionador de cl\u00edtoris. Es<\/p>\n","protected":false},"featured_media":34106,"comment_status":"open","ping_status":"open","template":"","meta":[],"product_cat":[405],"product_tag":[1226],"class_list":["post-34105","product","type-product","status-publish","has-post-thumbnail","hentry","product_cat-succionadores","product_tag-u-sex-toys"],"bundled_by":[],"bundle_stock_status":"instock","bundle_stock_quantity":3,"bundle_virtual":false,"bundle_layout":"","bundle_add_to_cart_form_location":"","bundle_editable_in_cart":false,"bundle_sold_individually_context":"","bundle_item_grouping":"","bundle_min_size":"","bundle_max_size":"","bundled_items":[],"yoast_head":"<!-- This site is optimized with the Yoast SEO plugin v20.6 - https:\/\/yoast.com\/wordpress\/plugins\/seo\/ -->\n<title>COSS VIBRADOR CON SUCCIONADOR DE CL\u00cdTORIS - Tienda Er\u00f3tica<\/title>\n<meta name=\"robots\" content=\"noindex, follow, max-snippet:-1, max-image-preview:large, max-video-preview:-1\" \/>\n<meta property=\"og:locale\" content=\"es_ES\" \/>\n<meta property=\"og:type\" content=\"article\" \/>\n<meta property=\"og:title\" content=\"COSS VIBRADOR CON SUCCIONADOR DE CL\u00cdTORIS - Tienda Er\u00f3tica\" \/>\n<meta property=\"og:description\" content=\"COSS VIBRADOR CON SUCCIONADOR DE CL\u00cdTORIS Coss es una gama m\u00e1s sofisticada, elegante y revolucionaria de succionador de cl\u00edtoris. Es\" \/>\n<meta property=\"og:url\" content=\"https:\/\/demoweb.info\/sexshop001\/producto\/coss-vibrador-con-succionador-de-clitoris\/\" \/>\n<meta property=\"og:site_name\" content=\"Tienda Er\u00f3tica\" \/>\n<meta property=\"article:modified_time\" content=\"2022-01-22T12:17:26+00:00\" \/>\n<meta property=\"og:image\" content=\"https:\/\/demoweb.info\/sexshop001\/wp-content\/uploads\/2022\/01\/COSS-VIBRADOR-CON-SUCCIONADOR-DE-CLITORIS.jpg\" \/>\n\t<meta property=\"og:image:width\" content=\"550\" \/>\n\t<meta property=\"og:image:height\" content=\"550\" \/>\n\t<meta property=\"og:image:type\" content=\"image\/jpeg\" \/>\n<meta name=\"twitter:card\" content=\"summary_large_image\" \/>\n<meta name=\"twitter:label1\" content=\"Tiempo de lectura\" \/>\n\t<meta name=\"twitter:data1\" content=\"2 minutos\" \/>\n<script type=\"application\/ld+json\" class=\"yoast-schema-graph\">{\"@context\":\"https:\/\/schema.org\",\"@graph\":[{\"@type\":\"WebPage\",\"@id\":\"https:\/\/demoweb.info\/sexshop001\/producto\/coss-vibrador-con-succionador-de-clitoris\/\",\"url\":\"https:\/\/demoweb.info\/sexshop001\/producto\/coss-vibrador-con-succionador-de-clitoris\/\",\"name\":\"COSS VIBRADOR CON SUCCIONADOR DE CL\u00cdTORIS - Tienda Er\u00f3tica\",\"isPartOf\":{\"@id\":\"https:\/\/demoweb.info\/sexshop001\/#website\"},\"datePublished\":\"2022-01-22T12:17:13+00:00\",\"dateModified\":\"2022-01-22T12:17:26+00:00\",\"breadcrumb\":{\"@id\":\"https:\/\/demoweb.info\/sexshop001\/producto\/coss-vibrador-con-succionador-de-clitoris\/#breadcrumb\"},\"inLanguage\":\"es\",\"potentialAction\":[{\"@type\":\"ReadAction\",\"target\":[\"https:\/\/demoweb.info\/sexshop001\/producto\/coss-vibrador-con-succionador-de-clitoris\/\"]}]},{\"@type\":\"BreadcrumbList\",\"@id\":\"https:\/\/demoweb.info\/sexshop001\/producto\/coss-vibrador-con-succionador-de-clitoris\/#breadcrumb\",\"itemListElement\":[{\"@type\":\"ListItem\",\"position\":1,\"name\":\"Portada\",\"item\":\"https:\/\/demoweb.info\/sexshop001\/\"},{\"@type\":\"ListItem\",\"position\":2,\"name\":\"Tienda\",\"item\":\"https:\/\/demoweb.info\/sexshop001\/tienda\/\"},{\"@type\":\"ListItem\",\"position\":3,\"name\":\"COSS VIBRADOR CON SUCCIONADOR DE CL\u00cdTORIS\"}]},{\"@type\":\"WebSite\",\"@id\":\"https:\/\/demoweb.info\/sexshop001\/#website\",\"url\":\"https:\/\/demoweb.info\/sexshop001\/\",\"name\":\"Tienda Er\u00f3tica\",\"description\":\"DEMOWEB SL\",\"potentialAction\":[{\"@type\":\"SearchAction\",\"target\":{\"@type\":\"EntryPoint\",\"urlTemplate\":\"https:\/\/demoweb.info\/sexshop001\/?s={search_term_string}\"},\"query-input\":\"required name=search_term_string\"}],\"inLanguage\":\"es\"}]}<\/script>\n<!-- \/ Yoast SEO plugin. -->","yoast_head_json":{"title":"COSS VIBRADOR CON SUCCIONADOR DE CL\u00cdTORIS - Tienda Er\u00f3tica","robots":{"index":"noindex","follow":"follow","max-snippet":"max-snippet:-1","max-image-preview":"max-image-preview:large","max-video-preview":"max-video-preview:-1"},"og_locale":"es_ES","og_type":"article","og_title":"COSS VIBRADOR CON SUCCIONADOR DE CL\u00cdTORIS - Tienda Er\u00f3tica","og_description":"COSS VIBRADOR CON SUCCIONADOR DE CL\u00cdTORIS Coss es una gama m\u00e1s sofisticada, elegante y revolucionaria de succionador de cl\u00edtoris. Es","og_url":"https:\/\/demoweb.info\/sexshop001\/producto\/coss-vibrador-con-succionador-de-clitoris\/","og_site_name":"Tienda Er\u00f3tica","article_modified_time":"2022-01-22T12:17:26+00:00","og_image":[{"width":550,"height":550,"url":"https:\/\/demoweb.info\/sexshop001\/wp-content\/uploads\/2022\/01\/COSS-VIBRADOR-CON-SUCCIONADOR-DE-CLITORIS.jpg","type":"image\/jpeg"}],"twitter_card":"summary_large_image","twitter_misc":{"Tiempo de lectura":"2 minutos"},"schema":{"@context":"https:\/\/schema.org","@graph":[{"@type":"WebPage","@id":"https:\/\/demoweb.info\/sexshop001\/producto\/coss-vibrador-con-succionador-de-clitoris\/","url":"https:\/\/demoweb.info\/sexshop001\/producto\/coss-vibrador-con-succionador-de-clitoris\/","name":"COSS VIBRADOR CON SUCCIONADOR DE CL\u00cdTORIS - Tienda Er\u00f3tica","isPartOf":{"@id":"https:\/\/demoweb.info\/sexshop001\/#website"},"datePublished":"2022-01-22T12:17:13+00:00","dateModified":"2022-01-22T12:17:26+00:00","breadcrumb":{"@id":"https:\/\/demoweb.info\/sexshop001\/producto\/coss-vibrador-con-succionador-de-clitoris\/#breadcrumb"},"inLanguage":"es","potentialAction":[{"@type":"ReadAction","target":["https:\/\/demoweb.info\/sexshop001\/producto\/coss-vibrador-con-succionador-de-clitoris\/"]}]},{"@type":"BreadcrumbList","@id":"https:\/\/demoweb.info\/sexshop001\/producto\/coss-vibrador-con-succionador-de-clitoris\/#breadcrumb","itemListElement":[{"@type":"ListItem","position":1,"name":"Portada","item":"https:\/\/demoweb.info\/sexshop001\/"},{"@type":"ListItem","position":2,"name":"Tienda","item":"https:\/\/demoweb.info\/sexshop001\/tienda\/"},{"@type":"ListItem","position":3,"name":"COSS VIBRADOR CON SUCCIONADOR DE CL\u00cdTORIS"}]},{"@type":"WebSite","@id":"https:\/\/demoweb.info\/sexshop001\/#website","url":"https:\/\/demoweb.info\/sexshop001\/","name":"Tienda Er\u00f3tica","description":"DEMOWEB SL","potentialAction":[{"@type":"SearchAction","target":{"@type":"EntryPoint","urlTemplate":"https:\/\/demoweb.info\/sexshop001\/?s={search_term_string}"},"query-input":"required name=search_term_string"}],"inLanguage":"es"}]}},"_links":{"self":[{"href":"https:\/\/demoweb.info\/sexshop001\/wp-json\/wp\/v3\/product\/34105","targetHints":{"allow":["GET"]}}],"collection":[{"href":"https:\/\/demoweb.info\/sexshop001\/wp-json\/wp\/v3\/product"}],"about":[{"href":"https:\/\/demoweb.info\/sexshop001\/wp-json\/wp\/v2\/types\/product"}],"replies":[{"embeddable":true,"href":"https:\/\/demoweb.info\/sexshop001\/wp-json\/wp\/v2\/comments?post=34105"}],"wp:featuredmedia":[{"embeddable":true,"href":"https:\/\/demoweb.info\/sexshop001\/wp-json\/wp\/v2\/media\/34106"}],"wp:attachment":[{"href":"https:\/\/demoweb.info\/sexshop001\/wp-json\/wp\/v2\/media?parent=34105"}],"wp:term":[{"taxonomy":"product_cat","embeddable":true,"href":"https:\/\/demoweb.info\/sexshop001\/wp-json\/wp\/v2\/product_cat?post=34105"},{"taxonomy":"product_tag","embeddable":true,"href":"https:\/\/demoweb.info\/sexshop001\/wp-json\/wp\/v2\/product_tag?post=34105"}],"curies":[{"name":"wp","href":"https:\/\/api.w.org\/{rel}","templated":true}]}}