{"id":34087,"date":"2022-01-22T13:17:13","date_gmt":"2022-01-22T12:17:13","guid":{"rendered":"https:\/\/demoweb.info\/sexshop001\/producto\/duck-vibrador-con-estimulacion-vaginal-y-clitorial\/"},"modified":"2022-01-22T13:17:17","modified_gmt":"2022-01-22T12:17:17","slug":"duck-vibrador-con-estimulacion-vaginal-y-clitorial","status":"publish","type":"product","link":"https:\/\/demoweb.info\/sexshop001\/producto\/duck-vibrador-con-estimulacion-vaginal-y-clitorial\/","title":{"rendered":"DUCK VIBRADOR CON ESTIMULACI\u00d3N VAGINAL Y CLITORIAL"},"content":{"rendered":"<p><strong>DUCK VIBRADOR CON ESTIMULACI\u00d3N VAGINAL Y CLITORIAL<\/strong><\/p>\n<p>Duck es un juguete er\u00f3tico que mezcla las caracter\u00edsticas principales para tener orgasmos de 10. Te conquistar\u00e1 su dise\u00f1o, sus dos motores independientes ,sus 36 potentes modos de vibraci\u00f3n y sus 5 intensidades, te excitar\u00e1n y disfrutar\u00e1s al 100% \u00bfQuieres disfrutar de un placer extremo?<\/p>\n<p>Vibrador con hasta 36 potentes vibraciones.<\/p>\n<p>Duck es un juguete er\u00f3tico con una flexibilidad y potencia que te derretir\u00e1 nada m\u00e1s usarlo. El juguete lo puedes utilizar como vibrador: introduciendo un parte, estimulando la zona interna y utilizar la otra parte para estimular la zona del cl\u00edtoris. O bien introducir ambas partes. Un vibrador completo con intensidades y modos que te har\u00e1n entrar en un jard\u00edn de sensaciones y placer. \u00a1No querr\u00e1s parar nunca!<\/p>\n<p>Duck est\u00e1 dise\u00f1ado para:<\/p>\n<ul>\n<li> Cabezales de masaje flexibles y sedosos.<\/li>\n<li> Muy flexible y potente.<\/li>\n<li> Juguete con 5 intensidades.<\/li>\n<li> 26 modos de vibraci\u00f3n.<\/li>\n<\/ul>\n<p>Disfruta de orgasmos m\u00e1s intensos con el vibrador DUCK<\/p>\n<p>Duck se convertir\u00e1 en tu aliado para dejarte fluir ,disfrutar de las potentes vibraciones y de su incre\u00edble dise\u00f1o. Es un juguete tan completo, que no necesitar\u00e1s nada m\u00e1s para conseguir los mejores orgasmos. Sus 26 potentes modos de vibraciones dar\u00e1n rienda suelta a tu placer.<\/p>\n<p>\u00bfTe atreves a probarlo?<\/p>\n<p>Caracter\u00edsticas:<\/p>\n<ul>\n<li>Medidas del producto: (225x65x35) mm<\/li>\n<li>Materiales: ABS ,Medical Grade Silicone.<\/li>\n<li>Peso del producto: 183 g<\/li>\n<li>Bater\u00eda:recargable a trav\u00e9s de USB.<\/li>\n<li>Uso y mantenimiento: El juguete debe limpiarse antes y despu\u00e9s de cada uso, empleando agua tibia y jab\u00f3n suave .Instrucciones incluidas en el embalaje.<\/li>\n<\/ul><\/p>\n","protected":false},"excerpt":{"rendered":"<p>DUCK VIBRADOR CON ESTIMULACI\u00d3N VAGINAL Y CLITORIAL Duck es un juguete er\u00f3tico que mezcla las caracter\u00edsticas principales para tener orgasmos<\/p>\n","protected":false},"featured_media":34088,"comment_status":"open","ping_status":"open","template":"","meta":[],"product_cat":[434],"product_tag":[1226],"class_list":["post-34087","product","type-product","status-publish","has-post-thumbnail","hentry","product_cat-doble-estimulacion-vibradores-juguetes-xxx","product_tag-u-sex-toys"],"bundled_by":[],"bundle_stock_status":"outofstock","bundle_stock_quantity":0,"bundle_virtual":false,"bundle_layout":"","bundle_add_to_cart_form_location":"","bundle_editable_in_cart":false,"bundle_sold_individually_context":"","bundle_item_grouping":"","bundle_min_size":"","bundle_max_size":"","bundled_items":[],"yoast_head":"<!-- This site is optimized with the Yoast SEO plugin v20.6 - https:\/\/yoast.com\/wordpress\/plugins\/seo\/ -->\n<title>DUCK VIBRADOR CON ESTIMULACI\u00d3N VAGINAL Y CLITORIAL - Tienda Er\u00f3tica<\/title>\n<meta name=\"robots\" content=\"noindex, follow, max-snippet:-1, max-image-preview:large, max-video-preview:-1\" \/>\n<meta property=\"og:locale\" content=\"es_ES\" \/>\n<meta property=\"og:type\" content=\"article\" \/>\n<meta property=\"og:title\" content=\"DUCK VIBRADOR CON ESTIMULACI\u00d3N VAGINAL Y CLITORIAL - Tienda Er\u00f3tica\" \/>\n<meta property=\"og:description\" content=\"DUCK VIBRADOR CON ESTIMULACI\u00d3N VAGINAL Y CLITORIAL Duck es un juguete er\u00f3tico que mezcla las caracter\u00edsticas principales para tener orgasmos\" \/>\n<meta property=\"og:url\" content=\"https:\/\/demoweb.info\/sexshop001\/producto\/duck-vibrador-con-estimulacion-vaginal-y-clitorial\/\" \/>\n<meta property=\"og:site_name\" content=\"Tienda Er\u00f3tica\" \/>\n<meta property=\"article:modified_time\" content=\"2022-01-22T12:17:17+00:00\" \/>\n<meta property=\"og:image\" content=\"https:\/\/demoweb.info\/sexshop001\/wp-content\/uploads\/2022\/01\/DUCK-VIBRADOR-CON-ESTIMULACION-VAGINAL-Y-CLITORIAL.jpg\" \/>\n\t<meta property=\"og:image:width\" content=\"550\" \/>\n\t<meta property=\"og:image:height\" content=\"550\" \/>\n\t<meta property=\"og:image:type\" content=\"image\/jpeg\" \/>\n<meta name=\"twitter:card\" content=\"summary_large_image\" \/>\n<meta name=\"twitter:label1\" content=\"Tiempo de lectura\" \/>\n\t<meta name=\"twitter:data1\" content=\"1 minuto\" \/>\n<script type=\"application\/ld+json\" class=\"yoast-schema-graph\">{\"@context\":\"https:\/\/schema.org\",\"@graph\":[{\"@type\":\"WebPage\",\"@id\":\"https:\/\/demoweb.info\/sexshop001\/producto\/duck-vibrador-con-estimulacion-vaginal-y-clitorial\/\",\"url\":\"https:\/\/demoweb.info\/sexshop001\/producto\/duck-vibrador-con-estimulacion-vaginal-y-clitorial\/\",\"name\":\"DUCK VIBRADOR CON ESTIMULACI\u00d3N VAGINAL Y CLITORIAL - Tienda Er\u00f3tica\",\"isPartOf\":{\"@id\":\"https:\/\/demoweb.info\/sexshop001\/#website\"},\"datePublished\":\"2022-01-22T12:17:13+00:00\",\"dateModified\":\"2022-01-22T12:17:17+00:00\",\"breadcrumb\":{\"@id\":\"https:\/\/demoweb.info\/sexshop001\/producto\/duck-vibrador-con-estimulacion-vaginal-y-clitorial\/#breadcrumb\"},\"inLanguage\":\"es\",\"potentialAction\":[{\"@type\":\"ReadAction\",\"target\":[\"https:\/\/demoweb.info\/sexshop001\/producto\/duck-vibrador-con-estimulacion-vaginal-y-clitorial\/\"]}]},{\"@type\":\"BreadcrumbList\",\"@id\":\"https:\/\/demoweb.info\/sexshop001\/producto\/duck-vibrador-con-estimulacion-vaginal-y-clitorial\/#breadcrumb\",\"itemListElement\":[{\"@type\":\"ListItem\",\"position\":1,\"name\":\"Portada\",\"item\":\"https:\/\/demoweb.info\/sexshop001\/\"},{\"@type\":\"ListItem\",\"position\":2,\"name\":\"Tienda\",\"item\":\"https:\/\/demoweb.info\/sexshop001\/tienda\/\"},{\"@type\":\"ListItem\",\"position\":3,\"name\":\"DUCK VIBRADOR CON ESTIMULACI\u00d3N VAGINAL Y CLITORIAL\"}]},{\"@type\":\"WebSite\",\"@id\":\"https:\/\/demoweb.info\/sexshop001\/#website\",\"url\":\"https:\/\/demoweb.info\/sexshop001\/\",\"name\":\"Tienda Er\u00f3tica\",\"description\":\"DEMOWEB SL\",\"potentialAction\":[{\"@type\":\"SearchAction\",\"target\":{\"@type\":\"EntryPoint\",\"urlTemplate\":\"https:\/\/demoweb.info\/sexshop001\/?s={search_term_string}\"},\"query-input\":\"required name=search_term_string\"}],\"inLanguage\":\"es\"}]}<\/script>\n<!-- \/ Yoast SEO plugin. -->","yoast_head_json":{"title":"DUCK VIBRADOR CON ESTIMULACI\u00d3N VAGINAL Y CLITORIAL - Tienda Er\u00f3tica","robots":{"index":"noindex","follow":"follow","max-snippet":"max-snippet:-1","max-image-preview":"max-image-preview:large","max-video-preview":"max-video-preview:-1"},"og_locale":"es_ES","og_type":"article","og_title":"DUCK VIBRADOR CON ESTIMULACI\u00d3N VAGINAL Y CLITORIAL - Tienda Er\u00f3tica","og_description":"DUCK VIBRADOR CON ESTIMULACI\u00d3N VAGINAL Y CLITORIAL Duck es un juguete er\u00f3tico que mezcla las caracter\u00edsticas principales para tener orgasmos","og_url":"https:\/\/demoweb.info\/sexshop001\/producto\/duck-vibrador-con-estimulacion-vaginal-y-clitorial\/","og_site_name":"Tienda Er\u00f3tica","article_modified_time":"2022-01-22T12:17:17+00:00","og_image":[{"width":550,"height":550,"url":"https:\/\/demoweb.info\/sexshop001\/wp-content\/uploads\/2022\/01\/DUCK-VIBRADOR-CON-ESTIMULACION-VAGINAL-Y-CLITORIAL.jpg","type":"image\/jpeg"}],"twitter_card":"summary_large_image","twitter_misc":{"Tiempo de lectura":"1 minuto"},"schema":{"@context":"https:\/\/schema.org","@graph":[{"@type":"WebPage","@id":"https:\/\/demoweb.info\/sexshop001\/producto\/duck-vibrador-con-estimulacion-vaginal-y-clitorial\/","url":"https:\/\/demoweb.info\/sexshop001\/producto\/duck-vibrador-con-estimulacion-vaginal-y-clitorial\/","name":"DUCK VIBRADOR CON ESTIMULACI\u00d3N VAGINAL Y CLITORIAL - Tienda Er\u00f3tica","isPartOf":{"@id":"https:\/\/demoweb.info\/sexshop001\/#website"},"datePublished":"2022-01-22T12:17:13+00:00","dateModified":"2022-01-22T12:17:17+00:00","breadcrumb":{"@id":"https:\/\/demoweb.info\/sexshop001\/producto\/duck-vibrador-con-estimulacion-vaginal-y-clitorial\/#breadcrumb"},"inLanguage":"es","potentialAction":[{"@type":"ReadAction","target":["https:\/\/demoweb.info\/sexshop001\/producto\/duck-vibrador-con-estimulacion-vaginal-y-clitorial\/"]}]},{"@type":"BreadcrumbList","@id":"https:\/\/demoweb.info\/sexshop001\/producto\/duck-vibrador-con-estimulacion-vaginal-y-clitorial\/#breadcrumb","itemListElement":[{"@type":"ListItem","position":1,"name":"Portada","item":"https:\/\/demoweb.info\/sexshop001\/"},{"@type":"ListItem","position":2,"name":"Tienda","item":"https:\/\/demoweb.info\/sexshop001\/tienda\/"},{"@type":"ListItem","position":3,"name":"DUCK VIBRADOR CON ESTIMULACI\u00d3N VAGINAL Y CLITORIAL"}]},{"@type":"WebSite","@id":"https:\/\/demoweb.info\/sexshop001\/#website","url":"https:\/\/demoweb.info\/sexshop001\/","name":"Tienda Er\u00f3tica","description":"DEMOWEB SL","potentialAction":[{"@type":"SearchAction","target":{"@type":"EntryPoint","urlTemplate":"https:\/\/demoweb.info\/sexshop001\/?s={search_term_string}"},"query-input":"required name=search_term_string"}],"inLanguage":"es"}]}},"_links":{"self":[{"href":"https:\/\/demoweb.info\/sexshop001\/wp-json\/wp\/v3\/product\/34087","targetHints":{"allow":["GET"]}}],"collection":[{"href":"https:\/\/demoweb.info\/sexshop001\/wp-json\/wp\/v3\/product"}],"about":[{"href":"https:\/\/demoweb.info\/sexshop001\/wp-json\/wp\/v2\/types\/product"}],"replies":[{"embeddable":true,"href":"https:\/\/demoweb.info\/sexshop001\/wp-json\/wp\/v2\/comments?post=34087"}],"wp:featuredmedia":[{"embeddable":true,"href":"https:\/\/demoweb.info\/sexshop001\/wp-json\/wp\/v2\/media\/34088"}],"wp:attachment":[{"href":"https:\/\/demoweb.info\/sexshop001\/wp-json\/wp\/v2\/media?parent=34087"}],"wp:term":[{"taxonomy":"product_cat","embeddable":true,"href":"https:\/\/demoweb.info\/sexshop001\/wp-json\/wp\/v2\/product_cat?post=34087"},{"taxonomy":"product_tag","embeddable":true,"href":"https:\/\/demoweb.info\/sexshop001\/wp-json\/wp\/v2\/product_tag?post=34087"}],"curies":[{"name":"wp","href":"https:\/\/api.w.org\/{rel}","templated":true}]}}