{"id":33993,"date":"2022-01-22T13:16:18","date_gmt":"2022-01-22T12:16:18","guid":{"rendered":"https:\/\/demoweb.info\/sexshop001\/producto\/tenga-flip-zero-0-red-and-flip-warmer-set-masturbador-con-calor\/"},"modified":"2022-01-22T13:16:22","modified_gmt":"2022-01-22T12:16:22","slug":"tenga-flip-zero-0-red-and-flip-warmer-set-masturbador-con-calor","status":"publish","type":"product","link":"https:\/\/demoweb.info\/sexshop001\/producto\/tenga-flip-zero-0-red-and-flip-warmer-set-masturbador-con-calor\/","title":{"rendered":"TENGA &#8211; FLIP ZERO 0 RED AND FLIP WARMER SET &#8211; MASTURBADOR CON CALOR"},"content":{"rendered":"<p><strong>TENGA &#8211; FLIP ZERO 0 RED AND FLIP WARMER SET<\/strong><\/p>\n<p>\u00a1Presentamos el nuevo juego FLIP 0 (ZERO) RED y FLIP WARMER!<\/p>\n<p>Este conjunto exclusivo es la combinaci\u00f3n perfecta de detalles redise\u00f1ados en gel suave y placer calentado. Los densos detalles est\u00e1n dispuestos para encajar entre s\u00ed para una envoltura completa, trabajando con el calor del cuerpo como el calor para un placer inmersivo.<\/p>\n<p>El FLIP WARMER exclusivo de este conjunto es un dispositivo de calentamiento dise\u00f1ado espec\u00edficamente para la serie FLIP. El sistema de calefacci\u00f3n de alta potencia utiliza la conductividad t\u00e9rmica del aluminio para calentar completamente todo el art\u00edculo, desde el punto de inserci\u00f3n hasta las profundidades m\u00e1s internas del producto.<br \/>\nCon una calidez ajustable y la sensaci\u00f3n m\u00e1s suave que jam\u00e1s haya existido en la serie FLIP, experimente una inmersi\u00f3n completa en una calidez envolvente.]<\/p>\n<p>Caracter\u00edsticas b\u00e1sicas de FLIP 0:<br \/>\n&#8211; Las almohadillas de presi\u00f3n son suaves al tacto.<br \/>\n&#8211; Utilice las almohadillas de presi\u00f3n para cambiar la presi\u00f3n interna o crear succi\u00f3n.<br \/>\n&#8211; El punto de inserci\u00f3n sin costuras est\u00e1 moldeado junto con la bisagra.<br \/>\n&#8211; Succi\u00f3n m\u00e1s fuerte y reduce las fugas de lubricante.<br \/>\n&#8211; El art\u00edculo se engancha para que los brazos deslizantes sean f\u00e1ciles de colocar sobre el art\u00edculo.<br \/>\n&#8211; Se bloquea en su lugar para facilitar su uso.<br \/>\n&#8211; Los brazos deslizantes son una forma sencilla de mantener el art\u00edculo unido durante su uso.<br \/>\n&#8211; Los intrincados detalles internos acent\u00faan la fuerza del vac\u00edo.<br \/>\n&#8211; Materiales de alta calidad utilizados para crear detalles compactos.<br \/>\n&#8211; El dise\u00f1o abatible permite un lavado f\u00e1cil y los brazos deslizantes se pueden usar para secar para un uso higi\u00e9nico en todo momento.<br \/>\n&#8211; Guarde el art\u00edculo de forma segura en su estuche de almacenamiento.<\/p>\n<p>Informaci\u00f3n del producto:<br \/>\n&#8211; FLIP 0 (CERO) ROJO: 70 &times; 80 &times; 180 A \/ Aprox .: 482 g<br \/>\n&#8211; CALENTADOR DE COLGANTES: 77 &times; 92 &times; 160 A \/ Aprox .: 195 g<br \/>\n&#8211; Dimensiones externas: W118 &times; D122 &times; H206 \/ Aproximadamente: 1290g? Peso incluidas las piezas adjuntas<br \/>\n&#8211; Voltaje \/ corriente nominal: CC 18 V, 3 A (utiliza enchufe de CC)<br \/>\n&#8211; Modos de calentamiento: 2 puntos fuertes (fuerte a leve) \/ Parpadeo ligero: Calentamiento \/ Luz encendida: Modo de aislamiento<br \/>\n&#8211; Tiempo de calentamiento: 5-6 minutos (var\u00eda con la temperatura ambiente)<br \/>\n&bull; La alimentaci\u00f3n se apagar\u00e1 autom\u00e1ticamente si el bot\u00f3n t\u00e1ctil no se utiliza durante m\u00e1s de 30 minutos.<br \/>\nImpermeabilizaci\u00f3n: base, barra calefactora y FLIP ZERO, todos impermeables para que puedas lavar con agua corriente.<\/p>\n<p>Incluido:<br \/>\n&#8211; Cuerpo del producto (incluido el arma deslizante), soporte, estuche transparente, adaptador de CA, manual del usuario, barra de calor, estuche de barra de calor, loci\u00f3n de muestra x2<\/p>\n","protected":false},"excerpt":{"rendered":"<p>TENGA &#8211; FLIP ZERO 0 RED AND FLIP WARMER SET \u00a1Presentamos el nuevo juego FLIP 0 (ZERO) RED y FLIP<\/p>\n","protected":false},"featured_media":33994,"comment_status":"open","ping_status":"open","template":"","meta":[],"product_cat":[542],"product_tag":[681,584],"class_list":["post-33993","product","type-product","status-publish","has-post-thumbnail","hentry","product_cat-clasicos","product_tag-cup","product_tag-tenga"],"bundled_by":[],"bundle_stock_status":"instock","bundle_stock_quantity":1,"bundle_virtual":false,"bundle_layout":"","bundle_add_to_cart_form_location":"","bundle_editable_in_cart":false,"bundle_sold_individually_context":"","bundle_item_grouping":"","bundle_min_size":"","bundle_max_size":"","bundled_items":[],"yoast_head":"<!-- This site is optimized with the Yoast SEO plugin v20.6 - https:\/\/yoast.com\/wordpress\/plugins\/seo\/ -->\n<title>TENGA - FLIP ZERO 0 RED AND FLIP WARMER SET - MASTURBADOR CON CALOR - Tienda Er\u00f3tica<\/title>\n<meta name=\"robots\" content=\"noindex, follow, max-snippet:-1, max-image-preview:large, max-video-preview:-1\" \/>\n<meta property=\"og:locale\" content=\"es_ES\" \/>\n<meta property=\"og:type\" content=\"article\" \/>\n<meta property=\"og:title\" content=\"TENGA - FLIP ZERO 0 RED AND FLIP WARMER SET - MASTURBADOR CON CALOR - Tienda Er\u00f3tica\" \/>\n<meta property=\"og:description\" content=\"TENGA &#8211; FLIP ZERO 0 RED AND FLIP WARMER SET \u00a1Presentamos el nuevo juego FLIP 0 (ZERO) RED y FLIP\" \/>\n<meta property=\"og:url\" content=\"https:\/\/demoweb.info\/sexshop001\/producto\/tenga-flip-zero-0-red-and-flip-warmer-set-masturbador-con-calor\/\" \/>\n<meta property=\"og:site_name\" content=\"Tienda Er\u00f3tica\" \/>\n<meta property=\"article:modified_time\" content=\"2022-01-22T12:16:22+00:00\" \/>\n<meta property=\"og:image\" content=\"https:\/\/demoweb.info\/sexshop001\/wp-content\/uploads\/2022\/01\/TENGA-FLIP-ZERO-0-RED-AND-FLIP-WARMER-SET-MASTURBADOR-CON-CALOR.jpg\" \/>\n\t<meta property=\"og:image:width\" content=\"550\" \/>\n\t<meta property=\"og:image:height\" content=\"550\" \/>\n\t<meta property=\"og:image:type\" content=\"image\/jpeg\" \/>\n<meta name=\"twitter:card\" content=\"summary_large_image\" \/>\n<meta name=\"twitter:label1\" content=\"Tiempo de lectura\" \/>\n\t<meta name=\"twitter:data1\" content=\"2 minutos\" \/>\n<script type=\"application\/ld+json\" class=\"yoast-schema-graph\">{\"@context\":\"https:\/\/schema.org\",\"@graph\":[{\"@type\":\"WebPage\",\"@id\":\"https:\/\/demoweb.info\/sexshop001\/producto\/tenga-flip-zero-0-red-and-flip-warmer-set-masturbador-con-calor\/\",\"url\":\"https:\/\/demoweb.info\/sexshop001\/producto\/tenga-flip-zero-0-red-and-flip-warmer-set-masturbador-con-calor\/\",\"name\":\"TENGA - FLIP ZERO 0 RED AND FLIP WARMER SET - MASTURBADOR CON CALOR - Tienda Er\u00f3tica\",\"isPartOf\":{\"@id\":\"https:\/\/demoweb.info\/sexshop001\/#website\"},\"datePublished\":\"2022-01-22T12:16:18+00:00\",\"dateModified\":\"2022-01-22T12:16:22+00:00\",\"breadcrumb\":{\"@id\":\"https:\/\/demoweb.info\/sexshop001\/producto\/tenga-flip-zero-0-red-and-flip-warmer-set-masturbador-con-calor\/#breadcrumb\"},\"inLanguage\":\"es\",\"potentialAction\":[{\"@type\":\"ReadAction\",\"target\":[\"https:\/\/demoweb.info\/sexshop001\/producto\/tenga-flip-zero-0-red-and-flip-warmer-set-masturbador-con-calor\/\"]}]},{\"@type\":\"BreadcrumbList\",\"@id\":\"https:\/\/demoweb.info\/sexshop001\/producto\/tenga-flip-zero-0-red-and-flip-warmer-set-masturbador-con-calor\/#breadcrumb\",\"itemListElement\":[{\"@type\":\"ListItem\",\"position\":1,\"name\":\"Portada\",\"item\":\"https:\/\/demoweb.info\/sexshop001\/\"},{\"@type\":\"ListItem\",\"position\":2,\"name\":\"Tienda\",\"item\":\"https:\/\/demoweb.info\/sexshop001\/tienda\/\"},{\"@type\":\"ListItem\",\"position\":3,\"name\":\"TENGA &#8211; FLIP ZERO 0 RED AND FLIP WARMER SET &#8211; MASTURBADOR CON CALOR\"}]},{\"@type\":\"WebSite\",\"@id\":\"https:\/\/demoweb.info\/sexshop001\/#website\",\"url\":\"https:\/\/demoweb.info\/sexshop001\/\",\"name\":\"Tienda Er\u00f3tica\",\"description\":\"DEMOWEB SL\",\"potentialAction\":[{\"@type\":\"SearchAction\",\"target\":{\"@type\":\"EntryPoint\",\"urlTemplate\":\"https:\/\/demoweb.info\/sexshop001\/?s={search_term_string}\"},\"query-input\":\"required name=search_term_string\"}],\"inLanguage\":\"es\"}]}<\/script>\n<!-- \/ Yoast SEO plugin. -->","yoast_head_json":{"title":"TENGA - FLIP ZERO 0 RED AND FLIP WARMER SET - MASTURBADOR CON CALOR - Tienda Er\u00f3tica","robots":{"index":"noindex","follow":"follow","max-snippet":"max-snippet:-1","max-image-preview":"max-image-preview:large","max-video-preview":"max-video-preview:-1"},"og_locale":"es_ES","og_type":"article","og_title":"TENGA - FLIP ZERO 0 RED AND FLIP WARMER SET - MASTURBADOR CON CALOR - Tienda Er\u00f3tica","og_description":"TENGA &#8211; FLIP ZERO 0 RED AND FLIP WARMER SET \u00a1Presentamos el nuevo juego FLIP 0 (ZERO) RED y FLIP","og_url":"https:\/\/demoweb.info\/sexshop001\/producto\/tenga-flip-zero-0-red-and-flip-warmer-set-masturbador-con-calor\/","og_site_name":"Tienda Er\u00f3tica","article_modified_time":"2022-01-22T12:16:22+00:00","og_image":[{"width":550,"height":550,"url":"https:\/\/demoweb.info\/sexshop001\/wp-content\/uploads\/2022\/01\/TENGA-FLIP-ZERO-0-RED-AND-FLIP-WARMER-SET-MASTURBADOR-CON-CALOR.jpg","type":"image\/jpeg"}],"twitter_card":"summary_large_image","twitter_misc":{"Tiempo de lectura":"2 minutos"},"schema":{"@context":"https:\/\/schema.org","@graph":[{"@type":"WebPage","@id":"https:\/\/demoweb.info\/sexshop001\/producto\/tenga-flip-zero-0-red-and-flip-warmer-set-masturbador-con-calor\/","url":"https:\/\/demoweb.info\/sexshop001\/producto\/tenga-flip-zero-0-red-and-flip-warmer-set-masturbador-con-calor\/","name":"TENGA - FLIP ZERO 0 RED AND FLIP WARMER SET - MASTURBADOR CON CALOR - Tienda Er\u00f3tica","isPartOf":{"@id":"https:\/\/demoweb.info\/sexshop001\/#website"},"datePublished":"2022-01-22T12:16:18+00:00","dateModified":"2022-01-22T12:16:22+00:00","breadcrumb":{"@id":"https:\/\/demoweb.info\/sexshop001\/producto\/tenga-flip-zero-0-red-and-flip-warmer-set-masturbador-con-calor\/#breadcrumb"},"inLanguage":"es","potentialAction":[{"@type":"ReadAction","target":["https:\/\/demoweb.info\/sexshop001\/producto\/tenga-flip-zero-0-red-and-flip-warmer-set-masturbador-con-calor\/"]}]},{"@type":"BreadcrumbList","@id":"https:\/\/demoweb.info\/sexshop001\/producto\/tenga-flip-zero-0-red-and-flip-warmer-set-masturbador-con-calor\/#breadcrumb","itemListElement":[{"@type":"ListItem","position":1,"name":"Portada","item":"https:\/\/demoweb.info\/sexshop001\/"},{"@type":"ListItem","position":2,"name":"Tienda","item":"https:\/\/demoweb.info\/sexshop001\/tienda\/"},{"@type":"ListItem","position":3,"name":"TENGA &#8211; FLIP ZERO 0 RED AND FLIP WARMER SET &#8211; MASTURBADOR CON CALOR"}]},{"@type":"WebSite","@id":"https:\/\/demoweb.info\/sexshop001\/#website","url":"https:\/\/demoweb.info\/sexshop001\/","name":"Tienda Er\u00f3tica","description":"DEMOWEB SL","potentialAction":[{"@type":"SearchAction","target":{"@type":"EntryPoint","urlTemplate":"https:\/\/demoweb.info\/sexshop001\/?s={search_term_string}"},"query-input":"required name=search_term_string"}],"inLanguage":"es"}]}},"_links":{"self":[{"href":"https:\/\/demoweb.info\/sexshop001\/wp-json\/wp\/v3\/product\/33993","targetHints":{"allow":["GET"]}}],"collection":[{"href":"https:\/\/demoweb.info\/sexshop001\/wp-json\/wp\/v3\/product"}],"about":[{"href":"https:\/\/demoweb.info\/sexshop001\/wp-json\/wp\/v2\/types\/product"}],"replies":[{"embeddable":true,"href":"https:\/\/demoweb.info\/sexshop001\/wp-json\/wp\/v2\/comments?post=33993"}],"wp:featuredmedia":[{"embeddable":true,"href":"https:\/\/demoweb.info\/sexshop001\/wp-json\/wp\/v2\/media\/33994"}],"wp:attachment":[{"href":"https:\/\/demoweb.info\/sexshop001\/wp-json\/wp\/v2\/media?parent=33993"}],"wp:term":[{"taxonomy":"product_cat","embeddable":true,"href":"https:\/\/demoweb.info\/sexshop001\/wp-json\/wp\/v2\/product_cat?post=33993"},{"taxonomy":"product_tag","embeddable":true,"href":"https:\/\/demoweb.info\/sexshop001\/wp-json\/wp\/v2\/product_tag?post=33993"}],"curies":[{"name":"wp","href":"https:\/\/api.w.org\/{rel}","templated":true}]}}