{"id":33919,"date":"2022-01-22T13:15:29","date_gmt":"2022-01-22T12:15:29","guid":{"rendered":"https:\/\/demoweb.info\/sexshop001\/producto\/pene-realistico-loveclone-con-vibrador-3\/"},"modified":"2022-01-22T13:15:34","modified_gmt":"2022-01-22T12:15:34","slug":"pene-realistico-loveclone-con-vibrador-3","status":"publish","type":"product","link":"https:\/\/demoweb.info\/sexshop001\/producto\/pene-realistico-loveclone-con-vibrador-3\/","title":{"rendered":"PENE REALISTICO LOVECLONE CON VIBRADOR"},"content":{"rendered":"<p><strong>LOVECLONE II DUO DENSITY VIBRATOR<\/strong> es un <strong>pene real\u00edstico<\/strong> con la que podr\u00e1s llegar a tener la sensaci\u00f3n real de penetraci\u00f3n, puesto que est\u00e1 fabricado con el material <strong>LOVECLONE<\/strong>, que le confiere un tacto casi humano.<\/p>\n<p>Como novedad, el pene ha sido fabricado con<strong> doble capa<\/strong>, una capa externa muy suave a modo de piel, que recubre la capa interna m\u00e1s robusta, que le confiere la dureza necesaria al pene.<\/p>\n<p>Es resistente al agua.<\/p>\n<p>Incluye un potente<strong> vibrador regulable<\/strong> para aumentar todav\u00eda m\u00e1s el placer.<\/p>\n<p>Funciona con 2 pilas <strong>LR03\/AAA<\/strong> que puedes encontrar en la secci\u00f3n <strong>Pilas<\/strong>.<\/p>\n<p>Medidas: 16,5 cm x 3,5cm.<\/p>\n","protected":false},"excerpt":{"rendered":"<p>LOVECLONE II DUO DENSITY VIBRATOR es un pene real\u00edstico con la que podr\u00e1s llegar a tener la sensaci\u00f3n real de<\/p>\n","protected":false},"featured_media":33920,"comment_status":"open","ping_status":"open","template":"","meta":[],"product_cat":[317],"product_tag":[1195,941],"class_list":["post-33919","product","type-product","status-publish","has-post-thumbnail","hentry","product_cat-con-vibrador","product_tag-loveclone-ii","product_tag-nmc"],"bundled_by":[],"bundle_stock_status":"outofstock","bundle_stock_quantity":0,"bundle_virtual":false,"bundle_layout":"","bundle_add_to_cart_form_location":"","bundle_editable_in_cart":false,"bundle_sold_individually_context":"","bundle_item_grouping":"","bundle_min_size":"","bundle_max_size":"","bundled_items":[],"yoast_head":"<!-- This site is optimized with the Yoast SEO plugin v20.6 - https:\/\/yoast.com\/wordpress\/plugins\/seo\/ -->\n<title>PENE REALISTICO LOVECLONE CON VIBRADOR - Tienda Er\u00f3tica<\/title>\n<meta name=\"robots\" content=\"noindex, follow, max-snippet:-1, max-image-preview:large, max-video-preview:-1\" \/>\n<meta property=\"og:locale\" content=\"es_ES\" \/>\n<meta property=\"og:type\" content=\"article\" \/>\n<meta property=\"og:title\" content=\"PENE REALISTICO LOVECLONE CON VIBRADOR - Tienda Er\u00f3tica\" \/>\n<meta property=\"og:description\" content=\"LOVECLONE II DUO DENSITY VIBRATOR es un pene real\u00edstico con la que podr\u00e1s llegar a tener la sensaci\u00f3n real de\" \/>\n<meta property=\"og:url\" content=\"https:\/\/demoweb.info\/sexshop001\/producto\/pene-realistico-loveclone-con-vibrador-3\/\" \/>\n<meta property=\"og:site_name\" content=\"Tienda Er\u00f3tica\" \/>\n<meta property=\"article:modified_time\" content=\"2022-01-22T12:15:34+00:00\" \/>\n<meta property=\"og:image\" content=\"https:\/\/demoweb.info\/sexshop001\/wp-content\/uploads\/2022\/01\/PENE-REALISTICO-LOVECLONE-CON-VIBRADOR-5.jpg\" \/>\n\t<meta property=\"og:image:width\" content=\"550\" \/>\n\t<meta property=\"og:image:height\" content=\"550\" \/>\n\t<meta property=\"og:image:type\" content=\"image\/jpeg\" \/>\n<meta name=\"twitter:card\" content=\"summary_large_image\" \/>\n<meta name=\"twitter:label1\" content=\"Tiempo de lectura\" \/>\n\t<meta name=\"twitter:data1\" content=\"1 minuto\" \/>\n<script type=\"application\/ld+json\" class=\"yoast-schema-graph\">{\"@context\":\"https:\/\/schema.org\",\"@graph\":[{\"@type\":\"WebPage\",\"@id\":\"https:\/\/demoweb.info\/sexshop001\/producto\/pene-realistico-loveclone-con-vibrador-3\/\",\"url\":\"https:\/\/demoweb.info\/sexshop001\/producto\/pene-realistico-loveclone-con-vibrador-3\/\",\"name\":\"PENE REALISTICO LOVECLONE CON VIBRADOR - Tienda Er\u00f3tica\",\"isPartOf\":{\"@id\":\"https:\/\/demoweb.info\/sexshop001\/#website\"},\"datePublished\":\"2022-01-22T12:15:29+00:00\",\"dateModified\":\"2022-01-22T12:15:34+00:00\",\"breadcrumb\":{\"@id\":\"https:\/\/demoweb.info\/sexshop001\/producto\/pene-realistico-loveclone-con-vibrador-3\/#breadcrumb\"},\"inLanguage\":\"es\",\"potentialAction\":[{\"@type\":\"ReadAction\",\"target\":[\"https:\/\/demoweb.info\/sexshop001\/producto\/pene-realistico-loveclone-con-vibrador-3\/\"]}]},{\"@type\":\"BreadcrumbList\",\"@id\":\"https:\/\/demoweb.info\/sexshop001\/producto\/pene-realistico-loveclone-con-vibrador-3\/#breadcrumb\",\"itemListElement\":[{\"@type\":\"ListItem\",\"position\":1,\"name\":\"Portada\",\"item\":\"https:\/\/demoweb.info\/sexshop001\/\"},{\"@type\":\"ListItem\",\"position\":2,\"name\":\"Tienda\",\"item\":\"https:\/\/demoweb.info\/sexshop001\/tienda\/\"},{\"@type\":\"ListItem\",\"position\":3,\"name\":\"PENE REALISTICO LOVECLONE CON VIBRADOR\"}]},{\"@type\":\"WebSite\",\"@id\":\"https:\/\/demoweb.info\/sexshop001\/#website\",\"url\":\"https:\/\/demoweb.info\/sexshop001\/\",\"name\":\"Tienda Er\u00f3tica\",\"description\":\"DEMOWEB SL\",\"potentialAction\":[{\"@type\":\"SearchAction\",\"target\":{\"@type\":\"EntryPoint\",\"urlTemplate\":\"https:\/\/demoweb.info\/sexshop001\/?s={search_term_string}\"},\"query-input\":\"required name=search_term_string\"}],\"inLanguage\":\"es\"}]}<\/script>\n<!-- \/ Yoast SEO plugin. -->","yoast_head_json":{"title":"PENE REALISTICO LOVECLONE CON VIBRADOR - Tienda Er\u00f3tica","robots":{"index":"noindex","follow":"follow","max-snippet":"max-snippet:-1","max-image-preview":"max-image-preview:large","max-video-preview":"max-video-preview:-1"},"og_locale":"es_ES","og_type":"article","og_title":"PENE REALISTICO LOVECLONE CON VIBRADOR - Tienda Er\u00f3tica","og_description":"LOVECLONE II DUO DENSITY VIBRATOR es un pene real\u00edstico con la que podr\u00e1s llegar a tener la sensaci\u00f3n real de","og_url":"https:\/\/demoweb.info\/sexshop001\/producto\/pene-realistico-loveclone-con-vibrador-3\/","og_site_name":"Tienda Er\u00f3tica","article_modified_time":"2022-01-22T12:15:34+00:00","og_image":[{"width":550,"height":550,"url":"https:\/\/demoweb.info\/sexshop001\/wp-content\/uploads\/2022\/01\/PENE-REALISTICO-LOVECLONE-CON-VIBRADOR-5.jpg","type":"image\/jpeg"}],"twitter_card":"summary_large_image","twitter_misc":{"Tiempo de lectura":"1 minuto"},"schema":{"@context":"https:\/\/schema.org","@graph":[{"@type":"WebPage","@id":"https:\/\/demoweb.info\/sexshop001\/producto\/pene-realistico-loveclone-con-vibrador-3\/","url":"https:\/\/demoweb.info\/sexshop001\/producto\/pene-realistico-loveclone-con-vibrador-3\/","name":"PENE REALISTICO LOVECLONE CON VIBRADOR - Tienda Er\u00f3tica","isPartOf":{"@id":"https:\/\/demoweb.info\/sexshop001\/#website"},"datePublished":"2022-01-22T12:15:29+00:00","dateModified":"2022-01-22T12:15:34+00:00","breadcrumb":{"@id":"https:\/\/demoweb.info\/sexshop001\/producto\/pene-realistico-loveclone-con-vibrador-3\/#breadcrumb"},"inLanguage":"es","potentialAction":[{"@type":"ReadAction","target":["https:\/\/demoweb.info\/sexshop001\/producto\/pene-realistico-loveclone-con-vibrador-3\/"]}]},{"@type":"BreadcrumbList","@id":"https:\/\/demoweb.info\/sexshop001\/producto\/pene-realistico-loveclone-con-vibrador-3\/#breadcrumb","itemListElement":[{"@type":"ListItem","position":1,"name":"Portada","item":"https:\/\/demoweb.info\/sexshop001\/"},{"@type":"ListItem","position":2,"name":"Tienda","item":"https:\/\/demoweb.info\/sexshop001\/tienda\/"},{"@type":"ListItem","position":3,"name":"PENE REALISTICO LOVECLONE CON VIBRADOR"}]},{"@type":"WebSite","@id":"https:\/\/demoweb.info\/sexshop001\/#website","url":"https:\/\/demoweb.info\/sexshop001\/","name":"Tienda Er\u00f3tica","description":"DEMOWEB SL","potentialAction":[{"@type":"SearchAction","target":{"@type":"EntryPoint","urlTemplate":"https:\/\/demoweb.info\/sexshop001\/?s={search_term_string}"},"query-input":"required name=search_term_string"}],"inLanguage":"es"}]}},"_links":{"self":[{"href":"https:\/\/demoweb.info\/sexshop001\/wp-json\/wp\/v3\/product\/33919","targetHints":{"allow":["GET"]}}],"collection":[{"href":"https:\/\/demoweb.info\/sexshop001\/wp-json\/wp\/v3\/product"}],"about":[{"href":"https:\/\/demoweb.info\/sexshop001\/wp-json\/wp\/v2\/types\/product"}],"replies":[{"embeddable":true,"href":"https:\/\/demoweb.info\/sexshop001\/wp-json\/wp\/v2\/comments?post=33919"}],"wp:featuredmedia":[{"embeddable":true,"href":"https:\/\/demoweb.info\/sexshop001\/wp-json\/wp\/v2\/media\/33920"}],"wp:attachment":[{"href":"https:\/\/demoweb.info\/sexshop001\/wp-json\/wp\/v2\/media?parent=33919"}],"wp:term":[{"taxonomy":"product_cat","embeddable":true,"href":"https:\/\/demoweb.info\/sexshop001\/wp-json\/wp\/v2\/product_cat?post=33919"},{"taxonomy":"product_tag","embeddable":true,"href":"https:\/\/demoweb.info\/sexshop001\/wp-json\/wp\/v2\/product_tag?post=33919"}],"curies":[{"name":"wp","href":"https:\/\/api.w.org\/{rel}","templated":true}]}}