{"id":33884,"date":"2022-01-22T13:15:04","date_gmt":"2022-01-22T12:15:04","guid":{"rendered":"https:\/\/demoweb.info\/sexshop001\/producto\/huevo-vibrador-10-velocidades-negro\/"},"modified":"2022-01-22T13:15:09","modified_gmt":"2022-01-22T12:15:09","slug":"huevo-vibrador-10-velocidades-negro","status":"publish","type":"product","link":"https:\/\/demoweb.info\/sexshop001\/producto\/huevo-vibrador-10-velocidades-negro\/","title":{"rendered":"HUEVO VIBRADOR 10 VELOCIDADES NEGRO"},"content":{"rendered":"<p><font size=&quot;1&quot;><\/p>\n<p align=&quot;justify&quot;><B>VIBRATING EGG 10 SPEED VARIATIONS BLACK<\/B> este peque\u00f1o huevo vibrador dispone de 10 diferentes<br \/>\nposiciones muy estimulantes, que se pueden ajustar con el bot\u00f3n del cord\u00f3n.<\/p>\n<p>Desde una postura c\u00f3moda y suave hasta una posici\u00f3n extremadamente vibrante; usted controla todo con el bot\u00f3n remoto.<\/p>\n<p>El cord\u00f3n permite tambi\u00e9n una f\u00e1cil extracci\u00f3n del huevo del envase.<\/p>\n<p>El huevo tiene una suave capa de terciopelo. Esto le proporciona una apariencia y texturas \u00fanicas.<\/p>\n<p>El huevo tiene un di\u00e1metro de 30 mm.<\/p>\n<p>Las pilas <b>LR03\/AAA<\/b> est\u00e1n incluidas en el paquete. <\/p>\n<p>Color: Negro.<\/font><\/p>\n","protected":false},"excerpt":{"rendered":"<p>VIBRATING EGG 10 SPEED VARIATIONS BLACK este peque\u00f1o huevo vibrador dispone de 10 diferentes posiciones muy estimulantes, que se pueden<\/p>\n","protected":false},"featured_media":33885,"comment_status":"open","ping_status":"open","template":"","meta":[],"product_cat":[313],"product_tag":[302,547],"class_list":["post-33884","product","type-product","status-publish","has-post-thumbnail","hentry","product_cat-balas-y-huevos","product_tag-shots","product_tag-shots-toys"],"bundled_by":[],"bundle_stock_status":"outofstock","bundle_stock_quantity":0,"bundle_virtual":false,"bundle_layout":"","bundle_add_to_cart_form_location":"","bundle_editable_in_cart":false,"bundle_sold_individually_context":"","bundle_item_grouping":"","bundle_min_size":"","bundle_max_size":"","bundled_items":[],"yoast_head":"<!-- This site is optimized with the Yoast SEO plugin v20.6 - https:\/\/yoast.com\/wordpress\/plugins\/seo\/ -->\n<title>HUEVO VIBRADOR 10 VELOCIDADES NEGRO - Tienda Er\u00f3tica<\/title>\n<meta name=\"robots\" content=\"noindex, follow, max-snippet:-1, max-image-preview:large, max-video-preview:-1\" \/>\n<meta property=\"og:locale\" content=\"es_ES\" \/>\n<meta property=\"og:type\" content=\"article\" \/>\n<meta property=\"og:title\" content=\"HUEVO VIBRADOR 10 VELOCIDADES NEGRO - Tienda Er\u00f3tica\" \/>\n<meta property=\"og:description\" content=\"VIBRATING EGG 10 SPEED VARIATIONS BLACK este peque\u00f1o huevo vibrador dispone de 10 diferentes posiciones muy estimulantes, que se pueden\" \/>\n<meta property=\"og:url\" content=\"https:\/\/demoweb.info\/sexshop001\/producto\/huevo-vibrador-10-velocidades-negro\/\" \/>\n<meta property=\"og:site_name\" content=\"Tienda Er\u00f3tica\" \/>\n<meta property=\"article:modified_time\" content=\"2022-01-22T12:15:09+00:00\" \/>\n<meta property=\"og:image\" content=\"https:\/\/demoweb.info\/sexshop001\/wp-content\/uploads\/2022\/01\/HUEVO-VIBRADOR-10-VELOCIDADES-NEGRO.jpg\" \/>\n\t<meta property=\"og:image:width\" content=\"550\" \/>\n\t<meta property=\"og:image:height\" content=\"550\" \/>\n\t<meta property=\"og:image:type\" content=\"image\/jpeg\" \/>\n<meta name=\"twitter:card\" content=\"summary_large_image\" \/>\n<script type=\"application\/ld+json\" class=\"yoast-schema-graph\">{\"@context\":\"https:\/\/schema.org\",\"@graph\":[{\"@type\":\"WebPage\",\"@id\":\"https:\/\/demoweb.info\/sexshop001\/producto\/huevo-vibrador-10-velocidades-negro\/\",\"url\":\"https:\/\/demoweb.info\/sexshop001\/producto\/huevo-vibrador-10-velocidades-negro\/\",\"name\":\"HUEVO VIBRADOR 10 VELOCIDADES NEGRO - Tienda Er\u00f3tica\",\"isPartOf\":{\"@id\":\"https:\/\/demoweb.info\/sexshop001\/#website\"},\"datePublished\":\"2022-01-22T12:15:04+00:00\",\"dateModified\":\"2022-01-22T12:15:09+00:00\",\"breadcrumb\":{\"@id\":\"https:\/\/demoweb.info\/sexshop001\/producto\/huevo-vibrador-10-velocidades-negro\/#breadcrumb\"},\"inLanguage\":\"es\",\"potentialAction\":[{\"@type\":\"ReadAction\",\"target\":[\"https:\/\/demoweb.info\/sexshop001\/producto\/huevo-vibrador-10-velocidades-negro\/\"]}]},{\"@type\":\"BreadcrumbList\",\"@id\":\"https:\/\/demoweb.info\/sexshop001\/producto\/huevo-vibrador-10-velocidades-negro\/#breadcrumb\",\"itemListElement\":[{\"@type\":\"ListItem\",\"position\":1,\"name\":\"Portada\",\"item\":\"https:\/\/demoweb.info\/sexshop001\/\"},{\"@type\":\"ListItem\",\"position\":2,\"name\":\"Tienda\",\"item\":\"https:\/\/demoweb.info\/sexshop001\/tienda\/\"},{\"@type\":\"ListItem\",\"position\":3,\"name\":\"HUEVO VIBRADOR 10 VELOCIDADES NEGRO\"}]},{\"@type\":\"WebSite\",\"@id\":\"https:\/\/demoweb.info\/sexshop001\/#website\",\"url\":\"https:\/\/demoweb.info\/sexshop001\/\",\"name\":\"Tienda Er\u00f3tica\",\"description\":\"DEMOWEB SL\",\"potentialAction\":[{\"@type\":\"SearchAction\",\"target\":{\"@type\":\"EntryPoint\",\"urlTemplate\":\"https:\/\/demoweb.info\/sexshop001\/?s={search_term_string}\"},\"query-input\":\"required name=search_term_string\"}],\"inLanguage\":\"es\"}]}<\/script>\n<!-- \/ Yoast SEO plugin. -->","yoast_head_json":{"title":"HUEVO VIBRADOR 10 VELOCIDADES NEGRO - Tienda Er\u00f3tica","robots":{"index":"noindex","follow":"follow","max-snippet":"max-snippet:-1","max-image-preview":"max-image-preview:large","max-video-preview":"max-video-preview:-1"},"og_locale":"es_ES","og_type":"article","og_title":"HUEVO VIBRADOR 10 VELOCIDADES NEGRO - Tienda Er\u00f3tica","og_description":"VIBRATING EGG 10 SPEED VARIATIONS BLACK este peque\u00f1o huevo vibrador dispone de 10 diferentes posiciones muy estimulantes, que se pueden","og_url":"https:\/\/demoweb.info\/sexshop001\/producto\/huevo-vibrador-10-velocidades-negro\/","og_site_name":"Tienda Er\u00f3tica","article_modified_time":"2022-01-22T12:15:09+00:00","og_image":[{"width":550,"height":550,"url":"https:\/\/demoweb.info\/sexshop001\/wp-content\/uploads\/2022\/01\/HUEVO-VIBRADOR-10-VELOCIDADES-NEGRO.jpg","type":"image\/jpeg"}],"twitter_card":"summary_large_image","schema":{"@context":"https:\/\/schema.org","@graph":[{"@type":"WebPage","@id":"https:\/\/demoweb.info\/sexshop001\/producto\/huevo-vibrador-10-velocidades-negro\/","url":"https:\/\/demoweb.info\/sexshop001\/producto\/huevo-vibrador-10-velocidades-negro\/","name":"HUEVO VIBRADOR 10 VELOCIDADES NEGRO - Tienda Er\u00f3tica","isPartOf":{"@id":"https:\/\/demoweb.info\/sexshop001\/#website"},"datePublished":"2022-01-22T12:15:04+00:00","dateModified":"2022-01-22T12:15:09+00:00","breadcrumb":{"@id":"https:\/\/demoweb.info\/sexshop001\/producto\/huevo-vibrador-10-velocidades-negro\/#breadcrumb"},"inLanguage":"es","potentialAction":[{"@type":"ReadAction","target":["https:\/\/demoweb.info\/sexshop001\/producto\/huevo-vibrador-10-velocidades-negro\/"]}]},{"@type":"BreadcrumbList","@id":"https:\/\/demoweb.info\/sexshop001\/producto\/huevo-vibrador-10-velocidades-negro\/#breadcrumb","itemListElement":[{"@type":"ListItem","position":1,"name":"Portada","item":"https:\/\/demoweb.info\/sexshop001\/"},{"@type":"ListItem","position":2,"name":"Tienda","item":"https:\/\/demoweb.info\/sexshop001\/tienda\/"},{"@type":"ListItem","position":3,"name":"HUEVO VIBRADOR 10 VELOCIDADES NEGRO"}]},{"@type":"WebSite","@id":"https:\/\/demoweb.info\/sexshop001\/#website","url":"https:\/\/demoweb.info\/sexshop001\/","name":"Tienda Er\u00f3tica","description":"DEMOWEB SL","potentialAction":[{"@type":"SearchAction","target":{"@type":"EntryPoint","urlTemplate":"https:\/\/demoweb.info\/sexshop001\/?s={search_term_string}"},"query-input":"required name=search_term_string"}],"inLanguage":"es"}]}},"_links":{"self":[{"href":"https:\/\/demoweb.info\/sexshop001\/wp-json\/wp\/v3\/product\/33884","targetHints":{"allow":["GET"]}}],"collection":[{"href":"https:\/\/demoweb.info\/sexshop001\/wp-json\/wp\/v3\/product"}],"about":[{"href":"https:\/\/demoweb.info\/sexshop001\/wp-json\/wp\/v2\/types\/product"}],"replies":[{"embeddable":true,"href":"https:\/\/demoweb.info\/sexshop001\/wp-json\/wp\/v2\/comments?post=33884"}],"wp:featuredmedia":[{"embeddable":true,"href":"https:\/\/demoweb.info\/sexshop001\/wp-json\/wp\/v2\/media\/33885"}],"wp:attachment":[{"href":"https:\/\/demoweb.info\/sexshop001\/wp-json\/wp\/v2\/media?parent=33884"}],"wp:term":[{"taxonomy":"product_cat","embeddable":true,"href":"https:\/\/demoweb.info\/sexshop001\/wp-json\/wp\/v2\/product_cat?post=33884"},{"taxonomy":"product_tag","embeddable":true,"href":"https:\/\/demoweb.info\/sexshop001\/wp-json\/wp\/v2\/product_tag?post=33884"}],"curies":[{"name":"wp","href":"https:\/\/api.w.org\/{rel}","templated":true}]}}