{"id":33851,"date":"2022-01-22T13:14:40","date_gmt":"2022-01-22T12:14:40","guid":{"rendered":"https:\/\/demoweb.info\/sexshop001\/producto\/shunga-pintura-corporal-de-vainilla-y-chocolate\/"},"modified":"2022-01-22T13:14:46","modified_gmt":"2022-01-22T12:14:46","slug":"shunga-pintura-corporal-de-vainilla-y-chocolate","status":"publish","type":"product","link":"https:\/\/demoweb.info\/sexshop001\/producto\/shunga-pintura-corporal-de-vainilla-y-chocolate\/","title":{"rendered":"SHUNGA PINTURA CORPORAL DE VAINILLA Y CHOCOLATE"},"content":{"rendered":"<p><strong>SHUNGA BODY PAINTING VANILLA AND CHOCOLATE<\/strong> combina los juegos er\u00f3ticos con el sabor prohibido de la vainilla y el chocolate, escribe poemas y dibuja flores y corazones sobre el cuerpo de tu pareja con el pincel.<\/p>\n<p>Ense\u00f1a tu la lado art\u00edstico y descubre los efectos afrodis\u00edacos de la <strong>chocolaterapia<\/strong>.<\/p>\n<p>Perfecto para juegos er\u00f3ticos previos.<\/p>\n<p>Incluye Pincel.<\/p>\n<p>Frasco de 100 ml.<\/p>\n","protected":false},"excerpt":{"rendered":"<p>SHUNGA BODY PAINTING VANILLA AND CHOCOLATE combina los juegos er\u00f3ticos con el sabor prohibido de la vainilla y el chocolate,<\/p>\n","protected":false},"featured_media":33852,"comment_status":"open","ping_status":"open","template":"","meta":[],"product_cat":[877],"product_tag":[579],"class_list":["post-33851","product","type-product","status-publish","has-post-thumbnail","hentry","product_cat-pintura-corporal","product_tag-shunga"],"bundled_by":[],"bundle_stock_status":"instock","bundle_stock_quantity":3,"bundle_virtual":false,"bundle_layout":"","bundle_add_to_cart_form_location":"","bundle_editable_in_cart":false,"bundle_sold_individually_context":"","bundle_item_grouping":"","bundle_min_size":"","bundle_max_size":"","bundled_items":[],"yoast_head":"<!-- This site is optimized with the Yoast SEO plugin v20.6 - https:\/\/yoast.com\/wordpress\/plugins\/seo\/ -->\n<title>SHUNGA PINTURA CORPORAL DE VAINILLA Y CHOCOLATE - Tienda Er\u00f3tica<\/title>\n<meta name=\"robots\" content=\"noindex, follow, max-snippet:-1, max-image-preview:large, max-video-preview:-1\" \/>\n<meta property=\"og:locale\" content=\"es_ES\" \/>\n<meta property=\"og:type\" content=\"article\" \/>\n<meta property=\"og:title\" content=\"SHUNGA PINTURA CORPORAL DE VAINILLA Y CHOCOLATE - Tienda Er\u00f3tica\" \/>\n<meta property=\"og:description\" content=\"SHUNGA BODY PAINTING VANILLA AND CHOCOLATE combina los juegos er\u00f3ticos con el sabor prohibido de la vainilla y el chocolate,\" \/>\n<meta property=\"og:url\" content=\"https:\/\/demoweb.info\/sexshop001\/producto\/shunga-pintura-corporal-de-vainilla-y-chocolate\/\" \/>\n<meta property=\"og:site_name\" content=\"Tienda Er\u00f3tica\" \/>\n<meta property=\"article:modified_time\" content=\"2022-01-22T12:14:46+00:00\" \/>\n<meta property=\"og:image\" content=\"https:\/\/demoweb.info\/sexshop001\/wp-content\/uploads\/2022\/01\/SHUNGA-PINTURA-CORPORAL-DE-VAINILLA-Y-CHOCOLATE.jpg\" \/>\n\t<meta property=\"og:image:width\" content=\"550\" \/>\n\t<meta property=\"og:image:height\" content=\"550\" \/>\n\t<meta property=\"og:image:type\" content=\"image\/jpeg\" \/>\n<meta name=\"twitter:card\" content=\"summary_large_image\" \/>\n<script type=\"application\/ld+json\" class=\"yoast-schema-graph\">{\"@context\":\"https:\/\/schema.org\",\"@graph\":[{\"@type\":\"WebPage\",\"@id\":\"https:\/\/demoweb.info\/sexshop001\/producto\/shunga-pintura-corporal-de-vainilla-y-chocolate\/\",\"url\":\"https:\/\/demoweb.info\/sexshop001\/producto\/shunga-pintura-corporal-de-vainilla-y-chocolate\/\",\"name\":\"SHUNGA PINTURA CORPORAL DE VAINILLA Y CHOCOLATE - Tienda Er\u00f3tica\",\"isPartOf\":{\"@id\":\"https:\/\/demoweb.info\/sexshop001\/#website\"},\"datePublished\":\"2022-01-22T12:14:40+00:00\",\"dateModified\":\"2022-01-22T12:14:46+00:00\",\"breadcrumb\":{\"@id\":\"https:\/\/demoweb.info\/sexshop001\/producto\/shunga-pintura-corporal-de-vainilla-y-chocolate\/#breadcrumb\"},\"inLanguage\":\"es\",\"potentialAction\":[{\"@type\":\"ReadAction\",\"target\":[\"https:\/\/demoweb.info\/sexshop001\/producto\/shunga-pintura-corporal-de-vainilla-y-chocolate\/\"]}]},{\"@type\":\"BreadcrumbList\",\"@id\":\"https:\/\/demoweb.info\/sexshop001\/producto\/shunga-pintura-corporal-de-vainilla-y-chocolate\/#breadcrumb\",\"itemListElement\":[{\"@type\":\"ListItem\",\"position\":1,\"name\":\"Portada\",\"item\":\"https:\/\/demoweb.info\/sexshop001\/\"},{\"@type\":\"ListItem\",\"position\":2,\"name\":\"Tienda\",\"item\":\"https:\/\/demoweb.info\/sexshop001\/tienda\/\"},{\"@type\":\"ListItem\",\"position\":3,\"name\":\"SHUNGA PINTURA CORPORAL DE VAINILLA Y CHOCOLATE\"}]},{\"@type\":\"WebSite\",\"@id\":\"https:\/\/demoweb.info\/sexshop001\/#website\",\"url\":\"https:\/\/demoweb.info\/sexshop001\/\",\"name\":\"Tienda Er\u00f3tica\",\"description\":\"DEMOWEB SL\",\"potentialAction\":[{\"@type\":\"SearchAction\",\"target\":{\"@type\":\"EntryPoint\",\"urlTemplate\":\"https:\/\/demoweb.info\/sexshop001\/?s={search_term_string}\"},\"query-input\":\"required name=search_term_string\"}],\"inLanguage\":\"es\"}]}<\/script>\n<!-- \/ Yoast SEO plugin. -->","yoast_head_json":{"title":"SHUNGA PINTURA CORPORAL DE VAINILLA Y CHOCOLATE - Tienda Er\u00f3tica","robots":{"index":"noindex","follow":"follow","max-snippet":"max-snippet:-1","max-image-preview":"max-image-preview:large","max-video-preview":"max-video-preview:-1"},"og_locale":"es_ES","og_type":"article","og_title":"SHUNGA PINTURA CORPORAL DE VAINILLA Y CHOCOLATE - Tienda Er\u00f3tica","og_description":"SHUNGA BODY PAINTING VANILLA AND CHOCOLATE combina los juegos er\u00f3ticos con el sabor prohibido de la vainilla y el chocolate,","og_url":"https:\/\/demoweb.info\/sexshop001\/producto\/shunga-pintura-corporal-de-vainilla-y-chocolate\/","og_site_name":"Tienda Er\u00f3tica","article_modified_time":"2022-01-22T12:14:46+00:00","og_image":[{"width":550,"height":550,"url":"https:\/\/demoweb.info\/sexshop001\/wp-content\/uploads\/2022\/01\/SHUNGA-PINTURA-CORPORAL-DE-VAINILLA-Y-CHOCOLATE.jpg","type":"image\/jpeg"}],"twitter_card":"summary_large_image","schema":{"@context":"https:\/\/schema.org","@graph":[{"@type":"WebPage","@id":"https:\/\/demoweb.info\/sexshop001\/producto\/shunga-pintura-corporal-de-vainilla-y-chocolate\/","url":"https:\/\/demoweb.info\/sexshop001\/producto\/shunga-pintura-corporal-de-vainilla-y-chocolate\/","name":"SHUNGA PINTURA CORPORAL DE VAINILLA Y CHOCOLATE - Tienda Er\u00f3tica","isPartOf":{"@id":"https:\/\/demoweb.info\/sexshop001\/#website"},"datePublished":"2022-01-22T12:14:40+00:00","dateModified":"2022-01-22T12:14:46+00:00","breadcrumb":{"@id":"https:\/\/demoweb.info\/sexshop001\/producto\/shunga-pintura-corporal-de-vainilla-y-chocolate\/#breadcrumb"},"inLanguage":"es","potentialAction":[{"@type":"ReadAction","target":["https:\/\/demoweb.info\/sexshop001\/producto\/shunga-pintura-corporal-de-vainilla-y-chocolate\/"]}]},{"@type":"BreadcrumbList","@id":"https:\/\/demoweb.info\/sexshop001\/producto\/shunga-pintura-corporal-de-vainilla-y-chocolate\/#breadcrumb","itemListElement":[{"@type":"ListItem","position":1,"name":"Portada","item":"https:\/\/demoweb.info\/sexshop001\/"},{"@type":"ListItem","position":2,"name":"Tienda","item":"https:\/\/demoweb.info\/sexshop001\/tienda\/"},{"@type":"ListItem","position":3,"name":"SHUNGA PINTURA CORPORAL DE VAINILLA Y CHOCOLATE"}]},{"@type":"WebSite","@id":"https:\/\/demoweb.info\/sexshop001\/#website","url":"https:\/\/demoweb.info\/sexshop001\/","name":"Tienda Er\u00f3tica","description":"DEMOWEB SL","potentialAction":[{"@type":"SearchAction","target":{"@type":"EntryPoint","urlTemplate":"https:\/\/demoweb.info\/sexshop001\/?s={search_term_string}"},"query-input":"required name=search_term_string"}],"inLanguage":"es"}]}},"_links":{"self":[{"href":"https:\/\/demoweb.info\/sexshop001\/wp-json\/wp\/v3\/product\/33851","targetHints":{"allow":["GET"]}}],"collection":[{"href":"https:\/\/demoweb.info\/sexshop001\/wp-json\/wp\/v3\/product"}],"about":[{"href":"https:\/\/demoweb.info\/sexshop001\/wp-json\/wp\/v2\/types\/product"}],"replies":[{"embeddable":true,"href":"https:\/\/demoweb.info\/sexshop001\/wp-json\/wp\/v2\/comments?post=33851"}],"wp:featuredmedia":[{"embeddable":true,"href":"https:\/\/demoweb.info\/sexshop001\/wp-json\/wp\/v2\/media\/33852"}],"wp:attachment":[{"href":"https:\/\/demoweb.info\/sexshop001\/wp-json\/wp\/v2\/media?parent=33851"}],"wp:term":[{"taxonomy":"product_cat","embeddable":true,"href":"https:\/\/demoweb.info\/sexshop001\/wp-json\/wp\/v2\/product_cat?post=33851"},{"taxonomy":"product_tag","embeddable":true,"href":"https:\/\/demoweb.info\/sexshop001\/wp-json\/wp\/v2\/product_tag?post=33851"}],"curies":[{"name":"wp","href":"https:\/\/api.w.org\/{rel}","templated":true}]}}