{"id":33798,"date":"2022-01-22T13:14:17","date_gmt":"2022-01-22T12:14:17","guid":{"rendered":"https:\/\/demoweb.info\/sexshop001\/producto\/cojones-2-0-pela-huevos-azul\/"},"modified":"2022-01-22T13:14:17","modified_gmt":"2022-01-22T12:14:17","slug":"cojones-2-0-pela-huevos-azul","status":"publish","type":"product","link":"https:\/\/demoweb.info\/sexshop001\/producto\/cojones-2-0-pela-huevos-azul\/","title":{"rendered":"COJONES 2.0 PELA HUEVOS AZUL"},"content":{"rendered":"<p><strong>COJONES 2.0 PELA HUEVOS <\/strong><\/p>\n<p>NOSOTROS \u00a1SALVAMOS COJONES ! \u00a1\u00a1POR UNOS COJONES FRESCOS Y LIBRES !! CON BATERIA Y CABLE USB. Cortar el cesped con una navaja convencional puede resultar feo&#8230;.. POR FIN UNA MAQUINA QUE NO HARA DA\u00d1O A TUS BOLAS&#8230;NO HACE NADA DE DA\u00d1O&#8230;<\/p>\n<p>Con la tecnolog\u00eda de las cuchillas cada vez mejor, los cortes y tirones son cosa del pasado. Gracias a nuestra sensible tecnolog\u00eda de afeitado, no tienes que tener miedo de sangrar o lesionarte. La m\u00e1quina cojones 2.0 ofrece 6.000 golpes por minuto para mantener de manera eficaz el \u00e1rea debajo del cintur\u00f3n. CONFIANZA&#8230; Y, no hay nada m\u00e1s sexy que la confianza. Sal por la noche sintiendote el mejor.<\/p>\n<p>Estar bien arreglado es una forma sencilla de demostrar que te esfuerzas por impresionar. Si\u00e9ntete equilibrado, confiado y listo para salir en cualquier momento.<\/p>\n<p>NO SOLO ES PARA LOS HUEVOS&#8230;Nuestra maquina tambi\u00e9n funciona en todo tu cuerpo, dej\u00e1ndolo libre y fresco!!!!<\/p>\n<p>TAMA\u00d1O PERFECTO. Cojones 530 tiene el tama\u00f1o perfecto para tus zonas mas intimas&#8230; evitando cualquier tipo de pellizco o rozadura&#8230;<\/p>\n<p>Incluye Peineta 2-4-6-8-10, aceite, cepillito Y CABLE USB. Tiene un a\u00f1o de Grarantia.<\/p>\n","protected":false},"excerpt":{"rendered":"<p>COJONES 2.0 PELA HUEVOS NOSOTROS \u00a1SALVAMOS COJONES ! \u00a1\u00a1POR UNOS COJONES FRESCOS Y LIBRES !! CON BATERIA Y CABLE USB.<\/p>\n","protected":false},"featured_media":33799,"comment_status":"open","ping_status":"open","template":"","meta":[],"product_cat":[329],"product_tag":[1223],"class_list":["post-33798","product","type-product","status-publish","has-post-thumbnail","hentry","product_cat-limpieza-y-conserv","product_tag-cojones"],"bundled_by":[],"bundle_stock_status":"outofstock","bundle_stock_quantity":0,"bundle_virtual":false,"bundle_layout":"","bundle_add_to_cart_form_location":"","bundle_editable_in_cart":false,"bundle_sold_individually_context":"","bundle_item_grouping":"","bundle_min_size":"","bundle_max_size":"","bundled_items":[],"yoast_head":"<!-- This site is optimized with the Yoast SEO plugin v20.6 - https:\/\/yoast.com\/wordpress\/plugins\/seo\/ -->\n<title>COJONES 2.0 PELA HUEVOS AZUL - Tienda Er\u00f3tica<\/title>\n<meta name=\"robots\" content=\"noindex, follow, max-snippet:-1, max-image-preview:large, max-video-preview:-1\" \/>\n<meta property=\"og:locale\" content=\"es_ES\" \/>\n<meta property=\"og:type\" content=\"article\" \/>\n<meta property=\"og:title\" content=\"COJONES 2.0 PELA HUEVOS AZUL - Tienda Er\u00f3tica\" \/>\n<meta property=\"og:description\" content=\"COJONES 2.0 PELA HUEVOS NOSOTROS \u00a1SALVAMOS COJONES ! \u00a1\u00a1POR UNOS COJONES FRESCOS Y LIBRES !! CON BATERIA Y CABLE USB.\" \/>\n<meta property=\"og:url\" content=\"https:\/\/demoweb.info\/sexshop001\/producto\/cojones-2-0-pela-huevos-azul\/\" \/>\n<meta property=\"og:site_name\" content=\"Tienda Er\u00f3tica\" \/>\n<meta property=\"og:image\" content=\"https:\/\/demoweb.info\/sexshop001\/wp-content\/uploads\/2022\/01\/COJONES-2.0-PELA-HUEVOS-AZUL.jpg\" \/>\n\t<meta property=\"og:image:width\" content=\"550\" \/>\n\t<meta property=\"og:image:height\" content=\"550\" \/>\n\t<meta property=\"og:image:type\" content=\"image\/jpeg\" \/>\n<meta name=\"twitter:card\" content=\"summary_large_image\" \/>\n<meta name=\"twitter:label1\" content=\"Tiempo de lectura\" \/>\n\t<meta name=\"twitter:data1\" content=\"1 minuto\" \/>\n<script type=\"application\/ld+json\" class=\"yoast-schema-graph\">{\"@context\":\"https:\/\/schema.org\",\"@graph\":[{\"@type\":\"WebPage\",\"@id\":\"https:\/\/demoweb.info\/sexshop001\/producto\/cojones-2-0-pela-huevos-azul\/\",\"url\":\"https:\/\/demoweb.info\/sexshop001\/producto\/cojones-2-0-pela-huevos-azul\/\",\"name\":\"COJONES 2.0 PELA HUEVOS AZUL - Tienda Er\u00f3tica\",\"isPartOf\":{\"@id\":\"https:\/\/demoweb.info\/sexshop001\/#website\"},\"datePublished\":\"2022-01-22T12:14:17+00:00\",\"dateModified\":\"2022-01-22T12:14:17+00:00\",\"breadcrumb\":{\"@id\":\"https:\/\/demoweb.info\/sexshop001\/producto\/cojones-2-0-pela-huevos-azul\/#breadcrumb\"},\"inLanguage\":\"es\",\"potentialAction\":[{\"@type\":\"ReadAction\",\"target\":[\"https:\/\/demoweb.info\/sexshop001\/producto\/cojones-2-0-pela-huevos-azul\/\"]}]},{\"@type\":\"BreadcrumbList\",\"@id\":\"https:\/\/demoweb.info\/sexshop001\/producto\/cojones-2-0-pela-huevos-azul\/#breadcrumb\",\"itemListElement\":[{\"@type\":\"ListItem\",\"position\":1,\"name\":\"Portada\",\"item\":\"https:\/\/demoweb.info\/sexshop001\/\"},{\"@type\":\"ListItem\",\"position\":2,\"name\":\"Tienda\",\"item\":\"https:\/\/demoweb.info\/sexshop001\/tienda\/\"},{\"@type\":\"ListItem\",\"position\":3,\"name\":\"COJONES 2.0 PELA HUEVOS AZUL\"}]},{\"@type\":\"WebSite\",\"@id\":\"https:\/\/demoweb.info\/sexshop001\/#website\",\"url\":\"https:\/\/demoweb.info\/sexshop001\/\",\"name\":\"Tienda Er\u00f3tica\",\"description\":\"DEMOWEB SL\",\"potentialAction\":[{\"@type\":\"SearchAction\",\"target\":{\"@type\":\"EntryPoint\",\"urlTemplate\":\"https:\/\/demoweb.info\/sexshop001\/?s={search_term_string}\"},\"query-input\":\"required name=search_term_string\"}],\"inLanguage\":\"es\"}]}<\/script>\n<!-- \/ Yoast SEO plugin. -->","yoast_head_json":{"title":"COJONES 2.0 PELA HUEVOS AZUL - Tienda Er\u00f3tica","robots":{"index":"noindex","follow":"follow","max-snippet":"max-snippet:-1","max-image-preview":"max-image-preview:large","max-video-preview":"max-video-preview:-1"},"og_locale":"es_ES","og_type":"article","og_title":"COJONES 2.0 PELA HUEVOS AZUL - Tienda Er\u00f3tica","og_description":"COJONES 2.0 PELA HUEVOS NOSOTROS \u00a1SALVAMOS COJONES ! \u00a1\u00a1POR UNOS COJONES FRESCOS Y LIBRES !! CON BATERIA Y CABLE USB.","og_url":"https:\/\/demoweb.info\/sexshop001\/producto\/cojones-2-0-pela-huevos-azul\/","og_site_name":"Tienda Er\u00f3tica","og_image":[{"width":550,"height":550,"url":"https:\/\/demoweb.info\/sexshop001\/wp-content\/uploads\/2022\/01\/COJONES-2.0-PELA-HUEVOS-AZUL.jpg","type":"image\/jpeg"}],"twitter_card":"summary_large_image","twitter_misc":{"Tiempo de lectura":"1 minuto"},"schema":{"@context":"https:\/\/schema.org","@graph":[{"@type":"WebPage","@id":"https:\/\/demoweb.info\/sexshop001\/producto\/cojones-2-0-pela-huevos-azul\/","url":"https:\/\/demoweb.info\/sexshop001\/producto\/cojones-2-0-pela-huevos-azul\/","name":"COJONES 2.0 PELA HUEVOS AZUL - Tienda Er\u00f3tica","isPartOf":{"@id":"https:\/\/demoweb.info\/sexshop001\/#website"},"datePublished":"2022-01-22T12:14:17+00:00","dateModified":"2022-01-22T12:14:17+00:00","breadcrumb":{"@id":"https:\/\/demoweb.info\/sexshop001\/producto\/cojones-2-0-pela-huevos-azul\/#breadcrumb"},"inLanguage":"es","potentialAction":[{"@type":"ReadAction","target":["https:\/\/demoweb.info\/sexshop001\/producto\/cojones-2-0-pela-huevos-azul\/"]}]},{"@type":"BreadcrumbList","@id":"https:\/\/demoweb.info\/sexshop001\/producto\/cojones-2-0-pela-huevos-azul\/#breadcrumb","itemListElement":[{"@type":"ListItem","position":1,"name":"Portada","item":"https:\/\/demoweb.info\/sexshop001\/"},{"@type":"ListItem","position":2,"name":"Tienda","item":"https:\/\/demoweb.info\/sexshop001\/tienda\/"},{"@type":"ListItem","position":3,"name":"COJONES 2.0 PELA HUEVOS AZUL"}]},{"@type":"WebSite","@id":"https:\/\/demoweb.info\/sexshop001\/#website","url":"https:\/\/demoweb.info\/sexshop001\/","name":"Tienda Er\u00f3tica","description":"DEMOWEB SL","potentialAction":[{"@type":"SearchAction","target":{"@type":"EntryPoint","urlTemplate":"https:\/\/demoweb.info\/sexshop001\/?s={search_term_string}"},"query-input":"required name=search_term_string"}],"inLanguage":"es"}]}},"_links":{"self":[{"href":"https:\/\/demoweb.info\/sexshop001\/wp-json\/wp\/v3\/product\/33798","targetHints":{"allow":["GET"]}}],"collection":[{"href":"https:\/\/demoweb.info\/sexshop001\/wp-json\/wp\/v3\/product"}],"about":[{"href":"https:\/\/demoweb.info\/sexshop001\/wp-json\/wp\/v2\/types\/product"}],"replies":[{"embeddable":true,"href":"https:\/\/demoweb.info\/sexshop001\/wp-json\/wp\/v2\/comments?post=33798"}],"wp:featuredmedia":[{"embeddable":true,"href":"https:\/\/demoweb.info\/sexshop001\/wp-json\/wp\/v2\/media\/33799"}],"wp:attachment":[{"href":"https:\/\/demoweb.info\/sexshop001\/wp-json\/wp\/v2\/media?parent=33798"}],"wp:term":[{"taxonomy":"product_cat","embeddable":true,"href":"https:\/\/demoweb.info\/sexshop001\/wp-json\/wp\/v2\/product_cat?post=33798"},{"taxonomy":"product_tag","embeddable":true,"href":"https:\/\/demoweb.info\/sexshop001\/wp-json\/wp\/v2\/product_tag?post=33798"}],"curies":[{"name":"wp","href":"https:\/\/api.w.org\/{rel}","templated":true}]}}