{"id":33700,"date":"2022-01-22T13:13:14","date_gmt":"2022-01-22T12:13:14","guid":{"rendered":"https:\/\/demoweb.info\/sexshop001\/producto\/sqweel-2-negro-simulador-de-sexo-oral\/"},"modified":"2022-01-22T13:13:19","modified_gmt":"2022-01-22T12:13:19","slug":"sqweel-2-negro-simulador-de-sexo-oral","status":"publish","type":"product","link":"https:\/\/demoweb.info\/sexshop001\/producto\/sqweel-2-negro-simulador-de-sexo-oral\/","title":{"rendered":"SQWEEL 2 NEGRO SIMULADOR DE SEXO ORAL"},"content":{"rendered":"<p><strong>SQWEEL 2 BLACK<\/strong>, es un estimulador sexual compuesto de diez delicadas y suaves lenguas que pueden girar a diferentes velocidades y simular un cunnilingus sin descanso, consiguiendo materialmente un orgasmo detr\u00e1s de otro.<\/p>\n<p>Es ligero, muy discreto, f\u00e1cilmente desmontable y lavable y seguro en su funcionamiento.<\/p>\n<p><strong>SQWEEL 2<\/strong> es un producto patentado, dise\u00f1ado para simular la sensaci\u00f3n de sexo oral. Su sistema rotatorio con 10 suaves lenguas proporcionan una estimulaci\u00f3n como nunca antes hab\u00edas sentido, adem\u00e1s podr\u00e1s seleccionar entre tres diferentes velocidades de rotaci\u00f3n<\/p>\n<p>Olv\u00eddate de todo lo que sab\u00edas sobre juguetes er\u00f3ticos, <strong>SQWEEL 2<\/strong> es diferente. No vibra y se usa externamente. Pensado para conseguir orgasmos pausados, largos y m\u00e1s satisfactorios.<\/p>\n<p>Funciona con 3 pilas <strong>LR03\/AAA<\/strong> que puedes encontrar en la secci\u00f3n <strong>Pilas<\/strong>.<\/p>\n","protected":false},"excerpt":{"rendered":"<p>SQWEEL 2 BLACK, es un estimulador sexual compuesto de diez delicadas y suaves lenguas que pueden girar a diferentes velocidades<\/p>\n","protected":false},"featured_media":33701,"comment_status":"open","ping_status":"open","template":"","meta":[],"product_cat":[370],"product_tag":[1117],"class_list":["post-33700","product","type-product","status-publish","has-post-thumbnail","hentry","product_cat-clitoris","product_tag-sqweel"],"bundled_by":[],"bundle_stock_status":"outofstock","bundle_stock_quantity":0,"bundle_virtual":false,"bundle_layout":"","bundle_add_to_cart_form_location":"","bundle_editable_in_cart":false,"bundle_sold_individually_context":"","bundle_item_grouping":"","bundle_min_size":"","bundle_max_size":"","bundled_items":[],"yoast_head":"<!-- This site is optimized with the Yoast SEO plugin v20.6 - https:\/\/yoast.com\/wordpress\/plugins\/seo\/ -->\n<title>SQWEEL 2 NEGRO SIMULADOR DE SEXO ORAL - Tienda Er\u00f3tica<\/title>\n<meta name=\"robots\" content=\"noindex, follow, max-snippet:-1, max-image-preview:large, max-video-preview:-1\" \/>\n<meta property=\"og:locale\" content=\"es_ES\" \/>\n<meta property=\"og:type\" content=\"article\" \/>\n<meta property=\"og:title\" content=\"SQWEEL 2 NEGRO SIMULADOR DE SEXO ORAL - Tienda Er\u00f3tica\" \/>\n<meta property=\"og:description\" content=\"SQWEEL 2 BLACK, es un estimulador sexual compuesto de diez delicadas y suaves lenguas que pueden girar a diferentes velocidades\" \/>\n<meta property=\"og:url\" content=\"https:\/\/demoweb.info\/sexshop001\/producto\/sqweel-2-negro-simulador-de-sexo-oral\/\" \/>\n<meta property=\"og:site_name\" content=\"Tienda Er\u00f3tica\" \/>\n<meta property=\"article:modified_time\" content=\"2022-01-22T12:13:19+00:00\" \/>\n<meta property=\"og:image\" content=\"https:\/\/demoweb.info\/sexshop001\/wp-content\/uploads\/2022\/01\/SQWEEL-2-NEGRO-SIMULADOR-DE-SEXO-ORAL.jpg\" \/>\n\t<meta property=\"og:image:width\" content=\"550\" \/>\n\t<meta property=\"og:image:height\" content=\"550\" \/>\n\t<meta property=\"og:image:type\" content=\"image\/jpeg\" \/>\n<meta name=\"twitter:card\" content=\"summary_large_image\" \/>\n<meta name=\"twitter:label1\" content=\"Tiempo de lectura\" \/>\n\t<meta name=\"twitter:data1\" content=\"1 minuto\" \/>\n<script type=\"application\/ld+json\" class=\"yoast-schema-graph\">{\"@context\":\"https:\/\/schema.org\",\"@graph\":[{\"@type\":\"WebPage\",\"@id\":\"https:\/\/demoweb.info\/sexshop001\/producto\/sqweel-2-negro-simulador-de-sexo-oral\/\",\"url\":\"https:\/\/demoweb.info\/sexshop001\/producto\/sqweel-2-negro-simulador-de-sexo-oral\/\",\"name\":\"SQWEEL 2 NEGRO SIMULADOR DE SEXO ORAL - Tienda Er\u00f3tica\",\"isPartOf\":{\"@id\":\"https:\/\/demoweb.info\/sexshop001\/#website\"},\"datePublished\":\"2022-01-22T12:13:14+00:00\",\"dateModified\":\"2022-01-22T12:13:19+00:00\",\"breadcrumb\":{\"@id\":\"https:\/\/demoweb.info\/sexshop001\/producto\/sqweel-2-negro-simulador-de-sexo-oral\/#breadcrumb\"},\"inLanguage\":\"es\",\"potentialAction\":[{\"@type\":\"ReadAction\",\"target\":[\"https:\/\/demoweb.info\/sexshop001\/producto\/sqweel-2-negro-simulador-de-sexo-oral\/\"]}]},{\"@type\":\"BreadcrumbList\",\"@id\":\"https:\/\/demoweb.info\/sexshop001\/producto\/sqweel-2-negro-simulador-de-sexo-oral\/#breadcrumb\",\"itemListElement\":[{\"@type\":\"ListItem\",\"position\":1,\"name\":\"Portada\",\"item\":\"https:\/\/demoweb.info\/sexshop001\/\"},{\"@type\":\"ListItem\",\"position\":2,\"name\":\"Tienda\",\"item\":\"https:\/\/demoweb.info\/sexshop001\/tienda\/\"},{\"@type\":\"ListItem\",\"position\":3,\"name\":\"SQWEEL 2 NEGRO SIMULADOR DE SEXO ORAL\"}]},{\"@type\":\"WebSite\",\"@id\":\"https:\/\/demoweb.info\/sexshop001\/#website\",\"url\":\"https:\/\/demoweb.info\/sexshop001\/\",\"name\":\"Tienda Er\u00f3tica\",\"description\":\"DEMOWEB SL\",\"potentialAction\":[{\"@type\":\"SearchAction\",\"target\":{\"@type\":\"EntryPoint\",\"urlTemplate\":\"https:\/\/demoweb.info\/sexshop001\/?s={search_term_string}\"},\"query-input\":\"required name=search_term_string\"}],\"inLanguage\":\"es\"}]}<\/script>\n<!-- \/ Yoast SEO plugin. -->","yoast_head_json":{"title":"SQWEEL 2 NEGRO SIMULADOR DE SEXO ORAL - Tienda Er\u00f3tica","robots":{"index":"noindex","follow":"follow","max-snippet":"max-snippet:-1","max-image-preview":"max-image-preview:large","max-video-preview":"max-video-preview:-1"},"og_locale":"es_ES","og_type":"article","og_title":"SQWEEL 2 NEGRO SIMULADOR DE SEXO ORAL - Tienda Er\u00f3tica","og_description":"SQWEEL 2 BLACK, es un estimulador sexual compuesto de diez delicadas y suaves lenguas que pueden girar a diferentes velocidades","og_url":"https:\/\/demoweb.info\/sexshop001\/producto\/sqweel-2-negro-simulador-de-sexo-oral\/","og_site_name":"Tienda Er\u00f3tica","article_modified_time":"2022-01-22T12:13:19+00:00","og_image":[{"width":550,"height":550,"url":"https:\/\/demoweb.info\/sexshop001\/wp-content\/uploads\/2022\/01\/SQWEEL-2-NEGRO-SIMULADOR-DE-SEXO-ORAL.jpg","type":"image\/jpeg"}],"twitter_card":"summary_large_image","twitter_misc":{"Tiempo de lectura":"1 minuto"},"schema":{"@context":"https:\/\/schema.org","@graph":[{"@type":"WebPage","@id":"https:\/\/demoweb.info\/sexshop001\/producto\/sqweel-2-negro-simulador-de-sexo-oral\/","url":"https:\/\/demoweb.info\/sexshop001\/producto\/sqweel-2-negro-simulador-de-sexo-oral\/","name":"SQWEEL 2 NEGRO SIMULADOR DE SEXO ORAL - Tienda Er\u00f3tica","isPartOf":{"@id":"https:\/\/demoweb.info\/sexshop001\/#website"},"datePublished":"2022-01-22T12:13:14+00:00","dateModified":"2022-01-22T12:13:19+00:00","breadcrumb":{"@id":"https:\/\/demoweb.info\/sexshop001\/producto\/sqweel-2-negro-simulador-de-sexo-oral\/#breadcrumb"},"inLanguage":"es","potentialAction":[{"@type":"ReadAction","target":["https:\/\/demoweb.info\/sexshop001\/producto\/sqweel-2-negro-simulador-de-sexo-oral\/"]}]},{"@type":"BreadcrumbList","@id":"https:\/\/demoweb.info\/sexshop001\/producto\/sqweel-2-negro-simulador-de-sexo-oral\/#breadcrumb","itemListElement":[{"@type":"ListItem","position":1,"name":"Portada","item":"https:\/\/demoweb.info\/sexshop001\/"},{"@type":"ListItem","position":2,"name":"Tienda","item":"https:\/\/demoweb.info\/sexshop001\/tienda\/"},{"@type":"ListItem","position":3,"name":"SQWEEL 2 NEGRO SIMULADOR DE SEXO ORAL"}]},{"@type":"WebSite","@id":"https:\/\/demoweb.info\/sexshop001\/#website","url":"https:\/\/demoweb.info\/sexshop001\/","name":"Tienda Er\u00f3tica","description":"DEMOWEB SL","potentialAction":[{"@type":"SearchAction","target":{"@type":"EntryPoint","urlTemplate":"https:\/\/demoweb.info\/sexshop001\/?s={search_term_string}"},"query-input":"required name=search_term_string"}],"inLanguage":"es"}]}},"_links":{"self":[{"href":"https:\/\/demoweb.info\/sexshop001\/wp-json\/wp\/v3\/product\/33700","targetHints":{"allow":["GET"]}}],"collection":[{"href":"https:\/\/demoweb.info\/sexshop001\/wp-json\/wp\/v3\/product"}],"about":[{"href":"https:\/\/demoweb.info\/sexshop001\/wp-json\/wp\/v2\/types\/product"}],"replies":[{"embeddable":true,"href":"https:\/\/demoweb.info\/sexshop001\/wp-json\/wp\/v2\/comments?post=33700"}],"wp:featuredmedia":[{"embeddable":true,"href":"https:\/\/demoweb.info\/sexshop001\/wp-json\/wp\/v2\/media\/33701"}],"wp:attachment":[{"href":"https:\/\/demoweb.info\/sexshop001\/wp-json\/wp\/v2\/media?parent=33700"}],"wp:term":[{"taxonomy":"product_cat","embeddable":true,"href":"https:\/\/demoweb.info\/sexshop001\/wp-json\/wp\/v2\/product_cat?post=33700"},{"taxonomy":"product_tag","embeddable":true,"href":"https:\/\/demoweb.info\/sexshop001\/wp-json\/wp\/v2\/product_tag?post=33700"}],"curies":[{"name":"wp","href":"https:\/\/api.w.org\/{rel}","templated":true}]}}