{"id":33683,"date":"2022-01-22T13:12:55","date_gmt":"2022-01-22T12:12:55","guid":{"rendered":"https:\/\/demoweb.info\/sexshop001\/producto\/plug-hinchable-con-vibrador\/"},"modified":"2022-01-22T13:13:09","modified_gmt":"2022-01-22T12:13:09","slug":"plug-hinchable-con-vibrador","status":"publish","type":"product","link":"https:\/\/demoweb.info\/sexshop001\/producto\/plug-hinchable-con-vibrador\/","title":{"rendered":"PLUG HINCHABLE CON VIBRADOR"},"content":{"rendered":"<p><strong>EXPANDABLE BUTT PLUG<\/strong> es un fant\u00e1stico <strong>plug hinchable<\/strong> que permite aumentar r\u00e1pidamente su tama\u00f1o, mediante una bomba f\u00e1cil de utilizar, fabricado en l\u00e1tex.<\/p>\n<p>\u00a1Bomb\u00e9elo hasta sentirlo completamente!.<\/p>\n<p>Incluye una v\u00e1lvula de seguridad para garantizar un control completo de la presi\u00f3n.<\/p>\n<p>Dispone de un control electr\u00f3nico multivelocidad, para lograr el nivel de vibraci\u00f3n deseado.<\/p>\n<p><strong>Modelo Unisex<\/strong>, que puede ser utilizado por mujeres y hombres.<\/p>\n<p><strong>Especialmente indicado para penetraciones anales<\/strong>, bien lubricado, se abrir\u00e1 paso sin problemas, gracias a su deslizante material, ayud\u00e1ndote a alcanzar ese punto que siempre has buscado.<\/p>\n<p><strong>\u00a1Descubre un nuevo mundo de posibilidades!. <\/strong><\/p>\n<p>Medidas: 10 cm x 3,5 cm.<\/p>\n<p>Funciona con 2 pilas <strong>R6\/AA<\/strong> que puedes encontrar en la secci\u00f3n <strong>Pilas<\/strong>.<\/p>\n","protected":false},"excerpt":{"rendered":"<p>EXPANDABLE BUTT PLUG es un fant\u00e1stico plug hinchable que permite aumentar r\u00e1pidamente su tama\u00f1o, mediante una bomba f\u00e1cil de utilizar,<\/p>\n","protected":false},"featured_media":33684,"comment_status":"open","ping_status":"open","template":"","meta":[],"product_cat":[295],"product_tag":[650],"class_list":["post-33683","product","type-product","status-publish","has-post-thumbnail","hentry","product_cat-vibradores-plugs","product_tag-seven-creations"],"bundled_by":[],"bundle_stock_status":"instock","bundle_stock_quantity":4,"bundle_virtual":false,"bundle_layout":"","bundle_add_to_cart_form_location":"","bundle_editable_in_cart":false,"bundle_sold_individually_context":"","bundle_item_grouping":"","bundle_min_size":"","bundle_max_size":"","bundled_items":[],"yoast_head":"<!-- This site is optimized with the Yoast SEO plugin v20.6 - https:\/\/yoast.com\/wordpress\/plugins\/seo\/ -->\n<title>PLUG HINCHABLE CON VIBRADOR - Tienda Er\u00f3tica<\/title>\n<meta name=\"robots\" content=\"noindex, follow, max-snippet:-1, max-image-preview:large, max-video-preview:-1\" \/>\n<meta property=\"og:locale\" content=\"es_ES\" \/>\n<meta property=\"og:type\" content=\"article\" \/>\n<meta property=\"og:title\" content=\"PLUG HINCHABLE CON VIBRADOR - Tienda Er\u00f3tica\" \/>\n<meta property=\"og:description\" content=\"EXPANDABLE BUTT PLUG es un fant\u00e1stico plug hinchable que permite aumentar r\u00e1pidamente su tama\u00f1o, mediante una bomba f\u00e1cil de utilizar,\" \/>\n<meta property=\"og:url\" content=\"https:\/\/demoweb.info\/sexshop001\/producto\/plug-hinchable-con-vibrador\/\" \/>\n<meta property=\"og:site_name\" content=\"Tienda Er\u00f3tica\" \/>\n<meta property=\"article:modified_time\" content=\"2022-01-22T12:13:09+00:00\" \/>\n<meta property=\"og:image\" content=\"https:\/\/demoweb.info\/sexshop001\/wp-content\/uploads\/2022\/01\/PLUG-HINCHABLE-CON-VIBRADOR.jpg\" \/>\n\t<meta property=\"og:image:width\" content=\"550\" \/>\n\t<meta property=\"og:image:height\" content=\"550\" \/>\n\t<meta property=\"og:image:type\" content=\"image\/jpeg\" \/>\n<meta name=\"twitter:card\" content=\"summary_large_image\" \/>\n<meta name=\"twitter:label1\" content=\"Tiempo de lectura\" \/>\n\t<meta name=\"twitter:data1\" content=\"1 minuto\" \/>\n<script type=\"application\/ld+json\" class=\"yoast-schema-graph\">{\"@context\":\"https:\/\/schema.org\",\"@graph\":[{\"@type\":\"WebPage\",\"@id\":\"https:\/\/demoweb.info\/sexshop001\/producto\/plug-hinchable-con-vibrador\/\",\"url\":\"https:\/\/demoweb.info\/sexshop001\/producto\/plug-hinchable-con-vibrador\/\",\"name\":\"PLUG HINCHABLE CON VIBRADOR - Tienda Er\u00f3tica\",\"isPartOf\":{\"@id\":\"https:\/\/demoweb.info\/sexshop001\/#website\"},\"datePublished\":\"2022-01-22T12:12:55+00:00\",\"dateModified\":\"2022-01-22T12:13:09+00:00\",\"breadcrumb\":{\"@id\":\"https:\/\/demoweb.info\/sexshop001\/producto\/plug-hinchable-con-vibrador\/#breadcrumb\"},\"inLanguage\":\"es\",\"potentialAction\":[{\"@type\":\"ReadAction\",\"target\":[\"https:\/\/demoweb.info\/sexshop001\/producto\/plug-hinchable-con-vibrador\/\"]}]},{\"@type\":\"BreadcrumbList\",\"@id\":\"https:\/\/demoweb.info\/sexshop001\/producto\/plug-hinchable-con-vibrador\/#breadcrumb\",\"itemListElement\":[{\"@type\":\"ListItem\",\"position\":1,\"name\":\"Portada\",\"item\":\"https:\/\/demoweb.info\/sexshop001\/\"},{\"@type\":\"ListItem\",\"position\":2,\"name\":\"Tienda\",\"item\":\"https:\/\/demoweb.info\/sexshop001\/tienda\/\"},{\"@type\":\"ListItem\",\"position\":3,\"name\":\"PLUG HINCHABLE CON VIBRADOR\"}]},{\"@type\":\"WebSite\",\"@id\":\"https:\/\/demoweb.info\/sexshop001\/#website\",\"url\":\"https:\/\/demoweb.info\/sexshop001\/\",\"name\":\"Tienda Er\u00f3tica\",\"description\":\"DEMOWEB SL\",\"potentialAction\":[{\"@type\":\"SearchAction\",\"target\":{\"@type\":\"EntryPoint\",\"urlTemplate\":\"https:\/\/demoweb.info\/sexshop001\/?s={search_term_string}\"},\"query-input\":\"required name=search_term_string\"}],\"inLanguage\":\"es\"}]}<\/script>\n<!-- \/ Yoast SEO plugin. -->","yoast_head_json":{"title":"PLUG HINCHABLE CON VIBRADOR - Tienda Er\u00f3tica","robots":{"index":"noindex","follow":"follow","max-snippet":"max-snippet:-1","max-image-preview":"max-image-preview:large","max-video-preview":"max-video-preview:-1"},"og_locale":"es_ES","og_type":"article","og_title":"PLUG HINCHABLE CON VIBRADOR - Tienda Er\u00f3tica","og_description":"EXPANDABLE BUTT PLUG es un fant\u00e1stico plug hinchable que permite aumentar r\u00e1pidamente su tama\u00f1o, mediante una bomba f\u00e1cil de utilizar,","og_url":"https:\/\/demoweb.info\/sexshop001\/producto\/plug-hinchable-con-vibrador\/","og_site_name":"Tienda Er\u00f3tica","article_modified_time":"2022-01-22T12:13:09+00:00","og_image":[{"width":550,"height":550,"url":"https:\/\/demoweb.info\/sexshop001\/wp-content\/uploads\/2022\/01\/PLUG-HINCHABLE-CON-VIBRADOR.jpg","type":"image\/jpeg"}],"twitter_card":"summary_large_image","twitter_misc":{"Tiempo de lectura":"1 minuto"},"schema":{"@context":"https:\/\/schema.org","@graph":[{"@type":"WebPage","@id":"https:\/\/demoweb.info\/sexshop001\/producto\/plug-hinchable-con-vibrador\/","url":"https:\/\/demoweb.info\/sexshop001\/producto\/plug-hinchable-con-vibrador\/","name":"PLUG HINCHABLE CON VIBRADOR - Tienda Er\u00f3tica","isPartOf":{"@id":"https:\/\/demoweb.info\/sexshop001\/#website"},"datePublished":"2022-01-22T12:12:55+00:00","dateModified":"2022-01-22T12:13:09+00:00","breadcrumb":{"@id":"https:\/\/demoweb.info\/sexshop001\/producto\/plug-hinchable-con-vibrador\/#breadcrumb"},"inLanguage":"es","potentialAction":[{"@type":"ReadAction","target":["https:\/\/demoweb.info\/sexshop001\/producto\/plug-hinchable-con-vibrador\/"]}]},{"@type":"BreadcrumbList","@id":"https:\/\/demoweb.info\/sexshop001\/producto\/plug-hinchable-con-vibrador\/#breadcrumb","itemListElement":[{"@type":"ListItem","position":1,"name":"Portada","item":"https:\/\/demoweb.info\/sexshop001\/"},{"@type":"ListItem","position":2,"name":"Tienda","item":"https:\/\/demoweb.info\/sexshop001\/tienda\/"},{"@type":"ListItem","position":3,"name":"PLUG HINCHABLE CON VIBRADOR"}]},{"@type":"WebSite","@id":"https:\/\/demoweb.info\/sexshop001\/#website","url":"https:\/\/demoweb.info\/sexshop001\/","name":"Tienda Er\u00f3tica","description":"DEMOWEB SL","potentialAction":[{"@type":"SearchAction","target":{"@type":"EntryPoint","urlTemplate":"https:\/\/demoweb.info\/sexshop001\/?s={search_term_string}"},"query-input":"required name=search_term_string"}],"inLanguage":"es"}]}},"_links":{"self":[{"href":"https:\/\/demoweb.info\/sexshop001\/wp-json\/wp\/v3\/product\/33683","targetHints":{"allow":["GET"]}}],"collection":[{"href":"https:\/\/demoweb.info\/sexshop001\/wp-json\/wp\/v3\/product"}],"about":[{"href":"https:\/\/demoweb.info\/sexshop001\/wp-json\/wp\/v2\/types\/product"}],"replies":[{"embeddable":true,"href":"https:\/\/demoweb.info\/sexshop001\/wp-json\/wp\/v2\/comments?post=33683"}],"wp:featuredmedia":[{"embeddable":true,"href":"https:\/\/demoweb.info\/sexshop001\/wp-json\/wp\/v2\/media\/33684"}],"wp:attachment":[{"href":"https:\/\/demoweb.info\/sexshop001\/wp-json\/wp\/v2\/media?parent=33683"}],"wp:term":[{"taxonomy":"product_cat","embeddable":true,"href":"https:\/\/demoweb.info\/sexshop001\/wp-json\/wp\/v2\/product_cat?post=33683"},{"taxonomy":"product_tag","embeddable":true,"href":"https:\/\/demoweb.info\/sexshop001\/wp-json\/wp\/v2\/product_tag?post=33683"}],"curies":[{"name":"wp","href":"https:\/\/api.w.org\/{rel}","templated":true}]}}