{"id":33582,"date":"2022-01-22T13:12:10","date_gmt":"2022-01-22T12:12:10","guid":{"rendered":"https:\/\/demoweb.info\/sexshop001\/producto\/pjur-women-lubricante-silicona-30-ml\/"},"modified":"2022-01-22T13:12:13","modified_gmt":"2022-01-22T12:12:13","slug":"pjur-women-lubricante-silicona-30-ml","status":"publish","type":"product","link":"https:\/\/demoweb.info\/sexshop001\/producto\/pjur-women-lubricante-silicona-30-ml\/","title":{"rendered":"PJUR WOMEN LUBRICANTE SILICONA 30 ML"},"content":{"rendered":"<p><strong>PJUR WOMAN BODYGLIDE SILICONE 30 ML<\/strong><\/p>\n<p><strong>Pjur Woman<\/strong> aqua ha sido dise\u00f1ada especialmente para la piel suave y sensible de la mujer.<\/p>\n<p>Se recomienda para el masaje por su suavidad excepcional y su extraordinaria duraci\u00f3n lubricante.<\/p>\n<p>S\u00f3lo unas pocas gotas son suficientes para cada vez que se usa para la hidrataci\u00f3n.<\/p>\n<p>Aumenta la sensaci\u00f3n de bienestar personal.<\/p>\n<p>Crea una sensaci\u00f3n de piel aterciopelada, sedosa y flexible.<\/p>\n<p>No se deshidrata, transpirable.<\/p>\n<p>Sin sustancias olorosas ni sapor\u00edferas, anh\u00eddrido, sin perfumes.<\/p>\n<p>Sin aceite ni grasa, ni conservantes.<\/p>\n<p>Tolerancia cut\u00e1nea dermatol\u00f3gicamente ensayada, para cuidar la piel. Da trato cuidadoso al l\u00e1tex.<\/p>\n<p><strong>Disfruta de la singular sensaci\u00f3n de PJUR.<\/strong><\/p>\n<p>Envase de 30 ml.<\/p>\n","protected":false},"excerpt":{"rendered":"<p>PJUR WOMAN BODYGLIDE SILICONE 30 ML Pjur Woman aqua ha sido dise\u00f1ada especialmente para la piel suave y sensible de<\/p>\n","protected":false},"featured_media":33583,"comment_status":"open","ping_status":"open","template":"","meta":[],"product_cat":[638],"product_tag":[255,269],"class_list":["post-33582","product","type-product","status-publish","has-post-thumbnail","hentry","product_cat-silicona-lubricantes-aceites-y-lubricantes","product_tag-pjur","product_tag-sex-and-massage"],"bundled_by":[],"bundle_stock_status":"instock","bundle_stock_quantity":8,"bundle_virtual":false,"bundle_layout":"","bundle_add_to_cart_form_location":"","bundle_editable_in_cart":false,"bundle_sold_individually_context":"","bundle_item_grouping":"","bundle_min_size":"","bundle_max_size":"","bundled_items":[],"yoast_head":"<!-- This site is optimized with the Yoast SEO plugin v20.6 - https:\/\/yoast.com\/wordpress\/plugins\/seo\/ -->\n<title>PJUR WOMEN LUBRICANTE SILICONA 30 ML - Tienda Er\u00f3tica<\/title>\n<meta name=\"robots\" content=\"noindex, follow, max-snippet:-1, max-image-preview:large, max-video-preview:-1\" \/>\n<meta property=\"og:locale\" content=\"es_ES\" \/>\n<meta property=\"og:type\" content=\"article\" \/>\n<meta property=\"og:title\" content=\"PJUR WOMEN LUBRICANTE SILICONA 30 ML - Tienda Er\u00f3tica\" \/>\n<meta property=\"og:description\" content=\"PJUR WOMAN BODYGLIDE SILICONE 30 ML Pjur Woman aqua ha sido dise\u00f1ada especialmente para la piel suave y sensible de\" \/>\n<meta property=\"og:url\" content=\"https:\/\/demoweb.info\/sexshop001\/producto\/pjur-women-lubricante-silicona-30-ml\/\" \/>\n<meta property=\"og:site_name\" content=\"Tienda Er\u00f3tica\" \/>\n<meta property=\"article:modified_time\" content=\"2022-01-22T12:12:13+00:00\" \/>\n<meta property=\"og:image\" content=\"https:\/\/demoweb.info\/sexshop001\/wp-content\/uploads\/2022\/01\/PJUR-WOMEN-LUBRICANTE-SILICONA-30-ML.jpg\" \/>\n\t<meta property=\"og:image:width\" content=\"550\" \/>\n\t<meta property=\"og:image:height\" content=\"550\" \/>\n\t<meta property=\"og:image:type\" content=\"image\/jpeg\" \/>\n<meta name=\"twitter:card\" content=\"summary_large_image\" \/>\n<meta name=\"twitter:label1\" content=\"Tiempo de lectura\" \/>\n\t<meta name=\"twitter:data1\" content=\"1 minuto\" \/>\n<script type=\"application\/ld+json\" class=\"yoast-schema-graph\">{\"@context\":\"https:\/\/schema.org\",\"@graph\":[{\"@type\":\"WebPage\",\"@id\":\"https:\/\/demoweb.info\/sexshop001\/producto\/pjur-women-lubricante-silicona-30-ml\/\",\"url\":\"https:\/\/demoweb.info\/sexshop001\/producto\/pjur-women-lubricante-silicona-30-ml\/\",\"name\":\"PJUR WOMEN LUBRICANTE SILICONA 30 ML - Tienda Er\u00f3tica\",\"isPartOf\":{\"@id\":\"https:\/\/demoweb.info\/sexshop001\/#website\"},\"datePublished\":\"2022-01-22T12:12:10+00:00\",\"dateModified\":\"2022-01-22T12:12:13+00:00\",\"breadcrumb\":{\"@id\":\"https:\/\/demoweb.info\/sexshop001\/producto\/pjur-women-lubricante-silicona-30-ml\/#breadcrumb\"},\"inLanguage\":\"es\",\"potentialAction\":[{\"@type\":\"ReadAction\",\"target\":[\"https:\/\/demoweb.info\/sexshop001\/producto\/pjur-women-lubricante-silicona-30-ml\/\"]}]},{\"@type\":\"BreadcrumbList\",\"@id\":\"https:\/\/demoweb.info\/sexshop001\/producto\/pjur-women-lubricante-silicona-30-ml\/#breadcrumb\",\"itemListElement\":[{\"@type\":\"ListItem\",\"position\":1,\"name\":\"Portada\",\"item\":\"https:\/\/demoweb.info\/sexshop001\/\"},{\"@type\":\"ListItem\",\"position\":2,\"name\":\"Tienda\",\"item\":\"https:\/\/demoweb.info\/sexshop001\/tienda\/\"},{\"@type\":\"ListItem\",\"position\":3,\"name\":\"PJUR WOMEN LUBRICANTE SILICONA 30 ML\"}]},{\"@type\":\"WebSite\",\"@id\":\"https:\/\/demoweb.info\/sexshop001\/#website\",\"url\":\"https:\/\/demoweb.info\/sexshop001\/\",\"name\":\"Tienda Er\u00f3tica\",\"description\":\"DEMOWEB SL\",\"potentialAction\":[{\"@type\":\"SearchAction\",\"target\":{\"@type\":\"EntryPoint\",\"urlTemplate\":\"https:\/\/demoweb.info\/sexshop001\/?s={search_term_string}\"},\"query-input\":\"required name=search_term_string\"}],\"inLanguage\":\"es\"}]}<\/script>\n<!-- \/ Yoast SEO plugin. -->","yoast_head_json":{"title":"PJUR WOMEN LUBRICANTE SILICONA 30 ML - Tienda Er\u00f3tica","robots":{"index":"noindex","follow":"follow","max-snippet":"max-snippet:-1","max-image-preview":"max-image-preview:large","max-video-preview":"max-video-preview:-1"},"og_locale":"es_ES","og_type":"article","og_title":"PJUR WOMEN LUBRICANTE SILICONA 30 ML - Tienda Er\u00f3tica","og_description":"PJUR WOMAN BODYGLIDE SILICONE 30 ML Pjur Woman aqua ha sido dise\u00f1ada especialmente para la piel suave y sensible de","og_url":"https:\/\/demoweb.info\/sexshop001\/producto\/pjur-women-lubricante-silicona-30-ml\/","og_site_name":"Tienda Er\u00f3tica","article_modified_time":"2022-01-22T12:12:13+00:00","og_image":[{"width":550,"height":550,"url":"https:\/\/demoweb.info\/sexshop001\/wp-content\/uploads\/2022\/01\/PJUR-WOMEN-LUBRICANTE-SILICONA-30-ML.jpg","type":"image\/jpeg"}],"twitter_card":"summary_large_image","twitter_misc":{"Tiempo de lectura":"1 minuto"},"schema":{"@context":"https:\/\/schema.org","@graph":[{"@type":"WebPage","@id":"https:\/\/demoweb.info\/sexshop001\/producto\/pjur-women-lubricante-silicona-30-ml\/","url":"https:\/\/demoweb.info\/sexshop001\/producto\/pjur-women-lubricante-silicona-30-ml\/","name":"PJUR WOMEN LUBRICANTE SILICONA 30 ML - Tienda Er\u00f3tica","isPartOf":{"@id":"https:\/\/demoweb.info\/sexshop001\/#website"},"datePublished":"2022-01-22T12:12:10+00:00","dateModified":"2022-01-22T12:12:13+00:00","breadcrumb":{"@id":"https:\/\/demoweb.info\/sexshop001\/producto\/pjur-women-lubricante-silicona-30-ml\/#breadcrumb"},"inLanguage":"es","potentialAction":[{"@type":"ReadAction","target":["https:\/\/demoweb.info\/sexshop001\/producto\/pjur-women-lubricante-silicona-30-ml\/"]}]},{"@type":"BreadcrumbList","@id":"https:\/\/demoweb.info\/sexshop001\/producto\/pjur-women-lubricante-silicona-30-ml\/#breadcrumb","itemListElement":[{"@type":"ListItem","position":1,"name":"Portada","item":"https:\/\/demoweb.info\/sexshop001\/"},{"@type":"ListItem","position":2,"name":"Tienda","item":"https:\/\/demoweb.info\/sexshop001\/tienda\/"},{"@type":"ListItem","position":3,"name":"PJUR WOMEN LUBRICANTE SILICONA 30 ML"}]},{"@type":"WebSite","@id":"https:\/\/demoweb.info\/sexshop001\/#website","url":"https:\/\/demoweb.info\/sexshop001\/","name":"Tienda Er\u00f3tica","description":"DEMOWEB SL","potentialAction":[{"@type":"SearchAction","target":{"@type":"EntryPoint","urlTemplate":"https:\/\/demoweb.info\/sexshop001\/?s={search_term_string}"},"query-input":"required name=search_term_string"}],"inLanguage":"es"}]}},"_links":{"self":[{"href":"https:\/\/demoweb.info\/sexshop001\/wp-json\/wp\/v3\/product\/33582","targetHints":{"allow":["GET"]}}],"collection":[{"href":"https:\/\/demoweb.info\/sexshop001\/wp-json\/wp\/v3\/product"}],"about":[{"href":"https:\/\/demoweb.info\/sexshop001\/wp-json\/wp\/v2\/types\/product"}],"replies":[{"embeddable":true,"href":"https:\/\/demoweb.info\/sexshop001\/wp-json\/wp\/v2\/comments?post=33582"}],"wp:featuredmedia":[{"embeddable":true,"href":"https:\/\/demoweb.info\/sexshop001\/wp-json\/wp\/v2\/media\/33583"}],"wp:attachment":[{"href":"https:\/\/demoweb.info\/sexshop001\/wp-json\/wp\/v2\/media?parent=33582"}],"wp:term":[{"taxonomy":"product_cat","embeddable":true,"href":"https:\/\/demoweb.info\/sexshop001\/wp-json\/wp\/v2\/product_cat?post=33582"},{"taxonomy":"product_tag","embeddable":true,"href":"https:\/\/demoweb.info\/sexshop001\/wp-json\/wp\/v2\/product_tag?post=33582"}],"curies":[{"name":"wp","href":"https:\/\/api.w.org\/{rel}","templated":true}]}}