{"id":33527,"date":"2022-01-22T13:11:42","date_gmt":"2022-01-22T12:11:42","guid":{"rendered":"https:\/\/demoweb.info\/sexshop001\/producto\/crema-intima-refrescante-para-hombre\/"},"modified":"2022-01-22T13:11:43","modified_gmt":"2022-01-22T12:11:43","slug":"crema-intima-refrescante-para-hombre","status":"publish","type":"product","link":"https:\/\/demoweb.info\/sexshop001\/producto\/crema-intima-refrescante-para-hombre\/","title":{"rendered":"CREMA INTIMA REFRESCANTE PARA HOMBRE"},"content":{"rendered":"<p><strong>ICE TOUCH INTIMATE COOLING CREAM FOR MEN<\/strong> lubricante basado en agua. Crema \u00edntima que produce una sensaci\u00f3n sensual y cosquilleante.<\/p>\n<p>Intensifica el placer tanto para t\u00ed como para tu pareja.<\/p>\n<p>\u00bfTe sientes aventurero? Da la vuelta al aventurero que est\u00e1 en ti y conquista tu pareja con un nuevo aproche, un fresco aproche.<\/p>\n<p><strong>Ice Touch for Men<\/strong> es una crema con una dulce sorpresa para vivir una experiencia er\u00f3tica y refrescante, da un toque helado inmediato a tu amante una vez aplicada sobre el cuerpo y se puede tambi\u00e9n utilizar para masajes obteniendo sentidos nunca probados antes.<\/p>\n<p>Su olor, su tacto y su efecto de enfriamiento son excelentes.<\/p>\n<p>La crema se desliza suavemente dando escalofr\u00edos y un delicioso placer en las zonas m\u00e1s calientes. Revive a tu pareja y mu\u00e9vete m\u00e1s r\u00e1pido con <strong>Ice Touch<\/strong>.<\/p>\n<p>Nueva fragancia: Sensaci\u00f3n ant\u00e1rtica.<\/p>\n<p><strong>Ice Touch<\/strong> a base de agua, no es graso y se suministra en un distribuidor pr\u00e1ctico de 30 ml.<\/p>\n","protected":false},"excerpt":{"rendered":"<p>ICE TOUCH INTIMATE COOLING CREAM FOR MEN lubricante basado en agua. Crema \u00edntima que produce una sensaci\u00f3n sensual y cosquilleante.<\/p>\n","protected":false},"featured_media":33528,"comment_status":"open","ping_status":"open","template":"","meta":[],"product_cat":[1173],"product_tag":[409],"class_list":["post-33527","product","type-product","status-publish","has-post-thumbnail","hentry","product_cat-para-ellos","product_tag-cobeco-pharma"],"bundled_by":[],"bundle_stock_status":"instock","bundle_stock_quantity":1,"bundle_virtual":false,"bundle_layout":"","bundle_add_to_cart_form_location":"","bundle_editable_in_cart":false,"bundle_sold_individually_context":"","bundle_item_grouping":"","bundle_min_size":"","bundle_max_size":"","bundled_items":[],"yoast_head":"<!-- This site is optimized with the Yoast SEO plugin v20.6 - https:\/\/yoast.com\/wordpress\/plugins\/seo\/ -->\n<title>CREMA INTIMA REFRESCANTE PARA HOMBRE - Tienda Er\u00f3tica<\/title>\n<meta name=\"robots\" content=\"noindex, follow, max-snippet:-1, max-image-preview:large, max-video-preview:-1\" \/>\n<meta property=\"og:locale\" content=\"es_ES\" \/>\n<meta property=\"og:type\" content=\"article\" \/>\n<meta property=\"og:title\" content=\"CREMA INTIMA REFRESCANTE PARA HOMBRE - Tienda Er\u00f3tica\" \/>\n<meta property=\"og:description\" content=\"ICE TOUCH INTIMATE COOLING CREAM FOR MEN lubricante basado en agua. Crema \u00edntima que produce una sensaci\u00f3n sensual y cosquilleante.\" \/>\n<meta property=\"og:url\" content=\"https:\/\/demoweb.info\/sexshop001\/producto\/crema-intima-refrescante-para-hombre\/\" \/>\n<meta property=\"og:site_name\" content=\"Tienda Er\u00f3tica\" \/>\n<meta property=\"article:modified_time\" content=\"2022-01-22T12:11:43+00:00\" \/>\n<meta property=\"og:image\" content=\"https:\/\/demoweb.info\/sexshop001\/wp-content\/uploads\/2022\/01\/CREMA-INTIMA-REFRESCANTE-PARA-HOMBRE.jpg\" \/>\n\t<meta property=\"og:image:width\" content=\"300\" \/>\n\t<meta property=\"og:image:height\" content=\"300\" \/>\n\t<meta property=\"og:image:type\" content=\"image\/jpeg\" \/>\n<meta name=\"twitter:card\" content=\"summary_large_image\" \/>\n<meta name=\"twitter:label1\" content=\"Tiempo de lectura\" \/>\n\t<meta name=\"twitter:data1\" content=\"1 minuto\" \/>\n<script type=\"application\/ld+json\" class=\"yoast-schema-graph\">{\"@context\":\"https:\/\/schema.org\",\"@graph\":[{\"@type\":\"WebPage\",\"@id\":\"https:\/\/demoweb.info\/sexshop001\/producto\/crema-intima-refrescante-para-hombre\/\",\"url\":\"https:\/\/demoweb.info\/sexshop001\/producto\/crema-intima-refrescante-para-hombre\/\",\"name\":\"CREMA INTIMA REFRESCANTE PARA HOMBRE - Tienda Er\u00f3tica\",\"isPartOf\":{\"@id\":\"https:\/\/demoweb.info\/sexshop001\/#website\"},\"datePublished\":\"2022-01-22T12:11:42+00:00\",\"dateModified\":\"2022-01-22T12:11:43+00:00\",\"breadcrumb\":{\"@id\":\"https:\/\/demoweb.info\/sexshop001\/producto\/crema-intima-refrescante-para-hombre\/#breadcrumb\"},\"inLanguage\":\"es\",\"potentialAction\":[{\"@type\":\"ReadAction\",\"target\":[\"https:\/\/demoweb.info\/sexshop001\/producto\/crema-intima-refrescante-para-hombre\/\"]}]},{\"@type\":\"BreadcrumbList\",\"@id\":\"https:\/\/demoweb.info\/sexshop001\/producto\/crema-intima-refrescante-para-hombre\/#breadcrumb\",\"itemListElement\":[{\"@type\":\"ListItem\",\"position\":1,\"name\":\"Portada\",\"item\":\"https:\/\/demoweb.info\/sexshop001\/\"},{\"@type\":\"ListItem\",\"position\":2,\"name\":\"Tienda\",\"item\":\"https:\/\/demoweb.info\/sexshop001\/tienda\/\"},{\"@type\":\"ListItem\",\"position\":3,\"name\":\"CREMA INTIMA REFRESCANTE PARA HOMBRE\"}]},{\"@type\":\"WebSite\",\"@id\":\"https:\/\/demoweb.info\/sexshop001\/#website\",\"url\":\"https:\/\/demoweb.info\/sexshop001\/\",\"name\":\"Tienda Er\u00f3tica\",\"description\":\"DEMOWEB SL\",\"potentialAction\":[{\"@type\":\"SearchAction\",\"target\":{\"@type\":\"EntryPoint\",\"urlTemplate\":\"https:\/\/demoweb.info\/sexshop001\/?s={search_term_string}\"},\"query-input\":\"required name=search_term_string\"}],\"inLanguage\":\"es\"}]}<\/script>\n<!-- \/ Yoast SEO plugin. -->","yoast_head_json":{"title":"CREMA INTIMA REFRESCANTE PARA HOMBRE - Tienda Er\u00f3tica","robots":{"index":"noindex","follow":"follow","max-snippet":"max-snippet:-1","max-image-preview":"max-image-preview:large","max-video-preview":"max-video-preview:-1"},"og_locale":"es_ES","og_type":"article","og_title":"CREMA INTIMA REFRESCANTE PARA HOMBRE - Tienda Er\u00f3tica","og_description":"ICE TOUCH INTIMATE COOLING CREAM FOR MEN lubricante basado en agua. Crema \u00edntima que produce una sensaci\u00f3n sensual y cosquilleante.","og_url":"https:\/\/demoweb.info\/sexshop001\/producto\/crema-intima-refrescante-para-hombre\/","og_site_name":"Tienda Er\u00f3tica","article_modified_time":"2022-01-22T12:11:43+00:00","og_image":[{"width":300,"height":300,"url":"https:\/\/demoweb.info\/sexshop001\/wp-content\/uploads\/2022\/01\/CREMA-INTIMA-REFRESCANTE-PARA-HOMBRE.jpg","type":"image\/jpeg"}],"twitter_card":"summary_large_image","twitter_misc":{"Tiempo de lectura":"1 minuto"},"schema":{"@context":"https:\/\/schema.org","@graph":[{"@type":"WebPage","@id":"https:\/\/demoweb.info\/sexshop001\/producto\/crema-intima-refrescante-para-hombre\/","url":"https:\/\/demoweb.info\/sexshop001\/producto\/crema-intima-refrescante-para-hombre\/","name":"CREMA INTIMA REFRESCANTE PARA HOMBRE - Tienda Er\u00f3tica","isPartOf":{"@id":"https:\/\/demoweb.info\/sexshop001\/#website"},"datePublished":"2022-01-22T12:11:42+00:00","dateModified":"2022-01-22T12:11:43+00:00","breadcrumb":{"@id":"https:\/\/demoweb.info\/sexshop001\/producto\/crema-intima-refrescante-para-hombre\/#breadcrumb"},"inLanguage":"es","potentialAction":[{"@type":"ReadAction","target":["https:\/\/demoweb.info\/sexshop001\/producto\/crema-intima-refrescante-para-hombre\/"]}]},{"@type":"BreadcrumbList","@id":"https:\/\/demoweb.info\/sexshop001\/producto\/crema-intima-refrescante-para-hombre\/#breadcrumb","itemListElement":[{"@type":"ListItem","position":1,"name":"Portada","item":"https:\/\/demoweb.info\/sexshop001\/"},{"@type":"ListItem","position":2,"name":"Tienda","item":"https:\/\/demoweb.info\/sexshop001\/tienda\/"},{"@type":"ListItem","position":3,"name":"CREMA INTIMA REFRESCANTE PARA HOMBRE"}]},{"@type":"WebSite","@id":"https:\/\/demoweb.info\/sexshop001\/#website","url":"https:\/\/demoweb.info\/sexshop001\/","name":"Tienda Er\u00f3tica","description":"DEMOWEB SL","potentialAction":[{"@type":"SearchAction","target":{"@type":"EntryPoint","urlTemplate":"https:\/\/demoweb.info\/sexshop001\/?s={search_term_string}"},"query-input":"required name=search_term_string"}],"inLanguage":"es"}]}},"_links":{"self":[{"href":"https:\/\/demoweb.info\/sexshop001\/wp-json\/wp\/v3\/product\/33527","targetHints":{"allow":["GET"]}}],"collection":[{"href":"https:\/\/demoweb.info\/sexshop001\/wp-json\/wp\/v3\/product"}],"about":[{"href":"https:\/\/demoweb.info\/sexshop001\/wp-json\/wp\/v2\/types\/product"}],"replies":[{"embeddable":true,"href":"https:\/\/demoweb.info\/sexshop001\/wp-json\/wp\/v2\/comments?post=33527"}],"wp:featuredmedia":[{"embeddable":true,"href":"https:\/\/demoweb.info\/sexshop001\/wp-json\/wp\/v2\/media\/33528"}],"wp:attachment":[{"href":"https:\/\/demoweb.info\/sexshop001\/wp-json\/wp\/v2\/media?parent=33527"}],"wp:term":[{"taxonomy":"product_cat","embeddable":true,"href":"https:\/\/demoweb.info\/sexshop001\/wp-json\/wp\/v2\/product_cat?post=33527"},{"taxonomy":"product_tag","embeddable":true,"href":"https:\/\/demoweb.info\/sexshop001\/wp-json\/wp\/v2\/product_tag?post=33527"}],"curies":[{"name":"wp","href":"https:\/\/api.w.org\/{rel}","templated":true}]}}