{"id":33501,"date":"2022-01-22T13:11:16","date_gmt":"2022-01-22T12:11:16","guid":{"rendered":"https:\/\/demoweb.info\/sexshop001\/producto\/lelo-hombre-billy-2-vibrador-azul-oscuro\/"},"modified":"2022-01-22T13:11:30","modified_gmt":"2022-01-22T12:11:30","slug":"lelo-hombre-billy-2-vibrador-azul-oscuro","status":"publish","type":"product","link":"https:\/\/demoweb.info\/sexshop001\/producto\/lelo-hombre-billy-2-vibrador-azul-oscuro\/","title":{"rendered":"LELO HOMBRE BILLY 2 VIBRADOR AZUL OSCURO"},"content":{"rendered":"<p><strong>LELO HOMME BILLY 2 VIBRATOR DEEP BLUE<\/strong><\/p>\n<p><strong>BILLY 2<\/strong> es un masajeador del punto G masculino, pensado para hombres que desean explorar las m\u00e1s intensas sensaciones en su interior.<\/p>\n<p>Gracias a su ergon\u00f3mico dise\u00f1o, adaptado con la m\u00e1xima precisi\u00f3n a las formas masculinas, <strong>BILLY<\/strong> permite un control constante y total en sus cinco modos de estimulaci\u00f3n.<\/p>\n<p>Su gran versatilidad produce efectos asombrosos: una suave vibraci\u00f3n al principio, un aumento de la intensidad conforme crece la excitaci\u00f3n, y as\u00ed hasta alcanzar los niveles de potencia que resulten m\u00e1s placenteros.<\/p>\n<p>Ya se disfrute a solas o en compa\u00f1\u00eda, <strong>BILLY<\/strong> es un compa\u00f1ero muy discreto y complaciente, siempre dispuesto a regalar sensaciones de maravilloso abandono y dicha intensa.<\/p>\n<p>Como ocurre con todos los objetos de placer <strong>LELO<\/strong>, <strong>BILLY<\/strong> est\u00e1 dise\u00f1ado para proporcionar un intenso gozo f\u00edsico y una absoluta paz espiritual en cualquier situaci\u00f3n y bajo cualquier circunstancia.<\/p>\n<p>Fabricado con pl\u00e1stico PC-ABS\/ silicona aprobados por la FDA y libres de ftalato, <strong>BILLY<\/strong> proporciona 4 horas de vibraciones pr\u00e1cticamente silenciosas tras un tiempo de carga de apenas 2 horas.<\/p>\n<p>La velocidad y la intensidad se regulan f\u00e1cilmente mediante un intuitivo disco de control, y ambas funciones pueden bloquearse completamente para garantizar un discreto transporte del objeto en todo momento.<\/p>\n<p>Asimismo, <strong>BILLY<\/strong> se presenta en una elegante caja de regalo que contiene una lujosa bolsita de sat\u00e9n para guardarlo, adem\u00e1s de un cargador, el manual de usuario y la garant\u00eda completa <strong>LELO<\/strong> de 1 a\u00f1o.<\/p>\n<p>Tama\u00f1o: 17,4 x 3,5 x 3 cm.<\/p>\n","protected":false},"excerpt":{"rendered":"<p>LELO HOMME BILLY 2 VIBRATOR DEEP BLUE BILLY 2 es un masajeador del punto G masculino, pensado para hombres que<\/p>\n","protected":false},"featured_media":33502,"comment_status":"open","ping_status":"open","template":"","meta":[],"product_cat":[502],"product_tag":[406],"class_list":["post-33501","product","type-product","status-publish","has-post-thumbnail","hentry","product_cat-luxury","product_tag-lelo"],"bundled_by":[],"bundle_stock_status":"outofstock","bundle_stock_quantity":0,"bundle_virtual":false,"bundle_layout":"","bundle_add_to_cart_form_location":"","bundle_editable_in_cart":false,"bundle_sold_individually_context":"","bundle_item_grouping":"","bundle_min_size":"","bundle_max_size":"","bundled_items":[],"yoast_head":"<!-- This site is optimized with the Yoast SEO plugin v20.6 - https:\/\/yoast.com\/wordpress\/plugins\/seo\/ -->\n<title>LELO HOMBRE BILLY 2 VIBRADOR AZUL OSCURO - Tienda Er\u00f3tica<\/title>\n<meta name=\"robots\" content=\"noindex, follow, max-snippet:-1, max-image-preview:large, max-video-preview:-1\" \/>\n<meta property=\"og:locale\" content=\"es_ES\" \/>\n<meta property=\"og:type\" content=\"article\" \/>\n<meta property=\"og:title\" content=\"LELO HOMBRE BILLY 2 VIBRADOR AZUL OSCURO - Tienda Er\u00f3tica\" \/>\n<meta property=\"og:description\" content=\"LELO HOMME BILLY 2 VIBRATOR DEEP BLUE BILLY 2 es un masajeador del punto G masculino, pensado para hombres que\" \/>\n<meta property=\"og:url\" content=\"https:\/\/demoweb.info\/sexshop001\/producto\/lelo-hombre-billy-2-vibrador-azul-oscuro\/\" \/>\n<meta property=\"og:site_name\" content=\"Tienda Er\u00f3tica\" \/>\n<meta property=\"article:modified_time\" content=\"2022-01-22T12:11:30+00:00\" \/>\n<meta property=\"og:image\" content=\"https:\/\/demoweb.info\/sexshop001\/wp-content\/uploads\/2022\/01\/LELO-HOMBRE-BILLY-2-VIBRADOR-AZUL-OSCURO.jpg\" \/>\n\t<meta property=\"og:image:width\" content=\"550\" \/>\n\t<meta property=\"og:image:height\" content=\"550\" \/>\n\t<meta property=\"og:image:type\" content=\"image\/jpeg\" \/>\n<meta name=\"twitter:card\" content=\"summary_large_image\" \/>\n<meta name=\"twitter:label1\" content=\"Tiempo de lectura\" \/>\n\t<meta name=\"twitter:data1\" content=\"1 minuto\" \/>\n<script type=\"application\/ld+json\" class=\"yoast-schema-graph\">{\"@context\":\"https:\/\/schema.org\",\"@graph\":[{\"@type\":\"WebPage\",\"@id\":\"https:\/\/demoweb.info\/sexshop001\/producto\/lelo-hombre-billy-2-vibrador-azul-oscuro\/\",\"url\":\"https:\/\/demoweb.info\/sexshop001\/producto\/lelo-hombre-billy-2-vibrador-azul-oscuro\/\",\"name\":\"LELO HOMBRE BILLY 2 VIBRADOR AZUL OSCURO - Tienda Er\u00f3tica\",\"isPartOf\":{\"@id\":\"https:\/\/demoweb.info\/sexshop001\/#website\"},\"datePublished\":\"2022-01-22T12:11:16+00:00\",\"dateModified\":\"2022-01-22T12:11:30+00:00\",\"breadcrumb\":{\"@id\":\"https:\/\/demoweb.info\/sexshop001\/producto\/lelo-hombre-billy-2-vibrador-azul-oscuro\/#breadcrumb\"},\"inLanguage\":\"es\",\"potentialAction\":[{\"@type\":\"ReadAction\",\"target\":[\"https:\/\/demoweb.info\/sexshop001\/producto\/lelo-hombre-billy-2-vibrador-azul-oscuro\/\"]}]},{\"@type\":\"BreadcrumbList\",\"@id\":\"https:\/\/demoweb.info\/sexshop001\/producto\/lelo-hombre-billy-2-vibrador-azul-oscuro\/#breadcrumb\",\"itemListElement\":[{\"@type\":\"ListItem\",\"position\":1,\"name\":\"Portada\",\"item\":\"https:\/\/demoweb.info\/sexshop001\/\"},{\"@type\":\"ListItem\",\"position\":2,\"name\":\"Tienda\",\"item\":\"https:\/\/demoweb.info\/sexshop001\/tienda\/\"},{\"@type\":\"ListItem\",\"position\":3,\"name\":\"LELO HOMBRE BILLY 2 VIBRADOR AZUL OSCURO\"}]},{\"@type\":\"WebSite\",\"@id\":\"https:\/\/demoweb.info\/sexshop001\/#website\",\"url\":\"https:\/\/demoweb.info\/sexshop001\/\",\"name\":\"Tienda Er\u00f3tica\",\"description\":\"DEMOWEB SL\",\"potentialAction\":[{\"@type\":\"SearchAction\",\"target\":{\"@type\":\"EntryPoint\",\"urlTemplate\":\"https:\/\/demoweb.info\/sexshop001\/?s={search_term_string}\"},\"query-input\":\"required name=search_term_string\"}],\"inLanguage\":\"es\"}]}<\/script>\n<!-- \/ Yoast SEO plugin. -->","yoast_head_json":{"title":"LELO HOMBRE BILLY 2 VIBRADOR AZUL OSCURO - Tienda Er\u00f3tica","robots":{"index":"noindex","follow":"follow","max-snippet":"max-snippet:-1","max-image-preview":"max-image-preview:large","max-video-preview":"max-video-preview:-1"},"og_locale":"es_ES","og_type":"article","og_title":"LELO HOMBRE BILLY 2 VIBRADOR AZUL OSCURO - Tienda Er\u00f3tica","og_description":"LELO HOMME BILLY 2 VIBRATOR DEEP BLUE BILLY 2 es un masajeador del punto G masculino, pensado para hombres que","og_url":"https:\/\/demoweb.info\/sexshop001\/producto\/lelo-hombre-billy-2-vibrador-azul-oscuro\/","og_site_name":"Tienda Er\u00f3tica","article_modified_time":"2022-01-22T12:11:30+00:00","og_image":[{"width":550,"height":550,"url":"https:\/\/demoweb.info\/sexshop001\/wp-content\/uploads\/2022\/01\/LELO-HOMBRE-BILLY-2-VIBRADOR-AZUL-OSCURO.jpg","type":"image\/jpeg"}],"twitter_card":"summary_large_image","twitter_misc":{"Tiempo de lectura":"1 minuto"},"schema":{"@context":"https:\/\/schema.org","@graph":[{"@type":"WebPage","@id":"https:\/\/demoweb.info\/sexshop001\/producto\/lelo-hombre-billy-2-vibrador-azul-oscuro\/","url":"https:\/\/demoweb.info\/sexshop001\/producto\/lelo-hombre-billy-2-vibrador-azul-oscuro\/","name":"LELO HOMBRE BILLY 2 VIBRADOR AZUL OSCURO - Tienda Er\u00f3tica","isPartOf":{"@id":"https:\/\/demoweb.info\/sexshop001\/#website"},"datePublished":"2022-01-22T12:11:16+00:00","dateModified":"2022-01-22T12:11:30+00:00","breadcrumb":{"@id":"https:\/\/demoweb.info\/sexshop001\/producto\/lelo-hombre-billy-2-vibrador-azul-oscuro\/#breadcrumb"},"inLanguage":"es","potentialAction":[{"@type":"ReadAction","target":["https:\/\/demoweb.info\/sexshop001\/producto\/lelo-hombre-billy-2-vibrador-azul-oscuro\/"]}]},{"@type":"BreadcrumbList","@id":"https:\/\/demoweb.info\/sexshop001\/producto\/lelo-hombre-billy-2-vibrador-azul-oscuro\/#breadcrumb","itemListElement":[{"@type":"ListItem","position":1,"name":"Portada","item":"https:\/\/demoweb.info\/sexshop001\/"},{"@type":"ListItem","position":2,"name":"Tienda","item":"https:\/\/demoweb.info\/sexshop001\/tienda\/"},{"@type":"ListItem","position":3,"name":"LELO HOMBRE BILLY 2 VIBRADOR AZUL OSCURO"}]},{"@type":"WebSite","@id":"https:\/\/demoweb.info\/sexshop001\/#website","url":"https:\/\/demoweb.info\/sexshop001\/","name":"Tienda Er\u00f3tica","description":"DEMOWEB SL","potentialAction":[{"@type":"SearchAction","target":{"@type":"EntryPoint","urlTemplate":"https:\/\/demoweb.info\/sexshop001\/?s={search_term_string}"},"query-input":"required name=search_term_string"}],"inLanguage":"es"}]}},"_links":{"self":[{"href":"https:\/\/demoweb.info\/sexshop001\/wp-json\/wp\/v3\/product\/33501","targetHints":{"allow":["GET"]}}],"collection":[{"href":"https:\/\/demoweb.info\/sexshop001\/wp-json\/wp\/v3\/product"}],"about":[{"href":"https:\/\/demoweb.info\/sexshop001\/wp-json\/wp\/v2\/types\/product"}],"replies":[{"embeddable":true,"href":"https:\/\/demoweb.info\/sexshop001\/wp-json\/wp\/v2\/comments?post=33501"}],"wp:featuredmedia":[{"embeddable":true,"href":"https:\/\/demoweb.info\/sexshop001\/wp-json\/wp\/v2\/media\/33502"}],"wp:attachment":[{"href":"https:\/\/demoweb.info\/sexshop001\/wp-json\/wp\/v2\/media?parent=33501"}],"wp:term":[{"taxonomy":"product_cat","embeddable":true,"href":"https:\/\/demoweb.info\/sexshop001\/wp-json\/wp\/v2\/product_cat?post=33501"},{"taxonomy":"product_tag","embeddable":true,"href":"https:\/\/demoweb.info\/sexshop001\/wp-json\/wp\/v2\/product_tag?post=33501"}],"curies":[{"name":"wp","href":"https:\/\/api.w.org\/{rel}","templated":true}]}}