{"id":33476,"date":"2022-01-22T13:11:16","date_gmt":"2022-01-22T12:11:16","guid":{"rendered":"https:\/\/demoweb.info\/sexshop001\/producto\/lelo-ella-dildo-rosa-intenso\/"},"modified":"2022-01-22T13:11:16","modified_gmt":"2022-01-22T12:11:16","slug":"lelo-ella-dildo-rosa-intenso","status":"publish","type":"product","link":"https:\/\/demoweb.info\/sexshop001\/producto\/lelo-ella-dildo-rosa-intenso\/","title":{"rendered":"LELO ELLA DILDO ROSA INTENSO"},"content":{"rendered":"<p><strong>LELO ELLA DILDO DEEP ROSE<\/strong><\/p>\n<p><strong>ELLA<\/strong> es un objeto de placer de estilo cl\u00e1sico: basta con verlo para sentir c\u00f3mo se despiertan los m\u00e1s \u00edntimos anhelos.<\/p>\n<p>De tacto muy suave y completamente liso, sus fluidas formas est\u00e1n pensadas para explorar, en soledad o en compa\u00f1\u00eda, las m\u00e1s secretas y audaces fantas\u00edas. <strong>ELLA<\/strong> constituye una sugerente alternativa a los objetos vibradores, y sus dos extremos est\u00e1n dise\u00f1ados espec\u00edficamente para objetivos diferentes: una mayor estimulaci\u00f3n del punto G o una forma de actuar m\u00e1s tradicional y penetrante.<\/p>\n<p>Con s\u00f3lo tomar <strong>ELLA<\/strong> entre tus manos, sentir\u00e1s un control total sobre el mundo de dicha que se abre ante ti. No importa si acabas de descubrir los placeres de <strong>LELO<\/strong> o si llevas a\u00f1os disfrutando de nuestros objetos: <strong>ELLA<\/strong> te ofrecer\u00e1 tantas sensaciones como seas capaz de imaginar.<\/p>\n<p>Como ocurre con todos los objetos de placer <strong>LELO<\/strong>, <strong>ELLA<\/strong> est\u00e1 dise\u00f1ado para proporcionar un intenso gozo f\u00edsico y una absoluta paz espiritual en cualquier situaci\u00f3n y bajo cualquier circunstancia.<\/p>\n<p>Fabricado con silicona aprobada por la FDA y libre de ftalato, <strong>ELLA<\/strong> se presenta en una elegante caja de regalo que contiene una lujosa bolsita de sat\u00e9n para guardarlo, adem\u00e1s del manual de usuario y la garant\u00eda completa <strong>LELO<\/strong> de 1 a\u00f1o.<\/p>\n<p>Medidas : 195 x 50 x 30 mm.<\/p>\n","protected":false},"excerpt":{"rendered":"<p>LELO ELLA DILDO DEEP ROSE ELLA es un objeto de placer de estilo cl\u00e1sico: basta con verlo para sentir c\u00f3mo<\/p>\n","protected":false},"featured_media":33477,"comment_status":"open","ping_status":"open","template":"","meta":[],"product_cat":[639],"product_tag":[406],"class_list":["post-33476","product","type-product","status-publish","has-post-thumbnail","hentry","product_cat-punto-g","product_tag-lelo"],"bundled_by":[],"bundle_stock_status":"instock","bundle_stock_quantity":3,"bundle_virtual":false,"bundle_layout":"","bundle_add_to_cart_form_location":"","bundle_editable_in_cart":false,"bundle_sold_individually_context":"","bundle_item_grouping":"","bundle_min_size":"","bundle_max_size":"","bundled_items":[],"yoast_head":"<!-- This site is optimized with the Yoast SEO plugin v20.6 - https:\/\/yoast.com\/wordpress\/plugins\/seo\/ -->\n<title>LELO ELLA DILDO ROSA INTENSO - Tienda Er\u00f3tica<\/title>\n<meta name=\"robots\" content=\"noindex, follow, max-snippet:-1, max-image-preview:large, max-video-preview:-1\" \/>\n<meta property=\"og:locale\" content=\"es_ES\" \/>\n<meta property=\"og:type\" content=\"article\" \/>\n<meta property=\"og:title\" content=\"LELO ELLA DILDO ROSA INTENSO - Tienda Er\u00f3tica\" \/>\n<meta property=\"og:description\" content=\"LELO ELLA DILDO DEEP ROSE ELLA es un objeto de placer de estilo cl\u00e1sico: basta con verlo para sentir c\u00f3mo\" \/>\n<meta property=\"og:url\" content=\"https:\/\/demoweb.info\/sexshop001\/producto\/lelo-ella-dildo-rosa-intenso\/\" \/>\n<meta property=\"og:site_name\" content=\"Tienda Er\u00f3tica\" \/>\n<meta property=\"og:image\" content=\"https:\/\/demoweb.info\/sexshop001\/wp-content\/uploads\/2022\/01\/LELO-ELLA-DILDO-ROSA-INTENSO.jpg\" \/>\n\t<meta property=\"og:image:width\" content=\"500\" \/>\n\t<meta property=\"og:image:height\" content=\"500\" \/>\n\t<meta property=\"og:image:type\" content=\"image\/jpeg\" \/>\n<meta name=\"twitter:card\" content=\"summary_large_image\" \/>\n<meta name=\"twitter:label1\" content=\"Tiempo de lectura\" \/>\n\t<meta name=\"twitter:data1\" content=\"1 minuto\" \/>\n<script type=\"application\/ld+json\" class=\"yoast-schema-graph\">{\"@context\":\"https:\/\/schema.org\",\"@graph\":[{\"@type\":\"WebPage\",\"@id\":\"https:\/\/demoweb.info\/sexshop001\/producto\/lelo-ella-dildo-rosa-intenso\/\",\"url\":\"https:\/\/demoweb.info\/sexshop001\/producto\/lelo-ella-dildo-rosa-intenso\/\",\"name\":\"LELO ELLA DILDO ROSA INTENSO - Tienda Er\u00f3tica\",\"isPartOf\":{\"@id\":\"https:\/\/demoweb.info\/sexshop001\/#website\"},\"datePublished\":\"2022-01-22T12:11:16+00:00\",\"dateModified\":\"2022-01-22T12:11:16+00:00\",\"breadcrumb\":{\"@id\":\"https:\/\/demoweb.info\/sexshop001\/producto\/lelo-ella-dildo-rosa-intenso\/#breadcrumb\"},\"inLanguage\":\"es\",\"potentialAction\":[{\"@type\":\"ReadAction\",\"target\":[\"https:\/\/demoweb.info\/sexshop001\/producto\/lelo-ella-dildo-rosa-intenso\/\"]}]},{\"@type\":\"BreadcrumbList\",\"@id\":\"https:\/\/demoweb.info\/sexshop001\/producto\/lelo-ella-dildo-rosa-intenso\/#breadcrumb\",\"itemListElement\":[{\"@type\":\"ListItem\",\"position\":1,\"name\":\"Portada\",\"item\":\"https:\/\/demoweb.info\/sexshop001\/\"},{\"@type\":\"ListItem\",\"position\":2,\"name\":\"Tienda\",\"item\":\"https:\/\/demoweb.info\/sexshop001\/tienda\/\"},{\"@type\":\"ListItem\",\"position\":3,\"name\":\"LELO ELLA DILDO ROSA INTENSO\"}]},{\"@type\":\"WebSite\",\"@id\":\"https:\/\/demoweb.info\/sexshop001\/#website\",\"url\":\"https:\/\/demoweb.info\/sexshop001\/\",\"name\":\"Tienda Er\u00f3tica\",\"description\":\"DEMOWEB SL\",\"potentialAction\":[{\"@type\":\"SearchAction\",\"target\":{\"@type\":\"EntryPoint\",\"urlTemplate\":\"https:\/\/demoweb.info\/sexshop001\/?s={search_term_string}\"},\"query-input\":\"required name=search_term_string\"}],\"inLanguage\":\"es\"}]}<\/script>\n<!-- \/ Yoast SEO plugin. -->","yoast_head_json":{"title":"LELO ELLA DILDO ROSA INTENSO - Tienda Er\u00f3tica","robots":{"index":"noindex","follow":"follow","max-snippet":"max-snippet:-1","max-image-preview":"max-image-preview:large","max-video-preview":"max-video-preview:-1"},"og_locale":"es_ES","og_type":"article","og_title":"LELO ELLA DILDO ROSA INTENSO - Tienda Er\u00f3tica","og_description":"LELO ELLA DILDO DEEP ROSE ELLA es un objeto de placer de estilo cl\u00e1sico: basta con verlo para sentir c\u00f3mo","og_url":"https:\/\/demoweb.info\/sexshop001\/producto\/lelo-ella-dildo-rosa-intenso\/","og_site_name":"Tienda Er\u00f3tica","og_image":[{"width":500,"height":500,"url":"https:\/\/demoweb.info\/sexshop001\/wp-content\/uploads\/2022\/01\/LELO-ELLA-DILDO-ROSA-INTENSO.jpg","type":"image\/jpeg"}],"twitter_card":"summary_large_image","twitter_misc":{"Tiempo de lectura":"1 minuto"},"schema":{"@context":"https:\/\/schema.org","@graph":[{"@type":"WebPage","@id":"https:\/\/demoweb.info\/sexshop001\/producto\/lelo-ella-dildo-rosa-intenso\/","url":"https:\/\/demoweb.info\/sexshop001\/producto\/lelo-ella-dildo-rosa-intenso\/","name":"LELO ELLA DILDO ROSA INTENSO - Tienda Er\u00f3tica","isPartOf":{"@id":"https:\/\/demoweb.info\/sexshop001\/#website"},"datePublished":"2022-01-22T12:11:16+00:00","dateModified":"2022-01-22T12:11:16+00:00","breadcrumb":{"@id":"https:\/\/demoweb.info\/sexshop001\/producto\/lelo-ella-dildo-rosa-intenso\/#breadcrumb"},"inLanguage":"es","potentialAction":[{"@type":"ReadAction","target":["https:\/\/demoweb.info\/sexshop001\/producto\/lelo-ella-dildo-rosa-intenso\/"]}]},{"@type":"BreadcrumbList","@id":"https:\/\/demoweb.info\/sexshop001\/producto\/lelo-ella-dildo-rosa-intenso\/#breadcrumb","itemListElement":[{"@type":"ListItem","position":1,"name":"Portada","item":"https:\/\/demoweb.info\/sexshop001\/"},{"@type":"ListItem","position":2,"name":"Tienda","item":"https:\/\/demoweb.info\/sexshop001\/tienda\/"},{"@type":"ListItem","position":3,"name":"LELO ELLA DILDO ROSA INTENSO"}]},{"@type":"WebSite","@id":"https:\/\/demoweb.info\/sexshop001\/#website","url":"https:\/\/demoweb.info\/sexshop001\/","name":"Tienda Er\u00f3tica","description":"DEMOWEB SL","potentialAction":[{"@type":"SearchAction","target":{"@type":"EntryPoint","urlTemplate":"https:\/\/demoweb.info\/sexshop001\/?s={search_term_string}"},"query-input":"required name=search_term_string"}],"inLanguage":"es"}]}},"_links":{"self":[{"href":"https:\/\/demoweb.info\/sexshop001\/wp-json\/wp\/v3\/product\/33476","targetHints":{"allow":["GET"]}}],"collection":[{"href":"https:\/\/demoweb.info\/sexshop001\/wp-json\/wp\/v3\/product"}],"about":[{"href":"https:\/\/demoweb.info\/sexshop001\/wp-json\/wp\/v2\/types\/product"}],"replies":[{"embeddable":true,"href":"https:\/\/demoweb.info\/sexshop001\/wp-json\/wp\/v2\/comments?post=33476"}],"wp:featuredmedia":[{"embeddable":true,"href":"https:\/\/demoweb.info\/sexshop001\/wp-json\/wp\/v2\/media\/33477"}],"wp:attachment":[{"href":"https:\/\/demoweb.info\/sexshop001\/wp-json\/wp\/v2\/media?parent=33476"}],"wp:term":[{"taxonomy":"product_cat","embeddable":true,"href":"https:\/\/demoweb.info\/sexshop001\/wp-json\/wp\/v2\/product_cat?post=33476"},{"taxonomy":"product_tag","embeddable":true,"href":"https:\/\/demoweb.info\/sexshop001\/wp-json\/wp\/v2\/product_tag?post=33476"}],"curies":[{"name":"wp","href":"https:\/\/api.w.org\/{rel}","templated":true}]}}