{"id":33465,"date":"2022-01-22T13:11:00","date_gmt":"2022-01-22T12:11:00","guid":{"rendered":"https:\/\/demoweb.info\/sexshop001\/producto\/lelo-smart-wand-2-masajeador-mediano-morado\/"},"modified":"2022-01-22T13:11:10","modified_gmt":"2022-01-22T12:11:10","slug":"lelo-smart-wand-2-masajeador-mediano-morado","status":"publish","type":"product","link":"https:\/\/demoweb.info\/sexshop001\/producto\/lelo-smart-wand-2-masajeador-mediano-morado\/","title":{"rendered":"LELO &#8211; SMART WAND 2 MASAJEADOR MEDIANO &#8211; MORADO"},"content":{"rendered":"<p><strong>LELO &#8211; SMART WAND 2 MASSAGER MEDIUM<\/strong><\/p>\n<p>Experimente una relajaci\u00f3n sin igual mientras disfruta del masajeador de cuerpo completo m\u00e1s lujoso del mundo. Si bien el poder concentrado de 10 patrones de masaje diferentes alivia el dolor muscular y alivia el estr\u00e9s, un mango m\u00e1s estable e incluso una carga m\u00e1s duradera significa que puede disfrutar de horas y horas de placer.<\/p>\n<p>C\u00d3MO UTILIZARLO<br \/>\n&#8211; Aseg\u00farese de que Smart Wand 2 est\u00e9 desbloqueado manteniendo presionados los botones + y &#8211; simult\u00e1neamente durante 3 segundos hasta que se encienda la luz.<br \/>\n&#8211; Presione el bot\u00f3n + para encender; presione nuevamente para aumentar la fuerza de vibraci\u00f3n<br \/>\n&#8211; Presione el bot\u00f3n () para cambiar entre los 10 patrones de vibraci\u00f3n.<br \/>\n&#8211; Presione el bot\u00f3n &#8211; para reducir la fuerza de vibraci\u00f3n.<br \/>\n&#8211; Mantenga presionado el bot\u00f3n () para apagar o.<\/p>\n<p>DATOS T\u00c9CNICOSMaterial: silicona, PC, ABS<br \/>\nDimensiones: 210 x 85 x 45 mm.<br \/>\nPeso: 155 g.<br \/>\nBater\u00eda: Li-Ion 520m Ah<br \/>\nCarga: 2h a 500mA<br \/>\nTiempo de usuario: hasta 2 horas<br \/>\nEn espera: 90 d\u00edas<br \/>\nFrecuencia: 80Hz<br \/>\nInterfaz: 3 botones<\/p>\n<p><strong>CARACTER\u00cdSTICAS<\/strong><br \/>\nBENEFICIOS DE CARGA EXTRA LARGA DURACI\u00d3N<br \/>\nMayor duraci\u00f3n de la bater\u00eda y 10 configuraciones de vibraci\u00f3n para disfrutar durante horas y horas de placer.<\/p>\n<p>UN DISE\u00d1O ELEGANTE CON INCRE\u00cdBLE PODER<br \/>\nPotencia concentrada y constante con un mango m\u00e1s estable para una relajaci\u00f3n sin fin.<\/p>\n<p>SILICONA EXTRA SUAVE<br \/>\nSilicona premium ultra suave que es extra suave al tacto.<\/p>\n<p>TOTALMENTE IMPERMEABLE Y USB RECARGABLE<br \/>\nDise\u00f1o 100% resistente al agua y cable de carga USB para disfrutar en cualquier momento y en cualquier lugar.<\/p>\n","protected":false},"excerpt":{"rendered":"<p>LELO &#8211; SMART WAND 2 MASSAGER MEDIUM Experimente una relajaci\u00f3n sin igual mientras disfruta del masajeador de cuerpo completo m\u00e1s<\/p>\n","protected":false},"featured_media":33466,"comment_status":"open","ping_status":"open","template":"","meta":[],"product_cat":[820],"product_tag":[406],"class_list":["post-33465","product","type-product","status-publish","has-post-thumbnail","hentry","product_cat-masajeadores","product_tag-lelo"],"bundled_by":[],"bundle_stock_status":"instock","bundle_stock_quantity":1,"bundle_virtual":false,"bundle_layout":"","bundle_add_to_cart_form_location":"","bundle_editable_in_cart":false,"bundle_sold_individually_context":"","bundle_item_grouping":"","bundle_min_size":"","bundle_max_size":"","bundled_items":[],"yoast_head":"<!-- This site is optimized with the Yoast SEO plugin v20.6 - https:\/\/yoast.com\/wordpress\/plugins\/seo\/ -->\n<title>LELO - SMART WAND 2 MASAJEADOR MEDIANO - MORADO - Tienda Er\u00f3tica<\/title>\n<meta name=\"robots\" content=\"noindex, follow, max-snippet:-1, max-image-preview:large, max-video-preview:-1\" \/>\n<meta property=\"og:locale\" content=\"es_ES\" \/>\n<meta property=\"og:type\" content=\"article\" \/>\n<meta property=\"og:title\" content=\"LELO - SMART WAND 2 MASAJEADOR MEDIANO - MORADO - Tienda Er\u00f3tica\" \/>\n<meta property=\"og:description\" content=\"LELO &#8211; SMART WAND 2 MASSAGER MEDIUM Experimente una relajaci\u00f3n sin igual mientras disfruta del masajeador de cuerpo completo m\u00e1s\" \/>\n<meta property=\"og:url\" content=\"https:\/\/demoweb.info\/sexshop001\/producto\/lelo-smart-wand-2-masajeador-mediano-morado\/\" \/>\n<meta property=\"og:site_name\" content=\"Tienda Er\u00f3tica\" \/>\n<meta property=\"article:modified_time\" content=\"2022-01-22T12:11:10+00:00\" \/>\n<meta property=\"og:image\" content=\"https:\/\/demoweb.info\/sexshop001\/wp-content\/uploads\/2022\/01\/LELO-SMART-WAND-2-MASAJEADOR-MEDIANO-MORADO.jpg\" \/>\n\t<meta property=\"og:image:width\" content=\"550\" \/>\n\t<meta property=\"og:image:height\" content=\"550\" \/>\n\t<meta property=\"og:image:type\" content=\"image\/jpeg\" \/>\n<meta name=\"twitter:card\" content=\"summary_large_image\" \/>\n<meta name=\"twitter:label1\" content=\"Tiempo de lectura\" \/>\n\t<meta name=\"twitter:data1\" content=\"1 minuto\" \/>\n<script type=\"application\/ld+json\" class=\"yoast-schema-graph\">{\"@context\":\"https:\/\/schema.org\",\"@graph\":[{\"@type\":\"WebPage\",\"@id\":\"https:\/\/demoweb.info\/sexshop001\/producto\/lelo-smart-wand-2-masajeador-mediano-morado\/\",\"url\":\"https:\/\/demoweb.info\/sexshop001\/producto\/lelo-smart-wand-2-masajeador-mediano-morado\/\",\"name\":\"LELO - SMART WAND 2 MASAJEADOR MEDIANO - MORADO - Tienda Er\u00f3tica\",\"isPartOf\":{\"@id\":\"https:\/\/demoweb.info\/sexshop001\/#website\"},\"datePublished\":\"2022-01-22T12:11:00+00:00\",\"dateModified\":\"2022-01-22T12:11:10+00:00\",\"breadcrumb\":{\"@id\":\"https:\/\/demoweb.info\/sexshop001\/producto\/lelo-smart-wand-2-masajeador-mediano-morado\/#breadcrumb\"},\"inLanguage\":\"es\",\"potentialAction\":[{\"@type\":\"ReadAction\",\"target\":[\"https:\/\/demoweb.info\/sexshop001\/producto\/lelo-smart-wand-2-masajeador-mediano-morado\/\"]}]},{\"@type\":\"BreadcrumbList\",\"@id\":\"https:\/\/demoweb.info\/sexshop001\/producto\/lelo-smart-wand-2-masajeador-mediano-morado\/#breadcrumb\",\"itemListElement\":[{\"@type\":\"ListItem\",\"position\":1,\"name\":\"Portada\",\"item\":\"https:\/\/demoweb.info\/sexshop001\/\"},{\"@type\":\"ListItem\",\"position\":2,\"name\":\"Tienda\",\"item\":\"https:\/\/demoweb.info\/sexshop001\/tienda\/\"},{\"@type\":\"ListItem\",\"position\":3,\"name\":\"LELO &#8211; SMART WAND 2 MASAJEADOR MEDIANO &#8211; MORADO\"}]},{\"@type\":\"WebSite\",\"@id\":\"https:\/\/demoweb.info\/sexshop001\/#website\",\"url\":\"https:\/\/demoweb.info\/sexshop001\/\",\"name\":\"Tienda Er\u00f3tica\",\"description\":\"DEMOWEB SL\",\"potentialAction\":[{\"@type\":\"SearchAction\",\"target\":{\"@type\":\"EntryPoint\",\"urlTemplate\":\"https:\/\/demoweb.info\/sexshop001\/?s={search_term_string}\"},\"query-input\":\"required name=search_term_string\"}],\"inLanguage\":\"es\"}]}<\/script>\n<!-- \/ Yoast SEO plugin. -->","yoast_head_json":{"title":"LELO - SMART WAND 2 MASAJEADOR MEDIANO - MORADO - Tienda Er\u00f3tica","robots":{"index":"noindex","follow":"follow","max-snippet":"max-snippet:-1","max-image-preview":"max-image-preview:large","max-video-preview":"max-video-preview:-1"},"og_locale":"es_ES","og_type":"article","og_title":"LELO - SMART WAND 2 MASAJEADOR MEDIANO - MORADO - Tienda Er\u00f3tica","og_description":"LELO &#8211; SMART WAND 2 MASSAGER MEDIUM Experimente una relajaci\u00f3n sin igual mientras disfruta del masajeador de cuerpo completo m\u00e1s","og_url":"https:\/\/demoweb.info\/sexshop001\/producto\/lelo-smart-wand-2-masajeador-mediano-morado\/","og_site_name":"Tienda Er\u00f3tica","article_modified_time":"2022-01-22T12:11:10+00:00","og_image":[{"width":550,"height":550,"url":"https:\/\/demoweb.info\/sexshop001\/wp-content\/uploads\/2022\/01\/LELO-SMART-WAND-2-MASAJEADOR-MEDIANO-MORADO.jpg","type":"image\/jpeg"}],"twitter_card":"summary_large_image","twitter_misc":{"Tiempo de lectura":"1 minuto"},"schema":{"@context":"https:\/\/schema.org","@graph":[{"@type":"WebPage","@id":"https:\/\/demoweb.info\/sexshop001\/producto\/lelo-smart-wand-2-masajeador-mediano-morado\/","url":"https:\/\/demoweb.info\/sexshop001\/producto\/lelo-smart-wand-2-masajeador-mediano-morado\/","name":"LELO - SMART WAND 2 MASAJEADOR MEDIANO - MORADO - Tienda Er\u00f3tica","isPartOf":{"@id":"https:\/\/demoweb.info\/sexshop001\/#website"},"datePublished":"2022-01-22T12:11:00+00:00","dateModified":"2022-01-22T12:11:10+00:00","breadcrumb":{"@id":"https:\/\/demoweb.info\/sexshop001\/producto\/lelo-smart-wand-2-masajeador-mediano-morado\/#breadcrumb"},"inLanguage":"es","potentialAction":[{"@type":"ReadAction","target":["https:\/\/demoweb.info\/sexshop001\/producto\/lelo-smart-wand-2-masajeador-mediano-morado\/"]}]},{"@type":"BreadcrumbList","@id":"https:\/\/demoweb.info\/sexshop001\/producto\/lelo-smart-wand-2-masajeador-mediano-morado\/#breadcrumb","itemListElement":[{"@type":"ListItem","position":1,"name":"Portada","item":"https:\/\/demoweb.info\/sexshop001\/"},{"@type":"ListItem","position":2,"name":"Tienda","item":"https:\/\/demoweb.info\/sexshop001\/tienda\/"},{"@type":"ListItem","position":3,"name":"LELO &#8211; SMART WAND 2 MASAJEADOR MEDIANO &#8211; MORADO"}]},{"@type":"WebSite","@id":"https:\/\/demoweb.info\/sexshop001\/#website","url":"https:\/\/demoweb.info\/sexshop001\/","name":"Tienda Er\u00f3tica","description":"DEMOWEB SL","potentialAction":[{"@type":"SearchAction","target":{"@type":"EntryPoint","urlTemplate":"https:\/\/demoweb.info\/sexshop001\/?s={search_term_string}"},"query-input":"required name=search_term_string"}],"inLanguage":"es"}]}},"_links":{"self":[{"href":"https:\/\/demoweb.info\/sexshop001\/wp-json\/wp\/v3\/product\/33465","targetHints":{"allow":["GET"]}}],"collection":[{"href":"https:\/\/demoweb.info\/sexshop001\/wp-json\/wp\/v3\/product"}],"about":[{"href":"https:\/\/demoweb.info\/sexshop001\/wp-json\/wp\/v2\/types\/product"}],"replies":[{"embeddable":true,"href":"https:\/\/demoweb.info\/sexshop001\/wp-json\/wp\/v2\/comments?post=33465"}],"wp:featuredmedia":[{"embeddable":true,"href":"https:\/\/demoweb.info\/sexshop001\/wp-json\/wp\/v2\/media\/33466"}],"wp:attachment":[{"href":"https:\/\/demoweb.info\/sexshop001\/wp-json\/wp\/v2\/media?parent=33465"}],"wp:term":[{"taxonomy":"product_cat","embeddable":true,"href":"https:\/\/demoweb.info\/sexshop001\/wp-json\/wp\/v2\/product_cat?post=33465"},{"taxonomy":"product_tag","embeddable":true,"href":"https:\/\/demoweb.info\/sexshop001\/wp-json\/wp\/v2\/product_tag?post=33465"}],"curies":[{"name":"wp","href":"https:\/\/api.w.org\/{rel}","templated":true}]}}