{"id":33455,"date":"2022-01-22T13:11:00","date_gmt":"2022-01-22T12:11:00","guid":{"rendered":"https:\/\/demoweb.info\/sexshop001\/producto\/juego-sensual-y-sexual\/"},"modified":"2022-01-22T13:11:05","modified_gmt":"2022-01-22T12:11:05","slug":"juego-sensual-y-sexual","status":"publish","type":"product","link":"https:\/\/demoweb.info\/sexshop001\/producto\/juego-sensual-y-sexual\/","title":{"rendered":"JUEGO SENSUAL Y SEXUAL"},"content":{"rendered":"<p><strong>SENSUAL AND SEXUAL PLAY<\/strong><\/p>\n<p>Despertar\u00e1s los sentidos m\u00e1s \u00edntimos.<\/p>\n<p>Sin complicaciones y de las forma m\u00e1s sencilla podr\u00e1s jugar con <strong>Sensual &#038; Sensual Play<\/strong>. Un juego ameno.<\/p>\n<p>Con este juego tratamos de despertar los sentidos m\u00e1s \u00edntimos de cada jugador. El entretenimiento te llevar\u00e1 a un entorno altamente sensual donde los sentidos m\u00e1s escondidos brotar\u00e1n a flor de piel, no ser\u00e1 una excusa la falta de la libido o decir que el estr\u00e9s es el causante de tu inapetencia sexual, probablemente lo sean, pero con <strong>Sensual &#038; Sensual Play<\/strong> esos s\u00edntomas desaparecen. Sus contradicciones son las m\u00e1s apetecibles para la ocasi\u00f3n, sensibles para el momento, sensuales, morbosos, p\u00edcaros&#8230; Os implica lo suficiente para que conozc\u00e1is mejor vuestros cuerpos y valoraros m\u00e1s positiva y profundadamente, sin verg\u00fcenzas, sin tab\u00faes, sin tapujos de ning\u00fan tipo. Si lo llev\u00e1is a un buen t\u00e9rmino, solo conseguir\u00e9is una mejor relaci\u00f3n sexual y de pareja.<\/p>\n<p><strong>Sensual &#038; Sensual Play <\/strong>contiene varios juguetes que en alg\u00fan momento podr\u00e9is utilizar, os aconsejamos utilizarlos todos, y que cumpl\u00e1is las pruebas al pie de la letra<\/p>\n<p><strong>\u00a1Saldr\u00e9is ganando!<\/strong><\/p>\n<p><strong>CONTENIDO DEL JUEGO<\/strong>:<\/p>\n<p>&#8211; Dos dados num\u00e9ricos.<br \/>\n&#8211; Dos fichas.<br \/>\n&#8211; Una pluma.<br \/>\n&#8211; Un antifaz.<br \/>\n&#8211; Unas esposas.<br \/>\n&#8211; Un dado de posturas.<br \/>\n&#8211; Un vibrador.<br \/>\n&#8211; Unas bolas chinas anales.<br \/>\n&#8211; Un l\u00e1tigo.<br \/>\n&#8211; Una pintura para el cuerpo comestible.<\/p>\n<p>Aconsejamos un ambiente sensual, luz tenue, velas arom\u00e1ticas y m\u00fasica acorde con el momento. deber\u00e1n estar vestidos y calzados, ya sea en pijama, ropa cotidiana o con ropa ligera de verano. Necesit\u00e1is tener preparado, fresas, pl\u00e1tanos, bebida para chupitos y cava, chuches y algunos comestibles a su agrado. tendr\u00e9is preparada otra vestimenta sin que tu pareja la vea, no necesariamente tiene que ser a estrenar, a ser posible muy sexy o en su caso algo gracioso.<\/p>\n<p>No son rigurosas las bebidas alcoh\u00f3licas se pueden suplantar por refrescos, bebidas y licores sin alcohol.<\/p>\n","protected":false},"excerpt":{"rendered":"<p>SENSUAL AND SEXUAL PLAY Despertar\u00e1s los sentidos m\u00e1s \u00edntimos. Sin complicaciones y de las forma m\u00e1s sencilla podr\u00e1s jugar con<\/p>\n","protected":false},"featured_media":33456,"comment_status":"open","ping_status":"open","template":"","meta":[],"product_cat":[367],"product_tag":[412],"class_list":["post-33455","product","type-product","status-publish","has-post-thumbnail","hentry","product_cat-juegos-pareja","product_tag-diverty-sex"],"bundled_by":[],"bundle_stock_status":"instock","bundle_stock_quantity":3,"bundle_virtual":false,"bundle_layout":"","bundle_add_to_cart_form_location":"","bundle_editable_in_cart":false,"bundle_sold_individually_context":"","bundle_item_grouping":"","bundle_min_size":"","bundle_max_size":"","bundled_items":[],"yoast_head":"<!-- This site is optimized with the Yoast SEO plugin v20.6 - https:\/\/yoast.com\/wordpress\/plugins\/seo\/ -->\n<title>JUEGO SENSUAL Y SEXUAL - Tienda Er\u00f3tica<\/title>\n<meta name=\"robots\" content=\"noindex, follow, max-snippet:-1, max-image-preview:large, max-video-preview:-1\" \/>\n<meta property=\"og:locale\" content=\"es_ES\" \/>\n<meta property=\"og:type\" content=\"article\" \/>\n<meta property=\"og:title\" content=\"JUEGO SENSUAL Y SEXUAL - Tienda Er\u00f3tica\" \/>\n<meta property=\"og:description\" content=\"SENSUAL AND SEXUAL PLAY Despertar\u00e1s los sentidos m\u00e1s \u00edntimos. Sin complicaciones y de las forma m\u00e1s sencilla podr\u00e1s jugar con\" \/>\n<meta property=\"og:url\" content=\"https:\/\/demoweb.info\/sexshop001\/producto\/juego-sensual-y-sexual\/\" \/>\n<meta property=\"og:site_name\" content=\"Tienda Er\u00f3tica\" \/>\n<meta property=\"article:modified_time\" content=\"2022-01-22T12:11:05+00:00\" \/>\n<meta property=\"og:image\" content=\"https:\/\/demoweb.info\/sexshop001\/wp-content\/uploads\/2022\/01\/JUEGO-SENSUAL-Y-SEXUAL.jpg\" \/>\n\t<meta property=\"og:image:width\" content=\"550\" \/>\n\t<meta property=\"og:image:height\" content=\"550\" \/>\n\t<meta property=\"og:image:type\" content=\"image\/jpeg\" \/>\n<meta name=\"twitter:card\" content=\"summary_large_image\" \/>\n<meta name=\"twitter:label1\" content=\"Tiempo de lectura\" \/>\n\t<meta name=\"twitter:data1\" content=\"2 minutos\" \/>\n<script type=\"application\/ld+json\" class=\"yoast-schema-graph\">{\"@context\":\"https:\/\/schema.org\",\"@graph\":[{\"@type\":\"WebPage\",\"@id\":\"https:\/\/demoweb.info\/sexshop001\/producto\/juego-sensual-y-sexual\/\",\"url\":\"https:\/\/demoweb.info\/sexshop001\/producto\/juego-sensual-y-sexual\/\",\"name\":\"JUEGO SENSUAL Y SEXUAL - Tienda Er\u00f3tica\",\"isPartOf\":{\"@id\":\"https:\/\/demoweb.info\/sexshop001\/#website\"},\"datePublished\":\"2022-01-22T12:11:00+00:00\",\"dateModified\":\"2022-01-22T12:11:05+00:00\",\"breadcrumb\":{\"@id\":\"https:\/\/demoweb.info\/sexshop001\/producto\/juego-sensual-y-sexual\/#breadcrumb\"},\"inLanguage\":\"es\",\"potentialAction\":[{\"@type\":\"ReadAction\",\"target\":[\"https:\/\/demoweb.info\/sexshop001\/producto\/juego-sensual-y-sexual\/\"]}]},{\"@type\":\"BreadcrumbList\",\"@id\":\"https:\/\/demoweb.info\/sexshop001\/producto\/juego-sensual-y-sexual\/#breadcrumb\",\"itemListElement\":[{\"@type\":\"ListItem\",\"position\":1,\"name\":\"Portada\",\"item\":\"https:\/\/demoweb.info\/sexshop001\/\"},{\"@type\":\"ListItem\",\"position\":2,\"name\":\"Tienda\",\"item\":\"https:\/\/demoweb.info\/sexshop001\/tienda\/\"},{\"@type\":\"ListItem\",\"position\":3,\"name\":\"JUEGO SENSUAL Y SEXUAL\"}]},{\"@type\":\"WebSite\",\"@id\":\"https:\/\/demoweb.info\/sexshop001\/#website\",\"url\":\"https:\/\/demoweb.info\/sexshop001\/\",\"name\":\"Tienda Er\u00f3tica\",\"description\":\"DEMOWEB SL\",\"potentialAction\":[{\"@type\":\"SearchAction\",\"target\":{\"@type\":\"EntryPoint\",\"urlTemplate\":\"https:\/\/demoweb.info\/sexshop001\/?s={search_term_string}\"},\"query-input\":\"required name=search_term_string\"}],\"inLanguage\":\"es\"}]}<\/script>\n<!-- \/ Yoast SEO plugin. -->","yoast_head_json":{"title":"JUEGO SENSUAL Y SEXUAL - Tienda Er\u00f3tica","robots":{"index":"noindex","follow":"follow","max-snippet":"max-snippet:-1","max-image-preview":"max-image-preview:large","max-video-preview":"max-video-preview:-1"},"og_locale":"es_ES","og_type":"article","og_title":"JUEGO SENSUAL Y SEXUAL - Tienda Er\u00f3tica","og_description":"SENSUAL AND SEXUAL PLAY Despertar\u00e1s los sentidos m\u00e1s \u00edntimos. Sin complicaciones y de las forma m\u00e1s sencilla podr\u00e1s jugar con","og_url":"https:\/\/demoweb.info\/sexshop001\/producto\/juego-sensual-y-sexual\/","og_site_name":"Tienda Er\u00f3tica","article_modified_time":"2022-01-22T12:11:05+00:00","og_image":[{"width":550,"height":550,"url":"https:\/\/demoweb.info\/sexshop001\/wp-content\/uploads\/2022\/01\/JUEGO-SENSUAL-Y-SEXUAL.jpg","type":"image\/jpeg"}],"twitter_card":"summary_large_image","twitter_misc":{"Tiempo de lectura":"2 minutos"},"schema":{"@context":"https:\/\/schema.org","@graph":[{"@type":"WebPage","@id":"https:\/\/demoweb.info\/sexshop001\/producto\/juego-sensual-y-sexual\/","url":"https:\/\/demoweb.info\/sexshop001\/producto\/juego-sensual-y-sexual\/","name":"JUEGO SENSUAL Y SEXUAL - Tienda Er\u00f3tica","isPartOf":{"@id":"https:\/\/demoweb.info\/sexshop001\/#website"},"datePublished":"2022-01-22T12:11:00+00:00","dateModified":"2022-01-22T12:11:05+00:00","breadcrumb":{"@id":"https:\/\/demoweb.info\/sexshop001\/producto\/juego-sensual-y-sexual\/#breadcrumb"},"inLanguage":"es","potentialAction":[{"@type":"ReadAction","target":["https:\/\/demoweb.info\/sexshop001\/producto\/juego-sensual-y-sexual\/"]}]},{"@type":"BreadcrumbList","@id":"https:\/\/demoweb.info\/sexshop001\/producto\/juego-sensual-y-sexual\/#breadcrumb","itemListElement":[{"@type":"ListItem","position":1,"name":"Portada","item":"https:\/\/demoweb.info\/sexshop001\/"},{"@type":"ListItem","position":2,"name":"Tienda","item":"https:\/\/demoweb.info\/sexshop001\/tienda\/"},{"@type":"ListItem","position":3,"name":"JUEGO SENSUAL Y SEXUAL"}]},{"@type":"WebSite","@id":"https:\/\/demoweb.info\/sexshop001\/#website","url":"https:\/\/demoweb.info\/sexshop001\/","name":"Tienda Er\u00f3tica","description":"DEMOWEB SL","potentialAction":[{"@type":"SearchAction","target":{"@type":"EntryPoint","urlTemplate":"https:\/\/demoweb.info\/sexshop001\/?s={search_term_string}"},"query-input":"required name=search_term_string"}],"inLanguage":"es"}]}},"_links":{"self":[{"href":"https:\/\/demoweb.info\/sexshop001\/wp-json\/wp\/v3\/product\/33455","targetHints":{"allow":["GET"]}}],"collection":[{"href":"https:\/\/demoweb.info\/sexshop001\/wp-json\/wp\/v3\/product"}],"about":[{"href":"https:\/\/demoweb.info\/sexshop001\/wp-json\/wp\/v2\/types\/product"}],"replies":[{"embeddable":true,"href":"https:\/\/demoweb.info\/sexshop001\/wp-json\/wp\/v2\/comments?post=33455"}],"wp:featuredmedia":[{"embeddable":true,"href":"https:\/\/demoweb.info\/sexshop001\/wp-json\/wp\/v2\/media\/33456"}],"wp:attachment":[{"href":"https:\/\/demoweb.info\/sexshop001\/wp-json\/wp\/v2\/media?parent=33455"}],"wp:term":[{"taxonomy":"product_cat","embeddable":true,"href":"https:\/\/demoweb.info\/sexshop001\/wp-json\/wp\/v2\/product_cat?post=33455"},{"taxonomy":"product_tag","embeddable":true,"href":"https:\/\/demoweb.info\/sexshop001\/wp-json\/wp\/v2\/product_tag?post=33455"}],"curies":[{"name":"wp","href":"https:\/\/api.w.org\/{rel}","templated":true}]}}