{"id":33428,"date":"2022-01-22T13:10:41","date_gmt":"2022-01-22T12:10:41","guid":{"rendered":"https:\/\/demoweb.info\/sexshop001\/producto\/shiatsu-gel-estimulante-cereza\/"},"modified":"2022-01-22T13:10:49","modified_gmt":"2022-01-22T12:10:49","slug":"shiatsu-gel-estimulante-cereza","status":"publish","type":"product","link":"https:\/\/demoweb.info\/sexshop001\/producto\/shiatsu-gel-estimulante-cereza\/","title":{"rendered":"SHIATSU GEL ESTIMULANTE CEREZA"},"content":{"rendered":"<p><strong>SHIATSU STIMULATION GEL CHERRY<\/strong> gel \u00edntimo con esencias excitantes, que pueden tener un efecto estimulante.<\/p>\n<p>Intensifica el placer tanto para t\u00ed como para tu pareja.<\/p>\n<p>Compatible con preservativos.<\/p>\n<p>Sabor: Cereza.<\/p>\n<p>Colecci\u00f3n <strong>SHIATSU The Garden of Love<\/strong>. Entre al jard\u00edn del placer y el amor. Con sus miles de tentaciones le invita a dejarse seducir, a disfrutar y jugar. Los variados cosm\u00e9ticos er\u00f3ticos de la serie <strong> SHIATSU <\/strong> seducen a los sentidos, sensibilizan el cuerpo y aumentan la disposici\u00f3n a las caricias y al contacto corporal. Experimente fragancias afrodis\u00edacas, aromas vivificantes, estimulantes perfumes y convi\u00e9rtase en el maestro de ceremonias de su viaje al jard\u00edn del amor.<\/p>\n<p>Envase de 30 ml.<\/p>\n","protected":false},"excerpt":{"rendered":"<p>SHIATSU STIMULATION GEL CHERRY gel \u00edntimo con esencias excitantes, que pueden tener un efecto estimulante. Intensifica el placer tanto para<\/p>\n","protected":false},"featured_media":33429,"comment_status":"open","ping_status":"open","template":"","meta":[],"product_cat":[361],"product_tag":[401,402],"class_list":["post-33428","product","type-product","status-publish","has-post-thumbnail","hentry","product_cat-geles-estimulantes","product_tag-hot","product_tag-shiatsu"],"bundled_by":[],"bundle_stock_status":"instock","bundle_stock_quantity":8,"bundle_virtual":false,"bundle_layout":"","bundle_add_to_cart_form_location":"","bundle_editable_in_cart":false,"bundle_sold_individually_context":"","bundle_item_grouping":"","bundle_min_size":"","bundle_max_size":"","bundled_items":[],"yoast_head":"<!-- This site is optimized with the Yoast SEO plugin v20.6 - https:\/\/yoast.com\/wordpress\/plugins\/seo\/ -->\n<title>SHIATSU GEL ESTIMULANTE CEREZA - Tienda Er\u00f3tica<\/title>\n<meta name=\"robots\" content=\"noindex, follow, max-snippet:-1, max-image-preview:large, max-video-preview:-1\" \/>\n<meta property=\"og:locale\" content=\"es_ES\" \/>\n<meta property=\"og:type\" content=\"article\" \/>\n<meta property=\"og:title\" content=\"SHIATSU GEL ESTIMULANTE CEREZA - Tienda Er\u00f3tica\" \/>\n<meta property=\"og:description\" content=\"SHIATSU STIMULATION GEL CHERRY gel \u00edntimo con esencias excitantes, que pueden tener un efecto estimulante. Intensifica el placer tanto para\" \/>\n<meta property=\"og:url\" content=\"https:\/\/demoweb.info\/sexshop001\/producto\/shiatsu-gel-estimulante-cereza\/\" \/>\n<meta property=\"og:site_name\" content=\"Tienda Er\u00f3tica\" \/>\n<meta property=\"article:modified_time\" content=\"2022-01-22T12:10:49+00:00\" \/>\n<meta property=\"og:image\" content=\"https:\/\/demoweb.info\/sexshop001\/wp-content\/uploads\/2022\/01\/SHIATSU-GEL-ESTIMULANTE-CEREZA.jpg\" \/>\n\t<meta property=\"og:image:width\" content=\"550\" \/>\n\t<meta property=\"og:image:height\" content=\"550\" \/>\n\t<meta property=\"og:image:type\" content=\"image\/jpeg\" \/>\n<meta name=\"twitter:card\" content=\"summary_large_image\" \/>\n<meta name=\"twitter:label1\" content=\"Tiempo de lectura\" \/>\n\t<meta name=\"twitter:data1\" content=\"1 minuto\" \/>\n<script type=\"application\/ld+json\" class=\"yoast-schema-graph\">{\"@context\":\"https:\/\/schema.org\",\"@graph\":[{\"@type\":\"WebPage\",\"@id\":\"https:\/\/demoweb.info\/sexshop001\/producto\/shiatsu-gel-estimulante-cereza\/\",\"url\":\"https:\/\/demoweb.info\/sexshop001\/producto\/shiatsu-gel-estimulante-cereza\/\",\"name\":\"SHIATSU GEL ESTIMULANTE CEREZA - Tienda Er\u00f3tica\",\"isPartOf\":{\"@id\":\"https:\/\/demoweb.info\/sexshop001\/#website\"},\"datePublished\":\"2022-01-22T12:10:41+00:00\",\"dateModified\":\"2022-01-22T12:10:49+00:00\",\"breadcrumb\":{\"@id\":\"https:\/\/demoweb.info\/sexshop001\/producto\/shiatsu-gel-estimulante-cereza\/#breadcrumb\"},\"inLanguage\":\"es\",\"potentialAction\":[{\"@type\":\"ReadAction\",\"target\":[\"https:\/\/demoweb.info\/sexshop001\/producto\/shiatsu-gel-estimulante-cereza\/\"]}]},{\"@type\":\"BreadcrumbList\",\"@id\":\"https:\/\/demoweb.info\/sexshop001\/producto\/shiatsu-gel-estimulante-cereza\/#breadcrumb\",\"itemListElement\":[{\"@type\":\"ListItem\",\"position\":1,\"name\":\"Portada\",\"item\":\"https:\/\/demoweb.info\/sexshop001\/\"},{\"@type\":\"ListItem\",\"position\":2,\"name\":\"Tienda\",\"item\":\"https:\/\/demoweb.info\/sexshop001\/tienda\/\"},{\"@type\":\"ListItem\",\"position\":3,\"name\":\"SHIATSU GEL ESTIMULANTE CEREZA\"}]},{\"@type\":\"WebSite\",\"@id\":\"https:\/\/demoweb.info\/sexshop001\/#website\",\"url\":\"https:\/\/demoweb.info\/sexshop001\/\",\"name\":\"Tienda Er\u00f3tica\",\"description\":\"DEMOWEB SL\",\"potentialAction\":[{\"@type\":\"SearchAction\",\"target\":{\"@type\":\"EntryPoint\",\"urlTemplate\":\"https:\/\/demoweb.info\/sexshop001\/?s={search_term_string}\"},\"query-input\":\"required name=search_term_string\"}],\"inLanguage\":\"es\"}]}<\/script>\n<!-- \/ Yoast SEO plugin. -->","yoast_head_json":{"title":"SHIATSU GEL ESTIMULANTE CEREZA - Tienda Er\u00f3tica","robots":{"index":"noindex","follow":"follow","max-snippet":"max-snippet:-1","max-image-preview":"max-image-preview:large","max-video-preview":"max-video-preview:-1"},"og_locale":"es_ES","og_type":"article","og_title":"SHIATSU GEL ESTIMULANTE CEREZA - Tienda Er\u00f3tica","og_description":"SHIATSU STIMULATION GEL CHERRY gel \u00edntimo con esencias excitantes, que pueden tener un efecto estimulante. Intensifica el placer tanto para","og_url":"https:\/\/demoweb.info\/sexshop001\/producto\/shiatsu-gel-estimulante-cereza\/","og_site_name":"Tienda Er\u00f3tica","article_modified_time":"2022-01-22T12:10:49+00:00","og_image":[{"width":550,"height":550,"url":"https:\/\/demoweb.info\/sexshop001\/wp-content\/uploads\/2022\/01\/SHIATSU-GEL-ESTIMULANTE-CEREZA.jpg","type":"image\/jpeg"}],"twitter_card":"summary_large_image","twitter_misc":{"Tiempo de lectura":"1 minuto"},"schema":{"@context":"https:\/\/schema.org","@graph":[{"@type":"WebPage","@id":"https:\/\/demoweb.info\/sexshop001\/producto\/shiatsu-gel-estimulante-cereza\/","url":"https:\/\/demoweb.info\/sexshop001\/producto\/shiatsu-gel-estimulante-cereza\/","name":"SHIATSU GEL ESTIMULANTE CEREZA - Tienda Er\u00f3tica","isPartOf":{"@id":"https:\/\/demoweb.info\/sexshop001\/#website"},"datePublished":"2022-01-22T12:10:41+00:00","dateModified":"2022-01-22T12:10:49+00:00","breadcrumb":{"@id":"https:\/\/demoweb.info\/sexshop001\/producto\/shiatsu-gel-estimulante-cereza\/#breadcrumb"},"inLanguage":"es","potentialAction":[{"@type":"ReadAction","target":["https:\/\/demoweb.info\/sexshop001\/producto\/shiatsu-gel-estimulante-cereza\/"]}]},{"@type":"BreadcrumbList","@id":"https:\/\/demoweb.info\/sexshop001\/producto\/shiatsu-gel-estimulante-cereza\/#breadcrumb","itemListElement":[{"@type":"ListItem","position":1,"name":"Portada","item":"https:\/\/demoweb.info\/sexshop001\/"},{"@type":"ListItem","position":2,"name":"Tienda","item":"https:\/\/demoweb.info\/sexshop001\/tienda\/"},{"@type":"ListItem","position":3,"name":"SHIATSU GEL ESTIMULANTE CEREZA"}]},{"@type":"WebSite","@id":"https:\/\/demoweb.info\/sexshop001\/#website","url":"https:\/\/demoweb.info\/sexshop001\/","name":"Tienda Er\u00f3tica","description":"DEMOWEB SL","potentialAction":[{"@type":"SearchAction","target":{"@type":"EntryPoint","urlTemplate":"https:\/\/demoweb.info\/sexshop001\/?s={search_term_string}"},"query-input":"required name=search_term_string"}],"inLanguage":"es"}]}},"_links":{"self":[{"href":"https:\/\/demoweb.info\/sexshop001\/wp-json\/wp\/v3\/product\/33428","targetHints":{"allow":["GET"]}}],"collection":[{"href":"https:\/\/demoweb.info\/sexshop001\/wp-json\/wp\/v3\/product"}],"about":[{"href":"https:\/\/demoweb.info\/sexshop001\/wp-json\/wp\/v2\/types\/product"}],"replies":[{"embeddable":true,"href":"https:\/\/demoweb.info\/sexshop001\/wp-json\/wp\/v2\/comments?post=33428"}],"wp:featuredmedia":[{"embeddable":true,"href":"https:\/\/demoweb.info\/sexshop001\/wp-json\/wp\/v2\/media\/33429"}],"wp:attachment":[{"href":"https:\/\/demoweb.info\/sexshop001\/wp-json\/wp\/v2\/media?parent=33428"}],"wp:term":[{"taxonomy":"product_cat","embeddable":true,"href":"https:\/\/demoweb.info\/sexshop001\/wp-json\/wp\/v2\/product_cat?post=33428"},{"taxonomy":"product_tag","embeddable":true,"href":"https:\/\/demoweb.info\/sexshop001\/wp-json\/wp\/v2\/product_tag?post=33428"}],"curies":[{"name":"wp","href":"https:\/\/api.w.org\/{rel}","templated":true}]}}