{"id":33404,"date":"2022-01-22T13:10:25","date_gmt":"2022-01-22T12:10:25","guid":{"rendered":"https:\/\/demoweb.info\/sexshop001\/producto\/extase-sensuel-cofre-intimo-para-ella\/"},"modified":"2022-01-22T13:10:33","modified_gmt":"2022-01-22T12:10:33","slug":"extase-sensuel-cofre-intimo-para-ella","status":"publish","type":"product","link":"https:\/\/demoweb.info\/sexshop001\/producto\/extase-sensuel-cofre-intimo-para-ella\/","title":{"rendered":"EXTASE SENSUEL COFRE INTIMO PARA ELLA"},"content":{"rendered":"<p><font size=&quot;1&quot;><b>EXTASE SENSUEL COFFRET INTIME ELLE<\/b> <\/p>\n<p>&#8230;Todo lo esencial para soltar tus instintos&#8230;<\/p>\n<p>Cofre con el siguiente contenido:<\/p>\n<p>&#8211; <b>Plaisir pour Elle<\/b>, airless de 30 ml., gel estimulante intenso para mujer.<br \/>\n&#8211; <b>Banda Antifaz<\/b> de Fantas\u00edas a Dos.<br \/>\n&#8211; <b>Gel lubricante de Fresa<\/b>, frasco de 35 ml.<br \/>\n&#8211; <b>P\u00e9talos perfumados de Rosa Extase<\/b>.<\/p>\n<p>El aroma que desprende cada cuerpo al hacer el amor es insuperable e inigualable, pues es la esencia de la persona que amamos.<\/p>\n<p>Por ende los<b> P\u00e9talos de Flores<\/b> ex\u00f3ticos Extase te ayudan a potencias esas<br \/>\nsensaciones. Esp\u00e1rcelos sobre el cuerpo de tu pareja o sobre la cama. Se<br \/>\npotenciar\u00e1 la qu\u00edmica entre vosotros, estimul\u00e1ndose el gusto por el olor del<br \/>\notro.<\/p>\n<p>La <b>Banda Antifaz<\/b> de Fantas\u00edas a Dos, permite adem\u00e1s liberar y concentrar el resto de los sentidos en las m\u00e1s profundas y secretas fantas\u00edas.<\/p>\n<p>Este seria un entorno perfecto para utilizar el <b>Gel Plaisir pour Elle<\/b>. Act\u00faa como un gel de masaje estimulante intenso, espec\u00edfico para el<br \/>\njard\u00edn secreto de la mujer. Todo ello le permitir\u00e1 gozar de momento sublimes e inolvidables.<\/p>\n<p>Incluso m\u00e1s, en caso de desear una m\u00e1s c\u00e1lida y placentera lubricaci\u00f3n, complemente y descubra las propiedades ultra-sedosas del gel de<br \/>\n<b>Masaje Lubricante <\/b>de fresa.<br \/>\n<\/font><\/p>\n","protected":false},"excerpt":{"rendered":"<p>EXTASE SENSUEL COFFRET INTIME ELLE &#8230;Todo lo esencial para soltar tus instintos&#8230; Cofre con el siguiente contenido: &#8211; Plaisir pour<\/p>\n","protected":false},"featured_media":33405,"comment_status":"open","ping_status":"open","template":"","meta":[],"product_cat":[684],"product_tag":[393],"class_list":["post-33404","product","type-product","status-publish","has-post-thumbnail","hentry","product_cat-san-valentin-regalos","product_tag-extase-sensuel"],"bundled_by":[],"bundle_stock_status":"instock","bundle_stock_quantity":8,"bundle_virtual":false,"bundle_layout":"","bundle_add_to_cart_form_location":"","bundle_editable_in_cart":false,"bundle_sold_individually_context":"","bundle_item_grouping":"","bundle_min_size":"","bundle_max_size":"","bundled_items":[],"yoast_head":"<!-- This site is optimized with the Yoast SEO plugin v20.6 - https:\/\/yoast.com\/wordpress\/plugins\/seo\/ -->\n<title>EXTASE SENSUEL COFRE INTIMO PARA ELLA - Tienda Er\u00f3tica<\/title>\n<meta name=\"robots\" content=\"noindex, follow, max-snippet:-1, max-image-preview:large, max-video-preview:-1\" \/>\n<meta property=\"og:locale\" content=\"es_ES\" \/>\n<meta property=\"og:type\" content=\"article\" \/>\n<meta property=\"og:title\" content=\"EXTASE SENSUEL COFRE INTIMO PARA ELLA - Tienda Er\u00f3tica\" \/>\n<meta property=\"og:description\" content=\"EXTASE SENSUEL COFFRET INTIME ELLE &#8230;Todo lo esencial para soltar tus instintos&#8230; Cofre con el siguiente contenido: &#8211; Plaisir pour\" \/>\n<meta property=\"og:url\" content=\"https:\/\/demoweb.info\/sexshop001\/producto\/extase-sensuel-cofre-intimo-para-ella\/\" \/>\n<meta property=\"og:site_name\" content=\"Tienda Er\u00f3tica\" \/>\n<meta property=\"article:modified_time\" content=\"2022-01-22T12:10:33+00:00\" \/>\n<meta property=\"og:image\" content=\"https:\/\/demoweb.info\/sexshop001\/wp-content\/uploads\/2022\/01\/EXTASE-SENSUEL-COFRE-INTIMO-PARA-ELLA.jpg\" \/>\n\t<meta property=\"og:image:width\" content=\"436\" \/>\n\t<meta property=\"og:image:height\" content=\"436\" \/>\n\t<meta property=\"og:image:type\" content=\"image\/jpeg\" \/>\n<meta name=\"twitter:card\" content=\"summary_large_image\" \/>\n<meta name=\"twitter:label1\" content=\"Tiempo de lectura\" \/>\n\t<meta name=\"twitter:data1\" content=\"1 minuto\" \/>\n<script type=\"application\/ld+json\" class=\"yoast-schema-graph\">{\"@context\":\"https:\/\/schema.org\",\"@graph\":[{\"@type\":\"WebPage\",\"@id\":\"https:\/\/demoweb.info\/sexshop001\/producto\/extase-sensuel-cofre-intimo-para-ella\/\",\"url\":\"https:\/\/demoweb.info\/sexshop001\/producto\/extase-sensuel-cofre-intimo-para-ella\/\",\"name\":\"EXTASE SENSUEL COFRE INTIMO PARA ELLA - Tienda Er\u00f3tica\",\"isPartOf\":{\"@id\":\"https:\/\/demoweb.info\/sexshop001\/#website\"},\"datePublished\":\"2022-01-22T12:10:25+00:00\",\"dateModified\":\"2022-01-22T12:10:33+00:00\",\"breadcrumb\":{\"@id\":\"https:\/\/demoweb.info\/sexshop001\/producto\/extase-sensuel-cofre-intimo-para-ella\/#breadcrumb\"},\"inLanguage\":\"es\",\"potentialAction\":[{\"@type\":\"ReadAction\",\"target\":[\"https:\/\/demoweb.info\/sexshop001\/producto\/extase-sensuel-cofre-intimo-para-ella\/\"]}]},{\"@type\":\"BreadcrumbList\",\"@id\":\"https:\/\/demoweb.info\/sexshop001\/producto\/extase-sensuel-cofre-intimo-para-ella\/#breadcrumb\",\"itemListElement\":[{\"@type\":\"ListItem\",\"position\":1,\"name\":\"Portada\",\"item\":\"https:\/\/demoweb.info\/sexshop001\/\"},{\"@type\":\"ListItem\",\"position\":2,\"name\":\"Tienda\",\"item\":\"https:\/\/demoweb.info\/sexshop001\/tienda\/\"},{\"@type\":\"ListItem\",\"position\":3,\"name\":\"EXTASE SENSUEL COFRE INTIMO PARA ELLA\"}]},{\"@type\":\"WebSite\",\"@id\":\"https:\/\/demoweb.info\/sexshop001\/#website\",\"url\":\"https:\/\/demoweb.info\/sexshop001\/\",\"name\":\"Tienda Er\u00f3tica\",\"description\":\"DEMOWEB SL\",\"potentialAction\":[{\"@type\":\"SearchAction\",\"target\":{\"@type\":\"EntryPoint\",\"urlTemplate\":\"https:\/\/demoweb.info\/sexshop001\/?s={search_term_string}\"},\"query-input\":\"required name=search_term_string\"}],\"inLanguage\":\"es\"}]}<\/script>\n<!-- \/ Yoast SEO plugin. -->","yoast_head_json":{"title":"EXTASE SENSUEL COFRE INTIMO PARA ELLA - Tienda Er\u00f3tica","robots":{"index":"noindex","follow":"follow","max-snippet":"max-snippet:-1","max-image-preview":"max-image-preview:large","max-video-preview":"max-video-preview:-1"},"og_locale":"es_ES","og_type":"article","og_title":"EXTASE SENSUEL COFRE INTIMO PARA ELLA - Tienda Er\u00f3tica","og_description":"EXTASE SENSUEL COFFRET INTIME ELLE &#8230;Todo lo esencial para soltar tus instintos&#8230; Cofre con el siguiente contenido: &#8211; Plaisir pour","og_url":"https:\/\/demoweb.info\/sexshop001\/producto\/extase-sensuel-cofre-intimo-para-ella\/","og_site_name":"Tienda Er\u00f3tica","article_modified_time":"2022-01-22T12:10:33+00:00","og_image":[{"width":436,"height":436,"url":"https:\/\/demoweb.info\/sexshop001\/wp-content\/uploads\/2022\/01\/EXTASE-SENSUEL-COFRE-INTIMO-PARA-ELLA.jpg","type":"image\/jpeg"}],"twitter_card":"summary_large_image","twitter_misc":{"Tiempo de lectura":"1 minuto"},"schema":{"@context":"https:\/\/schema.org","@graph":[{"@type":"WebPage","@id":"https:\/\/demoweb.info\/sexshop001\/producto\/extase-sensuel-cofre-intimo-para-ella\/","url":"https:\/\/demoweb.info\/sexshop001\/producto\/extase-sensuel-cofre-intimo-para-ella\/","name":"EXTASE SENSUEL COFRE INTIMO PARA ELLA - Tienda Er\u00f3tica","isPartOf":{"@id":"https:\/\/demoweb.info\/sexshop001\/#website"},"datePublished":"2022-01-22T12:10:25+00:00","dateModified":"2022-01-22T12:10:33+00:00","breadcrumb":{"@id":"https:\/\/demoweb.info\/sexshop001\/producto\/extase-sensuel-cofre-intimo-para-ella\/#breadcrumb"},"inLanguage":"es","potentialAction":[{"@type":"ReadAction","target":["https:\/\/demoweb.info\/sexshop001\/producto\/extase-sensuel-cofre-intimo-para-ella\/"]}]},{"@type":"BreadcrumbList","@id":"https:\/\/demoweb.info\/sexshop001\/producto\/extase-sensuel-cofre-intimo-para-ella\/#breadcrumb","itemListElement":[{"@type":"ListItem","position":1,"name":"Portada","item":"https:\/\/demoweb.info\/sexshop001\/"},{"@type":"ListItem","position":2,"name":"Tienda","item":"https:\/\/demoweb.info\/sexshop001\/tienda\/"},{"@type":"ListItem","position":3,"name":"EXTASE SENSUEL COFRE INTIMO PARA ELLA"}]},{"@type":"WebSite","@id":"https:\/\/demoweb.info\/sexshop001\/#website","url":"https:\/\/demoweb.info\/sexshop001\/","name":"Tienda Er\u00f3tica","description":"DEMOWEB SL","potentialAction":[{"@type":"SearchAction","target":{"@type":"EntryPoint","urlTemplate":"https:\/\/demoweb.info\/sexshop001\/?s={search_term_string}"},"query-input":"required name=search_term_string"}],"inLanguage":"es"}]}},"_links":{"self":[{"href":"https:\/\/demoweb.info\/sexshop001\/wp-json\/wp\/v3\/product\/33404","targetHints":{"allow":["GET"]}}],"collection":[{"href":"https:\/\/demoweb.info\/sexshop001\/wp-json\/wp\/v3\/product"}],"about":[{"href":"https:\/\/demoweb.info\/sexshop001\/wp-json\/wp\/v2\/types\/product"}],"replies":[{"embeddable":true,"href":"https:\/\/demoweb.info\/sexshop001\/wp-json\/wp\/v2\/comments?post=33404"}],"wp:featuredmedia":[{"embeddable":true,"href":"https:\/\/demoweb.info\/sexshop001\/wp-json\/wp\/v2\/media\/33405"}],"wp:attachment":[{"href":"https:\/\/demoweb.info\/sexshop001\/wp-json\/wp\/v2\/media?parent=33404"}],"wp:term":[{"taxonomy":"product_cat","embeddable":true,"href":"https:\/\/demoweb.info\/sexshop001\/wp-json\/wp\/v2\/product_cat?post=33404"},{"taxonomy":"product_tag","embeddable":true,"href":"https:\/\/demoweb.info\/sexshop001\/wp-json\/wp\/v2\/product_tag?post=33404"}],"curies":[{"name":"wp","href":"https:\/\/api.w.org\/{rel}","templated":true}]}}