{"id":33398,"date":"2022-01-22T13:10:25","date_gmt":"2022-01-22T12:10:25","guid":{"rendered":"https:\/\/demoweb.info\/sexshop001\/producto\/extase-sensuel-noches-de-seda\/"},"modified":"2022-01-22T13:10:31","modified_gmt":"2022-01-22T12:10:31","slug":"extase-sensuel-noches-de-seda","status":"publish","type":"product","link":"https:\/\/demoweb.info\/sexshop001\/producto\/extase-sensuel-noches-de-seda\/","title":{"rendered":"EXTASE SENSUEL NOCHES DE SEDA"},"content":{"rendered":"<p><font size=&quot;1&quot;><b>EXTASE SENSUEL SILK NIGHTS<\/b> <\/p>\n<p>Pack con el siguiente contenido:<\/p>\n<p>&#8211; <b>Velas con forma de p\u00e9talos perfumados de Rosa Extase<\/b>.<br \/>\n&#8211; <b>Gel lubricante de Fresa<\/b>, frasco de 35 ml.<\/p>\n<p>El olfato del Sexo estimula sus emociones mediante las las <b>Velas Rojo Pasi\u00f3n<\/b> de Extase. Aromatice su espacio y se encender\u00e1 una mayor uni\u00f3n amorosa y sexual con su pareja.<\/p>\n<p>El aroma que desprende cada cuerpo al hacer el amor es insuperable e inigualable, pues es la esencia de la persona que amamos. <\/p>\n<p>Por ende los<b> P\u00e9talos de Flores<\/b> ex\u00f3ticos Extase te ayudan a potencias esas sensaciones. Esp\u00e1rcelos sobre el cuerpo de tu pareja o sobre la cama. Se potenciar\u00e1 la qu\u00edmica entre vosotros, estimul\u00e1ndose el gusto por el olor del otro.<\/p>\n<p>Incluso m\u00e1s, en caso de desear una m\u00e1s c\u00e1lida y placentera lubricaci\u00f3n, complemente y descubra las propiedades ultra-sedosas del gel de<br \/>\n<b>Masaje Lubricante <\/b>de fresa.<br \/>\n<\/font><\/p>\n","protected":false},"excerpt":{"rendered":"<p>EXTASE SENSUEL SILK NIGHTS Pack con el siguiente contenido: &#8211; Velas con forma de p\u00e9talos perfumados de Rosa Extase. &#8211;<\/p>\n","protected":false},"featured_media":33399,"comment_status":"open","ping_status":"open","template":"","meta":[],"product_cat":[684],"product_tag":[393],"class_list":["post-33398","product","type-product","status-publish","has-post-thumbnail","hentry","product_cat-san-valentin-regalos","product_tag-extase-sensuel"],"bundled_by":[],"bundle_stock_status":"instock","bundle_stock_quantity":18,"bundle_virtual":false,"bundle_layout":"","bundle_add_to_cart_form_location":"","bundle_editable_in_cart":false,"bundle_sold_individually_context":"","bundle_item_grouping":"","bundle_min_size":"","bundle_max_size":"","bundled_items":[],"yoast_head":"<!-- This site is optimized with the Yoast SEO plugin v20.6 - https:\/\/yoast.com\/wordpress\/plugins\/seo\/ -->\n<title>EXTASE SENSUEL NOCHES DE SEDA - Tienda Er\u00f3tica<\/title>\n<meta name=\"robots\" content=\"noindex, follow, max-snippet:-1, max-image-preview:large, max-video-preview:-1\" \/>\n<meta property=\"og:locale\" content=\"es_ES\" \/>\n<meta property=\"og:type\" content=\"article\" \/>\n<meta property=\"og:title\" content=\"EXTASE SENSUEL NOCHES DE SEDA - Tienda Er\u00f3tica\" \/>\n<meta property=\"og:description\" content=\"EXTASE SENSUEL SILK NIGHTS Pack con el siguiente contenido: &#8211; Velas con forma de p\u00e9talos perfumados de Rosa Extase. &#8211;\" \/>\n<meta property=\"og:url\" content=\"https:\/\/demoweb.info\/sexshop001\/producto\/extase-sensuel-noches-de-seda\/\" \/>\n<meta property=\"og:site_name\" content=\"Tienda Er\u00f3tica\" \/>\n<meta property=\"article:modified_time\" content=\"2022-01-22T12:10:31+00:00\" \/>\n<meta property=\"og:image\" content=\"https:\/\/demoweb.info\/sexshop001\/wp-content\/uploads\/2022\/01\/EXTASE-SENSUEL-NOCHES-DE-SEDA.jpg\" \/>\n\t<meta property=\"og:image:width\" content=\"435\" \/>\n\t<meta property=\"og:image:height\" content=\"435\" \/>\n\t<meta property=\"og:image:type\" content=\"image\/jpeg\" \/>\n<meta name=\"twitter:card\" content=\"summary_large_image\" \/>\n<meta name=\"twitter:label1\" content=\"Tiempo de lectura\" \/>\n\t<meta name=\"twitter:data1\" content=\"1 minuto\" \/>\n<script type=\"application\/ld+json\" class=\"yoast-schema-graph\">{\"@context\":\"https:\/\/schema.org\",\"@graph\":[{\"@type\":\"WebPage\",\"@id\":\"https:\/\/demoweb.info\/sexshop001\/producto\/extase-sensuel-noches-de-seda\/\",\"url\":\"https:\/\/demoweb.info\/sexshop001\/producto\/extase-sensuel-noches-de-seda\/\",\"name\":\"EXTASE SENSUEL NOCHES DE SEDA - Tienda Er\u00f3tica\",\"isPartOf\":{\"@id\":\"https:\/\/demoweb.info\/sexshop001\/#website\"},\"datePublished\":\"2022-01-22T12:10:25+00:00\",\"dateModified\":\"2022-01-22T12:10:31+00:00\",\"breadcrumb\":{\"@id\":\"https:\/\/demoweb.info\/sexshop001\/producto\/extase-sensuel-noches-de-seda\/#breadcrumb\"},\"inLanguage\":\"es\",\"potentialAction\":[{\"@type\":\"ReadAction\",\"target\":[\"https:\/\/demoweb.info\/sexshop001\/producto\/extase-sensuel-noches-de-seda\/\"]}]},{\"@type\":\"BreadcrumbList\",\"@id\":\"https:\/\/demoweb.info\/sexshop001\/producto\/extase-sensuel-noches-de-seda\/#breadcrumb\",\"itemListElement\":[{\"@type\":\"ListItem\",\"position\":1,\"name\":\"Portada\",\"item\":\"https:\/\/demoweb.info\/sexshop001\/\"},{\"@type\":\"ListItem\",\"position\":2,\"name\":\"Tienda\",\"item\":\"https:\/\/demoweb.info\/sexshop001\/tienda\/\"},{\"@type\":\"ListItem\",\"position\":3,\"name\":\"EXTASE SENSUEL NOCHES DE SEDA\"}]},{\"@type\":\"WebSite\",\"@id\":\"https:\/\/demoweb.info\/sexshop001\/#website\",\"url\":\"https:\/\/demoweb.info\/sexshop001\/\",\"name\":\"Tienda Er\u00f3tica\",\"description\":\"DEMOWEB SL\",\"potentialAction\":[{\"@type\":\"SearchAction\",\"target\":{\"@type\":\"EntryPoint\",\"urlTemplate\":\"https:\/\/demoweb.info\/sexshop001\/?s={search_term_string}\"},\"query-input\":\"required name=search_term_string\"}],\"inLanguage\":\"es\"}]}<\/script>\n<!-- \/ Yoast SEO plugin. -->","yoast_head_json":{"title":"EXTASE SENSUEL NOCHES DE SEDA - Tienda Er\u00f3tica","robots":{"index":"noindex","follow":"follow","max-snippet":"max-snippet:-1","max-image-preview":"max-image-preview:large","max-video-preview":"max-video-preview:-1"},"og_locale":"es_ES","og_type":"article","og_title":"EXTASE SENSUEL NOCHES DE SEDA - Tienda Er\u00f3tica","og_description":"EXTASE SENSUEL SILK NIGHTS Pack con el siguiente contenido: &#8211; Velas con forma de p\u00e9talos perfumados de Rosa Extase. &#8211;","og_url":"https:\/\/demoweb.info\/sexshop001\/producto\/extase-sensuel-noches-de-seda\/","og_site_name":"Tienda Er\u00f3tica","article_modified_time":"2022-01-22T12:10:31+00:00","og_image":[{"width":435,"height":435,"url":"https:\/\/demoweb.info\/sexshop001\/wp-content\/uploads\/2022\/01\/EXTASE-SENSUEL-NOCHES-DE-SEDA.jpg","type":"image\/jpeg"}],"twitter_card":"summary_large_image","twitter_misc":{"Tiempo de lectura":"1 minuto"},"schema":{"@context":"https:\/\/schema.org","@graph":[{"@type":"WebPage","@id":"https:\/\/demoweb.info\/sexshop001\/producto\/extase-sensuel-noches-de-seda\/","url":"https:\/\/demoweb.info\/sexshop001\/producto\/extase-sensuel-noches-de-seda\/","name":"EXTASE SENSUEL NOCHES DE SEDA - Tienda Er\u00f3tica","isPartOf":{"@id":"https:\/\/demoweb.info\/sexshop001\/#website"},"datePublished":"2022-01-22T12:10:25+00:00","dateModified":"2022-01-22T12:10:31+00:00","breadcrumb":{"@id":"https:\/\/demoweb.info\/sexshop001\/producto\/extase-sensuel-noches-de-seda\/#breadcrumb"},"inLanguage":"es","potentialAction":[{"@type":"ReadAction","target":["https:\/\/demoweb.info\/sexshop001\/producto\/extase-sensuel-noches-de-seda\/"]}]},{"@type":"BreadcrumbList","@id":"https:\/\/demoweb.info\/sexshop001\/producto\/extase-sensuel-noches-de-seda\/#breadcrumb","itemListElement":[{"@type":"ListItem","position":1,"name":"Portada","item":"https:\/\/demoweb.info\/sexshop001\/"},{"@type":"ListItem","position":2,"name":"Tienda","item":"https:\/\/demoweb.info\/sexshop001\/tienda\/"},{"@type":"ListItem","position":3,"name":"EXTASE SENSUEL NOCHES DE SEDA"}]},{"@type":"WebSite","@id":"https:\/\/demoweb.info\/sexshop001\/#website","url":"https:\/\/demoweb.info\/sexshop001\/","name":"Tienda Er\u00f3tica","description":"DEMOWEB SL","potentialAction":[{"@type":"SearchAction","target":{"@type":"EntryPoint","urlTemplate":"https:\/\/demoweb.info\/sexshop001\/?s={search_term_string}"},"query-input":"required name=search_term_string"}],"inLanguage":"es"}]}},"_links":{"self":[{"href":"https:\/\/demoweb.info\/sexshop001\/wp-json\/wp\/v3\/product\/33398","targetHints":{"allow":["GET"]}}],"collection":[{"href":"https:\/\/demoweb.info\/sexshop001\/wp-json\/wp\/v3\/product"}],"about":[{"href":"https:\/\/demoweb.info\/sexshop001\/wp-json\/wp\/v2\/types\/product"}],"replies":[{"embeddable":true,"href":"https:\/\/demoweb.info\/sexshop001\/wp-json\/wp\/v2\/comments?post=33398"}],"wp:featuredmedia":[{"embeddable":true,"href":"https:\/\/demoweb.info\/sexshop001\/wp-json\/wp\/v2\/media\/33399"}],"wp:attachment":[{"href":"https:\/\/demoweb.info\/sexshop001\/wp-json\/wp\/v2\/media?parent=33398"}],"wp:term":[{"taxonomy":"product_cat","embeddable":true,"href":"https:\/\/demoweb.info\/sexshop001\/wp-json\/wp\/v2\/product_cat?post=33398"},{"taxonomy":"product_tag","embeddable":true,"href":"https:\/\/demoweb.info\/sexshop001\/wp-json\/wp\/v2\/product_tag?post=33398"}],"curies":[{"name":"wp","href":"https:\/\/api.w.org\/{rel}","templated":true}]}}