{"id":33392,"date":"2022-01-22T13:10:25","date_gmt":"2022-01-22T12:10:25","guid":{"rendered":"https:\/\/demoweb.info\/sexshop001\/producto\/kit-de-masaje-romantico\/"},"modified":"2022-01-22T13:10:28","modified_gmt":"2022-01-22T12:10:28","slug":"kit-de-masaje-romantico","status":"publish","type":"product","link":"https:\/\/demoweb.info\/sexshop001\/producto\/kit-de-masaje-romantico\/","title":{"rendered":"KIT DE MASAJE ROMANTICO"},"content":{"rendered":"<p><strong>KIT DE MASAJE ROMANTICO<\/strong>, juego de placer interactivo.<\/p>\n<p>\u00bfCuando fue la \u00faltima vez que tu pareja y t\u00fa pasasteis toda una noche explorando, relajando y estimulando vuestros cuerpos?.<\/p>\n<p>Ning\u00fan juego amoroso es tan eficaz o excitante como un simple masaje.<\/p>\n<p>\u00a1Especialmente cuando ese masaje te lo da un buen amante!<\/p>\n<p>En el interior de este kit descubrir\u00e1s cartas que muestran noventa formas diferentes de conseguir placer por el tacto. Algunas est\u00e1n pensadas para ella, otras para \u00e9l, y las dem\u00e1s describen posturas y t\u00e9cnicas para realizar un masaje mutuo intenso y er\u00f3tico.<\/p>\n<p>\u00bfQui\u00e9n se va a dejar mimar primero?.<\/p>\n<p>Descubre y explora los l\u00edmites del placer hasta los que puede llevarte este juego amoroso.<\/p>\n<p><strong>CONTENIDO DEL JUEGO<\/strong>:<\/p>\n<p>&#8211; 90 tarjetas.<br \/>\n&#8211; Dado.<\/p>\n","protected":false},"excerpt":{"rendered":"<p>KIT DE MASAJE ROMANTICO, juego de placer interactivo. \u00bfCuando fue la \u00faltima vez que tu pareja y t\u00fa pasasteis toda<\/p>\n","protected":false},"featured_media":33393,"comment_status":"open","ping_status":"open","template":"","meta":[],"product_cat":[367],"product_tag":[1212],"class_list":["post-33392","product","type-product","status-publish","has-post-thumbnail","hentry","product_cat-juegos-pareja","product_tag-tikal"],"bundled_by":[],"bundle_stock_status":"instock","bundle_stock_quantity":3,"bundle_virtual":false,"bundle_layout":"","bundle_add_to_cart_form_location":"","bundle_editable_in_cart":false,"bundle_sold_individually_context":"","bundle_item_grouping":"","bundle_min_size":"","bundle_max_size":"","bundled_items":[],"yoast_head":"<!-- This site is optimized with the Yoast SEO plugin v20.6 - https:\/\/yoast.com\/wordpress\/plugins\/seo\/ -->\n<title>KIT DE MASAJE ROMANTICO - Tienda Er\u00f3tica<\/title>\n<meta name=\"robots\" content=\"noindex, follow, max-snippet:-1, max-image-preview:large, max-video-preview:-1\" \/>\n<meta property=\"og:locale\" content=\"es_ES\" \/>\n<meta property=\"og:type\" content=\"article\" \/>\n<meta property=\"og:title\" content=\"KIT DE MASAJE ROMANTICO - Tienda Er\u00f3tica\" \/>\n<meta property=\"og:description\" content=\"KIT DE MASAJE ROMANTICO, juego de placer interactivo. \u00bfCuando fue la \u00faltima vez que tu pareja y t\u00fa pasasteis toda\" \/>\n<meta property=\"og:url\" content=\"https:\/\/demoweb.info\/sexshop001\/producto\/kit-de-masaje-romantico\/\" \/>\n<meta property=\"og:site_name\" content=\"Tienda Er\u00f3tica\" \/>\n<meta property=\"article:modified_time\" content=\"2022-01-22T12:10:28+00:00\" \/>\n<meta property=\"og:image\" content=\"https:\/\/demoweb.info\/sexshop001\/wp-content\/uploads\/2022\/01\/KIT-DE-MASAJE-ROMANTICO.jpg\" \/>\n\t<meta property=\"og:image:width\" content=\"550\" \/>\n\t<meta property=\"og:image:height\" content=\"550\" \/>\n\t<meta property=\"og:image:type\" content=\"image\/jpeg\" \/>\n<meta name=\"twitter:card\" content=\"summary_large_image\" \/>\n<meta name=\"twitter:label1\" content=\"Tiempo de lectura\" \/>\n\t<meta name=\"twitter:data1\" content=\"1 minuto\" \/>\n<script type=\"application\/ld+json\" class=\"yoast-schema-graph\">{\"@context\":\"https:\/\/schema.org\",\"@graph\":[{\"@type\":\"WebPage\",\"@id\":\"https:\/\/demoweb.info\/sexshop001\/producto\/kit-de-masaje-romantico\/\",\"url\":\"https:\/\/demoweb.info\/sexshop001\/producto\/kit-de-masaje-romantico\/\",\"name\":\"KIT DE MASAJE ROMANTICO - Tienda Er\u00f3tica\",\"isPartOf\":{\"@id\":\"https:\/\/demoweb.info\/sexshop001\/#website\"},\"datePublished\":\"2022-01-22T12:10:25+00:00\",\"dateModified\":\"2022-01-22T12:10:28+00:00\",\"breadcrumb\":{\"@id\":\"https:\/\/demoweb.info\/sexshop001\/producto\/kit-de-masaje-romantico\/#breadcrumb\"},\"inLanguage\":\"es\",\"potentialAction\":[{\"@type\":\"ReadAction\",\"target\":[\"https:\/\/demoweb.info\/sexshop001\/producto\/kit-de-masaje-romantico\/\"]}]},{\"@type\":\"BreadcrumbList\",\"@id\":\"https:\/\/demoweb.info\/sexshop001\/producto\/kit-de-masaje-romantico\/#breadcrumb\",\"itemListElement\":[{\"@type\":\"ListItem\",\"position\":1,\"name\":\"Portada\",\"item\":\"https:\/\/demoweb.info\/sexshop001\/\"},{\"@type\":\"ListItem\",\"position\":2,\"name\":\"Tienda\",\"item\":\"https:\/\/demoweb.info\/sexshop001\/tienda\/\"},{\"@type\":\"ListItem\",\"position\":3,\"name\":\"KIT DE MASAJE ROMANTICO\"}]},{\"@type\":\"WebSite\",\"@id\":\"https:\/\/demoweb.info\/sexshop001\/#website\",\"url\":\"https:\/\/demoweb.info\/sexshop001\/\",\"name\":\"Tienda Er\u00f3tica\",\"description\":\"DEMOWEB SL\",\"potentialAction\":[{\"@type\":\"SearchAction\",\"target\":{\"@type\":\"EntryPoint\",\"urlTemplate\":\"https:\/\/demoweb.info\/sexshop001\/?s={search_term_string}\"},\"query-input\":\"required name=search_term_string\"}],\"inLanguage\":\"es\"}]}<\/script>\n<!-- \/ Yoast SEO plugin. -->","yoast_head_json":{"title":"KIT DE MASAJE ROMANTICO - Tienda Er\u00f3tica","robots":{"index":"noindex","follow":"follow","max-snippet":"max-snippet:-1","max-image-preview":"max-image-preview:large","max-video-preview":"max-video-preview:-1"},"og_locale":"es_ES","og_type":"article","og_title":"KIT DE MASAJE ROMANTICO - Tienda Er\u00f3tica","og_description":"KIT DE MASAJE ROMANTICO, juego de placer interactivo. \u00bfCuando fue la \u00faltima vez que tu pareja y t\u00fa pasasteis toda","og_url":"https:\/\/demoweb.info\/sexshop001\/producto\/kit-de-masaje-romantico\/","og_site_name":"Tienda Er\u00f3tica","article_modified_time":"2022-01-22T12:10:28+00:00","og_image":[{"width":550,"height":550,"url":"https:\/\/demoweb.info\/sexshop001\/wp-content\/uploads\/2022\/01\/KIT-DE-MASAJE-ROMANTICO.jpg","type":"image\/jpeg"}],"twitter_card":"summary_large_image","twitter_misc":{"Tiempo de lectura":"1 minuto"},"schema":{"@context":"https:\/\/schema.org","@graph":[{"@type":"WebPage","@id":"https:\/\/demoweb.info\/sexshop001\/producto\/kit-de-masaje-romantico\/","url":"https:\/\/demoweb.info\/sexshop001\/producto\/kit-de-masaje-romantico\/","name":"KIT DE MASAJE ROMANTICO - Tienda Er\u00f3tica","isPartOf":{"@id":"https:\/\/demoweb.info\/sexshop001\/#website"},"datePublished":"2022-01-22T12:10:25+00:00","dateModified":"2022-01-22T12:10:28+00:00","breadcrumb":{"@id":"https:\/\/demoweb.info\/sexshop001\/producto\/kit-de-masaje-romantico\/#breadcrumb"},"inLanguage":"es","potentialAction":[{"@type":"ReadAction","target":["https:\/\/demoweb.info\/sexshop001\/producto\/kit-de-masaje-romantico\/"]}]},{"@type":"BreadcrumbList","@id":"https:\/\/demoweb.info\/sexshop001\/producto\/kit-de-masaje-romantico\/#breadcrumb","itemListElement":[{"@type":"ListItem","position":1,"name":"Portada","item":"https:\/\/demoweb.info\/sexshop001\/"},{"@type":"ListItem","position":2,"name":"Tienda","item":"https:\/\/demoweb.info\/sexshop001\/tienda\/"},{"@type":"ListItem","position":3,"name":"KIT DE MASAJE ROMANTICO"}]},{"@type":"WebSite","@id":"https:\/\/demoweb.info\/sexshop001\/#website","url":"https:\/\/demoweb.info\/sexshop001\/","name":"Tienda Er\u00f3tica","description":"DEMOWEB SL","potentialAction":[{"@type":"SearchAction","target":{"@type":"EntryPoint","urlTemplate":"https:\/\/demoweb.info\/sexshop001\/?s={search_term_string}"},"query-input":"required name=search_term_string"}],"inLanguage":"es"}]}},"_links":{"self":[{"href":"https:\/\/demoweb.info\/sexshop001\/wp-json\/wp\/v3\/product\/33392","targetHints":{"allow":["GET"]}}],"collection":[{"href":"https:\/\/demoweb.info\/sexshop001\/wp-json\/wp\/v3\/product"}],"about":[{"href":"https:\/\/demoweb.info\/sexshop001\/wp-json\/wp\/v2\/types\/product"}],"replies":[{"embeddable":true,"href":"https:\/\/demoweb.info\/sexshop001\/wp-json\/wp\/v2\/comments?post=33392"}],"wp:featuredmedia":[{"embeddable":true,"href":"https:\/\/demoweb.info\/sexshop001\/wp-json\/wp\/v2\/media\/33393"}],"wp:attachment":[{"href":"https:\/\/demoweb.info\/sexshop001\/wp-json\/wp\/v2\/media?parent=33392"}],"wp:term":[{"taxonomy":"product_cat","embeddable":true,"href":"https:\/\/demoweb.info\/sexshop001\/wp-json\/wp\/v2\/product_cat?post=33392"},{"taxonomy":"product_tag","embeddable":true,"href":"https:\/\/demoweb.info\/sexshop001\/wp-json\/wp\/v2\/product_tag?post=33392"}],"curies":[{"name":"wp","href":"https:\/\/api.w.org\/{rel}","templated":true}]}}