{"id":33369,"date":"2022-01-22T13:10:07","date_gmt":"2022-01-22T12:10:07","guid":{"rendered":"https:\/\/demoweb.info\/sexshop001\/producto\/noche-de-chicos\/"},"modified":"2022-01-22T13:10:12","modified_gmt":"2022-01-22T12:10:12","slug":"noche-de-chicos","status":"publish","type":"product","link":"https:\/\/demoweb.info\/sexshop001\/producto\/noche-de-chicos\/","title":{"rendered":"NOCHE DE CHICOS"},"content":{"rendered":"<p><font size=&quot;1&quot;><b>NOCHE DE CHICOS<\/b><\/p>\n<p>Tienes amigos, tienes la ocasi\u00f3n perfecta y el lugar ideal donde salir&#8230;<\/p>\n<p>\u00a1Lo \u00fanico que te falta para tu noche sea perfecta son los consejos de este<br \/>\nlibro!.<\/p>\n<p>Aqu\u00ed encontrar\u00e9is ideas para organizar fiestas tem\u00e1ticas, juegos, bromas,<br \/>\nsugerencias para convertiros en los reyes de cualquier evento e ingeniosas<br \/>\nfrases con las que ninguna chica se os podr\u00e1 resistir.<\/p>\n<p>\u00bfA que esper\u00e1is para conquistar la noche?.<\/p>\n<p>\u00a1Hay tantos planes que con una sola no os bastar\u00e1!.<\/p>\n<p><b>CONTENIDO DEL JUEGO<\/b>:<\/p>\n<p>&#8211; Colgantes divertidos.<br \/>\n&#8211; Baraja con r\u00e9plicas ingeniosas.<br \/>\n <\/font><\/p>\n","protected":false},"excerpt":{"rendered":"<p>NOCHE DE CHICOS Tienes amigos, tienes la ocasi\u00f3n perfecta y el lugar ideal donde salir&#8230; \u00a1Lo \u00fanico que te falta<\/p>\n","protected":false},"featured_media":33370,"comment_status":"open","ping_status":"open","template":"","meta":[],"product_cat":[387],"product_tag":[1212],"class_list":["post-33369","product","type-product","status-publish","has-post-thumbnail","hentry","product_cat-juegos-sociedad","product_tag-tikal"],"bundled_by":[],"bundle_stock_status":"instock","bundle_stock_quantity":4,"bundle_virtual":false,"bundle_layout":"","bundle_add_to_cart_form_location":"","bundle_editable_in_cart":false,"bundle_sold_individually_context":"","bundle_item_grouping":"","bundle_min_size":"","bundle_max_size":"","bundled_items":[],"yoast_head":"<!-- This site is optimized with the Yoast SEO plugin v20.6 - https:\/\/yoast.com\/wordpress\/plugins\/seo\/ -->\n<title>NOCHE DE CHICOS - Tienda Er\u00f3tica<\/title>\n<meta name=\"robots\" content=\"noindex, follow, max-snippet:-1, max-image-preview:large, max-video-preview:-1\" \/>\n<meta property=\"og:locale\" content=\"es_ES\" \/>\n<meta property=\"og:type\" content=\"article\" \/>\n<meta property=\"og:title\" content=\"NOCHE DE CHICOS - Tienda Er\u00f3tica\" \/>\n<meta property=\"og:description\" content=\"NOCHE DE CHICOS Tienes amigos, tienes la ocasi\u00f3n perfecta y el lugar ideal donde salir&#8230; \u00a1Lo \u00fanico que te falta\" \/>\n<meta property=\"og:url\" content=\"https:\/\/demoweb.info\/sexshop001\/producto\/noche-de-chicos\/\" \/>\n<meta property=\"og:site_name\" content=\"Tienda Er\u00f3tica\" \/>\n<meta property=\"article:modified_time\" content=\"2022-01-22T12:10:12+00:00\" \/>\n<meta property=\"og:image\" content=\"https:\/\/demoweb.info\/sexshop001\/wp-content\/uploads\/2022\/01\/NOCHE-DE-CHICOS.jpg\" \/>\n\t<meta property=\"og:image:width\" content=\"550\" \/>\n\t<meta property=\"og:image:height\" content=\"550\" \/>\n\t<meta property=\"og:image:type\" content=\"image\/jpeg\" \/>\n<meta name=\"twitter:card\" content=\"summary_large_image\" \/>\n<script type=\"application\/ld+json\" class=\"yoast-schema-graph\">{\"@context\":\"https:\/\/schema.org\",\"@graph\":[{\"@type\":\"WebPage\",\"@id\":\"https:\/\/demoweb.info\/sexshop001\/producto\/noche-de-chicos\/\",\"url\":\"https:\/\/demoweb.info\/sexshop001\/producto\/noche-de-chicos\/\",\"name\":\"NOCHE DE CHICOS - Tienda Er\u00f3tica\",\"isPartOf\":{\"@id\":\"https:\/\/demoweb.info\/sexshop001\/#website\"},\"datePublished\":\"2022-01-22T12:10:07+00:00\",\"dateModified\":\"2022-01-22T12:10:12+00:00\",\"breadcrumb\":{\"@id\":\"https:\/\/demoweb.info\/sexshop001\/producto\/noche-de-chicos\/#breadcrumb\"},\"inLanguage\":\"es\",\"potentialAction\":[{\"@type\":\"ReadAction\",\"target\":[\"https:\/\/demoweb.info\/sexshop001\/producto\/noche-de-chicos\/\"]}]},{\"@type\":\"BreadcrumbList\",\"@id\":\"https:\/\/demoweb.info\/sexshop001\/producto\/noche-de-chicos\/#breadcrumb\",\"itemListElement\":[{\"@type\":\"ListItem\",\"position\":1,\"name\":\"Portada\",\"item\":\"https:\/\/demoweb.info\/sexshop001\/\"},{\"@type\":\"ListItem\",\"position\":2,\"name\":\"Tienda\",\"item\":\"https:\/\/demoweb.info\/sexshop001\/tienda\/\"},{\"@type\":\"ListItem\",\"position\":3,\"name\":\"NOCHE DE CHICOS\"}]},{\"@type\":\"WebSite\",\"@id\":\"https:\/\/demoweb.info\/sexshop001\/#website\",\"url\":\"https:\/\/demoweb.info\/sexshop001\/\",\"name\":\"Tienda Er\u00f3tica\",\"description\":\"DEMOWEB SL\",\"potentialAction\":[{\"@type\":\"SearchAction\",\"target\":{\"@type\":\"EntryPoint\",\"urlTemplate\":\"https:\/\/demoweb.info\/sexshop001\/?s={search_term_string}\"},\"query-input\":\"required name=search_term_string\"}],\"inLanguage\":\"es\"}]}<\/script>\n<!-- \/ Yoast SEO plugin. -->","yoast_head_json":{"title":"NOCHE DE CHICOS - Tienda Er\u00f3tica","robots":{"index":"noindex","follow":"follow","max-snippet":"max-snippet:-1","max-image-preview":"max-image-preview:large","max-video-preview":"max-video-preview:-1"},"og_locale":"es_ES","og_type":"article","og_title":"NOCHE DE CHICOS - Tienda Er\u00f3tica","og_description":"NOCHE DE CHICOS Tienes amigos, tienes la ocasi\u00f3n perfecta y el lugar ideal donde salir&#8230; \u00a1Lo \u00fanico que te falta","og_url":"https:\/\/demoweb.info\/sexshop001\/producto\/noche-de-chicos\/","og_site_name":"Tienda Er\u00f3tica","article_modified_time":"2022-01-22T12:10:12+00:00","og_image":[{"width":550,"height":550,"url":"https:\/\/demoweb.info\/sexshop001\/wp-content\/uploads\/2022\/01\/NOCHE-DE-CHICOS.jpg","type":"image\/jpeg"}],"twitter_card":"summary_large_image","schema":{"@context":"https:\/\/schema.org","@graph":[{"@type":"WebPage","@id":"https:\/\/demoweb.info\/sexshop001\/producto\/noche-de-chicos\/","url":"https:\/\/demoweb.info\/sexshop001\/producto\/noche-de-chicos\/","name":"NOCHE DE CHICOS - Tienda Er\u00f3tica","isPartOf":{"@id":"https:\/\/demoweb.info\/sexshop001\/#website"},"datePublished":"2022-01-22T12:10:07+00:00","dateModified":"2022-01-22T12:10:12+00:00","breadcrumb":{"@id":"https:\/\/demoweb.info\/sexshop001\/producto\/noche-de-chicos\/#breadcrumb"},"inLanguage":"es","potentialAction":[{"@type":"ReadAction","target":["https:\/\/demoweb.info\/sexshop001\/producto\/noche-de-chicos\/"]}]},{"@type":"BreadcrumbList","@id":"https:\/\/demoweb.info\/sexshop001\/producto\/noche-de-chicos\/#breadcrumb","itemListElement":[{"@type":"ListItem","position":1,"name":"Portada","item":"https:\/\/demoweb.info\/sexshop001\/"},{"@type":"ListItem","position":2,"name":"Tienda","item":"https:\/\/demoweb.info\/sexshop001\/tienda\/"},{"@type":"ListItem","position":3,"name":"NOCHE DE CHICOS"}]},{"@type":"WebSite","@id":"https:\/\/demoweb.info\/sexshop001\/#website","url":"https:\/\/demoweb.info\/sexshop001\/","name":"Tienda Er\u00f3tica","description":"DEMOWEB SL","potentialAction":[{"@type":"SearchAction","target":{"@type":"EntryPoint","urlTemplate":"https:\/\/demoweb.info\/sexshop001\/?s={search_term_string}"},"query-input":"required name=search_term_string"}],"inLanguage":"es"}]}},"_links":{"self":[{"href":"https:\/\/demoweb.info\/sexshop001\/wp-json\/wp\/v3\/product\/33369","targetHints":{"allow":["GET"]}}],"collection":[{"href":"https:\/\/demoweb.info\/sexshop001\/wp-json\/wp\/v3\/product"}],"about":[{"href":"https:\/\/demoweb.info\/sexshop001\/wp-json\/wp\/v2\/types\/product"}],"replies":[{"embeddable":true,"href":"https:\/\/demoweb.info\/sexshop001\/wp-json\/wp\/v2\/comments?post=33369"}],"wp:featuredmedia":[{"embeddable":true,"href":"https:\/\/demoweb.info\/sexshop001\/wp-json\/wp\/v2\/media\/33370"}],"wp:attachment":[{"href":"https:\/\/demoweb.info\/sexshop001\/wp-json\/wp\/v2\/media?parent=33369"}],"wp:term":[{"taxonomy":"product_cat","embeddable":true,"href":"https:\/\/demoweb.info\/sexshop001\/wp-json\/wp\/v2\/product_cat?post=33369"},{"taxonomy":"product_tag","embeddable":true,"href":"https:\/\/demoweb.info\/sexshop001\/wp-json\/wp\/v2\/product_tag?post=33369"}],"curies":[{"name":"wp","href":"https:\/\/api.w.org\/{rel}","templated":true}]}}