{"id":33365,"date":"2022-01-22T13:10:07","date_gmt":"2022-01-22T12:10:07","guid":{"rendered":"https:\/\/demoweb.info\/sexshop001\/producto\/corazon-seductor\/"},"modified":"2022-01-22T13:10:10","modified_gmt":"2022-01-22T12:10:10","slug":"corazon-seductor","status":"publish","type":"product","link":"https:\/\/demoweb.info\/sexshop001\/producto\/corazon-seductor\/","title":{"rendered":"CORAZON SEDUCTOR"},"content":{"rendered":"<p><strong>CORAZ\u00d3N SEDUCTOR<\/strong> m\u00e1s de 100 pruebas de seducci\u00f3n y pasi\u00f3n.<\/p>\n<p>Tan simple como coger alternativamente uno u otro una prueba de las m\u00e1s de 100 que tiene el juego y realizarla sobre la marcha. Esto NO lo hace menos interesante para nada.<\/p>\n<p>En <strong>CORAZ\u00d3N SEDUCTOR<\/strong>, por sus caracter\u00edsticas, solo podr\u00e9is controlar el inicio de la partida, para pasar a ser controlados de mente y cuerpo por el embrujo de sus pruebas. Decir he ganado o perdido, no cabe en este juego. Solo hay ganadores.<\/p>\n<p><strong>\u00a1Disfr\u00fatalo!.<\/strong><\/p>\n<p><strong>Se aconseja:<\/strong> Antes de comenzar, preparar bebidas de vuestro agrado, hielo, frutas, chuches, cremas, aceite de masaje o pinturas comestibles, todo esto para untar y pod\u00e9rselo comer.<\/p>\n<p>Al comenzar, crear un ambiente agradable encendiendo la velita arom\u00e1tica y lo que a vuestra imaginaci\u00f3n se le ocurra.<\/p>\n<p>Los distintos obst\u00e1culos, har\u00e1n sensibilizarnos lo suficiente para que sint\u00e1is las sensaciones m\u00e1s excitantes que imagin\u00e9is. La diversi\u00f3n esta servida, de aqu\u00ed, al erotismo, del erotismo a la sensualidad, de la sensualidad al amor y del amos sin lugar a dudas al cl\u00edmax.<\/p>\n<p><strong>Regla de oro<\/strong><\/p>\n<p>Hay pruebas que al referirlas se da a entender o se dice directamente que est\u00e9n desnudos o vestidos, en el caso de que la prueba sea desnudos, y est\u00e9is vestidos, o en caso contrario, est\u00e9is desnudos y la prueba sea vestidos, la prueba la realiz\u00e1is como se le indica, pero acto seguido vuelven a estar como al comienzo.<\/p>\n<p>Por ser pruebas sorpresa para el contrario, hay algunas que no deben ser vistas por tu pareja hasta despu\u00e9s de realizarlas por eso cuando las abr\u00e1is, antes de ense\u00f1arlas comprobarlo.<\/p>\n<p><strong>CONTENIDO DEL JUEGO<\/strong>:<\/p>\n<p>&#8211; Estuche coraz\u00f3n seductor.<br \/>\n&#8211; M\u00e1s de 100 pruebas.<br \/>\n&#8211; Accesorios para realizar las pruebas.<\/p>\n","protected":false},"excerpt":{"rendered":"<p>CORAZ\u00d3N SEDUCTOR m\u00e1s de 100 pruebas de seducci\u00f3n y pasi\u00f3n. Tan simple como coger alternativamente uno u otro una prueba<\/p>\n","protected":false},"featured_media":33366,"comment_status":"open","ping_status":"open","template":"","meta":[],"product_cat":[367],"product_tag":[412],"class_list":["post-33365","product","type-product","status-publish","has-post-thumbnail","hentry","product_cat-juegos-pareja","product_tag-diverty-sex"],"bundled_by":[],"bundle_stock_status":"instock","bundle_stock_quantity":16,"bundle_virtual":false,"bundle_layout":"","bundle_add_to_cart_form_location":"","bundle_editable_in_cart":false,"bundle_sold_individually_context":"","bundle_item_grouping":"","bundle_min_size":"","bundle_max_size":"","bundled_items":[],"yoast_head":"<!-- This site is optimized with the Yoast SEO plugin v20.6 - https:\/\/yoast.com\/wordpress\/plugins\/seo\/ -->\n<title>CORAZON SEDUCTOR - Tienda Er\u00f3tica<\/title>\n<meta name=\"robots\" content=\"noindex, follow, max-snippet:-1, max-image-preview:large, max-video-preview:-1\" \/>\n<meta property=\"og:locale\" content=\"es_ES\" \/>\n<meta property=\"og:type\" content=\"article\" \/>\n<meta property=\"og:title\" content=\"CORAZON SEDUCTOR - Tienda Er\u00f3tica\" \/>\n<meta property=\"og:description\" content=\"CORAZ\u00d3N SEDUCTOR m\u00e1s de 100 pruebas de seducci\u00f3n y pasi\u00f3n. Tan simple como coger alternativamente uno u otro una prueba\" \/>\n<meta property=\"og:url\" content=\"https:\/\/demoweb.info\/sexshop001\/producto\/corazon-seductor\/\" \/>\n<meta property=\"og:site_name\" content=\"Tienda Er\u00f3tica\" \/>\n<meta property=\"article:modified_time\" content=\"2022-01-22T12:10:10+00:00\" \/>\n<meta property=\"og:image\" content=\"https:\/\/demoweb.info\/sexshop001\/wp-content\/uploads\/2022\/01\/CORAZON-SEDUCTOR.jpg\" \/>\n\t<meta property=\"og:image:width\" content=\"550\" \/>\n\t<meta property=\"og:image:height\" content=\"550\" \/>\n\t<meta property=\"og:image:type\" content=\"image\/jpeg\" \/>\n<meta name=\"twitter:card\" content=\"summary_large_image\" \/>\n<meta name=\"twitter:label1\" content=\"Tiempo de lectura\" \/>\n\t<meta name=\"twitter:data1\" content=\"2 minutos\" \/>\n<script type=\"application\/ld+json\" class=\"yoast-schema-graph\">{\"@context\":\"https:\/\/schema.org\",\"@graph\":[{\"@type\":\"WebPage\",\"@id\":\"https:\/\/demoweb.info\/sexshop001\/producto\/corazon-seductor\/\",\"url\":\"https:\/\/demoweb.info\/sexshop001\/producto\/corazon-seductor\/\",\"name\":\"CORAZON SEDUCTOR - Tienda Er\u00f3tica\",\"isPartOf\":{\"@id\":\"https:\/\/demoweb.info\/sexshop001\/#website\"},\"datePublished\":\"2022-01-22T12:10:07+00:00\",\"dateModified\":\"2022-01-22T12:10:10+00:00\",\"breadcrumb\":{\"@id\":\"https:\/\/demoweb.info\/sexshop001\/producto\/corazon-seductor\/#breadcrumb\"},\"inLanguage\":\"es\",\"potentialAction\":[{\"@type\":\"ReadAction\",\"target\":[\"https:\/\/demoweb.info\/sexshop001\/producto\/corazon-seductor\/\"]}]},{\"@type\":\"BreadcrumbList\",\"@id\":\"https:\/\/demoweb.info\/sexshop001\/producto\/corazon-seductor\/#breadcrumb\",\"itemListElement\":[{\"@type\":\"ListItem\",\"position\":1,\"name\":\"Portada\",\"item\":\"https:\/\/demoweb.info\/sexshop001\/\"},{\"@type\":\"ListItem\",\"position\":2,\"name\":\"Tienda\",\"item\":\"https:\/\/demoweb.info\/sexshop001\/tienda\/\"},{\"@type\":\"ListItem\",\"position\":3,\"name\":\"CORAZON SEDUCTOR\"}]},{\"@type\":\"WebSite\",\"@id\":\"https:\/\/demoweb.info\/sexshop001\/#website\",\"url\":\"https:\/\/demoweb.info\/sexshop001\/\",\"name\":\"Tienda Er\u00f3tica\",\"description\":\"DEMOWEB SL\",\"potentialAction\":[{\"@type\":\"SearchAction\",\"target\":{\"@type\":\"EntryPoint\",\"urlTemplate\":\"https:\/\/demoweb.info\/sexshop001\/?s={search_term_string}\"},\"query-input\":\"required name=search_term_string\"}],\"inLanguage\":\"es\"}]}<\/script>\n<!-- \/ Yoast SEO plugin. -->","yoast_head_json":{"title":"CORAZON SEDUCTOR - Tienda Er\u00f3tica","robots":{"index":"noindex","follow":"follow","max-snippet":"max-snippet:-1","max-image-preview":"max-image-preview:large","max-video-preview":"max-video-preview:-1"},"og_locale":"es_ES","og_type":"article","og_title":"CORAZON SEDUCTOR - Tienda Er\u00f3tica","og_description":"CORAZ\u00d3N SEDUCTOR m\u00e1s de 100 pruebas de seducci\u00f3n y pasi\u00f3n. Tan simple como coger alternativamente uno u otro una prueba","og_url":"https:\/\/demoweb.info\/sexshop001\/producto\/corazon-seductor\/","og_site_name":"Tienda Er\u00f3tica","article_modified_time":"2022-01-22T12:10:10+00:00","og_image":[{"width":550,"height":550,"url":"https:\/\/demoweb.info\/sexshop001\/wp-content\/uploads\/2022\/01\/CORAZON-SEDUCTOR.jpg","type":"image\/jpeg"}],"twitter_card":"summary_large_image","twitter_misc":{"Tiempo de lectura":"2 minutos"},"schema":{"@context":"https:\/\/schema.org","@graph":[{"@type":"WebPage","@id":"https:\/\/demoweb.info\/sexshop001\/producto\/corazon-seductor\/","url":"https:\/\/demoweb.info\/sexshop001\/producto\/corazon-seductor\/","name":"CORAZON SEDUCTOR - Tienda Er\u00f3tica","isPartOf":{"@id":"https:\/\/demoweb.info\/sexshop001\/#website"},"datePublished":"2022-01-22T12:10:07+00:00","dateModified":"2022-01-22T12:10:10+00:00","breadcrumb":{"@id":"https:\/\/demoweb.info\/sexshop001\/producto\/corazon-seductor\/#breadcrumb"},"inLanguage":"es","potentialAction":[{"@type":"ReadAction","target":["https:\/\/demoweb.info\/sexshop001\/producto\/corazon-seductor\/"]}]},{"@type":"BreadcrumbList","@id":"https:\/\/demoweb.info\/sexshop001\/producto\/corazon-seductor\/#breadcrumb","itemListElement":[{"@type":"ListItem","position":1,"name":"Portada","item":"https:\/\/demoweb.info\/sexshop001\/"},{"@type":"ListItem","position":2,"name":"Tienda","item":"https:\/\/demoweb.info\/sexshop001\/tienda\/"},{"@type":"ListItem","position":3,"name":"CORAZON SEDUCTOR"}]},{"@type":"WebSite","@id":"https:\/\/demoweb.info\/sexshop001\/#website","url":"https:\/\/demoweb.info\/sexshop001\/","name":"Tienda Er\u00f3tica","description":"DEMOWEB SL","potentialAction":[{"@type":"SearchAction","target":{"@type":"EntryPoint","urlTemplate":"https:\/\/demoweb.info\/sexshop001\/?s={search_term_string}"},"query-input":"required name=search_term_string"}],"inLanguage":"es"}]}},"_links":{"self":[{"href":"https:\/\/demoweb.info\/sexshop001\/wp-json\/wp\/v3\/product\/33365","targetHints":{"allow":["GET"]}}],"collection":[{"href":"https:\/\/demoweb.info\/sexshop001\/wp-json\/wp\/v3\/product"}],"about":[{"href":"https:\/\/demoweb.info\/sexshop001\/wp-json\/wp\/v2\/types\/product"}],"replies":[{"embeddable":true,"href":"https:\/\/demoweb.info\/sexshop001\/wp-json\/wp\/v2\/comments?post=33365"}],"wp:featuredmedia":[{"embeddable":true,"href":"https:\/\/demoweb.info\/sexshop001\/wp-json\/wp\/v2\/media\/33366"}],"wp:attachment":[{"href":"https:\/\/demoweb.info\/sexshop001\/wp-json\/wp\/v2\/media?parent=33365"}],"wp:term":[{"taxonomy":"product_cat","embeddable":true,"href":"https:\/\/demoweb.info\/sexshop001\/wp-json\/wp\/v2\/product_cat?post=33365"},{"taxonomy":"product_tag","embeddable":true,"href":"https:\/\/demoweb.info\/sexshop001\/wp-json\/wp\/v2\/product_tag?post=33365"}],"curies":[{"name":"wp","href":"https:\/\/api.w.org\/{rel}","templated":true}]}}