{"id":33351,"date":"2022-01-22T13:09:59","date_gmt":"2022-01-22T12:09:59","guid":{"rendered":"https:\/\/demoweb.info\/sexshop001\/producto\/star-white-crema-aclarante-para-zonas-sensibles\/"},"modified":"2022-01-22T13:10:02","modified_gmt":"2022-01-22T12:10:02","slug":"star-white-crema-aclarante-para-zonas-sensibles","status":"publish","type":"product","link":"https:\/\/demoweb.info\/sexshop001\/producto\/star-white-crema-aclarante-para-zonas-sensibles\/","title":{"rendered":"STAR WHITE CREMA ACLARANTE PARA ZONAS SENSIBLES"},"content":{"rendered":"<p><strong>STAR WHITE LIGHTENING CREAM FOR SENSITIVE AREAS<\/strong><\/p>\n<p>Star White crema, refuerza tu belleza aclarando el color de la piel igualando las zonas m\u00e1s oscuras de tu cuerpo y mejora la apariencia de tu trasero u otras partes \u00edntimas, incluso el ano.<\/p>\n<p><strong>Recomendaciones de uso:<\/strong><\/p>\n<p>Aplicar dos veces al d\u00eda en las zonas que se deseen aclarar. Antes de usas esta crema de forma regular, aplicar una peque\u00f1a cantidad en el antebrazo, si aparece alguna erupci\u00f3n o picores, dejar de usarlo inmediatamente.<\/p>\n<p>Mantener fuera del alcance de los ni\u00f1os. Guardar en un lugar fresco y oscuro.<\/p>\n<p>Envase de 50 ml.<\/p>\n","protected":false},"excerpt":{"rendered":"<p>STAR WHITE LIGHTENING CREAM FOR SENSITIVE AREAS Star White crema, refuerza tu belleza aclarando el color de la piel igualando<\/p>\n","protected":false},"featured_media":33352,"comment_status":"open","ping_status":"open","template":"","meta":[],"product_cat":[293],"product_tag":[409],"class_list":["post-33351","product","type-product","status-publish","has-post-thumbnail","hentry","product_cat-depilacion","product_tag-cobeco-pharma"],"bundled_by":[],"bundle_stock_status":"instock","bundle_stock_quantity":9,"bundle_virtual":false,"bundle_layout":"","bundle_add_to_cart_form_location":"","bundle_editable_in_cart":false,"bundle_sold_individually_context":"","bundle_item_grouping":"","bundle_min_size":"","bundle_max_size":"","bundled_items":[],"yoast_head":"<!-- This site is optimized with the Yoast SEO plugin v20.6 - https:\/\/yoast.com\/wordpress\/plugins\/seo\/ -->\n<title>STAR WHITE CREMA ACLARANTE PARA ZONAS SENSIBLES - Tienda Er\u00f3tica<\/title>\n<meta name=\"robots\" content=\"noindex, follow, max-snippet:-1, max-image-preview:large, max-video-preview:-1\" \/>\n<meta property=\"og:locale\" content=\"es_ES\" \/>\n<meta property=\"og:type\" content=\"article\" \/>\n<meta property=\"og:title\" content=\"STAR WHITE CREMA ACLARANTE PARA ZONAS SENSIBLES - Tienda Er\u00f3tica\" \/>\n<meta property=\"og:description\" content=\"STAR WHITE LIGHTENING CREAM FOR SENSITIVE AREAS Star White crema, refuerza tu belleza aclarando el color de la piel igualando\" \/>\n<meta property=\"og:url\" content=\"https:\/\/demoweb.info\/sexshop001\/producto\/star-white-crema-aclarante-para-zonas-sensibles\/\" \/>\n<meta property=\"og:site_name\" content=\"Tienda Er\u00f3tica\" \/>\n<meta property=\"article:modified_time\" content=\"2022-01-22T12:10:02+00:00\" \/>\n<meta property=\"og:image\" content=\"https:\/\/demoweb.info\/sexshop001\/wp-content\/uploads\/2022\/01\/STAR-WHITE-CREMA-ACLARANTE-PARA-ZONAS-SENSIBLES.jpg\" \/>\n\t<meta property=\"og:image:width\" content=\"550\" \/>\n\t<meta property=\"og:image:height\" content=\"550\" \/>\n\t<meta property=\"og:image:type\" content=\"image\/jpeg\" \/>\n<meta name=\"twitter:card\" content=\"summary_large_image\" \/>\n<meta name=\"twitter:label1\" content=\"Tiempo de lectura\" \/>\n\t<meta name=\"twitter:data1\" content=\"1 minuto\" \/>\n<script type=\"application\/ld+json\" class=\"yoast-schema-graph\">{\"@context\":\"https:\/\/schema.org\",\"@graph\":[{\"@type\":\"WebPage\",\"@id\":\"https:\/\/demoweb.info\/sexshop001\/producto\/star-white-crema-aclarante-para-zonas-sensibles\/\",\"url\":\"https:\/\/demoweb.info\/sexshop001\/producto\/star-white-crema-aclarante-para-zonas-sensibles\/\",\"name\":\"STAR WHITE CREMA ACLARANTE PARA ZONAS SENSIBLES - Tienda Er\u00f3tica\",\"isPartOf\":{\"@id\":\"https:\/\/demoweb.info\/sexshop001\/#website\"},\"datePublished\":\"2022-01-22T12:09:59+00:00\",\"dateModified\":\"2022-01-22T12:10:02+00:00\",\"breadcrumb\":{\"@id\":\"https:\/\/demoweb.info\/sexshop001\/producto\/star-white-crema-aclarante-para-zonas-sensibles\/#breadcrumb\"},\"inLanguage\":\"es\",\"potentialAction\":[{\"@type\":\"ReadAction\",\"target\":[\"https:\/\/demoweb.info\/sexshop001\/producto\/star-white-crema-aclarante-para-zonas-sensibles\/\"]}]},{\"@type\":\"BreadcrumbList\",\"@id\":\"https:\/\/demoweb.info\/sexshop001\/producto\/star-white-crema-aclarante-para-zonas-sensibles\/#breadcrumb\",\"itemListElement\":[{\"@type\":\"ListItem\",\"position\":1,\"name\":\"Portada\",\"item\":\"https:\/\/demoweb.info\/sexshop001\/\"},{\"@type\":\"ListItem\",\"position\":2,\"name\":\"Tienda\",\"item\":\"https:\/\/demoweb.info\/sexshop001\/tienda\/\"},{\"@type\":\"ListItem\",\"position\":3,\"name\":\"STAR WHITE CREMA ACLARANTE PARA ZONAS SENSIBLES\"}]},{\"@type\":\"WebSite\",\"@id\":\"https:\/\/demoweb.info\/sexshop001\/#website\",\"url\":\"https:\/\/demoweb.info\/sexshop001\/\",\"name\":\"Tienda Er\u00f3tica\",\"description\":\"DEMOWEB SL\",\"potentialAction\":[{\"@type\":\"SearchAction\",\"target\":{\"@type\":\"EntryPoint\",\"urlTemplate\":\"https:\/\/demoweb.info\/sexshop001\/?s={search_term_string}\"},\"query-input\":\"required name=search_term_string\"}],\"inLanguage\":\"es\"}]}<\/script>\n<!-- \/ Yoast SEO plugin. -->","yoast_head_json":{"title":"STAR WHITE CREMA ACLARANTE PARA ZONAS SENSIBLES - Tienda Er\u00f3tica","robots":{"index":"noindex","follow":"follow","max-snippet":"max-snippet:-1","max-image-preview":"max-image-preview:large","max-video-preview":"max-video-preview:-1"},"og_locale":"es_ES","og_type":"article","og_title":"STAR WHITE CREMA ACLARANTE PARA ZONAS SENSIBLES - Tienda Er\u00f3tica","og_description":"STAR WHITE LIGHTENING CREAM FOR SENSITIVE AREAS Star White crema, refuerza tu belleza aclarando el color de la piel igualando","og_url":"https:\/\/demoweb.info\/sexshop001\/producto\/star-white-crema-aclarante-para-zonas-sensibles\/","og_site_name":"Tienda Er\u00f3tica","article_modified_time":"2022-01-22T12:10:02+00:00","og_image":[{"width":550,"height":550,"url":"https:\/\/demoweb.info\/sexshop001\/wp-content\/uploads\/2022\/01\/STAR-WHITE-CREMA-ACLARANTE-PARA-ZONAS-SENSIBLES.jpg","type":"image\/jpeg"}],"twitter_card":"summary_large_image","twitter_misc":{"Tiempo de lectura":"1 minuto"},"schema":{"@context":"https:\/\/schema.org","@graph":[{"@type":"WebPage","@id":"https:\/\/demoweb.info\/sexshop001\/producto\/star-white-crema-aclarante-para-zonas-sensibles\/","url":"https:\/\/demoweb.info\/sexshop001\/producto\/star-white-crema-aclarante-para-zonas-sensibles\/","name":"STAR WHITE CREMA ACLARANTE PARA ZONAS SENSIBLES - Tienda Er\u00f3tica","isPartOf":{"@id":"https:\/\/demoweb.info\/sexshop001\/#website"},"datePublished":"2022-01-22T12:09:59+00:00","dateModified":"2022-01-22T12:10:02+00:00","breadcrumb":{"@id":"https:\/\/demoweb.info\/sexshop001\/producto\/star-white-crema-aclarante-para-zonas-sensibles\/#breadcrumb"},"inLanguage":"es","potentialAction":[{"@type":"ReadAction","target":["https:\/\/demoweb.info\/sexshop001\/producto\/star-white-crema-aclarante-para-zonas-sensibles\/"]}]},{"@type":"BreadcrumbList","@id":"https:\/\/demoweb.info\/sexshop001\/producto\/star-white-crema-aclarante-para-zonas-sensibles\/#breadcrumb","itemListElement":[{"@type":"ListItem","position":1,"name":"Portada","item":"https:\/\/demoweb.info\/sexshop001\/"},{"@type":"ListItem","position":2,"name":"Tienda","item":"https:\/\/demoweb.info\/sexshop001\/tienda\/"},{"@type":"ListItem","position":3,"name":"STAR WHITE CREMA ACLARANTE PARA ZONAS SENSIBLES"}]},{"@type":"WebSite","@id":"https:\/\/demoweb.info\/sexshop001\/#website","url":"https:\/\/demoweb.info\/sexshop001\/","name":"Tienda Er\u00f3tica","description":"DEMOWEB SL","potentialAction":[{"@type":"SearchAction","target":{"@type":"EntryPoint","urlTemplate":"https:\/\/demoweb.info\/sexshop001\/?s={search_term_string}"},"query-input":"required name=search_term_string"}],"inLanguage":"es"}]}},"_links":{"self":[{"href":"https:\/\/demoweb.info\/sexshop001\/wp-json\/wp\/v3\/product\/33351","targetHints":{"allow":["GET"]}}],"collection":[{"href":"https:\/\/demoweb.info\/sexshop001\/wp-json\/wp\/v3\/product"}],"about":[{"href":"https:\/\/demoweb.info\/sexshop001\/wp-json\/wp\/v2\/types\/product"}],"replies":[{"embeddable":true,"href":"https:\/\/demoweb.info\/sexshop001\/wp-json\/wp\/v2\/comments?post=33351"}],"wp:featuredmedia":[{"embeddable":true,"href":"https:\/\/demoweb.info\/sexshop001\/wp-json\/wp\/v2\/media\/33352"}],"wp:attachment":[{"href":"https:\/\/demoweb.info\/sexshop001\/wp-json\/wp\/v2\/media?parent=33351"}],"wp:term":[{"taxonomy":"product_cat","embeddable":true,"href":"https:\/\/demoweb.info\/sexshop001\/wp-json\/wp\/v2\/product_cat?post=33351"},{"taxonomy":"product_tag","embeddable":true,"href":"https:\/\/demoweb.info\/sexshop001\/wp-json\/wp\/v2\/product_tag?post=33351"}],"curies":[{"name":"wp","href":"https:\/\/api.w.org\/{rel}","templated":true}]}}