{"id":33343,"date":"2022-01-22T13:09:59","date_gmt":"2022-01-22T12:09:59","guid":{"rendered":"https:\/\/demoweb.info\/sexshop001\/producto\/big-boy-golden-gel-retardande-de-la-eyaculacion\/"},"modified":"2022-01-22T13:09:59","modified_gmt":"2022-01-22T12:09:59","slug":"big-boy-golden-gel-retardande-de-la-eyaculacion","status":"publish","type":"product","link":"https:\/\/demoweb.info\/sexshop001\/producto\/big-boy-golden-gel-retardande-de-la-eyaculacion\/","title":{"rendered":"BIG BOY GOLDEN GEL RETARDANDE DE LA EYACULACION"},"content":{"rendered":"<p><strong>BIG BOY GOLDEN DELAY GEL<\/strong>, Retrasa la eyaculaci\u00f3n gracias a un gel ligeramente anest\u00e9sico.<\/p>\n<p>Al retrasar el orgasmo, los hombres contribuyen mejor al sexo.<\/p>\n<p><strong>Big Boy Golden Delay Gel<\/strong> temporalmente anestesia las zonas m\u00e1s sensitivas del pene. De esta manera alcanzar\u00e1s el cl\u00edmax menos r\u00e1pido y podr\u00e1s disfrutar m\u00e1s tiempo del sexo.<\/p>\n<p>Envase de 50 ml.<\/p>\n","protected":false},"excerpt":{"rendered":"<p>BIG BOY GOLDEN DELAY GEL, Retrasa la eyaculaci\u00f3n gracias a un gel ligeramente anest\u00e9sico. Al retrasar el orgasmo, los hombres<\/p>\n","protected":false},"featured_media":33344,"comment_status":"open","ping_status":"open","template":"","meta":[],"product_cat":[403],"product_tag":[1211,409],"class_list":["post-33343","product","type-product","status-publish","has-post-thumbnail","hentry","product_cat-retardantes","product_tag-big-boy","product_tag-cobeco-pharma"],"bundled_by":[],"bundle_stock_status":"instock","bundle_stock_quantity":5,"bundle_virtual":false,"bundle_layout":"","bundle_add_to_cart_form_location":"","bundle_editable_in_cart":false,"bundle_sold_individually_context":"","bundle_item_grouping":"","bundle_min_size":"","bundle_max_size":"","bundled_items":[],"yoast_head":"<!-- This site is optimized with the Yoast SEO plugin v20.6 - https:\/\/yoast.com\/wordpress\/plugins\/seo\/ -->\n<title>BIG BOY GOLDEN GEL RETARDANDE DE LA EYACULACION - Tienda Er\u00f3tica<\/title>\n<meta name=\"robots\" content=\"noindex, follow, max-snippet:-1, max-image-preview:large, max-video-preview:-1\" \/>\n<meta property=\"og:locale\" content=\"es_ES\" \/>\n<meta property=\"og:type\" content=\"article\" \/>\n<meta property=\"og:title\" content=\"BIG BOY GOLDEN GEL RETARDANDE DE LA EYACULACION - Tienda Er\u00f3tica\" \/>\n<meta property=\"og:description\" content=\"BIG BOY GOLDEN DELAY GEL, Retrasa la eyaculaci\u00f3n gracias a un gel ligeramente anest\u00e9sico. Al retrasar el orgasmo, los hombres\" \/>\n<meta property=\"og:url\" content=\"https:\/\/demoweb.info\/sexshop001\/producto\/big-boy-golden-gel-retardande-de-la-eyaculacion\/\" \/>\n<meta property=\"og:site_name\" content=\"Tienda Er\u00f3tica\" \/>\n<meta property=\"og:image\" content=\"https:\/\/demoweb.info\/sexshop001\/wp-content\/uploads\/2022\/01\/BIG-BOY-GOLDEN-GEL-RETARDANDE-DE-LA-EYACULACION.jpg\" \/>\n\t<meta property=\"og:image:width\" content=\"550\" \/>\n\t<meta property=\"og:image:height\" content=\"550\" \/>\n\t<meta property=\"og:image:type\" content=\"image\/jpeg\" \/>\n<meta name=\"twitter:card\" content=\"summary_large_image\" \/>\n<script type=\"application\/ld+json\" class=\"yoast-schema-graph\">{\"@context\":\"https:\/\/schema.org\",\"@graph\":[{\"@type\":\"WebPage\",\"@id\":\"https:\/\/demoweb.info\/sexshop001\/producto\/big-boy-golden-gel-retardande-de-la-eyaculacion\/\",\"url\":\"https:\/\/demoweb.info\/sexshop001\/producto\/big-boy-golden-gel-retardande-de-la-eyaculacion\/\",\"name\":\"BIG BOY GOLDEN GEL RETARDANDE DE LA EYACULACION - Tienda Er\u00f3tica\",\"isPartOf\":{\"@id\":\"https:\/\/demoweb.info\/sexshop001\/#website\"},\"datePublished\":\"2022-01-22T12:09:59+00:00\",\"dateModified\":\"2022-01-22T12:09:59+00:00\",\"breadcrumb\":{\"@id\":\"https:\/\/demoweb.info\/sexshop001\/producto\/big-boy-golden-gel-retardande-de-la-eyaculacion\/#breadcrumb\"},\"inLanguage\":\"es\",\"potentialAction\":[{\"@type\":\"ReadAction\",\"target\":[\"https:\/\/demoweb.info\/sexshop001\/producto\/big-boy-golden-gel-retardande-de-la-eyaculacion\/\"]}]},{\"@type\":\"BreadcrumbList\",\"@id\":\"https:\/\/demoweb.info\/sexshop001\/producto\/big-boy-golden-gel-retardande-de-la-eyaculacion\/#breadcrumb\",\"itemListElement\":[{\"@type\":\"ListItem\",\"position\":1,\"name\":\"Portada\",\"item\":\"https:\/\/demoweb.info\/sexshop001\/\"},{\"@type\":\"ListItem\",\"position\":2,\"name\":\"Tienda\",\"item\":\"https:\/\/demoweb.info\/sexshop001\/tienda\/\"},{\"@type\":\"ListItem\",\"position\":3,\"name\":\"BIG BOY GOLDEN GEL RETARDANDE DE LA EYACULACION\"}]},{\"@type\":\"WebSite\",\"@id\":\"https:\/\/demoweb.info\/sexshop001\/#website\",\"url\":\"https:\/\/demoweb.info\/sexshop001\/\",\"name\":\"Tienda Er\u00f3tica\",\"description\":\"DEMOWEB SL\",\"potentialAction\":[{\"@type\":\"SearchAction\",\"target\":{\"@type\":\"EntryPoint\",\"urlTemplate\":\"https:\/\/demoweb.info\/sexshop001\/?s={search_term_string}\"},\"query-input\":\"required name=search_term_string\"}],\"inLanguage\":\"es\"}]}<\/script>\n<!-- \/ Yoast SEO plugin. -->","yoast_head_json":{"title":"BIG BOY GOLDEN GEL RETARDANDE DE LA EYACULACION - Tienda Er\u00f3tica","robots":{"index":"noindex","follow":"follow","max-snippet":"max-snippet:-1","max-image-preview":"max-image-preview:large","max-video-preview":"max-video-preview:-1"},"og_locale":"es_ES","og_type":"article","og_title":"BIG BOY GOLDEN GEL RETARDANDE DE LA EYACULACION - Tienda Er\u00f3tica","og_description":"BIG BOY GOLDEN DELAY GEL, Retrasa la eyaculaci\u00f3n gracias a un gel ligeramente anest\u00e9sico. Al retrasar el orgasmo, los hombres","og_url":"https:\/\/demoweb.info\/sexshop001\/producto\/big-boy-golden-gel-retardande-de-la-eyaculacion\/","og_site_name":"Tienda Er\u00f3tica","og_image":[{"width":550,"height":550,"url":"https:\/\/demoweb.info\/sexshop001\/wp-content\/uploads\/2022\/01\/BIG-BOY-GOLDEN-GEL-RETARDANDE-DE-LA-EYACULACION.jpg","type":"image\/jpeg"}],"twitter_card":"summary_large_image","schema":{"@context":"https:\/\/schema.org","@graph":[{"@type":"WebPage","@id":"https:\/\/demoweb.info\/sexshop001\/producto\/big-boy-golden-gel-retardande-de-la-eyaculacion\/","url":"https:\/\/demoweb.info\/sexshop001\/producto\/big-boy-golden-gel-retardande-de-la-eyaculacion\/","name":"BIG BOY GOLDEN GEL RETARDANDE DE LA EYACULACION - Tienda Er\u00f3tica","isPartOf":{"@id":"https:\/\/demoweb.info\/sexshop001\/#website"},"datePublished":"2022-01-22T12:09:59+00:00","dateModified":"2022-01-22T12:09:59+00:00","breadcrumb":{"@id":"https:\/\/demoweb.info\/sexshop001\/producto\/big-boy-golden-gel-retardande-de-la-eyaculacion\/#breadcrumb"},"inLanguage":"es","potentialAction":[{"@type":"ReadAction","target":["https:\/\/demoweb.info\/sexshop001\/producto\/big-boy-golden-gel-retardande-de-la-eyaculacion\/"]}]},{"@type":"BreadcrumbList","@id":"https:\/\/demoweb.info\/sexshop001\/producto\/big-boy-golden-gel-retardande-de-la-eyaculacion\/#breadcrumb","itemListElement":[{"@type":"ListItem","position":1,"name":"Portada","item":"https:\/\/demoweb.info\/sexshop001\/"},{"@type":"ListItem","position":2,"name":"Tienda","item":"https:\/\/demoweb.info\/sexshop001\/tienda\/"},{"@type":"ListItem","position":3,"name":"BIG BOY GOLDEN GEL RETARDANDE DE LA EYACULACION"}]},{"@type":"WebSite","@id":"https:\/\/demoweb.info\/sexshop001\/#website","url":"https:\/\/demoweb.info\/sexshop001\/","name":"Tienda Er\u00f3tica","description":"DEMOWEB SL","potentialAction":[{"@type":"SearchAction","target":{"@type":"EntryPoint","urlTemplate":"https:\/\/demoweb.info\/sexshop001\/?s={search_term_string}"},"query-input":"required name=search_term_string"}],"inLanguage":"es"}]}},"_links":{"self":[{"href":"https:\/\/demoweb.info\/sexshop001\/wp-json\/wp\/v3\/product\/33343","targetHints":{"allow":["GET"]}}],"collection":[{"href":"https:\/\/demoweb.info\/sexshop001\/wp-json\/wp\/v3\/product"}],"about":[{"href":"https:\/\/demoweb.info\/sexshop001\/wp-json\/wp\/v2\/types\/product"}],"replies":[{"embeddable":true,"href":"https:\/\/demoweb.info\/sexshop001\/wp-json\/wp\/v2\/comments?post=33343"}],"wp:featuredmedia":[{"embeddable":true,"href":"https:\/\/demoweb.info\/sexshop001\/wp-json\/wp\/v2\/media\/33344"}],"wp:attachment":[{"href":"https:\/\/demoweb.info\/sexshop001\/wp-json\/wp\/v2\/media?parent=33343"}],"wp:term":[{"taxonomy":"product_cat","embeddable":true,"href":"https:\/\/demoweb.info\/sexshop001\/wp-json\/wp\/v2\/product_cat?post=33343"},{"taxonomy":"product_tag","embeddable":true,"href":"https:\/\/demoweb.info\/sexshop001\/wp-json\/wp\/v2\/product_tag?post=33343"}],"curies":[{"name":"wp","href":"https:\/\/api.w.org\/{rel}","templated":true}]}}