{"id":33313,"date":"2022-01-22T13:09:33","date_gmt":"2022-01-22T12:09:33","guid":{"rendered":"https:\/\/demoweb.info\/sexshop001\/producto\/sasha-grey-vagina-y-ano-ur3-con-vibrador\/"},"modified":"2022-01-22T13:09:42","modified_gmt":"2022-01-22T12:09:42","slug":"sasha-grey-vagina-y-ano-ur3-con-vibrador","status":"publish","type":"product","link":"https:\/\/demoweb.info\/sexshop001\/producto\/sasha-grey-vagina-y-ano-ur3-con-vibrador\/","title":{"rendered":"SASHA GREY VAGINA Y ANO UR3 CON VIBRADOR"},"content":{"rendered":"<p><strong>SASHA GREY DEEP PENETRATION UR3 VIBRATING PUSSY AND ASS<\/strong>, es la r\u00e9plica perfecta de la sensual vagina y ano a tama\u00f1o real, de la popular actriz <strong>Sasha Grey<\/strong>, de una calidad insuperable, gracias al nuevo material <strong>UR3 UltraRealistic 3.0<\/strong>, lo \u00faltimo en simulaci\u00f3n del tacto de la piel humana.<\/p>\n<p>Tanto los <strong>labios vaginales<\/strong> como el <strong>ano<\/strong>, han sido reproducidos hasta el m\u00ednimo detalle, como nunca antes se hab\u00eda conseguido en art\u00edculos similares.<\/p>\n<p>El novedoso material interior de esta vagina, permite que despu\u00e9s de cada uso vuelva a recuperar su forma original.<\/p>\n<p>El material <strong>UR3 UltraRealistic 3.0<\/strong>, simula perfectamente el tacto de la piel humana y la rigidez que necesita el pene, para disfrutar al m\u00e1ximo de todas las sensaciones.<\/p>\n<p>El novedoso control del vibrador de un dise\u00f1o ergon\u00f3mico, dispone de distintas combinaciones de velocidades, pulsaciones y escalados, es decir, el no va m\u00e1s de los <strong>vibradores<\/strong>.<\/p>\n<p>Vello p\u00fabico real\u00edstico.<\/p>\n<p>Suave aroma acaramelado.<\/p>\n<p>Incluye muestras de lubricante y l\u00edquido de limpieza.<\/p>\n<p>Fabricado por la prestigiosa marca <strong>DOC JOHNSON<\/strong>, todo un s\u00edmbolo de garant\u00eda y calidad.<\/p>\n<p>Funciona con 2 pilas <strong>R6\/AA<\/strong> que puedes encontrar en la secci\u00f3n <strong>Pilas<\/strong>.<\/p>\n","protected":false},"excerpt":{"rendered":"<p>SASHA GREY DEEP PENETRATION UR3 VIBRATING PUSSY AND ASS, es la r\u00e9plica perfecta de la sensual vagina y ano a<\/p>\n","protected":false},"featured_media":33314,"comment_status":"open","ping_status":"open","template":"","meta":[],"product_cat":[1210],"product_tag":[460],"class_list":["post-33313","product","type-product","status-publish","has-post-thumbnail","hentry","product_cat-con-vibracion-munecas","product_tag-doc-johnson"],"bundled_by":[],"bundle_stock_status":"instock","bundle_stock_quantity":1,"bundle_virtual":false,"bundle_layout":"","bundle_add_to_cart_form_location":"","bundle_editable_in_cart":false,"bundle_sold_individually_context":"","bundle_item_grouping":"","bundle_min_size":"","bundle_max_size":"","bundled_items":[],"yoast_head":"<!-- This site is optimized with the Yoast SEO plugin v20.6 - https:\/\/yoast.com\/wordpress\/plugins\/seo\/ -->\n<title>SASHA GREY VAGINA Y ANO UR3 CON VIBRADOR - Tienda Er\u00f3tica<\/title>\n<meta name=\"robots\" content=\"noindex, follow, max-snippet:-1, max-image-preview:large, max-video-preview:-1\" \/>\n<meta property=\"og:locale\" content=\"es_ES\" \/>\n<meta property=\"og:type\" content=\"article\" \/>\n<meta property=\"og:title\" content=\"SASHA GREY VAGINA Y ANO UR3 CON VIBRADOR - Tienda Er\u00f3tica\" \/>\n<meta property=\"og:description\" content=\"SASHA GREY DEEP PENETRATION UR3 VIBRATING PUSSY AND ASS, es la r\u00e9plica perfecta de la sensual vagina y ano a\" \/>\n<meta property=\"og:url\" content=\"https:\/\/demoweb.info\/sexshop001\/producto\/sasha-grey-vagina-y-ano-ur3-con-vibrador\/\" \/>\n<meta property=\"og:site_name\" content=\"Tienda Er\u00f3tica\" \/>\n<meta property=\"article:modified_time\" content=\"2022-01-22T12:09:42+00:00\" \/>\n<meta property=\"og:image\" content=\"https:\/\/demoweb.info\/sexshop001\/wp-content\/uploads\/2022\/01\/SASHA-GREY-VAGINA-Y-ANO-UR3-CON-VIBRADOR.jpg\" \/>\n\t<meta property=\"og:image:width\" content=\"550\" \/>\n\t<meta property=\"og:image:height\" content=\"550\" \/>\n\t<meta property=\"og:image:type\" content=\"image\/jpeg\" \/>\n<meta name=\"twitter:card\" content=\"summary_large_image\" \/>\n<meta name=\"twitter:label1\" content=\"Tiempo de lectura\" \/>\n\t<meta name=\"twitter:data1\" content=\"1 minuto\" \/>\n<script type=\"application\/ld+json\" class=\"yoast-schema-graph\">{\"@context\":\"https:\/\/schema.org\",\"@graph\":[{\"@type\":\"WebPage\",\"@id\":\"https:\/\/demoweb.info\/sexshop001\/producto\/sasha-grey-vagina-y-ano-ur3-con-vibrador\/\",\"url\":\"https:\/\/demoweb.info\/sexshop001\/producto\/sasha-grey-vagina-y-ano-ur3-con-vibrador\/\",\"name\":\"SASHA GREY VAGINA Y ANO UR3 CON VIBRADOR - Tienda Er\u00f3tica\",\"isPartOf\":{\"@id\":\"https:\/\/demoweb.info\/sexshop001\/#website\"},\"datePublished\":\"2022-01-22T12:09:33+00:00\",\"dateModified\":\"2022-01-22T12:09:42+00:00\",\"breadcrumb\":{\"@id\":\"https:\/\/demoweb.info\/sexshop001\/producto\/sasha-grey-vagina-y-ano-ur3-con-vibrador\/#breadcrumb\"},\"inLanguage\":\"es\",\"potentialAction\":[{\"@type\":\"ReadAction\",\"target\":[\"https:\/\/demoweb.info\/sexshop001\/producto\/sasha-grey-vagina-y-ano-ur3-con-vibrador\/\"]}]},{\"@type\":\"BreadcrumbList\",\"@id\":\"https:\/\/demoweb.info\/sexshop001\/producto\/sasha-grey-vagina-y-ano-ur3-con-vibrador\/#breadcrumb\",\"itemListElement\":[{\"@type\":\"ListItem\",\"position\":1,\"name\":\"Portada\",\"item\":\"https:\/\/demoweb.info\/sexshop001\/\"},{\"@type\":\"ListItem\",\"position\":2,\"name\":\"Tienda\",\"item\":\"https:\/\/demoweb.info\/sexshop001\/tienda\/\"},{\"@type\":\"ListItem\",\"position\":3,\"name\":\"SASHA GREY VAGINA Y ANO UR3 CON VIBRADOR\"}]},{\"@type\":\"WebSite\",\"@id\":\"https:\/\/demoweb.info\/sexshop001\/#website\",\"url\":\"https:\/\/demoweb.info\/sexshop001\/\",\"name\":\"Tienda Er\u00f3tica\",\"description\":\"DEMOWEB SL\",\"potentialAction\":[{\"@type\":\"SearchAction\",\"target\":{\"@type\":\"EntryPoint\",\"urlTemplate\":\"https:\/\/demoweb.info\/sexshop001\/?s={search_term_string}\"},\"query-input\":\"required name=search_term_string\"}],\"inLanguage\":\"es\"}]}<\/script>\n<!-- \/ Yoast SEO plugin. -->","yoast_head_json":{"title":"SASHA GREY VAGINA Y ANO UR3 CON VIBRADOR - Tienda Er\u00f3tica","robots":{"index":"noindex","follow":"follow","max-snippet":"max-snippet:-1","max-image-preview":"max-image-preview:large","max-video-preview":"max-video-preview:-1"},"og_locale":"es_ES","og_type":"article","og_title":"SASHA GREY VAGINA Y ANO UR3 CON VIBRADOR - Tienda Er\u00f3tica","og_description":"SASHA GREY DEEP PENETRATION UR3 VIBRATING PUSSY AND ASS, es la r\u00e9plica perfecta de la sensual vagina y ano a","og_url":"https:\/\/demoweb.info\/sexshop001\/producto\/sasha-grey-vagina-y-ano-ur3-con-vibrador\/","og_site_name":"Tienda Er\u00f3tica","article_modified_time":"2022-01-22T12:09:42+00:00","og_image":[{"width":550,"height":550,"url":"https:\/\/demoweb.info\/sexshop001\/wp-content\/uploads\/2022\/01\/SASHA-GREY-VAGINA-Y-ANO-UR3-CON-VIBRADOR.jpg","type":"image\/jpeg"}],"twitter_card":"summary_large_image","twitter_misc":{"Tiempo de lectura":"1 minuto"},"schema":{"@context":"https:\/\/schema.org","@graph":[{"@type":"WebPage","@id":"https:\/\/demoweb.info\/sexshop001\/producto\/sasha-grey-vagina-y-ano-ur3-con-vibrador\/","url":"https:\/\/demoweb.info\/sexshop001\/producto\/sasha-grey-vagina-y-ano-ur3-con-vibrador\/","name":"SASHA GREY VAGINA Y ANO UR3 CON VIBRADOR - Tienda Er\u00f3tica","isPartOf":{"@id":"https:\/\/demoweb.info\/sexshop001\/#website"},"datePublished":"2022-01-22T12:09:33+00:00","dateModified":"2022-01-22T12:09:42+00:00","breadcrumb":{"@id":"https:\/\/demoweb.info\/sexshop001\/producto\/sasha-grey-vagina-y-ano-ur3-con-vibrador\/#breadcrumb"},"inLanguage":"es","potentialAction":[{"@type":"ReadAction","target":["https:\/\/demoweb.info\/sexshop001\/producto\/sasha-grey-vagina-y-ano-ur3-con-vibrador\/"]}]},{"@type":"BreadcrumbList","@id":"https:\/\/demoweb.info\/sexshop001\/producto\/sasha-grey-vagina-y-ano-ur3-con-vibrador\/#breadcrumb","itemListElement":[{"@type":"ListItem","position":1,"name":"Portada","item":"https:\/\/demoweb.info\/sexshop001\/"},{"@type":"ListItem","position":2,"name":"Tienda","item":"https:\/\/demoweb.info\/sexshop001\/tienda\/"},{"@type":"ListItem","position":3,"name":"SASHA GREY VAGINA Y ANO UR3 CON VIBRADOR"}]},{"@type":"WebSite","@id":"https:\/\/demoweb.info\/sexshop001\/#website","url":"https:\/\/demoweb.info\/sexshop001\/","name":"Tienda Er\u00f3tica","description":"DEMOWEB SL","potentialAction":[{"@type":"SearchAction","target":{"@type":"EntryPoint","urlTemplate":"https:\/\/demoweb.info\/sexshop001\/?s={search_term_string}"},"query-input":"required name=search_term_string"}],"inLanguage":"es"}]}},"_links":{"self":[{"href":"https:\/\/demoweb.info\/sexshop001\/wp-json\/wp\/v3\/product\/33313","targetHints":{"allow":["GET"]}}],"collection":[{"href":"https:\/\/demoweb.info\/sexshop001\/wp-json\/wp\/v3\/product"}],"about":[{"href":"https:\/\/demoweb.info\/sexshop001\/wp-json\/wp\/v2\/types\/product"}],"replies":[{"embeddable":true,"href":"https:\/\/demoweb.info\/sexshop001\/wp-json\/wp\/v2\/comments?post=33313"}],"wp:featuredmedia":[{"embeddable":true,"href":"https:\/\/demoweb.info\/sexshop001\/wp-json\/wp\/v2\/media\/33314"}],"wp:attachment":[{"href":"https:\/\/demoweb.info\/sexshop001\/wp-json\/wp\/v2\/media?parent=33313"}],"wp:term":[{"taxonomy":"product_cat","embeddable":true,"href":"https:\/\/demoweb.info\/sexshop001\/wp-json\/wp\/v2\/product_cat?post=33313"},{"taxonomy":"product_tag","embeddable":true,"href":"https:\/\/demoweb.info\/sexshop001\/wp-json\/wp\/v2\/product_tag?post=33313"}],"curies":[{"name":"wp","href":"https:\/\/api.w.org\/{rel}","templated":true}]}}