{"id":33303,"date":"2022-01-22T13:09:33","date_gmt":"2022-01-22T12:09:33","guid":{"rendered":"https:\/\/demoweb.info\/sexshop001\/producto\/lady-jane\/"},"modified":"2022-01-22T13:09:36","modified_gmt":"2022-01-22T12:09:36","slug":"lady-jane","status":"publish","type":"product","link":"https:\/\/demoweb.info\/sexshop001\/producto\/lady-jane\/","title":{"rendered":"LADY JANE"},"content":{"rendered":"<p><strong>LADY JANE<\/strong><\/p>\n<p><strong>Charlotte Grey.<\/strong><\/p>\n<p><strong>UNA JOVEN DEBUTANTE<\/strong><\/p>\n<p><strong>UN HOMBRE INAPROPIADO<\/strong><\/p>\n<p><strong>SE ACAB\u00d3 LA EDAD DE LA INOCENCIA<\/strong><\/p>\n<\/p>\n<p><strong>\u00abUna novela capaz de incendiarnos de pasi\u00f3n.\u00bb<\/strong><br \/>\n<em><strong>WOMAN<\/strong><\/em><\/p>\n<p>Todo el mundo sabe que a una joven soltera que posea una cierta fortuna le hace falta un esposo, y lady Jane Milford no es una excepci\u00f3n. Por eso acaba de ser presentada como debutante para cumplir con el deber que marca la sociedad: casarse con el pretendiente m\u00e1s adecuado<\/p>\n<p>Sin embargo, el destino pondr\u00e1 en su camino a Blake Norwood, heredero del t\u00edtulo de marqu\u00e9s de Heyworth, y uno de esos hombres inapropiados pero fascinantes que hacen temblar el cuerpo entero y tambi\u00e9n las m\u00e1s f\u00e9rreas convicciones.<\/p>\n<p>Mientras Jane se debate entre hacer lo correcto o dejarse llevar por su deseo hacia Blake, comienza a recibir una serie de cartas firmadas bajo el misterioso seud\u00f3nimo de lady Minerva, quien la anima a explorar el alcance de su pasi\u00f3n y los l\u00edmites de su cuerpo para entender c\u00f3mo son en realidad las relaciones entre hombres y mujeres, descubri\u00e9ndole un mundo de sensaciones que nunca pens\u00f3 que pudiera existir.<\/p>\n<ul>\n<li>N&ordm; de p\u00e1ginas: 344<\/li>\n<li>Editorial: VERGARA (EDICIONES B)<\/li>\n<li>Idioma: CASTELLANO<\/li>\n<li>Encuadernaci\u00f3n: Tapa blanda<\/li>\n<li>ISBN: 9788418620027<\/li>\n<li>A\u00f1o de edici\u00f3n: 2021<\/li>\n<li>Plaza de edici\u00f3n: ES<\/li>\n<li>Fecha de lanzamiento: 08\/07\/2021<\/li>\n<\/ul>\n","protected":false},"excerpt":{"rendered":"<p>LADY JANE Charlotte Grey. UNA JOVEN DEBUTANTE UN HOMBRE INAPROPIADO SE ACAB\u00d3 LA EDAD DE LA INOCENCIA \u00abUna novela capaz<\/p>\n","protected":false},"featured_media":33304,"comment_status":"open","ping_status":"open","template":"","meta":[],"product_cat":[414],"product_tag":[945],"class_list":["post-33303","product","type-product","status-publish","has-post-thumbnail","hentry","product_cat-libros","product_tag-ediciones-b"],"bundled_by":[],"bundle_stock_status":"instock","bundle_stock_quantity":1,"bundle_virtual":false,"bundle_layout":"","bundle_add_to_cart_form_location":"","bundle_editable_in_cart":false,"bundle_sold_individually_context":"","bundle_item_grouping":"","bundle_min_size":"","bundle_max_size":"","bundled_items":[],"yoast_head":"<!-- This site is optimized with the Yoast SEO plugin v20.6 - https:\/\/yoast.com\/wordpress\/plugins\/seo\/ -->\n<title>LADY JANE - Tienda Er\u00f3tica<\/title>\n<meta name=\"robots\" content=\"noindex, follow, max-snippet:-1, max-image-preview:large, max-video-preview:-1\" \/>\n<meta property=\"og:locale\" content=\"es_ES\" \/>\n<meta property=\"og:type\" content=\"article\" \/>\n<meta property=\"og:title\" content=\"LADY JANE - Tienda Er\u00f3tica\" \/>\n<meta property=\"og:description\" content=\"LADY JANE Charlotte Grey. UNA JOVEN DEBUTANTE UN HOMBRE INAPROPIADO SE ACAB\u00d3 LA EDAD DE LA INOCENCIA \u00abUna novela capaz\" \/>\n<meta property=\"og:url\" content=\"https:\/\/demoweb.info\/sexshop001\/producto\/lady-jane\/\" \/>\n<meta property=\"og:site_name\" content=\"Tienda Er\u00f3tica\" \/>\n<meta property=\"article:modified_time\" content=\"2022-01-22T12:09:36+00:00\" \/>\n<meta property=\"og:image\" content=\"https:\/\/demoweb.info\/sexshop001\/wp-content\/uploads\/2022\/01\/LADY-JANE.jpg\" \/>\n\t<meta property=\"og:image:width\" content=\"550\" \/>\n\t<meta property=\"og:image:height\" content=\"550\" \/>\n\t<meta property=\"og:image:type\" content=\"image\/jpeg\" \/>\n<meta name=\"twitter:card\" content=\"summary_large_image\" \/>\n<meta name=\"twitter:label1\" content=\"Tiempo de lectura\" \/>\n\t<meta name=\"twitter:data1\" content=\"1 minuto\" \/>\n<script type=\"application\/ld+json\" class=\"yoast-schema-graph\">{\"@context\":\"https:\/\/schema.org\",\"@graph\":[{\"@type\":\"WebPage\",\"@id\":\"https:\/\/demoweb.info\/sexshop001\/producto\/lady-jane\/\",\"url\":\"https:\/\/demoweb.info\/sexshop001\/producto\/lady-jane\/\",\"name\":\"LADY JANE - Tienda Er\u00f3tica\",\"isPartOf\":{\"@id\":\"https:\/\/demoweb.info\/sexshop001\/#website\"},\"datePublished\":\"2022-01-22T12:09:33+00:00\",\"dateModified\":\"2022-01-22T12:09:36+00:00\",\"breadcrumb\":{\"@id\":\"https:\/\/demoweb.info\/sexshop001\/producto\/lady-jane\/#breadcrumb\"},\"inLanguage\":\"es\",\"potentialAction\":[{\"@type\":\"ReadAction\",\"target\":[\"https:\/\/demoweb.info\/sexshop001\/producto\/lady-jane\/\"]}]},{\"@type\":\"BreadcrumbList\",\"@id\":\"https:\/\/demoweb.info\/sexshop001\/producto\/lady-jane\/#breadcrumb\",\"itemListElement\":[{\"@type\":\"ListItem\",\"position\":1,\"name\":\"Portada\",\"item\":\"https:\/\/demoweb.info\/sexshop001\/\"},{\"@type\":\"ListItem\",\"position\":2,\"name\":\"Tienda\",\"item\":\"https:\/\/demoweb.info\/sexshop001\/tienda\/\"},{\"@type\":\"ListItem\",\"position\":3,\"name\":\"LADY JANE\"}]},{\"@type\":\"WebSite\",\"@id\":\"https:\/\/demoweb.info\/sexshop001\/#website\",\"url\":\"https:\/\/demoweb.info\/sexshop001\/\",\"name\":\"Tienda Er\u00f3tica\",\"description\":\"DEMOWEB SL\",\"potentialAction\":[{\"@type\":\"SearchAction\",\"target\":{\"@type\":\"EntryPoint\",\"urlTemplate\":\"https:\/\/demoweb.info\/sexshop001\/?s={search_term_string}\"},\"query-input\":\"required name=search_term_string\"}],\"inLanguage\":\"es\"}]}<\/script>\n<!-- \/ Yoast SEO plugin. -->","yoast_head_json":{"title":"LADY JANE - Tienda Er\u00f3tica","robots":{"index":"noindex","follow":"follow","max-snippet":"max-snippet:-1","max-image-preview":"max-image-preview:large","max-video-preview":"max-video-preview:-1"},"og_locale":"es_ES","og_type":"article","og_title":"LADY JANE - Tienda Er\u00f3tica","og_description":"LADY JANE Charlotte Grey. UNA JOVEN DEBUTANTE UN HOMBRE INAPROPIADO SE ACAB\u00d3 LA EDAD DE LA INOCENCIA \u00abUna novela capaz","og_url":"https:\/\/demoweb.info\/sexshop001\/producto\/lady-jane\/","og_site_name":"Tienda Er\u00f3tica","article_modified_time":"2022-01-22T12:09:36+00:00","og_image":[{"width":550,"height":550,"url":"https:\/\/demoweb.info\/sexshop001\/wp-content\/uploads\/2022\/01\/LADY-JANE.jpg","type":"image\/jpeg"}],"twitter_card":"summary_large_image","twitter_misc":{"Tiempo de lectura":"1 minuto"},"schema":{"@context":"https:\/\/schema.org","@graph":[{"@type":"WebPage","@id":"https:\/\/demoweb.info\/sexshop001\/producto\/lady-jane\/","url":"https:\/\/demoweb.info\/sexshop001\/producto\/lady-jane\/","name":"LADY JANE - Tienda Er\u00f3tica","isPartOf":{"@id":"https:\/\/demoweb.info\/sexshop001\/#website"},"datePublished":"2022-01-22T12:09:33+00:00","dateModified":"2022-01-22T12:09:36+00:00","breadcrumb":{"@id":"https:\/\/demoweb.info\/sexshop001\/producto\/lady-jane\/#breadcrumb"},"inLanguage":"es","potentialAction":[{"@type":"ReadAction","target":["https:\/\/demoweb.info\/sexshop001\/producto\/lady-jane\/"]}]},{"@type":"BreadcrumbList","@id":"https:\/\/demoweb.info\/sexshop001\/producto\/lady-jane\/#breadcrumb","itemListElement":[{"@type":"ListItem","position":1,"name":"Portada","item":"https:\/\/demoweb.info\/sexshop001\/"},{"@type":"ListItem","position":2,"name":"Tienda","item":"https:\/\/demoweb.info\/sexshop001\/tienda\/"},{"@type":"ListItem","position":3,"name":"LADY JANE"}]},{"@type":"WebSite","@id":"https:\/\/demoweb.info\/sexshop001\/#website","url":"https:\/\/demoweb.info\/sexshop001\/","name":"Tienda Er\u00f3tica","description":"DEMOWEB SL","potentialAction":[{"@type":"SearchAction","target":{"@type":"EntryPoint","urlTemplate":"https:\/\/demoweb.info\/sexshop001\/?s={search_term_string}"},"query-input":"required name=search_term_string"}],"inLanguage":"es"}]}},"_links":{"self":[{"href":"https:\/\/demoweb.info\/sexshop001\/wp-json\/wp\/v3\/product\/33303","targetHints":{"allow":["GET"]}}],"collection":[{"href":"https:\/\/demoweb.info\/sexshop001\/wp-json\/wp\/v3\/product"}],"about":[{"href":"https:\/\/demoweb.info\/sexshop001\/wp-json\/wp\/v2\/types\/product"}],"replies":[{"embeddable":true,"href":"https:\/\/demoweb.info\/sexshop001\/wp-json\/wp\/v2\/comments?post=33303"}],"wp:featuredmedia":[{"embeddable":true,"href":"https:\/\/demoweb.info\/sexshop001\/wp-json\/wp\/v2\/media\/33304"}],"wp:attachment":[{"href":"https:\/\/demoweb.info\/sexshop001\/wp-json\/wp\/v2\/media?parent=33303"}],"wp:term":[{"taxonomy":"product_cat","embeddable":true,"href":"https:\/\/demoweb.info\/sexshop001\/wp-json\/wp\/v2\/product_cat?post=33303"},{"taxonomy":"product_tag","embeddable":true,"href":"https:\/\/demoweb.info\/sexshop001\/wp-json\/wp\/v2\/product_tag?post=33303"}],"curies":[{"name":"wp","href":"https:\/\/api.w.org\/{rel}","templated":true}]}}