{"id":33280,"date":"2022-01-22T13:09:22","date_gmt":"2022-01-22T12:09:22","guid":{"rendered":"https:\/\/demoweb.info\/sexshop001\/producto\/pjur-light-lubricante-silicona-100-ml\/"},"modified":"2022-01-22T13:09:25","modified_gmt":"2022-01-22T12:09:25","slug":"pjur-light-lubricante-silicona-100-ml","status":"publish","type":"product","link":"https:\/\/demoweb.info\/sexshop001\/producto\/pjur-light-lubricante-silicona-100-ml\/","title":{"rendered":"PJUR LIGHT LUBRICANTE SILICONA 100 ML"},"content":{"rendered":"<p><strong>PJUR LIGHT BODYGLIDE SILICONE 100 ML<\/strong><\/p>\n<p>La versi\u00f3n ligera de <strong>Pjur Original<\/strong>.<\/p>\n<p><strong>Pjur Light<\/strong> combina todas las caracter\u00edsticas positivas de Pjur Bodyglide Original en una f\u00f3rmula m\u00e1s fluida, que se extiende mucho m\u00e1s r\u00e1pido, por lo que es una buena opci\u00f3n para el uso con juguetes.<\/p>\n<p><strong>Pjur Light<\/strong> es inodoro e ins\u00edpido, un producto ideal para cualquier persona y una verdadera alternativa a los lubricantes de base agua.<\/p>\n<p><strong>Pjur Light<\/strong> es un lubricante sedoso, loci\u00f3n de masaje y producto de cuidado corporal, todo en uno.<\/p>\n<p>Envase de 100 ml.<\/p>\n","protected":false},"excerpt":{"rendered":"<p>PJUR LIGHT BODYGLIDE SILICONE 100 ML La versi\u00f3n ligera de Pjur Original. Pjur Light combina todas las caracter\u00edsticas positivas de<\/p>\n","protected":false},"featured_media":33281,"comment_status":"open","ping_status":"open","template":"","meta":[],"product_cat":[638],"product_tag":[255,269],"class_list":["post-33280","product","type-product","status-publish","has-post-thumbnail","hentry","product_cat-silicona-lubricantes-aceites-y-lubricantes","product_tag-pjur","product_tag-sex-and-massage"],"bundled_by":[],"bundle_stock_status":"outofstock","bundle_stock_quantity":0,"bundle_virtual":false,"bundle_layout":"","bundle_add_to_cart_form_location":"","bundle_editable_in_cart":false,"bundle_sold_individually_context":"","bundle_item_grouping":"","bundle_min_size":"","bundle_max_size":"","bundled_items":[],"yoast_head":"<!-- This site is optimized with the Yoast SEO plugin v20.6 - https:\/\/yoast.com\/wordpress\/plugins\/seo\/ -->\n<title>PJUR LIGHT LUBRICANTE SILICONA 100 ML - Tienda Er\u00f3tica<\/title>\n<meta name=\"robots\" content=\"noindex, follow, max-snippet:-1, max-image-preview:large, max-video-preview:-1\" \/>\n<meta property=\"og:locale\" content=\"es_ES\" \/>\n<meta property=\"og:type\" content=\"article\" \/>\n<meta property=\"og:title\" content=\"PJUR LIGHT LUBRICANTE SILICONA 100 ML - Tienda Er\u00f3tica\" \/>\n<meta property=\"og:description\" content=\"PJUR LIGHT BODYGLIDE SILICONE 100 ML La versi\u00f3n ligera de Pjur Original. Pjur Light combina todas las caracter\u00edsticas positivas de\" \/>\n<meta property=\"og:url\" content=\"https:\/\/demoweb.info\/sexshop001\/producto\/pjur-light-lubricante-silicona-100-ml\/\" \/>\n<meta property=\"og:site_name\" content=\"Tienda Er\u00f3tica\" \/>\n<meta property=\"article:modified_time\" content=\"2022-01-22T12:09:25+00:00\" \/>\n<meta property=\"og:image\" content=\"https:\/\/demoweb.info\/sexshop001\/wp-content\/uploads\/2022\/01\/PJUR-LIGHT-LUBRICANTE-SILICONA-100-ML.jpg\" \/>\n\t<meta property=\"og:image:width\" content=\"550\" \/>\n\t<meta property=\"og:image:height\" content=\"550\" \/>\n\t<meta property=\"og:image:type\" content=\"image\/jpeg\" \/>\n<meta name=\"twitter:card\" content=\"summary_large_image\" \/>\n<script type=\"application\/ld+json\" class=\"yoast-schema-graph\">{\"@context\":\"https:\/\/schema.org\",\"@graph\":[{\"@type\":\"WebPage\",\"@id\":\"https:\/\/demoweb.info\/sexshop001\/producto\/pjur-light-lubricante-silicona-100-ml\/\",\"url\":\"https:\/\/demoweb.info\/sexshop001\/producto\/pjur-light-lubricante-silicona-100-ml\/\",\"name\":\"PJUR LIGHT LUBRICANTE SILICONA 100 ML - Tienda Er\u00f3tica\",\"isPartOf\":{\"@id\":\"https:\/\/demoweb.info\/sexshop001\/#website\"},\"datePublished\":\"2022-01-22T12:09:22+00:00\",\"dateModified\":\"2022-01-22T12:09:25+00:00\",\"breadcrumb\":{\"@id\":\"https:\/\/demoweb.info\/sexshop001\/producto\/pjur-light-lubricante-silicona-100-ml\/#breadcrumb\"},\"inLanguage\":\"es\",\"potentialAction\":[{\"@type\":\"ReadAction\",\"target\":[\"https:\/\/demoweb.info\/sexshop001\/producto\/pjur-light-lubricante-silicona-100-ml\/\"]}]},{\"@type\":\"BreadcrumbList\",\"@id\":\"https:\/\/demoweb.info\/sexshop001\/producto\/pjur-light-lubricante-silicona-100-ml\/#breadcrumb\",\"itemListElement\":[{\"@type\":\"ListItem\",\"position\":1,\"name\":\"Portada\",\"item\":\"https:\/\/demoweb.info\/sexshop001\/\"},{\"@type\":\"ListItem\",\"position\":2,\"name\":\"Tienda\",\"item\":\"https:\/\/demoweb.info\/sexshop001\/tienda\/\"},{\"@type\":\"ListItem\",\"position\":3,\"name\":\"PJUR LIGHT LUBRICANTE SILICONA 100 ML\"}]},{\"@type\":\"WebSite\",\"@id\":\"https:\/\/demoweb.info\/sexshop001\/#website\",\"url\":\"https:\/\/demoweb.info\/sexshop001\/\",\"name\":\"Tienda Er\u00f3tica\",\"description\":\"DEMOWEB SL\",\"potentialAction\":[{\"@type\":\"SearchAction\",\"target\":{\"@type\":\"EntryPoint\",\"urlTemplate\":\"https:\/\/demoweb.info\/sexshop001\/?s={search_term_string}\"},\"query-input\":\"required name=search_term_string\"}],\"inLanguage\":\"es\"}]}<\/script>\n<!-- \/ Yoast SEO plugin. -->","yoast_head_json":{"title":"PJUR LIGHT LUBRICANTE SILICONA 100 ML - Tienda Er\u00f3tica","robots":{"index":"noindex","follow":"follow","max-snippet":"max-snippet:-1","max-image-preview":"max-image-preview:large","max-video-preview":"max-video-preview:-1"},"og_locale":"es_ES","og_type":"article","og_title":"PJUR LIGHT LUBRICANTE SILICONA 100 ML - Tienda Er\u00f3tica","og_description":"PJUR LIGHT BODYGLIDE SILICONE 100 ML La versi\u00f3n ligera de Pjur Original. Pjur Light combina todas las caracter\u00edsticas positivas de","og_url":"https:\/\/demoweb.info\/sexshop001\/producto\/pjur-light-lubricante-silicona-100-ml\/","og_site_name":"Tienda Er\u00f3tica","article_modified_time":"2022-01-22T12:09:25+00:00","og_image":[{"width":550,"height":550,"url":"https:\/\/demoweb.info\/sexshop001\/wp-content\/uploads\/2022\/01\/PJUR-LIGHT-LUBRICANTE-SILICONA-100-ML.jpg","type":"image\/jpeg"}],"twitter_card":"summary_large_image","schema":{"@context":"https:\/\/schema.org","@graph":[{"@type":"WebPage","@id":"https:\/\/demoweb.info\/sexshop001\/producto\/pjur-light-lubricante-silicona-100-ml\/","url":"https:\/\/demoweb.info\/sexshop001\/producto\/pjur-light-lubricante-silicona-100-ml\/","name":"PJUR LIGHT LUBRICANTE SILICONA 100 ML - Tienda Er\u00f3tica","isPartOf":{"@id":"https:\/\/demoweb.info\/sexshop001\/#website"},"datePublished":"2022-01-22T12:09:22+00:00","dateModified":"2022-01-22T12:09:25+00:00","breadcrumb":{"@id":"https:\/\/demoweb.info\/sexshop001\/producto\/pjur-light-lubricante-silicona-100-ml\/#breadcrumb"},"inLanguage":"es","potentialAction":[{"@type":"ReadAction","target":["https:\/\/demoweb.info\/sexshop001\/producto\/pjur-light-lubricante-silicona-100-ml\/"]}]},{"@type":"BreadcrumbList","@id":"https:\/\/demoweb.info\/sexshop001\/producto\/pjur-light-lubricante-silicona-100-ml\/#breadcrumb","itemListElement":[{"@type":"ListItem","position":1,"name":"Portada","item":"https:\/\/demoweb.info\/sexshop001\/"},{"@type":"ListItem","position":2,"name":"Tienda","item":"https:\/\/demoweb.info\/sexshop001\/tienda\/"},{"@type":"ListItem","position":3,"name":"PJUR LIGHT LUBRICANTE SILICONA 100 ML"}]},{"@type":"WebSite","@id":"https:\/\/demoweb.info\/sexshop001\/#website","url":"https:\/\/demoweb.info\/sexshop001\/","name":"Tienda Er\u00f3tica","description":"DEMOWEB SL","potentialAction":[{"@type":"SearchAction","target":{"@type":"EntryPoint","urlTemplate":"https:\/\/demoweb.info\/sexshop001\/?s={search_term_string}"},"query-input":"required name=search_term_string"}],"inLanguage":"es"}]}},"_links":{"self":[{"href":"https:\/\/demoweb.info\/sexshop001\/wp-json\/wp\/v3\/product\/33280","targetHints":{"allow":["GET"]}}],"collection":[{"href":"https:\/\/demoweb.info\/sexshop001\/wp-json\/wp\/v3\/product"}],"about":[{"href":"https:\/\/demoweb.info\/sexshop001\/wp-json\/wp\/v2\/types\/product"}],"replies":[{"embeddable":true,"href":"https:\/\/demoweb.info\/sexshop001\/wp-json\/wp\/v2\/comments?post=33280"}],"wp:featuredmedia":[{"embeddable":true,"href":"https:\/\/demoweb.info\/sexshop001\/wp-json\/wp\/v2\/media\/33281"}],"wp:attachment":[{"href":"https:\/\/demoweb.info\/sexshop001\/wp-json\/wp\/v2\/media?parent=33280"}],"wp:term":[{"taxonomy":"product_cat","embeddable":true,"href":"https:\/\/demoweb.info\/sexshop001\/wp-json\/wp\/v2\/product_cat?post=33280"},{"taxonomy":"product_tag","embeddable":true,"href":"https:\/\/demoweb.info\/sexshop001\/wp-json\/wp\/v2\/product_tag?post=33280"}],"curies":[{"name":"wp","href":"https:\/\/api.w.org\/{rel}","templated":true}]}}