{"id":33130,"date":"2022-01-22T13:07:49","date_gmt":"2022-01-22T12:07:49","guid":{"rendered":"https:\/\/demoweb.info\/sexshop001\/producto\/icicles-no-86-rosa\/"},"modified":"2022-01-22T13:07:49","modified_gmt":"2022-01-22T12:07:49","slug":"icicles-no-86-rosa","status":"publish","type":"product","link":"https:\/\/demoweb.info\/sexshop001\/producto\/icicles-no-86-rosa\/","title":{"rendered":"ICICLES NO. 86 &#8211; ROSA"},"content":{"rendered":"<p><strong>ICICLES NO. 86 &#8211; PINK<\/strong><\/p>\n<p>Icicle No. 86 est\u00e1 dise\u00f1ado para crear la mejor experiencia en excitantes sesiones de sexo en solitario, \u00a1o compartirlo con un compa\u00f1ero para una aventura sexual sublime!<\/p>\n<p>Este masajeador de vidrio presenta un dise\u00f1o f\u00e1lico realista y lujurioso y una base de 5.2 cm, perfecta para agarrar y usar con arn\u00e9s. Una base de ventosa de silicona Elite extra\u00edble y potente sostiene el Icicle No. 86 de forma segura en su lugar, para brindarle una estimulaci\u00f3n emocionante justo donde la desea.<\/p>\n<p>Adem\u00e1s, la base de silicona suave es muy flexible, lo que le brinda la libertad de placer desde pr\u00e1cticamente cualquier \u00e1ngulo.<\/p>\n<p><strong>CARACTER\u00cdSTICAS<\/strong><\/p>\n<ul>\n<li>Dimensiones del producto: Dong: 17 x 3 cm | Suction cup base: 4.4 x 7 cm<\/li>\n<li>Longitud total: 17 cm<\/li>\n<li>Di\u00e1metro: 3 cm<\/li>\n<li>Longitud insertable: 15.5 cm<\/li>\n<li>Seguro para el cuerpo: Si<\/li>\n<li>Material: Vidrio | Silicona<\/li>\n<\/ul>\n","protected":false},"excerpt":{"rendered":"<p>ICICLES NO. 86 &#8211; PINK Icicle No. 86 est\u00e1 dise\u00f1ado para crear la mejor experiencia en excitantes sesiones de sexo<\/p>\n","protected":false},"featured_media":33131,"comment_status":"open","ping_status":"open","template":"","meta":[],"product_cat":[669],"product_tag":[793,259],"class_list":["post-33130","product","type-product","status-publish","has-post-thumbnail","hentry","product_cat-cristal-dildos","product_tag-icicles","product_tag-pipedream"],"bundled_by":[],"bundle_stock_status":"instock","bundle_stock_quantity":1,"bundle_virtual":false,"bundle_layout":"","bundle_add_to_cart_form_location":"","bundle_editable_in_cart":false,"bundle_sold_individually_context":"","bundle_item_grouping":"","bundle_min_size":"","bundle_max_size":"","bundled_items":[],"yoast_head":"<!-- This site is optimized with the Yoast SEO plugin v20.6 - https:\/\/yoast.com\/wordpress\/plugins\/seo\/ -->\n<title>ICICLES NO. 86 - ROSA - Tienda Er\u00f3tica<\/title>\n<meta name=\"robots\" content=\"noindex, follow, max-snippet:-1, max-image-preview:large, max-video-preview:-1\" \/>\n<meta property=\"og:locale\" content=\"es_ES\" \/>\n<meta property=\"og:type\" content=\"article\" \/>\n<meta property=\"og:title\" content=\"ICICLES NO. 86 - ROSA - Tienda Er\u00f3tica\" \/>\n<meta property=\"og:description\" content=\"ICICLES NO. 86 &#8211; PINK Icicle No. 86 est\u00e1 dise\u00f1ado para crear la mejor experiencia en excitantes sesiones de sexo\" \/>\n<meta property=\"og:url\" content=\"https:\/\/demoweb.info\/sexshop001\/producto\/icicles-no-86-rosa\/\" \/>\n<meta property=\"og:site_name\" content=\"Tienda Er\u00f3tica\" \/>\n<meta property=\"og:image\" content=\"https:\/\/demoweb.info\/sexshop001\/wp-content\/uploads\/2022\/01\/ICICLES-NO.-86-ROSA.jpg\" \/>\n\t<meta property=\"og:image:width\" content=\"550\" \/>\n\t<meta property=\"og:image:height\" content=\"550\" \/>\n\t<meta property=\"og:image:type\" content=\"image\/jpeg\" \/>\n<meta name=\"twitter:card\" content=\"summary_large_image\" \/>\n<meta name=\"twitter:label1\" content=\"Tiempo de lectura\" \/>\n\t<meta name=\"twitter:data1\" content=\"1 minuto\" \/>\n<script type=\"application\/ld+json\" class=\"yoast-schema-graph\">{\"@context\":\"https:\/\/schema.org\",\"@graph\":[{\"@type\":\"WebPage\",\"@id\":\"https:\/\/demoweb.info\/sexshop001\/producto\/icicles-no-86-rosa\/\",\"url\":\"https:\/\/demoweb.info\/sexshop001\/producto\/icicles-no-86-rosa\/\",\"name\":\"ICICLES NO. 86 - ROSA - Tienda Er\u00f3tica\",\"isPartOf\":{\"@id\":\"https:\/\/demoweb.info\/sexshop001\/#website\"},\"datePublished\":\"2022-01-22T12:07:49+00:00\",\"dateModified\":\"2022-01-22T12:07:49+00:00\",\"breadcrumb\":{\"@id\":\"https:\/\/demoweb.info\/sexshop001\/producto\/icicles-no-86-rosa\/#breadcrumb\"},\"inLanguage\":\"es\",\"potentialAction\":[{\"@type\":\"ReadAction\",\"target\":[\"https:\/\/demoweb.info\/sexshop001\/producto\/icicles-no-86-rosa\/\"]}]},{\"@type\":\"BreadcrumbList\",\"@id\":\"https:\/\/demoweb.info\/sexshop001\/producto\/icicles-no-86-rosa\/#breadcrumb\",\"itemListElement\":[{\"@type\":\"ListItem\",\"position\":1,\"name\":\"Portada\",\"item\":\"https:\/\/demoweb.info\/sexshop001\/\"},{\"@type\":\"ListItem\",\"position\":2,\"name\":\"Tienda\",\"item\":\"https:\/\/demoweb.info\/sexshop001\/tienda\/\"},{\"@type\":\"ListItem\",\"position\":3,\"name\":\"ICICLES NO. 86 &#8211; ROSA\"}]},{\"@type\":\"WebSite\",\"@id\":\"https:\/\/demoweb.info\/sexshop001\/#website\",\"url\":\"https:\/\/demoweb.info\/sexshop001\/\",\"name\":\"Tienda Er\u00f3tica\",\"description\":\"DEMOWEB SL\",\"potentialAction\":[{\"@type\":\"SearchAction\",\"target\":{\"@type\":\"EntryPoint\",\"urlTemplate\":\"https:\/\/demoweb.info\/sexshop001\/?s={search_term_string}\"},\"query-input\":\"required name=search_term_string\"}],\"inLanguage\":\"es\"}]}<\/script>\n<!-- \/ Yoast SEO plugin. -->","yoast_head_json":{"title":"ICICLES NO. 86 - ROSA - Tienda Er\u00f3tica","robots":{"index":"noindex","follow":"follow","max-snippet":"max-snippet:-1","max-image-preview":"max-image-preview:large","max-video-preview":"max-video-preview:-1"},"og_locale":"es_ES","og_type":"article","og_title":"ICICLES NO. 86 - ROSA - Tienda Er\u00f3tica","og_description":"ICICLES NO. 86 &#8211; PINK Icicle No. 86 est\u00e1 dise\u00f1ado para crear la mejor experiencia en excitantes sesiones de sexo","og_url":"https:\/\/demoweb.info\/sexshop001\/producto\/icicles-no-86-rosa\/","og_site_name":"Tienda Er\u00f3tica","og_image":[{"width":550,"height":550,"url":"https:\/\/demoweb.info\/sexshop001\/wp-content\/uploads\/2022\/01\/ICICLES-NO.-86-ROSA.jpg","type":"image\/jpeg"}],"twitter_card":"summary_large_image","twitter_misc":{"Tiempo de lectura":"1 minuto"},"schema":{"@context":"https:\/\/schema.org","@graph":[{"@type":"WebPage","@id":"https:\/\/demoweb.info\/sexshop001\/producto\/icicles-no-86-rosa\/","url":"https:\/\/demoweb.info\/sexshop001\/producto\/icicles-no-86-rosa\/","name":"ICICLES NO. 86 - ROSA - Tienda Er\u00f3tica","isPartOf":{"@id":"https:\/\/demoweb.info\/sexshop001\/#website"},"datePublished":"2022-01-22T12:07:49+00:00","dateModified":"2022-01-22T12:07:49+00:00","breadcrumb":{"@id":"https:\/\/demoweb.info\/sexshop001\/producto\/icicles-no-86-rosa\/#breadcrumb"},"inLanguage":"es","potentialAction":[{"@type":"ReadAction","target":["https:\/\/demoweb.info\/sexshop001\/producto\/icicles-no-86-rosa\/"]}]},{"@type":"BreadcrumbList","@id":"https:\/\/demoweb.info\/sexshop001\/producto\/icicles-no-86-rosa\/#breadcrumb","itemListElement":[{"@type":"ListItem","position":1,"name":"Portada","item":"https:\/\/demoweb.info\/sexshop001\/"},{"@type":"ListItem","position":2,"name":"Tienda","item":"https:\/\/demoweb.info\/sexshop001\/tienda\/"},{"@type":"ListItem","position":3,"name":"ICICLES NO. 86 &#8211; ROSA"}]},{"@type":"WebSite","@id":"https:\/\/demoweb.info\/sexshop001\/#website","url":"https:\/\/demoweb.info\/sexshop001\/","name":"Tienda Er\u00f3tica","description":"DEMOWEB SL","potentialAction":[{"@type":"SearchAction","target":{"@type":"EntryPoint","urlTemplate":"https:\/\/demoweb.info\/sexshop001\/?s={search_term_string}"},"query-input":"required name=search_term_string"}],"inLanguage":"es"}]}},"_links":{"self":[{"href":"https:\/\/demoweb.info\/sexshop001\/wp-json\/wp\/v3\/product\/33130","targetHints":{"allow":["GET"]}}],"collection":[{"href":"https:\/\/demoweb.info\/sexshop001\/wp-json\/wp\/v3\/product"}],"about":[{"href":"https:\/\/demoweb.info\/sexshop001\/wp-json\/wp\/v2\/types\/product"}],"replies":[{"embeddable":true,"href":"https:\/\/demoweb.info\/sexshop001\/wp-json\/wp\/v2\/comments?post=33130"}],"wp:featuredmedia":[{"embeddable":true,"href":"https:\/\/demoweb.info\/sexshop001\/wp-json\/wp\/v2\/media\/33131"}],"wp:attachment":[{"href":"https:\/\/demoweb.info\/sexshop001\/wp-json\/wp\/v2\/media?parent=33130"}],"wp:term":[{"taxonomy":"product_cat","embeddable":true,"href":"https:\/\/demoweb.info\/sexshop001\/wp-json\/wp\/v2\/product_cat?post=33130"},{"taxonomy":"product_tag","embeddable":true,"href":"https:\/\/demoweb.info\/sexshop001\/wp-json\/wp\/v2\/product_tag?post=33130"}],"curies":[{"name":"wp","href":"https:\/\/api.w.org\/{rel}","templated":true}]}}