{"id":33125,"date":"2022-01-22T13:07:32","date_gmt":"2022-01-22T12:07:32","guid":{"rendered":"https:\/\/demoweb.info\/sexshop001\/producto\/bird-of-paradise-xl-vibe-morado\/"},"modified":"2022-01-22T13:07:45","modified_gmt":"2022-01-22T12:07:45","slug":"bird-of-paradise-xl-vibe-morado","status":"publish","type":"product","link":"https:\/\/demoweb.info\/sexshop001\/producto\/bird-of-paradise-xl-vibe-morado\/","title":{"rendered":"BIRD OF PARADISE XL VIBE &#8211; MORADO"},"content":{"rendered":"<p><strong>BIRD OF PARADISE XL VIBE &#8211; PURPLE<\/strong><\/p>\n<p>M\u00edmate con el toque travieso de Happiness de TOYJOY. El Bird Of Paradise XL Vibe puede parecer lindo e inocente, \u00a1pero tiene una gran cantidad de poder alucinante!<\/p>\n<p>Este vibrador de punto G ofrece m\u00faltiples modos de vibraci\u00f3n y pulsaci\u00f3n, que se alternan f\u00e1cilmente con solo tocar un bot\u00f3n.<\/p>\n<p>\u00a1El Bird Of Paradise XL Vibe presenta una punta bulbosa que siempre da en el lugar correcto! El Bird Of Paradise XL Vibe es recargable por USB, a prueba de salpicaduras y est\u00e1 hecho de silicona de primera clase.<\/p>\n<p>\u00a1Enci\u00e9ndete con esta gema suave como la seda y dale a tus puntos calientes algo por lo que estar realmente feliz!<\/p>\n<p><strong>CARACTER\u00cdSTICAS<\/strong><\/p>\n<ul>\n<li>Dimensiones del producto: 18 x 3 x 3 cm<\/li>\n<li>Longitud total: 18 cm<\/li>\n<li>Di\u00e1metro: 3 cm<\/li>\n<li>Longitud insertable: 16 cm<\/li>\n<li>Vibrando: Si<\/li>\n<li>Modos de vibraci\u00f3n: 4<\/li>\n<li>Modos de velocidad: 3<\/li>\n<li>Resistencia al agua: A prueba de salpicaduras<\/li>\n<li>Seguro para el curepo: Si<\/li>\n<li>Material: Silicona 100% pura | Pl\u00e1stico ABS.<\/li>\n<li>Motores: 1<\/li>\n<li>Recargable: USB rechargeable<\/li>\n<li>Pilas requeridas: Lithium Ion<\/li>\n<li>Baterias incluidas: Si<\/li>\n<li>Tiempo de carga en minutos: 60<\/li>\n<li>Tiempo de funcionamiento en minutos: 90<\/li>\n<\/ul>\n","protected":false},"excerpt":{"rendered":"<p>BIRD OF PARADISE XL VIBE &#8211; PURPLE M\u00edmate con el toque travieso de Happiness de TOYJOY. El Bird Of Paradise<\/p>\n","protected":false},"featured_media":33126,"comment_status":"open","ping_status":"open","template":"","meta":[],"product_cat":[639],"product_tag":[1205,247],"class_list":["post-33125","product","type-product","status-publish","has-post-thumbnail","hentry","product_cat-punto-g","product_tag-toy-joy","product_tag-toyjoy"],"bundled_by":[],"bundle_stock_status":"instock","bundle_stock_quantity":20,"bundle_virtual":false,"bundle_layout":"","bundle_add_to_cart_form_location":"","bundle_editable_in_cart":false,"bundle_sold_individually_context":"","bundle_item_grouping":"","bundle_min_size":"","bundle_max_size":"","bundled_items":[],"yoast_head":"<!-- This site is optimized with the Yoast SEO plugin v20.6 - https:\/\/yoast.com\/wordpress\/plugins\/seo\/ -->\n<title>BIRD OF PARADISE XL VIBE - MORADO - Tienda Er\u00f3tica<\/title>\n<meta name=\"robots\" content=\"noindex, follow, max-snippet:-1, max-image-preview:large, max-video-preview:-1\" \/>\n<meta property=\"og:locale\" content=\"es_ES\" \/>\n<meta property=\"og:type\" content=\"article\" \/>\n<meta property=\"og:title\" content=\"BIRD OF PARADISE XL VIBE - MORADO - Tienda Er\u00f3tica\" \/>\n<meta property=\"og:description\" content=\"BIRD OF PARADISE XL VIBE &#8211; PURPLE M\u00edmate con el toque travieso de Happiness de TOYJOY. El Bird Of Paradise\" \/>\n<meta property=\"og:url\" content=\"https:\/\/demoweb.info\/sexshop001\/producto\/bird-of-paradise-xl-vibe-morado\/\" \/>\n<meta property=\"og:site_name\" content=\"Tienda Er\u00f3tica\" \/>\n<meta property=\"article:modified_time\" content=\"2022-01-22T12:07:45+00:00\" \/>\n<meta property=\"og:image\" content=\"https:\/\/demoweb.info\/sexshop001\/wp-content\/uploads\/2022\/01\/BIRD-OF-PARADISE-XL-VIBE-MORADO.jpg\" \/>\n\t<meta property=\"og:image:width\" content=\"550\" \/>\n\t<meta property=\"og:image:height\" content=\"550\" \/>\n\t<meta property=\"og:image:type\" content=\"image\/jpeg\" \/>\n<meta name=\"twitter:card\" content=\"summary_large_image\" \/>\n<meta name=\"twitter:label1\" content=\"Tiempo de lectura\" \/>\n\t<meta name=\"twitter:data1\" content=\"1 minuto\" \/>\n<script type=\"application\/ld+json\" class=\"yoast-schema-graph\">{\"@context\":\"https:\/\/schema.org\",\"@graph\":[{\"@type\":\"WebPage\",\"@id\":\"https:\/\/demoweb.info\/sexshop001\/producto\/bird-of-paradise-xl-vibe-morado\/\",\"url\":\"https:\/\/demoweb.info\/sexshop001\/producto\/bird-of-paradise-xl-vibe-morado\/\",\"name\":\"BIRD OF PARADISE XL VIBE - MORADO - Tienda Er\u00f3tica\",\"isPartOf\":{\"@id\":\"https:\/\/demoweb.info\/sexshop001\/#website\"},\"datePublished\":\"2022-01-22T12:07:32+00:00\",\"dateModified\":\"2022-01-22T12:07:45+00:00\",\"breadcrumb\":{\"@id\":\"https:\/\/demoweb.info\/sexshop001\/producto\/bird-of-paradise-xl-vibe-morado\/#breadcrumb\"},\"inLanguage\":\"es\",\"potentialAction\":[{\"@type\":\"ReadAction\",\"target\":[\"https:\/\/demoweb.info\/sexshop001\/producto\/bird-of-paradise-xl-vibe-morado\/\"]}]},{\"@type\":\"BreadcrumbList\",\"@id\":\"https:\/\/demoweb.info\/sexshop001\/producto\/bird-of-paradise-xl-vibe-morado\/#breadcrumb\",\"itemListElement\":[{\"@type\":\"ListItem\",\"position\":1,\"name\":\"Portada\",\"item\":\"https:\/\/demoweb.info\/sexshop001\/\"},{\"@type\":\"ListItem\",\"position\":2,\"name\":\"Tienda\",\"item\":\"https:\/\/demoweb.info\/sexshop001\/tienda\/\"},{\"@type\":\"ListItem\",\"position\":3,\"name\":\"BIRD OF PARADISE XL VIBE &#8211; MORADO\"}]},{\"@type\":\"WebSite\",\"@id\":\"https:\/\/demoweb.info\/sexshop001\/#website\",\"url\":\"https:\/\/demoweb.info\/sexshop001\/\",\"name\":\"Tienda Er\u00f3tica\",\"description\":\"DEMOWEB SL\",\"potentialAction\":[{\"@type\":\"SearchAction\",\"target\":{\"@type\":\"EntryPoint\",\"urlTemplate\":\"https:\/\/demoweb.info\/sexshop001\/?s={search_term_string}\"},\"query-input\":\"required name=search_term_string\"}],\"inLanguage\":\"es\"}]}<\/script>\n<!-- \/ Yoast SEO plugin. -->","yoast_head_json":{"title":"BIRD OF PARADISE XL VIBE - MORADO - Tienda Er\u00f3tica","robots":{"index":"noindex","follow":"follow","max-snippet":"max-snippet:-1","max-image-preview":"max-image-preview:large","max-video-preview":"max-video-preview:-1"},"og_locale":"es_ES","og_type":"article","og_title":"BIRD OF PARADISE XL VIBE - MORADO - Tienda Er\u00f3tica","og_description":"BIRD OF PARADISE XL VIBE &#8211; PURPLE M\u00edmate con el toque travieso de Happiness de TOYJOY. El Bird Of Paradise","og_url":"https:\/\/demoweb.info\/sexshop001\/producto\/bird-of-paradise-xl-vibe-morado\/","og_site_name":"Tienda Er\u00f3tica","article_modified_time":"2022-01-22T12:07:45+00:00","og_image":[{"width":550,"height":550,"url":"https:\/\/demoweb.info\/sexshop001\/wp-content\/uploads\/2022\/01\/BIRD-OF-PARADISE-XL-VIBE-MORADO.jpg","type":"image\/jpeg"}],"twitter_card":"summary_large_image","twitter_misc":{"Tiempo de lectura":"1 minuto"},"schema":{"@context":"https:\/\/schema.org","@graph":[{"@type":"WebPage","@id":"https:\/\/demoweb.info\/sexshop001\/producto\/bird-of-paradise-xl-vibe-morado\/","url":"https:\/\/demoweb.info\/sexshop001\/producto\/bird-of-paradise-xl-vibe-morado\/","name":"BIRD OF PARADISE XL VIBE - MORADO - Tienda Er\u00f3tica","isPartOf":{"@id":"https:\/\/demoweb.info\/sexshop001\/#website"},"datePublished":"2022-01-22T12:07:32+00:00","dateModified":"2022-01-22T12:07:45+00:00","breadcrumb":{"@id":"https:\/\/demoweb.info\/sexshop001\/producto\/bird-of-paradise-xl-vibe-morado\/#breadcrumb"},"inLanguage":"es","potentialAction":[{"@type":"ReadAction","target":["https:\/\/demoweb.info\/sexshop001\/producto\/bird-of-paradise-xl-vibe-morado\/"]}]},{"@type":"BreadcrumbList","@id":"https:\/\/demoweb.info\/sexshop001\/producto\/bird-of-paradise-xl-vibe-morado\/#breadcrumb","itemListElement":[{"@type":"ListItem","position":1,"name":"Portada","item":"https:\/\/demoweb.info\/sexshop001\/"},{"@type":"ListItem","position":2,"name":"Tienda","item":"https:\/\/demoweb.info\/sexshop001\/tienda\/"},{"@type":"ListItem","position":3,"name":"BIRD OF PARADISE XL VIBE &#8211; MORADO"}]},{"@type":"WebSite","@id":"https:\/\/demoweb.info\/sexshop001\/#website","url":"https:\/\/demoweb.info\/sexshop001\/","name":"Tienda Er\u00f3tica","description":"DEMOWEB SL","potentialAction":[{"@type":"SearchAction","target":{"@type":"EntryPoint","urlTemplate":"https:\/\/demoweb.info\/sexshop001\/?s={search_term_string}"},"query-input":"required name=search_term_string"}],"inLanguage":"es"}]}},"_links":{"self":[{"href":"https:\/\/demoweb.info\/sexshop001\/wp-json\/wp\/v3\/product\/33125","targetHints":{"allow":["GET"]}}],"collection":[{"href":"https:\/\/demoweb.info\/sexshop001\/wp-json\/wp\/v3\/product"}],"about":[{"href":"https:\/\/demoweb.info\/sexshop001\/wp-json\/wp\/v2\/types\/product"}],"replies":[{"embeddable":true,"href":"https:\/\/demoweb.info\/sexshop001\/wp-json\/wp\/v2\/comments?post=33125"}],"wp:featuredmedia":[{"embeddable":true,"href":"https:\/\/demoweb.info\/sexshop001\/wp-json\/wp\/v2\/media\/33126"}],"wp:attachment":[{"href":"https:\/\/demoweb.info\/sexshop001\/wp-json\/wp\/v2\/media?parent=33125"}],"wp:term":[{"taxonomy":"product_cat","embeddable":true,"href":"https:\/\/demoweb.info\/sexshop001\/wp-json\/wp\/v2\/product_cat?post=33125"},{"taxonomy":"product_tag","embeddable":true,"href":"https:\/\/demoweb.info\/sexshop001\/wp-json\/wp\/v2\/product_tag?post=33125"}],"curies":[{"name":"wp","href":"https:\/\/api.w.org\/{rel}","templated":true}]}}