{"id":33106,"date":"2022-01-22T13:07:32","date_gmt":"2022-01-22T12:07:32","guid":{"rendered":"https:\/\/demoweb.info\/sexshop001\/producto\/anillo-novios-diamante-love-erotico-colores-surtidos\/"},"modified":"2022-01-22T13:07:32","modified_gmt":"2022-01-22T12:07:32","slug":"anillo-novios-diamante-love-erotico-colores-surtidos","status":"publish","type":"product","link":"https:\/\/demoweb.info\/sexshop001\/producto\/anillo-novios-diamante-love-erotico-colores-surtidos\/","title":{"rendered":"ANILLO NOVIOS DIAMANTE LOVE ER\u00d3TICO &#8211; COLORES SURTIDOS"},"content":{"rendered":"<p><strong>ANILLO NOVIOS DIAMANTE LOVE ER\u00d3TICO <\/strong><\/p>\n<p><strong>COLORES SURTIDOS<\/strong><\/p>\n","protected":false},"excerpt":{"rendered":"<p>ANILLO NOVIOS DIAMANTE LOVE ER\u00d3TICO COLORES SURTIDOS<\/p>\n","protected":false},"featured_media":33107,"comment_status":"open","ping_status":"open","template":"","meta":[],"product_cat":[643],"product_tag":[837],"class_list":["post-33106","product","type-product","status-publish","has-post-thumbnail","hentry","product_cat-basicos-anillos","product_tag-inedit"],"bundled_by":[],"bundle_stock_status":"instock","bundle_stock_quantity":2,"bundle_virtual":false,"bundle_layout":"","bundle_add_to_cart_form_location":"","bundle_editable_in_cart":false,"bundle_sold_individually_context":"","bundle_item_grouping":"","bundle_min_size":"","bundle_max_size":"","bundled_items":[],"yoast_head":"<!-- This site is optimized with the Yoast SEO plugin v20.6 - https:\/\/yoast.com\/wordpress\/plugins\/seo\/ -->\n<title>ANILLO NOVIOS DIAMANTE LOVE ER\u00d3TICO - COLORES SURTIDOS - Tienda Er\u00f3tica<\/title>\n<meta name=\"robots\" content=\"noindex, follow, max-snippet:-1, max-image-preview:large, max-video-preview:-1\" \/>\n<meta property=\"og:locale\" content=\"es_ES\" \/>\n<meta property=\"og:type\" content=\"article\" \/>\n<meta property=\"og:title\" content=\"ANILLO NOVIOS DIAMANTE LOVE ER\u00d3TICO - COLORES SURTIDOS - Tienda Er\u00f3tica\" \/>\n<meta property=\"og:description\" content=\"ANILLO NOVIOS DIAMANTE LOVE ER\u00d3TICO COLORES SURTIDOS\" \/>\n<meta property=\"og:url\" content=\"https:\/\/demoweb.info\/sexshop001\/producto\/anillo-novios-diamante-love-erotico-colores-surtidos\/\" \/>\n<meta property=\"og:site_name\" content=\"Tienda Er\u00f3tica\" \/>\n<meta property=\"og:image\" content=\"https:\/\/demoweb.info\/sexshop001\/wp-content\/uploads\/2022\/01\/ANILLO-NOVIOS-DIAMANTE-LOVE-EROTICO-COLORES-SURTIDOS.jpg\" \/>\n\t<meta property=\"og:image:width\" content=\"550\" \/>\n\t<meta property=\"og:image:height\" content=\"550\" \/>\n\t<meta property=\"og:image:type\" content=\"image\/jpeg\" \/>\n<meta name=\"twitter:card\" content=\"summary_large_image\" \/>\n<script type=\"application\/ld+json\" class=\"yoast-schema-graph\">{\"@context\":\"https:\/\/schema.org\",\"@graph\":[{\"@type\":\"WebPage\",\"@id\":\"https:\/\/demoweb.info\/sexshop001\/producto\/anillo-novios-diamante-love-erotico-colores-surtidos\/\",\"url\":\"https:\/\/demoweb.info\/sexshop001\/producto\/anillo-novios-diamante-love-erotico-colores-surtidos\/\",\"name\":\"ANILLO NOVIOS DIAMANTE LOVE ER\u00d3TICO - COLORES SURTIDOS - Tienda Er\u00f3tica\",\"isPartOf\":{\"@id\":\"https:\/\/demoweb.info\/sexshop001\/#website\"},\"datePublished\":\"2022-01-22T12:07:32+00:00\",\"dateModified\":\"2022-01-22T12:07:32+00:00\",\"breadcrumb\":{\"@id\":\"https:\/\/demoweb.info\/sexshop001\/producto\/anillo-novios-diamante-love-erotico-colores-surtidos\/#breadcrumb\"},\"inLanguage\":\"es\",\"potentialAction\":[{\"@type\":\"ReadAction\",\"target\":[\"https:\/\/demoweb.info\/sexshop001\/producto\/anillo-novios-diamante-love-erotico-colores-surtidos\/\"]}]},{\"@type\":\"BreadcrumbList\",\"@id\":\"https:\/\/demoweb.info\/sexshop001\/producto\/anillo-novios-diamante-love-erotico-colores-surtidos\/#breadcrumb\",\"itemListElement\":[{\"@type\":\"ListItem\",\"position\":1,\"name\":\"Portada\",\"item\":\"https:\/\/demoweb.info\/sexshop001\/\"},{\"@type\":\"ListItem\",\"position\":2,\"name\":\"Tienda\",\"item\":\"https:\/\/demoweb.info\/sexshop001\/tienda\/\"},{\"@type\":\"ListItem\",\"position\":3,\"name\":\"ANILLO NOVIOS DIAMANTE LOVE ER\u00d3TICO &#8211; COLORES SURTIDOS\"}]},{\"@type\":\"WebSite\",\"@id\":\"https:\/\/demoweb.info\/sexshop001\/#website\",\"url\":\"https:\/\/demoweb.info\/sexshop001\/\",\"name\":\"Tienda Er\u00f3tica\",\"description\":\"DEMOWEB SL\",\"potentialAction\":[{\"@type\":\"SearchAction\",\"target\":{\"@type\":\"EntryPoint\",\"urlTemplate\":\"https:\/\/demoweb.info\/sexshop001\/?s={search_term_string}\"},\"query-input\":\"required name=search_term_string\"}],\"inLanguage\":\"es\"}]}<\/script>\n<!-- \/ Yoast SEO plugin. -->","yoast_head_json":{"title":"ANILLO NOVIOS DIAMANTE LOVE ER\u00d3TICO - COLORES SURTIDOS - Tienda Er\u00f3tica","robots":{"index":"noindex","follow":"follow","max-snippet":"max-snippet:-1","max-image-preview":"max-image-preview:large","max-video-preview":"max-video-preview:-1"},"og_locale":"es_ES","og_type":"article","og_title":"ANILLO NOVIOS DIAMANTE LOVE ER\u00d3TICO - COLORES SURTIDOS - Tienda Er\u00f3tica","og_description":"ANILLO NOVIOS DIAMANTE LOVE ER\u00d3TICO COLORES SURTIDOS","og_url":"https:\/\/demoweb.info\/sexshop001\/producto\/anillo-novios-diamante-love-erotico-colores-surtidos\/","og_site_name":"Tienda Er\u00f3tica","og_image":[{"width":550,"height":550,"url":"https:\/\/demoweb.info\/sexshop001\/wp-content\/uploads\/2022\/01\/ANILLO-NOVIOS-DIAMANTE-LOVE-EROTICO-COLORES-SURTIDOS.jpg","type":"image\/jpeg"}],"twitter_card":"summary_large_image","schema":{"@context":"https:\/\/schema.org","@graph":[{"@type":"WebPage","@id":"https:\/\/demoweb.info\/sexshop001\/producto\/anillo-novios-diamante-love-erotico-colores-surtidos\/","url":"https:\/\/demoweb.info\/sexshop001\/producto\/anillo-novios-diamante-love-erotico-colores-surtidos\/","name":"ANILLO NOVIOS DIAMANTE LOVE ER\u00d3TICO - COLORES SURTIDOS - Tienda Er\u00f3tica","isPartOf":{"@id":"https:\/\/demoweb.info\/sexshop001\/#website"},"datePublished":"2022-01-22T12:07:32+00:00","dateModified":"2022-01-22T12:07:32+00:00","breadcrumb":{"@id":"https:\/\/demoweb.info\/sexshop001\/producto\/anillo-novios-diamante-love-erotico-colores-surtidos\/#breadcrumb"},"inLanguage":"es","potentialAction":[{"@type":"ReadAction","target":["https:\/\/demoweb.info\/sexshop001\/producto\/anillo-novios-diamante-love-erotico-colores-surtidos\/"]}]},{"@type":"BreadcrumbList","@id":"https:\/\/demoweb.info\/sexshop001\/producto\/anillo-novios-diamante-love-erotico-colores-surtidos\/#breadcrumb","itemListElement":[{"@type":"ListItem","position":1,"name":"Portada","item":"https:\/\/demoweb.info\/sexshop001\/"},{"@type":"ListItem","position":2,"name":"Tienda","item":"https:\/\/demoweb.info\/sexshop001\/tienda\/"},{"@type":"ListItem","position":3,"name":"ANILLO NOVIOS DIAMANTE LOVE ER\u00d3TICO &#8211; COLORES SURTIDOS"}]},{"@type":"WebSite","@id":"https:\/\/demoweb.info\/sexshop001\/#website","url":"https:\/\/demoweb.info\/sexshop001\/","name":"Tienda Er\u00f3tica","description":"DEMOWEB SL","potentialAction":[{"@type":"SearchAction","target":{"@type":"EntryPoint","urlTemplate":"https:\/\/demoweb.info\/sexshop001\/?s={search_term_string}"},"query-input":"required name=search_term_string"}],"inLanguage":"es"}]}},"_links":{"self":[{"href":"https:\/\/demoweb.info\/sexshop001\/wp-json\/wp\/v3\/product\/33106","targetHints":{"allow":["GET"]}}],"collection":[{"href":"https:\/\/demoweb.info\/sexshop001\/wp-json\/wp\/v3\/product"}],"about":[{"href":"https:\/\/demoweb.info\/sexshop001\/wp-json\/wp\/v2\/types\/product"}],"replies":[{"embeddable":true,"href":"https:\/\/demoweb.info\/sexshop001\/wp-json\/wp\/v2\/comments?post=33106"}],"wp:featuredmedia":[{"embeddable":true,"href":"https:\/\/demoweb.info\/sexshop001\/wp-json\/wp\/v2\/media\/33107"}],"wp:attachment":[{"href":"https:\/\/demoweb.info\/sexshop001\/wp-json\/wp\/v2\/media?parent=33106"}],"wp:term":[{"taxonomy":"product_cat","embeddable":true,"href":"https:\/\/demoweb.info\/sexshop001\/wp-json\/wp\/v2\/product_cat?post=33106"},{"taxonomy":"product_tag","embeddable":true,"href":"https:\/\/demoweb.info\/sexshop001\/wp-json\/wp\/v2\/product_tag?post=33106"}],"curies":[{"name":"wp","href":"https:\/\/api.w.org\/{rel}","templated":true}]}}