{"id":33084,"date":"2022-01-22T13:07:00","date_gmt":"2022-01-22T12:07:00","guid":{"rendered":"https:\/\/demoweb.info\/sexshop001\/producto\/cheeky-boytoy-arcoiris\/"},"modified":"2022-01-22T13:07:14","modified_gmt":"2022-01-22T12:07:14","slug":"cheeky-boytoy-arcoiris","status":"publish","type":"product","link":"https:\/\/demoweb.info\/sexshop001\/producto\/cheeky-boytoy-arcoiris\/","title":{"rendered":"CHEEKY BOYTOY &#8211; ARCOIRIS"},"content":{"rendered":"<p><strong>CHEEKY BOYTOY &#8211; RAINBOW<\/strong><\/p>\n<p>Celebre su &#39;Pride&#39; con TOYJOY. \u00a1El colorido Cheeky Boytoy es la elecci\u00f3n perfecta para mostrar tu &#39;Pride&#39; con estilo!<\/p>\n<p>El dise\u00f1o de alta calidad est\u00e1 hecho de silicona 100% segura para el cuerpo y presenta un color con tem\u00e1tica de arco\u00edris, inspirado en la bandera del orgullo.<\/p>\n<p>Deja que Pride by TOYJOY te lleve a trav\u00e9s del arco\u00edris donde te espera el placer.<\/p>\n<p><strong>CARACTER\u00cdSTICAS<\/strong><\/p>\n<ul>\n<li>Dimensiones del producto: Cheeky Boytoy<\/li>\n<li>Longitud total: 16 cm<\/li>\n<li>Di\u00e1metro: 3.5 cm<\/li>\n<li>Longitud insertable: 13.5<\/li>\n<li>Seguro para el cuerpo: Si<\/li>\n<li>Material: Silicona<\/li>\n<\/ul>\n","protected":false},"excerpt":{"rendered":"<p>CHEEKY BOYTOY &#8211; RAINBOW Celebre su &#39;Pride&#39; con TOYJOY. \u00a1El colorido Cheeky Boytoy es la elecci\u00f3n perfecta para mostrar tu<\/p>\n","protected":false},"featured_media":33085,"comment_status":"open","ping_status":"open","template":"","meta":[],"product_cat":[340],"product_tag":[247],"class_list":["post-33084","product","type-product","status-publish","has-post-thumbnail","hentry","product_cat-silicona-dildos","product_tag-toyjoy"],"bundled_by":[],"bundle_stock_status":"instock","bundle_stock_quantity":1,"bundle_virtual":false,"bundle_layout":"","bundle_add_to_cart_form_location":"","bundle_editable_in_cart":false,"bundle_sold_individually_context":"","bundle_item_grouping":"","bundle_min_size":"","bundle_max_size":"","bundled_items":[],"yoast_head":"<!-- This site is optimized with the Yoast SEO plugin v20.6 - https:\/\/yoast.com\/wordpress\/plugins\/seo\/ -->\n<title>CHEEKY BOYTOY - ARCOIRIS - Tienda Er\u00f3tica<\/title>\n<meta name=\"robots\" content=\"noindex, follow, max-snippet:-1, max-image-preview:large, max-video-preview:-1\" \/>\n<meta property=\"og:locale\" content=\"es_ES\" \/>\n<meta property=\"og:type\" content=\"article\" \/>\n<meta property=\"og:title\" content=\"CHEEKY BOYTOY - ARCOIRIS - Tienda Er\u00f3tica\" \/>\n<meta property=\"og:description\" content=\"CHEEKY BOYTOY &#8211; RAINBOW Celebre su &#039;Pride&#039; con TOYJOY. \u00a1El colorido Cheeky Boytoy es la elecci\u00f3n perfecta para mostrar tu\" \/>\n<meta property=\"og:url\" content=\"https:\/\/demoweb.info\/sexshop001\/producto\/cheeky-boytoy-arcoiris\/\" \/>\n<meta property=\"og:site_name\" content=\"Tienda Er\u00f3tica\" \/>\n<meta property=\"article:modified_time\" content=\"2022-01-22T12:07:14+00:00\" \/>\n<meta property=\"og:image\" content=\"https:\/\/demoweb.info\/sexshop001\/wp-content\/uploads\/2022\/01\/CHEEKY-BOYTOY-ARCOIRIS.jpg\" \/>\n\t<meta property=\"og:image:width\" content=\"550\" \/>\n\t<meta property=\"og:image:height\" content=\"550\" \/>\n\t<meta property=\"og:image:type\" content=\"image\/jpeg\" \/>\n<meta name=\"twitter:card\" content=\"summary_large_image\" \/>\n<script type=\"application\/ld+json\" class=\"yoast-schema-graph\">{\"@context\":\"https:\/\/schema.org\",\"@graph\":[{\"@type\":\"WebPage\",\"@id\":\"https:\/\/demoweb.info\/sexshop001\/producto\/cheeky-boytoy-arcoiris\/\",\"url\":\"https:\/\/demoweb.info\/sexshop001\/producto\/cheeky-boytoy-arcoiris\/\",\"name\":\"CHEEKY BOYTOY - ARCOIRIS - Tienda Er\u00f3tica\",\"isPartOf\":{\"@id\":\"https:\/\/demoweb.info\/sexshop001\/#website\"},\"datePublished\":\"2022-01-22T12:07:00+00:00\",\"dateModified\":\"2022-01-22T12:07:14+00:00\",\"breadcrumb\":{\"@id\":\"https:\/\/demoweb.info\/sexshop001\/producto\/cheeky-boytoy-arcoiris\/#breadcrumb\"},\"inLanguage\":\"es\",\"potentialAction\":[{\"@type\":\"ReadAction\",\"target\":[\"https:\/\/demoweb.info\/sexshop001\/producto\/cheeky-boytoy-arcoiris\/\"]}]},{\"@type\":\"BreadcrumbList\",\"@id\":\"https:\/\/demoweb.info\/sexshop001\/producto\/cheeky-boytoy-arcoiris\/#breadcrumb\",\"itemListElement\":[{\"@type\":\"ListItem\",\"position\":1,\"name\":\"Portada\",\"item\":\"https:\/\/demoweb.info\/sexshop001\/\"},{\"@type\":\"ListItem\",\"position\":2,\"name\":\"Tienda\",\"item\":\"https:\/\/demoweb.info\/sexshop001\/tienda\/\"},{\"@type\":\"ListItem\",\"position\":3,\"name\":\"CHEEKY BOYTOY &#8211; ARCOIRIS\"}]},{\"@type\":\"WebSite\",\"@id\":\"https:\/\/demoweb.info\/sexshop001\/#website\",\"url\":\"https:\/\/demoweb.info\/sexshop001\/\",\"name\":\"Tienda Er\u00f3tica\",\"description\":\"DEMOWEB SL\",\"potentialAction\":[{\"@type\":\"SearchAction\",\"target\":{\"@type\":\"EntryPoint\",\"urlTemplate\":\"https:\/\/demoweb.info\/sexshop001\/?s={search_term_string}\"},\"query-input\":\"required name=search_term_string\"}],\"inLanguage\":\"es\"}]}<\/script>\n<!-- \/ Yoast SEO plugin. -->","yoast_head_json":{"title":"CHEEKY BOYTOY - ARCOIRIS - Tienda Er\u00f3tica","robots":{"index":"noindex","follow":"follow","max-snippet":"max-snippet:-1","max-image-preview":"max-image-preview:large","max-video-preview":"max-video-preview:-1"},"og_locale":"es_ES","og_type":"article","og_title":"CHEEKY BOYTOY - ARCOIRIS - Tienda Er\u00f3tica","og_description":"CHEEKY BOYTOY &#8211; RAINBOW Celebre su &#39;Pride&#39; con TOYJOY. \u00a1El colorido Cheeky Boytoy es la elecci\u00f3n perfecta para mostrar tu","og_url":"https:\/\/demoweb.info\/sexshop001\/producto\/cheeky-boytoy-arcoiris\/","og_site_name":"Tienda Er\u00f3tica","article_modified_time":"2022-01-22T12:07:14+00:00","og_image":[{"width":550,"height":550,"url":"https:\/\/demoweb.info\/sexshop001\/wp-content\/uploads\/2022\/01\/CHEEKY-BOYTOY-ARCOIRIS.jpg","type":"image\/jpeg"}],"twitter_card":"summary_large_image","schema":{"@context":"https:\/\/schema.org","@graph":[{"@type":"WebPage","@id":"https:\/\/demoweb.info\/sexshop001\/producto\/cheeky-boytoy-arcoiris\/","url":"https:\/\/demoweb.info\/sexshop001\/producto\/cheeky-boytoy-arcoiris\/","name":"CHEEKY BOYTOY - ARCOIRIS - Tienda Er\u00f3tica","isPartOf":{"@id":"https:\/\/demoweb.info\/sexshop001\/#website"},"datePublished":"2022-01-22T12:07:00+00:00","dateModified":"2022-01-22T12:07:14+00:00","breadcrumb":{"@id":"https:\/\/demoweb.info\/sexshop001\/producto\/cheeky-boytoy-arcoiris\/#breadcrumb"},"inLanguage":"es","potentialAction":[{"@type":"ReadAction","target":["https:\/\/demoweb.info\/sexshop001\/producto\/cheeky-boytoy-arcoiris\/"]}]},{"@type":"BreadcrumbList","@id":"https:\/\/demoweb.info\/sexshop001\/producto\/cheeky-boytoy-arcoiris\/#breadcrumb","itemListElement":[{"@type":"ListItem","position":1,"name":"Portada","item":"https:\/\/demoweb.info\/sexshop001\/"},{"@type":"ListItem","position":2,"name":"Tienda","item":"https:\/\/demoweb.info\/sexshop001\/tienda\/"},{"@type":"ListItem","position":3,"name":"CHEEKY BOYTOY &#8211; ARCOIRIS"}]},{"@type":"WebSite","@id":"https:\/\/demoweb.info\/sexshop001\/#website","url":"https:\/\/demoweb.info\/sexshop001\/","name":"Tienda Er\u00f3tica","description":"DEMOWEB SL","potentialAction":[{"@type":"SearchAction","target":{"@type":"EntryPoint","urlTemplate":"https:\/\/demoweb.info\/sexshop001\/?s={search_term_string}"},"query-input":"required name=search_term_string"}],"inLanguage":"es"}]}},"_links":{"self":[{"href":"https:\/\/demoweb.info\/sexshop001\/wp-json\/wp\/v3\/product\/33084","targetHints":{"allow":["GET"]}}],"collection":[{"href":"https:\/\/demoweb.info\/sexshop001\/wp-json\/wp\/v3\/product"}],"about":[{"href":"https:\/\/demoweb.info\/sexshop001\/wp-json\/wp\/v2\/types\/product"}],"replies":[{"embeddable":true,"href":"https:\/\/demoweb.info\/sexshop001\/wp-json\/wp\/v2\/comments?post=33084"}],"wp:featuredmedia":[{"embeddable":true,"href":"https:\/\/demoweb.info\/sexshop001\/wp-json\/wp\/v2\/media\/33085"}],"wp:attachment":[{"href":"https:\/\/demoweb.info\/sexshop001\/wp-json\/wp\/v2\/media?parent=33084"}],"wp:term":[{"taxonomy":"product_cat","embeddable":true,"href":"https:\/\/demoweb.info\/sexshop001\/wp-json\/wp\/v2\/product_cat?post=33084"},{"taxonomy":"product_tag","embeddable":true,"href":"https:\/\/demoweb.info\/sexshop001\/wp-json\/wp\/v2\/product_tag?post=33084"}],"curies":[{"name":"wp","href":"https:\/\/api.w.org\/{rel}","templated":true}]}}