{"id":33030,"date":"2022-01-22T13:06:40","date_gmt":"2022-01-22T12:06:40","guid":{"rendered":"https:\/\/demoweb.info\/sexshop001\/producto\/pjur-original-lubricante-silicona-500-ml\/"},"modified":"2022-01-22T13:06:42","modified_gmt":"2022-01-22T12:06:42","slug":"pjur-original-lubricante-silicona-500-ml","status":"publish","type":"product","link":"https:\/\/demoweb.info\/sexshop001\/producto\/pjur-original-lubricante-silicona-500-ml\/","title":{"rendered":"PJUR ORIGINAL LUBRICANTE SILICONA 500 ML"},"content":{"rendered":"<p><strong>PJUR ORIGINAL BODYGLIDE SILICONE 500 ML<\/strong><\/p>\n<p>Nuestros vers\u00e1tiles productos para el m\u00e1ximo disfrute.<\/p>\n<p><strong>Pjur Original<\/strong> es el primer y m\u00e1s vendido lubricante personal de silicona en el mundo. Proporciona una sensaci\u00f3n placentera, vuelo sin motor de larga duraci\u00f3n, al tiempo que su piel tersa y suave como las seda. <strong>Pjur Original<\/strong> es s\u00faper concentrado y la elecci\u00f3n correcta para las horas \u00edntimas.<\/p>\n<p>Como lubricante seguro y confiable, <strong>Pjur Original<\/strong> promete un buen momento. Por supuesto, es inodoro e ins\u00edpido, y muy amable con su piel.<\/p>\n<p><strong>Pjur Original<\/strong> es tambi\u00e9n ideal para masajes corporales suaves y relajante en todos los m\u00fasculos tensos. Libera tu imaginaci\u00f3n, fantas\u00edas y deseos. haga la prueba usted mismo.<\/p>\n<p><strong>Pjur Original<\/strong> es la mejor opci\u00f3n para los usuarios de la primera vez y aficionados por igual. Te garantizamos que te mantendr\u00e1 por mucho m\u00e1s.<\/p>\n<p>Envase de 500 ml.<\/p>\n","protected":false},"excerpt":{"rendered":"<p>PJUR ORIGINAL BODYGLIDE SILICONE 500 ML Nuestros vers\u00e1tiles productos para el m\u00e1ximo disfrute. Pjur Original es el primer y m\u00e1s<\/p>\n","protected":false},"featured_media":33031,"comment_status":"open","ping_status":"open","template":"","meta":[],"product_cat":[638],"product_tag":[255],"class_list":["post-33030","product","type-product","status-publish","has-post-thumbnail","hentry","product_cat-silicona-lubricantes-aceites-y-lubricantes","product_tag-pjur"],"bundled_by":[],"bundle_stock_status":"instock","bundle_stock_quantity":2,"bundle_virtual":false,"bundle_layout":"","bundle_add_to_cart_form_location":"","bundle_editable_in_cart":false,"bundle_sold_individually_context":"","bundle_item_grouping":"","bundle_min_size":"","bundle_max_size":"","bundled_items":[],"yoast_head":"<!-- This site is optimized with the Yoast SEO plugin v20.6 - https:\/\/yoast.com\/wordpress\/plugins\/seo\/ -->\n<title>PJUR ORIGINAL LUBRICANTE SILICONA 500 ML - Tienda Er\u00f3tica<\/title>\n<meta name=\"robots\" content=\"noindex, follow, max-snippet:-1, max-image-preview:large, max-video-preview:-1\" \/>\n<meta property=\"og:locale\" content=\"es_ES\" \/>\n<meta property=\"og:type\" content=\"article\" \/>\n<meta property=\"og:title\" content=\"PJUR ORIGINAL LUBRICANTE SILICONA 500 ML - Tienda Er\u00f3tica\" \/>\n<meta property=\"og:description\" content=\"PJUR ORIGINAL BODYGLIDE SILICONE 500 ML Nuestros vers\u00e1tiles productos para el m\u00e1ximo disfrute. Pjur Original es el primer y m\u00e1s\" \/>\n<meta property=\"og:url\" content=\"https:\/\/demoweb.info\/sexshop001\/producto\/pjur-original-lubricante-silicona-500-ml\/\" \/>\n<meta property=\"og:site_name\" content=\"Tienda Er\u00f3tica\" \/>\n<meta property=\"article:modified_time\" content=\"2022-01-22T12:06:42+00:00\" \/>\n<meta property=\"og:image\" content=\"https:\/\/demoweb.info\/sexshop001\/wp-content\/uploads\/2022\/01\/PJUR-ORIGINAL-LUBRICANTE-SILICONA-500-ML.jpg\" \/>\n\t<meta property=\"og:image:width\" content=\"550\" \/>\n\t<meta property=\"og:image:height\" content=\"550\" \/>\n\t<meta property=\"og:image:type\" content=\"image\/jpeg\" \/>\n<meta name=\"twitter:card\" content=\"summary_large_image\" \/>\n<meta name=\"twitter:label1\" content=\"Tiempo de lectura\" \/>\n\t<meta name=\"twitter:data1\" content=\"1 minuto\" \/>\n<script type=\"application\/ld+json\" class=\"yoast-schema-graph\">{\"@context\":\"https:\/\/schema.org\",\"@graph\":[{\"@type\":\"WebPage\",\"@id\":\"https:\/\/demoweb.info\/sexshop001\/producto\/pjur-original-lubricante-silicona-500-ml\/\",\"url\":\"https:\/\/demoweb.info\/sexshop001\/producto\/pjur-original-lubricante-silicona-500-ml\/\",\"name\":\"PJUR ORIGINAL LUBRICANTE SILICONA 500 ML - Tienda Er\u00f3tica\",\"isPartOf\":{\"@id\":\"https:\/\/demoweb.info\/sexshop001\/#website\"},\"datePublished\":\"2022-01-22T12:06:40+00:00\",\"dateModified\":\"2022-01-22T12:06:42+00:00\",\"breadcrumb\":{\"@id\":\"https:\/\/demoweb.info\/sexshop001\/producto\/pjur-original-lubricante-silicona-500-ml\/#breadcrumb\"},\"inLanguage\":\"es\",\"potentialAction\":[{\"@type\":\"ReadAction\",\"target\":[\"https:\/\/demoweb.info\/sexshop001\/producto\/pjur-original-lubricante-silicona-500-ml\/\"]}]},{\"@type\":\"BreadcrumbList\",\"@id\":\"https:\/\/demoweb.info\/sexshop001\/producto\/pjur-original-lubricante-silicona-500-ml\/#breadcrumb\",\"itemListElement\":[{\"@type\":\"ListItem\",\"position\":1,\"name\":\"Portada\",\"item\":\"https:\/\/demoweb.info\/sexshop001\/\"},{\"@type\":\"ListItem\",\"position\":2,\"name\":\"Tienda\",\"item\":\"https:\/\/demoweb.info\/sexshop001\/tienda\/\"},{\"@type\":\"ListItem\",\"position\":3,\"name\":\"PJUR ORIGINAL LUBRICANTE SILICONA 500 ML\"}]},{\"@type\":\"WebSite\",\"@id\":\"https:\/\/demoweb.info\/sexshop001\/#website\",\"url\":\"https:\/\/demoweb.info\/sexshop001\/\",\"name\":\"Tienda Er\u00f3tica\",\"description\":\"DEMOWEB SL\",\"potentialAction\":[{\"@type\":\"SearchAction\",\"target\":{\"@type\":\"EntryPoint\",\"urlTemplate\":\"https:\/\/demoweb.info\/sexshop001\/?s={search_term_string}\"},\"query-input\":\"required name=search_term_string\"}],\"inLanguage\":\"es\"}]}<\/script>\n<!-- \/ Yoast SEO plugin. -->","yoast_head_json":{"title":"PJUR ORIGINAL LUBRICANTE SILICONA 500 ML - Tienda Er\u00f3tica","robots":{"index":"noindex","follow":"follow","max-snippet":"max-snippet:-1","max-image-preview":"max-image-preview:large","max-video-preview":"max-video-preview:-1"},"og_locale":"es_ES","og_type":"article","og_title":"PJUR ORIGINAL LUBRICANTE SILICONA 500 ML - Tienda Er\u00f3tica","og_description":"PJUR ORIGINAL BODYGLIDE SILICONE 500 ML Nuestros vers\u00e1tiles productos para el m\u00e1ximo disfrute. Pjur Original es el primer y m\u00e1s","og_url":"https:\/\/demoweb.info\/sexshop001\/producto\/pjur-original-lubricante-silicona-500-ml\/","og_site_name":"Tienda Er\u00f3tica","article_modified_time":"2022-01-22T12:06:42+00:00","og_image":[{"width":550,"height":550,"url":"https:\/\/demoweb.info\/sexshop001\/wp-content\/uploads\/2022\/01\/PJUR-ORIGINAL-LUBRICANTE-SILICONA-500-ML.jpg","type":"image\/jpeg"}],"twitter_card":"summary_large_image","twitter_misc":{"Tiempo de lectura":"1 minuto"},"schema":{"@context":"https:\/\/schema.org","@graph":[{"@type":"WebPage","@id":"https:\/\/demoweb.info\/sexshop001\/producto\/pjur-original-lubricante-silicona-500-ml\/","url":"https:\/\/demoweb.info\/sexshop001\/producto\/pjur-original-lubricante-silicona-500-ml\/","name":"PJUR ORIGINAL LUBRICANTE SILICONA 500 ML - Tienda Er\u00f3tica","isPartOf":{"@id":"https:\/\/demoweb.info\/sexshop001\/#website"},"datePublished":"2022-01-22T12:06:40+00:00","dateModified":"2022-01-22T12:06:42+00:00","breadcrumb":{"@id":"https:\/\/demoweb.info\/sexshop001\/producto\/pjur-original-lubricante-silicona-500-ml\/#breadcrumb"},"inLanguage":"es","potentialAction":[{"@type":"ReadAction","target":["https:\/\/demoweb.info\/sexshop001\/producto\/pjur-original-lubricante-silicona-500-ml\/"]}]},{"@type":"BreadcrumbList","@id":"https:\/\/demoweb.info\/sexshop001\/producto\/pjur-original-lubricante-silicona-500-ml\/#breadcrumb","itemListElement":[{"@type":"ListItem","position":1,"name":"Portada","item":"https:\/\/demoweb.info\/sexshop001\/"},{"@type":"ListItem","position":2,"name":"Tienda","item":"https:\/\/demoweb.info\/sexshop001\/tienda\/"},{"@type":"ListItem","position":3,"name":"PJUR ORIGINAL LUBRICANTE SILICONA 500 ML"}]},{"@type":"WebSite","@id":"https:\/\/demoweb.info\/sexshop001\/#website","url":"https:\/\/demoweb.info\/sexshop001\/","name":"Tienda Er\u00f3tica","description":"DEMOWEB SL","potentialAction":[{"@type":"SearchAction","target":{"@type":"EntryPoint","urlTemplate":"https:\/\/demoweb.info\/sexshop001\/?s={search_term_string}"},"query-input":"required name=search_term_string"}],"inLanguage":"es"}]}},"_links":{"self":[{"href":"https:\/\/demoweb.info\/sexshop001\/wp-json\/wp\/v3\/product\/33030","targetHints":{"allow":["GET"]}}],"collection":[{"href":"https:\/\/demoweb.info\/sexshop001\/wp-json\/wp\/v3\/product"}],"about":[{"href":"https:\/\/demoweb.info\/sexshop001\/wp-json\/wp\/v2\/types\/product"}],"replies":[{"embeddable":true,"href":"https:\/\/demoweb.info\/sexshop001\/wp-json\/wp\/v2\/comments?post=33030"}],"wp:featuredmedia":[{"embeddable":true,"href":"https:\/\/demoweb.info\/sexshop001\/wp-json\/wp\/v2\/media\/33031"}],"wp:attachment":[{"href":"https:\/\/demoweb.info\/sexshop001\/wp-json\/wp\/v2\/media?parent=33030"}],"wp:term":[{"taxonomy":"product_cat","embeddable":true,"href":"https:\/\/demoweb.info\/sexshop001\/wp-json\/wp\/v2\/product_cat?post=33030"},{"taxonomy":"product_tag","embeddable":true,"href":"https:\/\/demoweb.info\/sexshop001\/wp-json\/wp\/v2\/product_tag?post=33030"}],"curies":[{"name":"wp","href":"https:\/\/api.w.org\/{rel}","templated":true}]}}