{"id":32952,"date":"2022-01-22T13:05:50","date_gmt":"2022-01-22T12:05:50","guid":{"rendered":"https:\/\/demoweb.info\/sexshop001\/producto\/caja-erotica-piensa-en-grey-rojo\/"},"modified":"2022-01-22T13:05:56","modified_gmt":"2022-01-22T12:05:56","slug":"caja-erotica-piensa-en-grey-rojo","status":"publish","type":"product","link":"https:\/\/demoweb.info\/sexshop001\/producto\/caja-erotica-piensa-en-grey-rojo\/","title":{"rendered":"CAJA ER\u00d3TICA PIENSA EN GREY (ROJO)"},"content":{"rendered":"<p><strong>CAJA ER\u00d3TICA PIENSA EN GREY (ROJO)<\/strong><\/p>\n<p><strong>CONTENIDO:<\/strong> Corbata Negra, P\u00e9talos de rosa Rojos, l\u00e1tigo y vela arom\u00e1tica.<\/p>\n","protected":false},"excerpt":{"rendered":"<p>CAJA ER\u00d3TICA PIENSA EN GREY (ROJO) CONTENIDO: Corbata Negra, P\u00e9talos de rosa Rojos, l\u00e1tigo y vela arom\u00e1tica.<\/p>\n","protected":false},"featured_media":32953,"comment_status":"open","ping_status":"open","template":"","meta":[],"product_cat":[374],"product_tag":[837],"class_list":["post-32952","product","type-product","status-publish","has-post-thumbnail","hentry","product_cat-para-parejas","product_tag-inedit"],"bundled_by":[],"bundle_stock_status":"instock","bundle_stock_quantity":1,"bundle_virtual":false,"bundle_layout":"","bundle_add_to_cart_form_location":"","bundle_editable_in_cart":false,"bundle_sold_individually_context":"","bundle_item_grouping":"","bundle_min_size":"","bundle_max_size":"","bundled_items":[],"yoast_head":"<!-- This site is optimized with the Yoast SEO plugin v20.6 - https:\/\/yoast.com\/wordpress\/plugins\/seo\/ -->\n<title>CAJA ER\u00d3TICA PIENSA EN GREY (ROJO) - Tienda Er\u00f3tica<\/title>\n<meta name=\"robots\" content=\"noindex, follow, max-snippet:-1, max-image-preview:large, max-video-preview:-1\" \/>\n<meta property=\"og:locale\" content=\"es_ES\" \/>\n<meta property=\"og:type\" content=\"article\" \/>\n<meta property=\"og:title\" content=\"CAJA ER\u00d3TICA PIENSA EN GREY (ROJO) - Tienda Er\u00f3tica\" \/>\n<meta property=\"og:description\" content=\"CAJA ER\u00d3TICA PIENSA EN GREY (ROJO) CONTENIDO: Corbata Negra, P\u00e9talos de rosa Rojos, l\u00e1tigo y vela arom\u00e1tica.\" \/>\n<meta property=\"og:url\" content=\"https:\/\/demoweb.info\/sexshop001\/producto\/caja-erotica-piensa-en-grey-rojo\/\" \/>\n<meta property=\"og:site_name\" content=\"Tienda Er\u00f3tica\" \/>\n<meta property=\"article:modified_time\" content=\"2022-01-22T12:05:56+00:00\" \/>\n<meta property=\"og:image\" content=\"https:\/\/demoweb.info\/sexshop001\/wp-content\/uploads\/2022\/01\/CAJA-EROTICA-PIENSA-EN-GREY-ROJO.jpg\" \/>\n\t<meta property=\"og:image:width\" content=\"550\" \/>\n\t<meta property=\"og:image:height\" content=\"550\" \/>\n\t<meta property=\"og:image:type\" content=\"image\/jpeg\" \/>\n<meta name=\"twitter:card\" content=\"summary_large_image\" \/>\n<script type=\"application\/ld+json\" class=\"yoast-schema-graph\">{\"@context\":\"https:\/\/schema.org\",\"@graph\":[{\"@type\":\"WebPage\",\"@id\":\"https:\/\/demoweb.info\/sexshop001\/producto\/caja-erotica-piensa-en-grey-rojo\/\",\"url\":\"https:\/\/demoweb.info\/sexshop001\/producto\/caja-erotica-piensa-en-grey-rojo\/\",\"name\":\"CAJA ER\u00d3TICA PIENSA EN GREY (ROJO) - Tienda Er\u00f3tica\",\"isPartOf\":{\"@id\":\"https:\/\/demoweb.info\/sexshop001\/#website\"},\"datePublished\":\"2022-01-22T12:05:50+00:00\",\"dateModified\":\"2022-01-22T12:05:56+00:00\",\"breadcrumb\":{\"@id\":\"https:\/\/demoweb.info\/sexshop001\/producto\/caja-erotica-piensa-en-grey-rojo\/#breadcrumb\"},\"inLanguage\":\"es\",\"potentialAction\":[{\"@type\":\"ReadAction\",\"target\":[\"https:\/\/demoweb.info\/sexshop001\/producto\/caja-erotica-piensa-en-grey-rojo\/\"]}]},{\"@type\":\"BreadcrumbList\",\"@id\":\"https:\/\/demoweb.info\/sexshop001\/producto\/caja-erotica-piensa-en-grey-rojo\/#breadcrumb\",\"itemListElement\":[{\"@type\":\"ListItem\",\"position\":1,\"name\":\"Portada\",\"item\":\"https:\/\/demoweb.info\/sexshop001\/\"},{\"@type\":\"ListItem\",\"position\":2,\"name\":\"Tienda\",\"item\":\"https:\/\/demoweb.info\/sexshop001\/tienda\/\"},{\"@type\":\"ListItem\",\"position\":3,\"name\":\"CAJA ER\u00d3TICA PIENSA EN GREY (ROJO)\"}]},{\"@type\":\"WebSite\",\"@id\":\"https:\/\/demoweb.info\/sexshop001\/#website\",\"url\":\"https:\/\/demoweb.info\/sexshop001\/\",\"name\":\"Tienda Er\u00f3tica\",\"description\":\"DEMOWEB SL\",\"potentialAction\":[{\"@type\":\"SearchAction\",\"target\":{\"@type\":\"EntryPoint\",\"urlTemplate\":\"https:\/\/demoweb.info\/sexshop001\/?s={search_term_string}\"},\"query-input\":\"required name=search_term_string\"}],\"inLanguage\":\"es\"}]}<\/script>\n<!-- \/ Yoast SEO plugin. -->","yoast_head_json":{"title":"CAJA ER\u00d3TICA PIENSA EN GREY (ROJO) - Tienda Er\u00f3tica","robots":{"index":"noindex","follow":"follow","max-snippet":"max-snippet:-1","max-image-preview":"max-image-preview:large","max-video-preview":"max-video-preview:-1"},"og_locale":"es_ES","og_type":"article","og_title":"CAJA ER\u00d3TICA PIENSA EN GREY (ROJO) - Tienda Er\u00f3tica","og_description":"CAJA ER\u00d3TICA PIENSA EN GREY (ROJO) CONTENIDO: Corbata Negra, P\u00e9talos de rosa Rojos, l\u00e1tigo y vela arom\u00e1tica.","og_url":"https:\/\/demoweb.info\/sexshop001\/producto\/caja-erotica-piensa-en-grey-rojo\/","og_site_name":"Tienda Er\u00f3tica","article_modified_time":"2022-01-22T12:05:56+00:00","og_image":[{"width":550,"height":550,"url":"https:\/\/demoweb.info\/sexshop001\/wp-content\/uploads\/2022\/01\/CAJA-EROTICA-PIENSA-EN-GREY-ROJO.jpg","type":"image\/jpeg"}],"twitter_card":"summary_large_image","schema":{"@context":"https:\/\/schema.org","@graph":[{"@type":"WebPage","@id":"https:\/\/demoweb.info\/sexshop001\/producto\/caja-erotica-piensa-en-grey-rojo\/","url":"https:\/\/demoweb.info\/sexshop001\/producto\/caja-erotica-piensa-en-grey-rojo\/","name":"CAJA ER\u00d3TICA PIENSA EN GREY (ROJO) - Tienda Er\u00f3tica","isPartOf":{"@id":"https:\/\/demoweb.info\/sexshop001\/#website"},"datePublished":"2022-01-22T12:05:50+00:00","dateModified":"2022-01-22T12:05:56+00:00","breadcrumb":{"@id":"https:\/\/demoweb.info\/sexshop001\/producto\/caja-erotica-piensa-en-grey-rojo\/#breadcrumb"},"inLanguage":"es","potentialAction":[{"@type":"ReadAction","target":["https:\/\/demoweb.info\/sexshop001\/producto\/caja-erotica-piensa-en-grey-rojo\/"]}]},{"@type":"BreadcrumbList","@id":"https:\/\/demoweb.info\/sexshop001\/producto\/caja-erotica-piensa-en-grey-rojo\/#breadcrumb","itemListElement":[{"@type":"ListItem","position":1,"name":"Portada","item":"https:\/\/demoweb.info\/sexshop001\/"},{"@type":"ListItem","position":2,"name":"Tienda","item":"https:\/\/demoweb.info\/sexshop001\/tienda\/"},{"@type":"ListItem","position":3,"name":"CAJA ER\u00d3TICA PIENSA EN GREY (ROJO)"}]},{"@type":"WebSite","@id":"https:\/\/demoweb.info\/sexshop001\/#website","url":"https:\/\/demoweb.info\/sexshop001\/","name":"Tienda Er\u00f3tica","description":"DEMOWEB SL","potentialAction":[{"@type":"SearchAction","target":{"@type":"EntryPoint","urlTemplate":"https:\/\/demoweb.info\/sexshop001\/?s={search_term_string}"},"query-input":"required name=search_term_string"}],"inLanguage":"es"}]}},"_links":{"self":[{"href":"https:\/\/demoweb.info\/sexshop001\/wp-json\/wp\/v3\/product\/32952","targetHints":{"allow":["GET"]}}],"collection":[{"href":"https:\/\/demoweb.info\/sexshop001\/wp-json\/wp\/v3\/product"}],"about":[{"href":"https:\/\/demoweb.info\/sexshop001\/wp-json\/wp\/v2\/types\/product"}],"replies":[{"embeddable":true,"href":"https:\/\/demoweb.info\/sexshop001\/wp-json\/wp\/v2\/comments?post=32952"}],"wp:featuredmedia":[{"embeddable":true,"href":"https:\/\/demoweb.info\/sexshop001\/wp-json\/wp\/v2\/media\/32953"}],"wp:attachment":[{"href":"https:\/\/demoweb.info\/sexshop001\/wp-json\/wp\/v2\/media?parent=32952"}],"wp:term":[{"taxonomy":"product_cat","embeddable":true,"href":"https:\/\/demoweb.info\/sexshop001\/wp-json\/wp\/v2\/product_cat?post=32952"},{"taxonomy":"product_tag","embeddable":true,"href":"https:\/\/demoweb.info\/sexshop001\/wp-json\/wp\/v2\/product_tag?post=32952"}],"curies":[{"name":"wp","href":"https:\/\/api.w.org\/{rel}","templated":true}]}}