{"id":32436,"date":"2022-01-22T13:00:30","date_gmt":"2022-01-22T12:00:30","guid":{"rendered":"https:\/\/demoweb.info\/sexshop001\/producto\/system-jo-candy-shop-h2o-bubblegum-lubricante-60-ml\/"},"modified":"2022-01-22T13:00:41","modified_gmt":"2022-01-22T12:00:41","slug":"system-jo-candy-shop-h2o-bubblegum-lubricante-60-ml","status":"publish","type":"product","link":"https:\/\/demoweb.info\/sexshop001\/producto\/system-jo-candy-shop-h2o-bubblegum-lubricante-60-ml\/","title":{"rendered":"SYSTEM JO &#8211; CANDY SHOP H2O BUBBLEGUM LUBRICANTE 60 ML"},"content":{"rendered":"<p><strong>SYSTEM JO &#8211; CANDY SHOP H2O BUBBLEGUM LUBRICANTE 60 ML<\/strong><\/p>\n<p>La nueva tienda de golosinas con sabor JO H2O ofrece una gama de nuevos sabores que le traer\u00e1n todos sus mejores recuerdos de esos postres endiabladamente dulces, al tiempo que mejoran los juegos previos y la intimidad. Formulada con una glicerina pura de origen vegetal e infundida con extractos de sabor natural, esta colecci\u00f3n alentar\u00e1 tu lado m\u00e1s juguet\u00f3n, mientras que al mismo tiempo tentar\u00e1 tu lado travieso m\u00e1s importante. Sin az\u00facar agregada o edulcorantes artificiales tambi\u00e9n hacen de esta una adici\u00f3n libre de culpa que llevar\u00e1 la tienda de dulces a cualquier dormitorio.<\/p>\n<p>\u00a1Disponible en 3 deliciosos sabores!<\/p>\n<p>Ingredientes:<br \/>\nAgua (Aqua), glicerina, hidroxietilcelulosa, sorbato de potasio, aroma, cloruro de sodio, sucralosa, \u00e1cido c\u00edtrico<\/p>\n","protected":false},"excerpt":{"rendered":"<p>SYSTEM JO &#8211; CANDY SHOP H2O BUBBLEGUM LUBRICANTE 60 ML La nueva tienda de golosinas con sabor JO H2O ofrece<\/p>\n","protected":false},"featured_media":32437,"comment_status":"open","ping_status":"open","template":"","meta":[],"product_cat":[606],"product_tag":[829,617],"class_list":["post-32436","product","type-product","status-publish","has-post-thumbnail","hentry","product_cat-sabores-lubricantes-aceites-y-lubricantes","product_tag-candy-shop","product_tag-jo"],"bundled_by":[],"bundle_stock_status":"instock","bundle_stock_quantity":2,"bundle_virtual":false,"bundle_layout":"","bundle_add_to_cart_form_location":"","bundle_editable_in_cart":false,"bundle_sold_individually_context":"","bundle_item_grouping":"","bundle_min_size":"","bundle_max_size":"","bundled_items":[],"yoast_head":"<!-- This site is optimized with the Yoast SEO plugin v20.6 - https:\/\/yoast.com\/wordpress\/plugins\/seo\/ -->\n<title>SYSTEM JO - CANDY SHOP H2O BUBBLEGUM LUBRICANTE 60 ML - Tienda Er\u00f3tica<\/title>\n<meta name=\"robots\" content=\"noindex, follow, max-snippet:-1, max-image-preview:large, max-video-preview:-1\" \/>\n<meta property=\"og:locale\" content=\"es_ES\" \/>\n<meta property=\"og:type\" content=\"article\" \/>\n<meta property=\"og:title\" content=\"SYSTEM JO - CANDY SHOP H2O BUBBLEGUM LUBRICANTE 60 ML - Tienda Er\u00f3tica\" \/>\n<meta property=\"og:description\" content=\"SYSTEM JO &#8211; CANDY SHOP H2O BUBBLEGUM LUBRICANTE 60 ML La nueva tienda de golosinas con sabor JO H2O ofrece\" \/>\n<meta property=\"og:url\" content=\"https:\/\/demoweb.info\/sexshop001\/producto\/system-jo-candy-shop-h2o-bubblegum-lubricante-60-ml\/\" \/>\n<meta property=\"og:site_name\" content=\"Tienda Er\u00f3tica\" \/>\n<meta property=\"article:modified_time\" content=\"2022-01-22T12:00:41+00:00\" \/>\n<meta property=\"og:image\" content=\"https:\/\/demoweb.info\/sexshop001\/wp-content\/uploads\/2022\/01\/SYSTEM-JO-CANDY-SHOP-H2O-BUBBLEGUM-LUBRICANTE-60-ML.jpg\" \/>\n\t<meta property=\"og:image:width\" content=\"550\" \/>\n\t<meta property=\"og:image:height\" content=\"550\" \/>\n\t<meta property=\"og:image:type\" content=\"image\/jpeg\" \/>\n<meta name=\"twitter:card\" content=\"summary_large_image\" \/>\n<meta name=\"twitter:label1\" content=\"Tiempo de lectura\" \/>\n\t<meta name=\"twitter:data1\" content=\"1 minuto\" \/>\n<script type=\"application\/ld+json\" class=\"yoast-schema-graph\">{\"@context\":\"https:\/\/schema.org\",\"@graph\":[{\"@type\":\"WebPage\",\"@id\":\"https:\/\/demoweb.info\/sexshop001\/producto\/system-jo-candy-shop-h2o-bubblegum-lubricante-60-ml\/\",\"url\":\"https:\/\/demoweb.info\/sexshop001\/producto\/system-jo-candy-shop-h2o-bubblegum-lubricante-60-ml\/\",\"name\":\"SYSTEM JO - CANDY SHOP H2O BUBBLEGUM LUBRICANTE 60 ML - Tienda Er\u00f3tica\",\"isPartOf\":{\"@id\":\"https:\/\/demoweb.info\/sexshop001\/#website\"},\"datePublished\":\"2022-01-22T12:00:30+00:00\",\"dateModified\":\"2022-01-22T12:00:41+00:00\",\"breadcrumb\":{\"@id\":\"https:\/\/demoweb.info\/sexshop001\/producto\/system-jo-candy-shop-h2o-bubblegum-lubricante-60-ml\/#breadcrumb\"},\"inLanguage\":\"es\",\"potentialAction\":[{\"@type\":\"ReadAction\",\"target\":[\"https:\/\/demoweb.info\/sexshop001\/producto\/system-jo-candy-shop-h2o-bubblegum-lubricante-60-ml\/\"]}]},{\"@type\":\"BreadcrumbList\",\"@id\":\"https:\/\/demoweb.info\/sexshop001\/producto\/system-jo-candy-shop-h2o-bubblegum-lubricante-60-ml\/#breadcrumb\",\"itemListElement\":[{\"@type\":\"ListItem\",\"position\":1,\"name\":\"Portada\",\"item\":\"https:\/\/demoweb.info\/sexshop001\/\"},{\"@type\":\"ListItem\",\"position\":2,\"name\":\"Tienda\",\"item\":\"https:\/\/demoweb.info\/sexshop001\/tienda\/\"},{\"@type\":\"ListItem\",\"position\":3,\"name\":\"SYSTEM JO &#8211; CANDY SHOP H2O BUBBLEGUM LUBRICANTE 60 ML\"}]},{\"@type\":\"WebSite\",\"@id\":\"https:\/\/demoweb.info\/sexshop001\/#website\",\"url\":\"https:\/\/demoweb.info\/sexshop001\/\",\"name\":\"Tienda Er\u00f3tica\",\"description\":\"DEMOWEB SL\",\"potentialAction\":[{\"@type\":\"SearchAction\",\"target\":{\"@type\":\"EntryPoint\",\"urlTemplate\":\"https:\/\/demoweb.info\/sexshop001\/?s={search_term_string}\"},\"query-input\":\"required name=search_term_string\"}],\"inLanguage\":\"es\"}]}<\/script>\n<!-- \/ Yoast SEO plugin. -->","yoast_head_json":{"title":"SYSTEM JO - CANDY SHOP H2O BUBBLEGUM LUBRICANTE 60 ML - Tienda Er\u00f3tica","robots":{"index":"noindex","follow":"follow","max-snippet":"max-snippet:-1","max-image-preview":"max-image-preview:large","max-video-preview":"max-video-preview:-1"},"og_locale":"es_ES","og_type":"article","og_title":"SYSTEM JO - CANDY SHOP H2O BUBBLEGUM LUBRICANTE 60 ML - Tienda Er\u00f3tica","og_description":"SYSTEM JO &#8211; CANDY SHOP H2O BUBBLEGUM LUBRICANTE 60 ML La nueva tienda de golosinas con sabor JO H2O ofrece","og_url":"https:\/\/demoweb.info\/sexshop001\/producto\/system-jo-candy-shop-h2o-bubblegum-lubricante-60-ml\/","og_site_name":"Tienda Er\u00f3tica","article_modified_time":"2022-01-22T12:00:41+00:00","og_image":[{"width":550,"height":550,"url":"https:\/\/demoweb.info\/sexshop001\/wp-content\/uploads\/2022\/01\/SYSTEM-JO-CANDY-SHOP-H2O-BUBBLEGUM-LUBRICANTE-60-ML.jpg","type":"image\/jpeg"}],"twitter_card":"summary_large_image","twitter_misc":{"Tiempo de lectura":"1 minuto"},"schema":{"@context":"https:\/\/schema.org","@graph":[{"@type":"WebPage","@id":"https:\/\/demoweb.info\/sexshop001\/producto\/system-jo-candy-shop-h2o-bubblegum-lubricante-60-ml\/","url":"https:\/\/demoweb.info\/sexshop001\/producto\/system-jo-candy-shop-h2o-bubblegum-lubricante-60-ml\/","name":"SYSTEM JO - CANDY SHOP H2O BUBBLEGUM LUBRICANTE 60 ML - Tienda Er\u00f3tica","isPartOf":{"@id":"https:\/\/demoweb.info\/sexshop001\/#website"},"datePublished":"2022-01-22T12:00:30+00:00","dateModified":"2022-01-22T12:00:41+00:00","breadcrumb":{"@id":"https:\/\/demoweb.info\/sexshop001\/producto\/system-jo-candy-shop-h2o-bubblegum-lubricante-60-ml\/#breadcrumb"},"inLanguage":"es","potentialAction":[{"@type":"ReadAction","target":["https:\/\/demoweb.info\/sexshop001\/producto\/system-jo-candy-shop-h2o-bubblegum-lubricante-60-ml\/"]}]},{"@type":"BreadcrumbList","@id":"https:\/\/demoweb.info\/sexshop001\/producto\/system-jo-candy-shop-h2o-bubblegum-lubricante-60-ml\/#breadcrumb","itemListElement":[{"@type":"ListItem","position":1,"name":"Portada","item":"https:\/\/demoweb.info\/sexshop001\/"},{"@type":"ListItem","position":2,"name":"Tienda","item":"https:\/\/demoweb.info\/sexshop001\/tienda\/"},{"@type":"ListItem","position":3,"name":"SYSTEM JO &#8211; CANDY SHOP H2O BUBBLEGUM LUBRICANTE 60 ML"}]},{"@type":"WebSite","@id":"https:\/\/demoweb.info\/sexshop001\/#website","url":"https:\/\/demoweb.info\/sexshop001\/","name":"Tienda Er\u00f3tica","description":"DEMOWEB SL","potentialAction":[{"@type":"SearchAction","target":{"@type":"EntryPoint","urlTemplate":"https:\/\/demoweb.info\/sexshop001\/?s={search_term_string}"},"query-input":"required name=search_term_string"}],"inLanguage":"es"}]}},"_links":{"self":[{"href":"https:\/\/demoweb.info\/sexshop001\/wp-json\/wp\/v3\/product\/32436","targetHints":{"allow":["GET"]}}],"collection":[{"href":"https:\/\/demoweb.info\/sexshop001\/wp-json\/wp\/v3\/product"}],"about":[{"href":"https:\/\/demoweb.info\/sexshop001\/wp-json\/wp\/v2\/types\/product"}],"replies":[{"embeddable":true,"href":"https:\/\/demoweb.info\/sexshop001\/wp-json\/wp\/v2\/comments?post=32436"}],"wp:featuredmedia":[{"embeddable":true,"href":"https:\/\/demoweb.info\/sexshop001\/wp-json\/wp\/v2\/media\/32437"}],"wp:attachment":[{"href":"https:\/\/demoweb.info\/sexshop001\/wp-json\/wp\/v2\/media?parent=32436"}],"wp:term":[{"taxonomy":"product_cat","embeddable":true,"href":"https:\/\/demoweb.info\/sexshop001\/wp-json\/wp\/v2\/product_cat?post=32436"},{"taxonomy":"product_tag","embeddable":true,"href":"https:\/\/demoweb.info\/sexshop001\/wp-json\/wp\/v2\/product_tag?post=32436"}],"curies":[{"name":"wp","href":"https:\/\/api.w.org\/{rel}","templated":true}]}}