{"id":32385,"date":"2022-01-22T12:59:31","date_gmt":"2022-01-22T11:59:31","guid":{"rendered":"https:\/\/demoweb.info\/sexshop001\/producto\/loverspremium-conjunto-de-parejas-venus-y-vulcan-morado-y-negro\/"},"modified":"2022-01-22T12:59:58","modified_gmt":"2022-01-22T11:59:58","slug":"loverspremium-conjunto-de-parejas-venus-y-vulcan-morado-y-negro","status":"publish","type":"product","link":"https:\/\/demoweb.info\/sexshop001\/producto\/loverspremium-conjunto-de-parejas-venus-y-vulcan-morado-y-negro\/","title":{"rendered":"LOVERSPREMIUM &#8211; CONJUNTO DE PAREJAS VENUS Y VULCAN MORADO Y NEGRO"},"content":{"rendered":"<p><strong>LOVERSPREMIUM &#8211; SET OF VENUS AND VULCAN COUPLES PURPLE AND BLACK<\/strong><\/p>\n<p>Disfruta de este conjunto de parejas ya sea juntos o solos.<br \/>\nUn juguete para \u00e9l y un juguete para ella.<br \/>\n\u00dasalos antes o durante las relaciones sexuales. Este set incluye un vibrador de conejo y un masturbador vibrador.<br \/>\nAmbos (USB) recargables, impermeables y hechos de material de silicona seguro para el cuerpo. Ambos productos cuentan con un bot\u00f3n de aceleraci\u00f3n para un placer extra directo y explosivo.<\/p>\n<p>Color: morado y negro<\/p>\n<p><strong>Descripci\u00f3n vibrador:<\/strong><br \/>\nElegante vibrador de conejo con estimulador giratorio del punto G y estimulador vibratorio del cl\u00edtoris. Recargable (USB), resistente al agua y fabricado con material de silicona seguro para el cuerpo. Este vibrador cuenta con un bot\u00f3n de aceleraci\u00f3n que hace que la punta gire m\u00e1s r\u00e1pido, lo que asegura un placer explosivo a\u00fan mayor.<\/p>\n<p><strong>Especificaciones del vibrador:<\/strong><br \/>\n&#8211; Material: silicona de alta calidad y ABS<br \/>\n&#8211; Libre de ftalatos<br \/>\n&#8211; N\u00famero de motores silenciosos: 2<br \/>\n&#8211; Funci\u00f3n de vibraci\u00f3n: 10 velocidades \/ pulsaciones<br \/>\n&#8211; Rotaciones por minuto: 120-480 rpm<br \/>\n&#8211; Impermeable<br \/>\n&#8211; Funci\u00f3n de rotaci\u00f3n: 3 velocidades<br \/>\n&#8211; Bot\u00f3n de aceleraci\u00f3n Boost<br \/>\n&#8211; Bater\u00eda: (USB) Recargable<br \/>\n&#8211; Peso: 240 gramos<br \/>\n&#8211; Tiempo de funcionamiento: 80 minutos &#8211; Tiempo de<br \/>\ncarga: 2,5 horas<br \/>\n&#8211; Informaci\u00f3n de voltaje: 3,7 V<\/p>\n<p><strong>Descripci\u00f3n masturbador:<\/strong><br \/>\nMasturbador vibratorio. Recargable (USB), resistente al agua y fabricado con material de silicona seguro para el cuerpo. Este masturbador cuenta con un bot\u00f3n de aceleraci\u00f3n de impulso para una vibraci\u00f3n directa e incluso m\u00e1s explosiva.<\/p>\n<p><strong>Especificaciones del masturbador:<\/strong><br \/>\n&#8211; Material: silicona de alta calidad y ABS<br \/>\n&#8211; Libre de ftalatos<br \/>\n&#8211; N\u00famero de motores silenciosos: 1<br \/>\n&#8211; Funci\u00f3n de vibraci\u00f3n: 10 velocidades \/ pulsaciones<br \/>\n&#8211; Impermeable<br \/>\n&#8211; Bot\u00f3n de aceleraci\u00f3n de impulso<br \/>\n&#8211; Bater\u00eda: (USB) Recargable<br \/>\n&#8211; Peso: 185 gramos<br \/>\n&#8211; Tiempo de funcionamiento: 80 minutos<br \/>\n&#8211; Tiempo de carga: 2,5 horas<br \/>\n&#8211; Informaci\u00f3n de voltaje: 3,7 V<\/p>\n","protected":false},"excerpt":{"rendered":"<p>LOVERSPREMIUM &#8211; SET OF VENUS AND VULCAN COUPLES PURPLE AND BLACK Disfruta de este conjunto de parejas ya sea juntos<\/p>\n","protected":false},"featured_media":32387,"comment_status":"open","ping_status":"open","template":"","meta":[],"product_cat":[1196],"product_tag":[821],"class_list":["post-32385","product","type-product","status-publish","has-post-thumbnail","hentry","product_cat-kits-masturbadores","product_tag-loverspremium"],"bundled_by":[],"bundle_stock_status":"instock","bundle_stock_quantity":1,"bundle_virtual":false,"bundle_layout":"","bundle_add_to_cart_form_location":"","bundle_editable_in_cart":false,"bundle_sold_individually_context":"","bundle_item_grouping":"","bundle_min_size":"","bundle_max_size":"","bundled_items":[],"yoast_head":"<!-- This site is optimized with the Yoast SEO plugin v20.6 - https:\/\/yoast.com\/wordpress\/plugins\/seo\/ -->\n<title>LOVERSPREMIUM - CONJUNTO DE PAREJAS VENUS Y VULCAN MORADO Y NEGRO - Tienda Er\u00f3tica<\/title>\n<meta name=\"robots\" content=\"noindex, follow, max-snippet:-1, max-image-preview:large, max-video-preview:-1\" \/>\n<meta property=\"og:locale\" content=\"es_ES\" \/>\n<meta property=\"og:type\" content=\"article\" \/>\n<meta property=\"og:title\" content=\"LOVERSPREMIUM - CONJUNTO DE PAREJAS VENUS Y VULCAN MORADO Y NEGRO - Tienda Er\u00f3tica\" \/>\n<meta property=\"og:description\" content=\"LOVERSPREMIUM &#8211; SET OF VENUS AND VULCAN COUPLES PURPLE AND BLACK Disfruta de este conjunto de parejas ya sea juntos\" \/>\n<meta property=\"og:url\" content=\"https:\/\/demoweb.info\/sexshop001\/producto\/loverspremium-conjunto-de-parejas-venus-y-vulcan-morado-y-negro\/\" \/>\n<meta property=\"og:site_name\" content=\"Tienda Er\u00f3tica\" \/>\n<meta property=\"article:modified_time\" content=\"2022-01-22T11:59:58+00:00\" \/>\n<meta property=\"og:image\" content=\"https:\/\/demoweb.info\/sexshop001\/wp-content\/uploads\/2022\/01\/LOVERSPREMIUM-CONJUNTO-DE-PAREJAS-VENUS-Y-VULCAN-MORADO-Y-NEGRO.jpg\" \/>\n\t<meta property=\"og:image:width\" content=\"550\" \/>\n\t<meta property=\"og:image:height\" content=\"550\" \/>\n\t<meta property=\"og:image:type\" content=\"image\/jpeg\" \/>\n<meta name=\"twitter:card\" content=\"summary_large_image\" \/>\n<meta name=\"twitter:label1\" content=\"Tiempo de lectura\" \/>\n\t<meta name=\"twitter:data1\" content=\"2 minutos\" \/>\n<script type=\"application\/ld+json\" class=\"yoast-schema-graph\">{\"@context\":\"https:\/\/schema.org\",\"@graph\":[{\"@type\":\"WebPage\",\"@id\":\"https:\/\/demoweb.info\/sexshop001\/producto\/loverspremium-conjunto-de-parejas-venus-y-vulcan-morado-y-negro\/\",\"url\":\"https:\/\/demoweb.info\/sexshop001\/producto\/loverspremium-conjunto-de-parejas-venus-y-vulcan-morado-y-negro\/\",\"name\":\"LOVERSPREMIUM - CONJUNTO DE PAREJAS VENUS Y VULCAN MORADO Y NEGRO - Tienda Er\u00f3tica\",\"isPartOf\":{\"@id\":\"https:\/\/demoweb.info\/sexshop001\/#website\"},\"datePublished\":\"2022-01-22T11:59:31+00:00\",\"dateModified\":\"2022-01-22T11:59:58+00:00\",\"breadcrumb\":{\"@id\":\"https:\/\/demoweb.info\/sexshop001\/producto\/loverspremium-conjunto-de-parejas-venus-y-vulcan-morado-y-negro\/#breadcrumb\"},\"inLanguage\":\"es\",\"potentialAction\":[{\"@type\":\"ReadAction\",\"target\":[\"https:\/\/demoweb.info\/sexshop001\/producto\/loverspremium-conjunto-de-parejas-venus-y-vulcan-morado-y-negro\/\"]}]},{\"@type\":\"BreadcrumbList\",\"@id\":\"https:\/\/demoweb.info\/sexshop001\/producto\/loverspremium-conjunto-de-parejas-venus-y-vulcan-morado-y-negro\/#breadcrumb\",\"itemListElement\":[{\"@type\":\"ListItem\",\"position\":1,\"name\":\"Portada\",\"item\":\"https:\/\/demoweb.info\/sexshop001\/\"},{\"@type\":\"ListItem\",\"position\":2,\"name\":\"Tienda\",\"item\":\"https:\/\/demoweb.info\/sexshop001\/tienda\/\"},{\"@type\":\"ListItem\",\"position\":3,\"name\":\"LOVERSPREMIUM &#8211; CONJUNTO DE PAREJAS VENUS Y VULCAN MORADO Y NEGRO\"}]},{\"@type\":\"WebSite\",\"@id\":\"https:\/\/demoweb.info\/sexshop001\/#website\",\"url\":\"https:\/\/demoweb.info\/sexshop001\/\",\"name\":\"Tienda Er\u00f3tica\",\"description\":\"DEMOWEB SL\",\"potentialAction\":[{\"@type\":\"SearchAction\",\"target\":{\"@type\":\"EntryPoint\",\"urlTemplate\":\"https:\/\/demoweb.info\/sexshop001\/?s={search_term_string}\"},\"query-input\":\"required name=search_term_string\"}],\"inLanguage\":\"es\"}]}<\/script>\n<!-- \/ Yoast SEO plugin. -->","yoast_head_json":{"title":"LOVERSPREMIUM - CONJUNTO DE PAREJAS VENUS Y VULCAN MORADO Y NEGRO - Tienda Er\u00f3tica","robots":{"index":"noindex","follow":"follow","max-snippet":"max-snippet:-1","max-image-preview":"max-image-preview:large","max-video-preview":"max-video-preview:-1"},"og_locale":"es_ES","og_type":"article","og_title":"LOVERSPREMIUM - CONJUNTO DE PAREJAS VENUS Y VULCAN MORADO Y NEGRO - Tienda Er\u00f3tica","og_description":"LOVERSPREMIUM &#8211; SET OF VENUS AND VULCAN COUPLES PURPLE AND BLACK Disfruta de este conjunto de parejas ya sea juntos","og_url":"https:\/\/demoweb.info\/sexshop001\/producto\/loverspremium-conjunto-de-parejas-venus-y-vulcan-morado-y-negro\/","og_site_name":"Tienda Er\u00f3tica","article_modified_time":"2022-01-22T11:59:58+00:00","og_image":[{"width":550,"height":550,"url":"https:\/\/demoweb.info\/sexshop001\/wp-content\/uploads\/2022\/01\/LOVERSPREMIUM-CONJUNTO-DE-PAREJAS-VENUS-Y-VULCAN-MORADO-Y-NEGRO.jpg","type":"image\/jpeg"}],"twitter_card":"summary_large_image","twitter_misc":{"Tiempo de lectura":"2 minutos"},"schema":{"@context":"https:\/\/schema.org","@graph":[{"@type":"WebPage","@id":"https:\/\/demoweb.info\/sexshop001\/producto\/loverspremium-conjunto-de-parejas-venus-y-vulcan-morado-y-negro\/","url":"https:\/\/demoweb.info\/sexshop001\/producto\/loverspremium-conjunto-de-parejas-venus-y-vulcan-morado-y-negro\/","name":"LOVERSPREMIUM - CONJUNTO DE PAREJAS VENUS Y VULCAN MORADO Y NEGRO - Tienda Er\u00f3tica","isPartOf":{"@id":"https:\/\/demoweb.info\/sexshop001\/#website"},"datePublished":"2022-01-22T11:59:31+00:00","dateModified":"2022-01-22T11:59:58+00:00","breadcrumb":{"@id":"https:\/\/demoweb.info\/sexshop001\/producto\/loverspremium-conjunto-de-parejas-venus-y-vulcan-morado-y-negro\/#breadcrumb"},"inLanguage":"es","potentialAction":[{"@type":"ReadAction","target":["https:\/\/demoweb.info\/sexshop001\/producto\/loverspremium-conjunto-de-parejas-venus-y-vulcan-morado-y-negro\/"]}]},{"@type":"BreadcrumbList","@id":"https:\/\/demoweb.info\/sexshop001\/producto\/loverspremium-conjunto-de-parejas-venus-y-vulcan-morado-y-negro\/#breadcrumb","itemListElement":[{"@type":"ListItem","position":1,"name":"Portada","item":"https:\/\/demoweb.info\/sexshop001\/"},{"@type":"ListItem","position":2,"name":"Tienda","item":"https:\/\/demoweb.info\/sexshop001\/tienda\/"},{"@type":"ListItem","position":3,"name":"LOVERSPREMIUM &#8211; CONJUNTO DE PAREJAS VENUS Y VULCAN MORADO Y NEGRO"}]},{"@type":"WebSite","@id":"https:\/\/demoweb.info\/sexshop001\/#website","url":"https:\/\/demoweb.info\/sexshop001\/","name":"Tienda Er\u00f3tica","description":"DEMOWEB SL","potentialAction":[{"@type":"SearchAction","target":{"@type":"EntryPoint","urlTemplate":"https:\/\/demoweb.info\/sexshop001\/?s={search_term_string}"},"query-input":"required name=search_term_string"}],"inLanguage":"es"}]}},"_links":{"self":[{"href":"https:\/\/demoweb.info\/sexshop001\/wp-json\/wp\/v3\/product\/32385","targetHints":{"allow":["GET"]}}],"collection":[{"href":"https:\/\/demoweb.info\/sexshop001\/wp-json\/wp\/v3\/product"}],"about":[{"href":"https:\/\/demoweb.info\/sexshop001\/wp-json\/wp\/v2\/types\/product"}],"replies":[{"embeddable":true,"href":"https:\/\/demoweb.info\/sexshop001\/wp-json\/wp\/v2\/comments?post=32385"}],"wp:featuredmedia":[{"embeddable":true,"href":"https:\/\/demoweb.info\/sexshop001\/wp-json\/wp\/v2\/media\/32387"}],"wp:attachment":[{"href":"https:\/\/demoweb.info\/sexshop001\/wp-json\/wp\/v2\/media?parent=32385"}],"wp:term":[{"taxonomy":"product_cat","embeddable":true,"href":"https:\/\/demoweb.info\/sexshop001\/wp-json\/wp\/v2\/product_cat?post=32385"},{"taxonomy":"product_tag","embeddable":true,"href":"https:\/\/demoweb.info\/sexshop001\/wp-json\/wp\/v2\/product_tag?post=32385"}],"curies":[{"name":"wp","href":"https:\/\/api.w.org\/{rel}","templated":true}]}}