{"id":32371,"date":"2022-01-22T12:59:31","date_gmt":"2022-01-22T11:59:31","guid":{"rendered":"https:\/\/demoweb.info\/sexshop001\/producto\/loverspremium-vibrador-venus-violeta\/"},"modified":"2022-01-22T12:59:49","modified_gmt":"2022-01-22T11:59:49","slug":"loverspremium-vibrador-venus-violeta","status":"publish","type":"product","link":"https:\/\/demoweb.info\/sexshop001\/producto\/loverspremium-vibrador-venus-violeta\/","title":{"rendered":"LOVERSPREMIUM &#8211; VIBRADOR VENUS VIOLETA"},"content":{"rendered":"<p><strong>LOVERSPREMIUM &#8211; VIOLET VENUS VIBRATOR<\/strong><\/p>\n<p>Vibrador de conejo con estilo con estimulador giratorio del punto G y estimulador vibratorio del cl\u00edtoris. Recargable (USB), resistente al agua y fabricado con material de silicona seguro para el cuerpo. Este vibrador cuenta con un bot\u00f3n de aceleraci\u00f3n que hace que la punta gire m\u00e1s r\u00e1pido, lo que asegura un placer explosivo a\u00fan mayor.<\/p>\n<p>Especificaciones:<br \/>\n&#8211; Material: silicona de alta calidad y ABS<br \/>\n&#8211; Libre de ftalatos<br \/>\n&#8211; N\u00famero de motores silenciosos: 2<br \/>\n&#8211; Funci\u00f3n de vibraci\u00f3n: 10 velocidades \/ pulsaciones<br \/>\n&#8211; Rotaciones por minuto: 120-480 rpm<br \/>\n&#8211; Impermeable<br \/>\n&#8211; Funci\u00f3n de rotaci\u00f3n: 3 velocidades<br \/>\n&#8211; Bot\u00f3n de aceleraci\u00f3n de impulso<br \/>\n&#8211; Bater\u00eda: (USB) recargable<br \/>\n&#8211; Peso: 240 gramos<br \/>\n&#8211; Duraci\u00f3n: 80 minutos<br \/>\n&#8211; Tiempo de carga: 2,5 horas<br \/>\n&#8211; Informaci\u00f3n de voltaje: 3,7 V<br \/>\n&#8211; Color: Morado<\/p>\n","protected":false},"excerpt":{"rendered":"<p>LOVERSPREMIUM &#8211; VIOLET VENUS VIBRATOR Vibrador de conejo con estilo con estimulador giratorio del punto G y estimulador vibratorio del<\/p>\n","protected":false},"featured_media":32372,"comment_status":"open","ping_status":"open","template":"","meta":[],"product_cat":[639],"product_tag":[821],"class_list":["post-32371","product","type-product","status-publish","has-post-thumbnail","hentry","product_cat-punto-g","product_tag-loverspremium"],"bundled_by":[],"bundle_stock_status":"instock","bundle_stock_quantity":2,"bundle_virtual":false,"bundle_layout":"","bundle_add_to_cart_form_location":"","bundle_editable_in_cart":false,"bundle_sold_individually_context":"","bundle_item_grouping":"","bundle_min_size":"","bundle_max_size":"","bundled_items":[],"yoast_head":"<!-- This site is optimized with the Yoast SEO plugin v20.6 - https:\/\/yoast.com\/wordpress\/plugins\/seo\/ -->\n<title>LOVERSPREMIUM - VIBRADOR VENUS VIOLETA - Tienda Er\u00f3tica<\/title>\n<meta name=\"robots\" content=\"noindex, follow, max-snippet:-1, max-image-preview:large, max-video-preview:-1\" \/>\n<meta property=\"og:locale\" content=\"es_ES\" \/>\n<meta property=\"og:type\" content=\"article\" \/>\n<meta property=\"og:title\" content=\"LOVERSPREMIUM - VIBRADOR VENUS VIOLETA - Tienda Er\u00f3tica\" \/>\n<meta property=\"og:description\" content=\"LOVERSPREMIUM &#8211; VIOLET VENUS VIBRATOR Vibrador de conejo con estilo con estimulador giratorio del punto G y estimulador vibratorio del\" \/>\n<meta property=\"og:url\" content=\"https:\/\/demoweb.info\/sexshop001\/producto\/loverspremium-vibrador-venus-violeta\/\" \/>\n<meta property=\"og:site_name\" content=\"Tienda Er\u00f3tica\" \/>\n<meta property=\"article:modified_time\" content=\"2022-01-22T11:59:49+00:00\" \/>\n<meta property=\"og:image\" content=\"https:\/\/demoweb.info\/sexshop001\/wp-content\/uploads\/2022\/01\/LOVERSPREMIUM-VIBRADOR-VENUS-VIOLETA.jpg\" \/>\n\t<meta property=\"og:image:width\" content=\"550\" \/>\n\t<meta property=\"og:image:height\" content=\"550\" \/>\n\t<meta property=\"og:image:type\" content=\"image\/jpeg\" \/>\n<meta name=\"twitter:card\" content=\"summary_large_image\" \/>\n<meta name=\"twitter:label1\" content=\"Tiempo de lectura\" \/>\n\t<meta name=\"twitter:data1\" content=\"1 minuto\" \/>\n<script type=\"application\/ld+json\" class=\"yoast-schema-graph\">{\"@context\":\"https:\/\/schema.org\",\"@graph\":[{\"@type\":\"WebPage\",\"@id\":\"https:\/\/demoweb.info\/sexshop001\/producto\/loverspremium-vibrador-venus-violeta\/\",\"url\":\"https:\/\/demoweb.info\/sexshop001\/producto\/loverspremium-vibrador-venus-violeta\/\",\"name\":\"LOVERSPREMIUM - VIBRADOR VENUS VIOLETA - Tienda Er\u00f3tica\",\"isPartOf\":{\"@id\":\"https:\/\/demoweb.info\/sexshop001\/#website\"},\"datePublished\":\"2022-01-22T11:59:31+00:00\",\"dateModified\":\"2022-01-22T11:59:49+00:00\",\"breadcrumb\":{\"@id\":\"https:\/\/demoweb.info\/sexshop001\/producto\/loverspremium-vibrador-venus-violeta\/#breadcrumb\"},\"inLanguage\":\"es\",\"potentialAction\":[{\"@type\":\"ReadAction\",\"target\":[\"https:\/\/demoweb.info\/sexshop001\/producto\/loverspremium-vibrador-venus-violeta\/\"]}]},{\"@type\":\"BreadcrumbList\",\"@id\":\"https:\/\/demoweb.info\/sexshop001\/producto\/loverspremium-vibrador-venus-violeta\/#breadcrumb\",\"itemListElement\":[{\"@type\":\"ListItem\",\"position\":1,\"name\":\"Portada\",\"item\":\"https:\/\/demoweb.info\/sexshop001\/\"},{\"@type\":\"ListItem\",\"position\":2,\"name\":\"Tienda\",\"item\":\"https:\/\/demoweb.info\/sexshop001\/tienda\/\"},{\"@type\":\"ListItem\",\"position\":3,\"name\":\"LOVERSPREMIUM &#8211; VIBRADOR VENUS VIOLETA\"}]},{\"@type\":\"WebSite\",\"@id\":\"https:\/\/demoweb.info\/sexshop001\/#website\",\"url\":\"https:\/\/demoweb.info\/sexshop001\/\",\"name\":\"Tienda Er\u00f3tica\",\"description\":\"DEMOWEB SL\",\"potentialAction\":[{\"@type\":\"SearchAction\",\"target\":{\"@type\":\"EntryPoint\",\"urlTemplate\":\"https:\/\/demoweb.info\/sexshop001\/?s={search_term_string}\"},\"query-input\":\"required name=search_term_string\"}],\"inLanguage\":\"es\"}]}<\/script>\n<!-- \/ Yoast SEO plugin. -->","yoast_head_json":{"title":"LOVERSPREMIUM - VIBRADOR VENUS VIOLETA - Tienda Er\u00f3tica","robots":{"index":"noindex","follow":"follow","max-snippet":"max-snippet:-1","max-image-preview":"max-image-preview:large","max-video-preview":"max-video-preview:-1"},"og_locale":"es_ES","og_type":"article","og_title":"LOVERSPREMIUM - VIBRADOR VENUS VIOLETA - Tienda Er\u00f3tica","og_description":"LOVERSPREMIUM &#8211; VIOLET VENUS VIBRATOR Vibrador de conejo con estilo con estimulador giratorio del punto G y estimulador vibratorio del","og_url":"https:\/\/demoweb.info\/sexshop001\/producto\/loverspremium-vibrador-venus-violeta\/","og_site_name":"Tienda Er\u00f3tica","article_modified_time":"2022-01-22T11:59:49+00:00","og_image":[{"width":550,"height":550,"url":"https:\/\/demoweb.info\/sexshop001\/wp-content\/uploads\/2022\/01\/LOVERSPREMIUM-VIBRADOR-VENUS-VIOLETA.jpg","type":"image\/jpeg"}],"twitter_card":"summary_large_image","twitter_misc":{"Tiempo de lectura":"1 minuto"},"schema":{"@context":"https:\/\/schema.org","@graph":[{"@type":"WebPage","@id":"https:\/\/demoweb.info\/sexshop001\/producto\/loverspremium-vibrador-venus-violeta\/","url":"https:\/\/demoweb.info\/sexshop001\/producto\/loverspremium-vibrador-venus-violeta\/","name":"LOVERSPREMIUM - VIBRADOR VENUS VIOLETA - Tienda Er\u00f3tica","isPartOf":{"@id":"https:\/\/demoweb.info\/sexshop001\/#website"},"datePublished":"2022-01-22T11:59:31+00:00","dateModified":"2022-01-22T11:59:49+00:00","breadcrumb":{"@id":"https:\/\/demoweb.info\/sexshop001\/producto\/loverspremium-vibrador-venus-violeta\/#breadcrumb"},"inLanguage":"es","potentialAction":[{"@type":"ReadAction","target":["https:\/\/demoweb.info\/sexshop001\/producto\/loverspremium-vibrador-venus-violeta\/"]}]},{"@type":"BreadcrumbList","@id":"https:\/\/demoweb.info\/sexshop001\/producto\/loverspremium-vibrador-venus-violeta\/#breadcrumb","itemListElement":[{"@type":"ListItem","position":1,"name":"Portada","item":"https:\/\/demoweb.info\/sexshop001\/"},{"@type":"ListItem","position":2,"name":"Tienda","item":"https:\/\/demoweb.info\/sexshop001\/tienda\/"},{"@type":"ListItem","position":3,"name":"LOVERSPREMIUM &#8211; VIBRADOR VENUS VIOLETA"}]},{"@type":"WebSite","@id":"https:\/\/demoweb.info\/sexshop001\/#website","url":"https:\/\/demoweb.info\/sexshop001\/","name":"Tienda Er\u00f3tica","description":"DEMOWEB SL","potentialAction":[{"@type":"SearchAction","target":{"@type":"EntryPoint","urlTemplate":"https:\/\/demoweb.info\/sexshop001\/?s={search_term_string}"},"query-input":"required name=search_term_string"}],"inLanguage":"es"}]}},"_links":{"self":[{"href":"https:\/\/demoweb.info\/sexshop001\/wp-json\/wp\/v3\/product\/32371","targetHints":{"allow":["GET"]}}],"collection":[{"href":"https:\/\/demoweb.info\/sexshop001\/wp-json\/wp\/v3\/product"}],"about":[{"href":"https:\/\/demoweb.info\/sexshop001\/wp-json\/wp\/v2\/types\/product"}],"replies":[{"embeddable":true,"href":"https:\/\/demoweb.info\/sexshop001\/wp-json\/wp\/v2\/comments?post=32371"}],"wp:featuredmedia":[{"embeddable":true,"href":"https:\/\/demoweb.info\/sexshop001\/wp-json\/wp\/v2\/media\/32372"}],"wp:attachment":[{"href":"https:\/\/demoweb.info\/sexshop001\/wp-json\/wp\/v2\/media?parent=32371"}],"wp:term":[{"taxonomy":"product_cat","embeddable":true,"href":"https:\/\/demoweb.info\/sexshop001\/wp-json\/wp\/v2\/product_cat?post=32371"},{"taxonomy":"product_tag","embeddable":true,"href":"https:\/\/demoweb.info\/sexshop001\/wp-json\/wp\/v2\/product_tag?post=32371"}],"curies":[{"name":"wp","href":"https:\/\/api.w.org\/{rel}","templated":true}]}}