{"id":32365,"date":"2022-01-22T12:59:31","date_gmt":"2022-01-22T11:59:31","guid":{"rendered":"https:\/\/demoweb.info\/sexshop001\/producto\/feelztoys-bolas-de-amor-con-movimiento-a-control-remoto-jivy\/"},"modified":"2022-01-22T12:59:45","modified_gmt":"2022-01-22T11:59:45","slug":"feelztoys-bolas-de-amor-con-movimiento-a-control-remoto-jivy","status":"publish","type":"product","link":"https:\/\/demoweb.info\/sexshop001\/producto\/feelztoys-bolas-de-amor-con-movimiento-a-control-remoto-jivy\/","title":{"rendered":"FEELZTOYS &#8211; BOLAS DE AMOR CON MOVIMIENTO A CONTROL REMOTO JIVY"},"content":{"rendered":"<p><strong>FEELZTOYS &#8211; LOVE BALLS WITH REMOTE CONTROL MOVEMENT JIVY<\/strong><\/p>\n<p>\u00a1Las Motion Love Balls de Feelztoys te dan una sensaci\u00f3n muy agradable por dentro!<br \/>\nLas bolas de cono son divertidas y emocionantes, se mueven y giran para darte buenas vibraciones.<\/p>\n<p>Debido a que son silenciosos e impermeables, \u00a1puedes usarlos en todas partes! Incluso en p\u00fablico.<br \/>\nGracias a su control remoto tiene un alcance de 15 metros, tambi\u00e9n puede buscar la tentaci\u00f3n y la emoci\u00f3n con su pareja fuera de casa.<br \/>\nAdem\u00e1s puedes usar las bolas de amor para jugar en solitario. Con los 7 patrones de vibraci\u00f3n y un tiempo de uso de 1,5 horas, \u00a1puedes encontrar emoci\u00f3n en cualquier lugar!<\/p>\n<p>Tambi\u00e9n puedes utilizar bolas c\u00f3nicas para fortalecer los m\u00fasculos del suelo p\u00e9lvico. Por lo tanto, estas Motion Love Balls de Feelztoys son multifuncionales.<\/p>\n<p>Especificaciones del producto:<br \/>\n&#8211; Tama\u00f1o: 32 x 83 mm<br \/>\n&#8211; Peso: 44 g<br \/>\n&#8211; Material: silicona 100% segura para el cuerpo<br \/>\n&#8211; Susurro silencioso<br \/>\n&#8211; Resistente al agua (IPX7)<br \/>\n&#8211; Tiempo de uso: 1h \/ Tiempo en espera: 8h<br \/>\n&#8211; Usb recargable<br \/>\n&#8211; 7 patrones de vibraci\u00f3n<br \/>\n&#8211; Alcance del control remoto: 15m<br \/>\n&#8211; Inodoro<\/p>\n","protected":false},"excerpt":{"rendered":"<p>FEELZTOYS &#8211; LOVE BALLS WITH REMOTE CONTROL MOVEMENT JIVY \u00a1Las Motion Love Balls de Feelztoys te dan una sensaci\u00f3n muy<\/p>\n","protected":false},"featured_media":32366,"comment_status":"open","ping_status":"open","template":"","meta":[],"product_cat":[322],"product_tag":[373],"class_list":["post-32365","product","type-product","status-publish","has-post-thumbnail","hentry","product_cat-con-mando","product_tag-feelztoys"],"bundled_by":[],"bundle_stock_status":"instock","bundle_stock_quantity":1,"bundle_virtual":false,"bundle_layout":"","bundle_add_to_cart_form_location":"","bundle_editable_in_cart":false,"bundle_sold_individually_context":"","bundle_item_grouping":"","bundle_min_size":"","bundle_max_size":"","bundled_items":[],"yoast_head":"<!-- This site is optimized with the Yoast SEO plugin v20.6 - https:\/\/yoast.com\/wordpress\/plugins\/seo\/ -->\n<title>FEELZTOYS - BOLAS DE AMOR CON MOVIMIENTO A CONTROL REMOTO JIVY - Tienda Er\u00f3tica<\/title>\n<meta name=\"robots\" content=\"noindex, follow, max-snippet:-1, max-image-preview:large, max-video-preview:-1\" \/>\n<meta property=\"og:locale\" content=\"es_ES\" \/>\n<meta property=\"og:type\" content=\"article\" \/>\n<meta property=\"og:title\" content=\"FEELZTOYS - BOLAS DE AMOR CON MOVIMIENTO A CONTROL REMOTO JIVY - Tienda Er\u00f3tica\" \/>\n<meta property=\"og:description\" content=\"FEELZTOYS &#8211; LOVE BALLS WITH REMOTE CONTROL MOVEMENT JIVY \u00a1Las Motion Love Balls de Feelztoys te dan una sensaci\u00f3n muy\" \/>\n<meta property=\"og:url\" content=\"https:\/\/demoweb.info\/sexshop001\/producto\/feelztoys-bolas-de-amor-con-movimiento-a-control-remoto-jivy\/\" \/>\n<meta property=\"og:site_name\" content=\"Tienda Er\u00f3tica\" \/>\n<meta property=\"article:modified_time\" content=\"2022-01-22T11:59:45+00:00\" \/>\n<meta property=\"og:image\" content=\"https:\/\/demoweb.info\/sexshop001\/wp-content\/uploads\/2022\/01\/FEELZTOYS-BOLAS-DE-AMOR-CON-MOVIMIENTO-A-CONTROL-REMOTO-JIVY.jpg\" \/>\n\t<meta property=\"og:image:width\" content=\"550\" \/>\n\t<meta property=\"og:image:height\" content=\"550\" \/>\n\t<meta property=\"og:image:type\" content=\"image\/jpeg\" \/>\n<meta name=\"twitter:card\" content=\"summary_large_image\" \/>\n<meta name=\"twitter:label1\" content=\"Tiempo de lectura\" \/>\n\t<meta name=\"twitter:data1\" content=\"1 minuto\" \/>\n<script type=\"application\/ld+json\" class=\"yoast-schema-graph\">{\"@context\":\"https:\/\/schema.org\",\"@graph\":[{\"@type\":\"WebPage\",\"@id\":\"https:\/\/demoweb.info\/sexshop001\/producto\/feelztoys-bolas-de-amor-con-movimiento-a-control-remoto-jivy\/\",\"url\":\"https:\/\/demoweb.info\/sexshop001\/producto\/feelztoys-bolas-de-amor-con-movimiento-a-control-remoto-jivy\/\",\"name\":\"FEELZTOYS - BOLAS DE AMOR CON MOVIMIENTO A CONTROL REMOTO JIVY - Tienda Er\u00f3tica\",\"isPartOf\":{\"@id\":\"https:\/\/demoweb.info\/sexshop001\/#website\"},\"datePublished\":\"2022-01-22T11:59:31+00:00\",\"dateModified\":\"2022-01-22T11:59:45+00:00\",\"breadcrumb\":{\"@id\":\"https:\/\/demoweb.info\/sexshop001\/producto\/feelztoys-bolas-de-amor-con-movimiento-a-control-remoto-jivy\/#breadcrumb\"},\"inLanguage\":\"es\",\"potentialAction\":[{\"@type\":\"ReadAction\",\"target\":[\"https:\/\/demoweb.info\/sexshop001\/producto\/feelztoys-bolas-de-amor-con-movimiento-a-control-remoto-jivy\/\"]}]},{\"@type\":\"BreadcrumbList\",\"@id\":\"https:\/\/demoweb.info\/sexshop001\/producto\/feelztoys-bolas-de-amor-con-movimiento-a-control-remoto-jivy\/#breadcrumb\",\"itemListElement\":[{\"@type\":\"ListItem\",\"position\":1,\"name\":\"Portada\",\"item\":\"https:\/\/demoweb.info\/sexshop001\/\"},{\"@type\":\"ListItem\",\"position\":2,\"name\":\"Tienda\",\"item\":\"https:\/\/demoweb.info\/sexshop001\/tienda\/\"},{\"@type\":\"ListItem\",\"position\":3,\"name\":\"FEELZTOYS &#8211; BOLAS DE AMOR CON MOVIMIENTO A CONTROL REMOTO JIVY\"}]},{\"@type\":\"WebSite\",\"@id\":\"https:\/\/demoweb.info\/sexshop001\/#website\",\"url\":\"https:\/\/demoweb.info\/sexshop001\/\",\"name\":\"Tienda Er\u00f3tica\",\"description\":\"DEMOWEB SL\",\"potentialAction\":[{\"@type\":\"SearchAction\",\"target\":{\"@type\":\"EntryPoint\",\"urlTemplate\":\"https:\/\/demoweb.info\/sexshop001\/?s={search_term_string}\"},\"query-input\":\"required name=search_term_string\"}],\"inLanguage\":\"es\"}]}<\/script>\n<!-- \/ Yoast SEO plugin. -->","yoast_head_json":{"title":"FEELZTOYS - BOLAS DE AMOR CON MOVIMIENTO A CONTROL REMOTO JIVY - Tienda Er\u00f3tica","robots":{"index":"noindex","follow":"follow","max-snippet":"max-snippet:-1","max-image-preview":"max-image-preview:large","max-video-preview":"max-video-preview:-1"},"og_locale":"es_ES","og_type":"article","og_title":"FEELZTOYS - BOLAS DE AMOR CON MOVIMIENTO A CONTROL REMOTO JIVY - Tienda Er\u00f3tica","og_description":"FEELZTOYS &#8211; LOVE BALLS WITH REMOTE CONTROL MOVEMENT JIVY \u00a1Las Motion Love Balls de Feelztoys te dan una sensaci\u00f3n muy","og_url":"https:\/\/demoweb.info\/sexshop001\/producto\/feelztoys-bolas-de-amor-con-movimiento-a-control-remoto-jivy\/","og_site_name":"Tienda Er\u00f3tica","article_modified_time":"2022-01-22T11:59:45+00:00","og_image":[{"width":550,"height":550,"url":"https:\/\/demoweb.info\/sexshop001\/wp-content\/uploads\/2022\/01\/FEELZTOYS-BOLAS-DE-AMOR-CON-MOVIMIENTO-A-CONTROL-REMOTO-JIVY.jpg","type":"image\/jpeg"}],"twitter_card":"summary_large_image","twitter_misc":{"Tiempo de lectura":"1 minuto"},"schema":{"@context":"https:\/\/schema.org","@graph":[{"@type":"WebPage","@id":"https:\/\/demoweb.info\/sexshop001\/producto\/feelztoys-bolas-de-amor-con-movimiento-a-control-remoto-jivy\/","url":"https:\/\/demoweb.info\/sexshop001\/producto\/feelztoys-bolas-de-amor-con-movimiento-a-control-remoto-jivy\/","name":"FEELZTOYS - BOLAS DE AMOR CON MOVIMIENTO A CONTROL REMOTO JIVY - Tienda Er\u00f3tica","isPartOf":{"@id":"https:\/\/demoweb.info\/sexshop001\/#website"},"datePublished":"2022-01-22T11:59:31+00:00","dateModified":"2022-01-22T11:59:45+00:00","breadcrumb":{"@id":"https:\/\/demoweb.info\/sexshop001\/producto\/feelztoys-bolas-de-amor-con-movimiento-a-control-remoto-jivy\/#breadcrumb"},"inLanguage":"es","potentialAction":[{"@type":"ReadAction","target":["https:\/\/demoweb.info\/sexshop001\/producto\/feelztoys-bolas-de-amor-con-movimiento-a-control-remoto-jivy\/"]}]},{"@type":"BreadcrumbList","@id":"https:\/\/demoweb.info\/sexshop001\/producto\/feelztoys-bolas-de-amor-con-movimiento-a-control-remoto-jivy\/#breadcrumb","itemListElement":[{"@type":"ListItem","position":1,"name":"Portada","item":"https:\/\/demoweb.info\/sexshop001\/"},{"@type":"ListItem","position":2,"name":"Tienda","item":"https:\/\/demoweb.info\/sexshop001\/tienda\/"},{"@type":"ListItem","position":3,"name":"FEELZTOYS &#8211; BOLAS DE AMOR CON MOVIMIENTO A CONTROL REMOTO JIVY"}]},{"@type":"WebSite","@id":"https:\/\/demoweb.info\/sexshop001\/#website","url":"https:\/\/demoweb.info\/sexshop001\/","name":"Tienda Er\u00f3tica","description":"DEMOWEB SL","potentialAction":[{"@type":"SearchAction","target":{"@type":"EntryPoint","urlTemplate":"https:\/\/demoweb.info\/sexshop001\/?s={search_term_string}"},"query-input":"required name=search_term_string"}],"inLanguage":"es"}]}},"_links":{"self":[{"href":"https:\/\/demoweb.info\/sexshop001\/wp-json\/wp\/v3\/product\/32365","targetHints":{"allow":["GET"]}}],"collection":[{"href":"https:\/\/demoweb.info\/sexshop001\/wp-json\/wp\/v3\/product"}],"about":[{"href":"https:\/\/demoweb.info\/sexshop001\/wp-json\/wp\/v2\/types\/product"}],"replies":[{"embeddable":true,"href":"https:\/\/demoweb.info\/sexshop001\/wp-json\/wp\/v2\/comments?post=32365"}],"wp:featuredmedia":[{"embeddable":true,"href":"https:\/\/demoweb.info\/sexshop001\/wp-json\/wp\/v2\/media\/32366"}],"wp:attachment":[{"href":"https:\/\/demoweb.info\/sexshop001\/wp-json\/wp\/v2\/media?parent=32365"}],"wp:term":[{"taxonomy":"product_cat","embeddable":true,"href":"https:\/\/demoweb.info\/sexshop001\/wp-json\/wp\/v2\/product_cat?post=32365"},{"taxonomy":"product_tag","embeddable":true,"href":"https:\/\/demoweb.info\/sexshop001\/wp-json\/wp\/v2\/product_tag?post=32365"}],"curies":[{"name":"wp","href":"https:\/\/api.w.org\/{rel}","templated":true}]}}