{"id":32352,"date":"2022-01-22T12:59:31","date_gmt":"2022-01-22T11:59:31","guid":{"rendered":"https:\/\/demoweb.info\/sexshop001\/producto\/feelztoys-juego-de-plugs-anales-funkybutts-para-parejas\/"},"modified":"2022-01-22T12:59:36","modified_gmt":"2022-01-22T11:59:36","slug":"feelztoys-juego-de-plugs-anales-funkybutts-para-parejas","status":"publish","type":"product","link":"https:\/\/demoweb.info\/sexshop001\/producto\/feelztoys-juego-de-plugs-anales-funkybutts-para-parejas\/","title":{"rendered":"FEELZTOYS &#8211; JUEGO DE PLUGS ANALES FUNKYBUTTS PARA PAREJAS"},"content":{"rendered":"<p><strong>FEELZTOYS &#8211; FUNKYBUTTS REMOTE CONTROL ANAL PLUG SET FOR COUPLES<\/strong><\/p>\n<p>FunkyButts de Feelztoys es un juego de 2 plugs anales vibradores con mando a distancia para parejas que pueden llevar ambos compa\u00f1eros al mismo tiempo durante el coito.<br \/>\nEl mando a distancia se puede utilizar para ambos plugs, que se pueden operar individualmente.<\/p>\n<p>\u00a1Dale un impulso adicional a tu vida sexual y emprendan juntos un viaje de descubrimiento!<br \/>\nDisfruta de la estimulaci\u00f3n anal junto a tu pareja mientras haces el amor. \u00a1Esto ahora es posible con FunkyButts!<br \/>\nFunkyButts de Feelztoys consta de 2 plugs a tope vibradores y 1 mando a distancia que sirve para ambos por separado. Con no menos de 10 patrones de vibraci\u00f3n, tiene muchas opciones para encontrar la intensidad que desee.<\/p>\n<p>Experimenta donde quieras, porque los enchufes son completamente impermeables, por lo que incluso hacer el amor en la ducha o en el ba\u00f1o es posible con FunkyButts. \u00a1Y puedes divertirte durante mucho tiempo, porque los enchufes duran hasta una hora completa con una bater\u00eda llena!<\/p>\n<p>\u00bfO quieres dar un paso m\u00e1s? Luego, divi\u00e9rtete en secreto con los pulgs anales junto con tu pareja, y util\u00edzalos si tienes una velada rom\u00e1ntica o una salida nocturna. Burlate de los dem\u00e1s y elige qui\u00e9n sostiene el control remoto y determina c\u00f3mo vibra el trasero de la otra persona.<br \/>\nSe puede usar f\u00e1cilmente en secreto o en p\u00fablico, porque el motor del plug es silencioso y nadie m\u00e1s que tu lo notar\u00e1.<\/p>\n<p>Los plugs anales est\u00e1n hechos de silicona segura para el cuerpo y, por lo tanto, son f\u00e1ciles de limpiar y f\u00e1ciles de insertar. \u00a1Disfr\u00fatalas cuando y donde quieras!<\/p>\n<p>Especificaciones del producto:<br \/>\n&#8211; Material: silicona 100% segura para el cuerpo<br \/>\n&#8211; Motores silenciosos como un susurro<br \/>\n&#8211; Impermeable (IPX7)<br \/>\n&#8211; 8 horas en espera<br \/>\n&#8211; Hasta 1 hora de funcionamiento con bater\u00eda completa, incluso despu\u00e9s de 8 horas en espera<br \/>\n&#8211; 10 vibraciones \/ patrones<br \/>\n&#8211; Control remoto: rango de 8 metros<br \/>\n&#8211; USB recargable<br \/>\n&#8211; Tama\u00f1o tapones anales: 37 x 106 mm<\/p><\/p>\n","protected":false},"excerpt":{"rendered":"<p>FEELZTOYS &#8211; FUNKYBUTTS REMOTE CONTROL ANAL PLUG SET FOR COUPLES FunkyButts de Feelztoys es un juego de 2 plugs anales<\/p>\n","protected":false},"featured_media":32353,"comment_status":"open","ping_status":"open","template":"","meta":[],"product_cat":[295],"product_tag":[373],"class_list":["post-32352","product","type-product","status-publish","has-post-thumbnail","hentry","product_cat-vibradores-plugs","product_tag-feelztoys"],"bundled_by":[],"bundle_stock_status":"outofstock","bundle_stock_quantity":0,"bundle_virtual":false,"bundle_layout":"","bundle_add_to_cart_form_location":"","bundle_editable_in_cart":false,"bundle_sold_individually_context":"","bundle_item_grouping":"","bundle_min_size":"","bundle_max_size":"","bundled_items":[],"yoast_head":"<!-- This site is optimized with the Yoast SEO plugin v20.6 - https:\/\/yoast.com\/wordpress\/plugins\/seo\/ -->\n<title>FEELZTOYS - JUEGO DE PLUGS ANALES FUNKYBUTTS PARA PAREJAS - Tienda Er\u00f3tica<\/title>\n<meta name=\"robots\" content=\"noindex, follow, max-snippet:-1, max-image-preview:large, max-video-preview:-1\" \/>\n<meta property=\"og:locale\" content=\"es_ES\" \/>\n<meta property=\"og:type\" content=\"article\" \/>\n<meta property=\"og:title\" content=\"FEELZTOYS - JUEGO DE PLUGS ANALES FUNKYBUTTS PARA PAREJAS - Tienda Er\u00f3tica\" \/>\n<meta property=\"og:description\" content=\"FEELZTOYS &#8211; FUNKYBUTTS REMOTE CONTROL ANAL PLUG SET FOR COUPLES FunkyButts de Feelztoys es un juego de 2 plugs anales\" \/>\n<meta property=\"og:url\" content=\"https:\/\/demoweb.info\/sexshop001\/producto\/feelztoys-juego-de-plugs-anales-funkybutts-para-parejas\/\" \/>\n<meta property=\"og:site_name\" content=\"Tienda Er\u00f3tica\" \/>\n<meta property=\"article:modified_time\" content=\"2022-01-22T11:59:36+00:00\" \/>\n<meta property=\"og:image\" content=\"https:\/\/demoweb.info\/sexshop001\/wp-content\/uploads\/2022\/01\/FEELZTOYS-JUEGO-DE-PLUGS-ANALES-FUNKYBUTTS-PARA-PAREJAS.jpg\" \/>\n\t<meta property=\"og:image:width\" content=\"550\" \/>\n\t<meta property=\"og:image:height\" content=\"550\" \/>\n\t<meta property=\"og:image:type\" content=\"image\/jpeg\" \/>\n<meta name=\"twitter:card\" content=\"summary_large_image\" \/>\n<meta name=\"twitter:label1\" content=\"Tiempo de lectura\" \/>\n\t<meta name=\"twitter:data1\" content=\"2 minutos\" \/>\n<script type=\"application\/ld+json\" class=\"yoast-schema-graph\">{\"@context\":\"https:\/\/schema.org\",\"@graph\":[{\"@type\":\"WebPage\",\"@id\":\"https:\/\/demoweb.info\/sexshop001\/producto\/feelztoys-juego-de-plugs-anales-funkybutts-para-parejas\/\",\"url\":\"https:\/\/demoweb.info\/sexshop001\/producto\/feelztoys-juego-de-plugs-anales-funkybutts-para-parejas\/\",\"name\":\"FEELZTOYS - JUEGO DE PLUGS ANALES FUNKYBUTTS PARA PAREJAS - Tienda Er\u00f3tica\",\"isPartOf\":{\"@id\":\"https:\/\/demoweb.info\/sexshop001\/#website\"},\"datePublished\":\"2022-01-22T11:59:31+00:00\",\"dateModified\":\"2022-01-22T11:59:36+00:00\",\"breadcrumb\":{\"@id\":\"https:\/\/demoweb.info\/sexshop001\/producto\/feelztoys-juego-de-plugs-anales-funkybutts-para-parejas\/#breadcrumb\"},\"inLanguage\":\"es\",\"potentialAction\":[{\"@type\":\"ReadAction\",\"target\":[\"https:\/\/demoweb.info\/sexshop001\/producto\/feelztoys-juego-de-plugs-anales-funkybutts-para-parejas\/\"]}]},{\"@type\":\"BreadcrumbList\",\"@id\":\"https:\/\/demoweb.info\/sexshop001\/producto\/feelztoys-juego-de-plugs-anales-funkybutts-para-parejas\/#breadcrumb\",\"itemListElement\":[{\"@type\":\"ListItem\",\"position\":1,\"name\":\"Portada\",\"item\":\"https:\/\/demoweb.info\/sexshop001\/\"},{\"@type\":\"ListItem\",\"position\":2,\"name\":\"Tienda\",\"item\":\"https:\/\/demoweb.info\/sexshop001\/tienda\/\"},{\"@type\":\"ListItem\",\"position\":3,\"name\":\"FEELZTOYS &#8211; JUEGO DE PLUGS ANALES FUNKYBUTTS PARA PAREJAS\"}]},{\"@type\":\"WebSite\",\"@id\":\"https:\/\/demoweb.info\/sexshop001\/#website\",\"url\":\"https:\/\/demoweb.info\/sexshop001\/\",\"name\":\"Tienda Er\u00f3tica\",\"description\":\"DEMOWEB SL\",\"potentialAction\":[{\"@type\":\"SearchAction\",\"target\":{\"@type\":\"EntryPoint\",\"urlTemplate\":\"https:\/\/demoweb.info\/sexshop001\/?s={search_term_string}\"},\"query-input\":\"required name=search_term_string\"}],\"inLanguage\":\"es\"}]}<\/script>\n<!-- \/ Yoast SEO plugin. -->","yoast_head_json":{"title":"FEELZTOYS - JUEGO DE PLUGS ANALES FUNKYBUTTS PARA PAREJAS - Tienda Er\u00f3tica","robots":{"index":"noindex","follow":"follow","max-snippet":"max-snippet:-1","max-image-preview":"max-image-preview:large","max-video-preview":"max-video-preview:-1"},"og_locale":"es_ES","og_type":"article","og_title":"FEELZTOYS - JUEGO DE PLUGS ANALES FUNKYBUTTS PARA PAREJAS - Tienda Er\u00f3tica","og_description":"FEELZTOYS &#8211; FUNKYBUTTS REMOTE CONTROL ANAL PLUG SET FOR COUPLES FunkyButts de Feelztoys es un juego de 2 plugs anales","og_url":"https:\/\/demoweb.info\/sexshop001\/producto\/feelztoys-juego-de-plugs-anales-funkybutts-para-parejas\/","og_site_name":"Tienda Er\u00f3tica","article_modified_time":"2022-01-22T11:59:36+00:00","og_image":[{"width":550,"height":550,"url":"https:\/\/demoweb.info\/sexshop001\/wp-content\/uploads\/2022\/01\/FEELZTOYS-JUEGO-DE-PLUGS-ANALES-FUNKYBUTTS-PARA-PAREJAS.jpg","type":"image\/jpeg"}],"twitter_card":"summary_large_image","twitter_misc":{"Tiempo de lectura":"2 minutos"},"schema":{"@context":"https:\/\/schema.org","@graph":[{"@type":"WebPage","@id":"https:\/\/demoweb.info\/sexshop001\/producto\/feelztoys-juego-de-plugs-anales-funkybutts-para-parejas\/","url":"https:\/\/demoweb.info\/sexshop001\/producto\/feelztoys-juego-de-plugs-anales-funkybutts-para-parejas\/","name":"FEELZTOYS - JUEGO DE PLUGS ANALES FUNKYBUTTS PARA PAREJAS - Tienda Er\u00f3tica","isPartOf":{"@id":"https:\/\/demoweb.info\/sexshop001\/#website"},"datePublished":"2022-01-22T11:59:31+00:00","dateModified":"2022-01-22T11:59:36+00:00","breadcrumb":{"@id":"https:\/\/demoweb.info\/sexshop001\/producto\/feelztoys-juego-de-plugs-anales-funkybutts-para-parejas\/#breadcrumb"},"inLanguage":"es","potentialAction":[{"@type":"ReadAction","target":["https:\/\/demoweb.info\/sexshop001\/producto\/feelztoys-juego-de-plugs-anales-funkybutts-para-parejas\/"]}]},{"@type":"BreadcrumbList","@id":"https:\/\/demoweb.info\/sexshop001\/producto\/feelztoys-juego-de-plugs-anales-funkybutts-para-parejas\/#breadcrumb","itemListElement":[{"@type":"ListItem","position":1,"name":"Portada","item":"https:\/\/demoweb.info\/sexshop001\/"},{"@type":"ListItem","position":2,"name":"Tienda","item":"https:\/\/demoweb.info\/sexshop001\/tienda\/"},{"@type":"ListItem","position":3,"name":"FEELZTOYS &#8211; JUEGO DE PLUGS ANALES FUNKYBUTTS PARA PAREJAS"}]},{"@type":"WebSite","@id":"https:\/\/demoweb.info\/sexshop001\/#website","url":"https:\/\/demoweb.info\/sexshop001\/","name":"Tienda Er\u00f3tica","description":"DEMOWEB SL","potentialAction":[{"@type":"SearchAction","target":{"@type":"EntryPoint","urlTemplate":"https:\/\/demoweb.info\/sexshop001\/?s={search_term_string}"},"query-input":"required name=search_term_string"}],"inLanguage":"es"}]}},"_links":{"self":[{"href":"https:\/\/demoweb.info\/sexshop001\/wp-json\/wp\/v3\/product\/32352","targetHints":{"allow":["GET"]}}],"collection":[{"href":"https:\/\/demoweb.info\/sexshop001\/wp-json\/wp\/v3\/product"}],"about":[{"href":"https:\/\/demoweb.info\/sexshop001\/wp-json\/wp\/v2\/types\/product"}],"replies":[{"embeddable":true,"href":"https:\/\/demoweb.info\/sexshop001\/wp-json\/wp\/v2\/comments?post=32352"}],"wp:featuredmedia":[{"embeddable":true,"href":"https:\/\/demoweb.info\/sexshop001\/wp-json\/wp\/v2\/media\/32353"}],"wp:attachment":[{"href":"https:\/\/demoweb.info\/sexshop001\/wp-json\/wp\/v2\/media?parent=32352"}],"wp:term":[{"taxonomy":"product_cat","embeddable":true,"href":"https:\/\/demoweb.info\/sexshop001\/wp-json\/wp\/v2\/product_cat?post=32352"},{"taxonomy":"product_tag","embeddable":true,"href":"https:\/\/demoweb.info\/sexshop001\/wp-json\/wp\/v2\/product_tag?post=32352"}],"curies":[{"name":"wp","href":"https:\/\/api.w.org\/{rel}","templated":true}]}}