{"id":32345,"date":"2022-01-22T12:59:31","date_gmt":"2022-01-22T11:59:31","guid":{"rendered":"https:\/\/demoweb.info\/sexshop001\/producto\/loverspremium-masajeador-energy\/"},"modified":"2022-01-22T12:59:32","modified_gmt":"2022-01-22T11:59:32","slug":"loverspremium-masajeador-energy","status":"publish","type":"product","link":"https:\/\/demoweb.info\/sexshop001\/producto\/loverspremium-masajeador-energy\/","title":{"rendered":"LOVERSPREMIUM &#8211; MASAJEADOR ENERGY"},"content":{"rendered":"<p><strong>LOVERSPREMIUM &#8211; ENERGY MASSAGER<\/strong><\/p>\n<p>Las tres bolas de masaje brindan un masaje centelleante, que puede sentir que penetra profundamente en sus m\u00fasculos. Las bolas se iluminan (especialmente divertidas en la oscuridad). Muy c\u00f3modo de sostener. El potente motor tiene un sencillo bot\u00f3n de encendido y apagado. Utiliza 3 pilas AAA (no incluidas).<\/p>\n<p>Caracter\u00edsticas:<br \/>\n&#8211; Tama\u00f1o: 9 cm (alto) x 10 cm (di\u00e1metro)<br \/>\n&#8211; Dise\u00f1o ligero y manejable para un c\u00f3modo automasaje<br \/>\n&#8211; Forma ergon\u00f3mica para aplicar presi\u00f3n sin esfuerzo<br \/>\n&#8211; El masajeador viene en una hermosa caja de regalo<br \/>\n&#8211; Bolas de rayos (diversi\u00f3n en la oscuridad)<br \/>\n&#8211; Tipo de bater\u00eda: 3 pilas AAA<br \/>\n&#8211; Bater\u00eda incluida: no<br \/>\n&#8211; No<\/p>\n","protected":false},"excerpt":{"rendered":"<p>LOVERSPREMIUM &#8211; ENERGY MASSAGER Las tres bolas de masaje brindan un masaje centelleante, que puede sentir que penetra profundamente en<\/p>\n","protected":false},"featured_media":32346,"comment_status":"open","ping_status":"open","template":"","meta":[],"product_cat":[820],"product_tag":[821],"class_list":["post-32345","product","type-product","status-publish","has-post-thumbnail","hentry","product_cat-masajeadores","product_tag-loverspremium"],"bundled_by":[],"bundle_stock_status":"instock","bundle_stock_quantity":2,"bundle_virtual":false,"bundle_layout":"","bundle_add_to_cart_form_location":"","bundle_editable_in_cart":false,"bundle_sold_individually_context":"","bundle_item_grouping":"","bundle_min_size":"","bundle_max_size":"","bundled_items":[],"yoast_head":"<!-- This site is optimized with the Yoast SEO plugin v20.6 - https:\/\/yoast.com\/wordpress\/plugins\/seo\/ -->\n<title>LOVERSPREMIUM - MASAJEADOR ENERGY - Tienda Er\u00f3tica<\/title>\n<meta name=\"robots\" content=\"noindex, follow, max-snippet:-1, max-image-preview:large, max-video-preview:-1\" \/>\n<meta property=\"og:locale\" content=\"es_ES\" \/>\n<meta property=\"og:type\" content=\"article\" \/>\n<meta property=\"og:title\" content=\"LOVERSPREMIUM - MASAJEADOR ENERGY - Tienda Er\u00f3tica\" \/>\n<meta property=\"og:description\" content=\"LOVERSPREMIUM &#8211; ENERGY MASSAGER Las tres bolas de masaje brindan un masaje centelleante, que puede sentir que penetra profundamente en\" \/>\n<meta property=\"og:url\" content=\"https:\/\/demoweb.info\/sexshop001\/producto\/loverspremium-masajeador-energy\/\" \/>\n<meta property=\"og:site_name\" content=\"Tienda Er\u00f3tica\" \/>\n<meta property=\"article:modified_time\" content=\"2022-01-22T11:59:32+00:00\" \/>\n<meta property=\"og:image\" content=\"https:\/\/demoweb.info\/sexshop001\/wp-content\/uploads\/2022\/01\/LOVERSPREMIUM-MASAJEADOR-ENERGY.jpg\" \/>\n\t<meta property=\"og:image:width\" content=\"550\" \/>\n\t<meta property=\"og:image:height\" content=\"550\" \/>\n\t<meta property=\"og:image:type\" content=\"image\/jpeg\" \/>\n<meta name=\"twitter:card\" content=\"summary_large_image\" \/>\n<meta name=\"twitter:label1\" content=\"Tiempo de lectura\" \/>\n\t<meta name=\"twitter:data1\" content=\"1 minuto\" \/>\n<script type=\"application\/ld+json\" class=\"yoast-schema-graph\">{\"@context\":\"https:\/\/schema.org\",\"@graph\":[{\"@type\":\"WebPage\",\"@id\":\"https:\/\/demoweb.info\/sexshop001\/producto\/loverspremium-masajeador-energy\/\",\"url\":\"https:\/\/demoweb.info\/sexshop001\/producto\/loverspremium-masajeador-energy\/\",\"name\":\"LOVERSPREMIUM - MASAJEADOR ENERGY - Tienda Er\u00f3tica\",\"isPartOf\":{\"@id\":\"https:\/\/demoweb.info\/sexshop001\/#website\"},\"datePublished\":\"2022-01-22T11:59:31+00:00\",\"dateModified\":\"2022-01-22T11:59:32+00:00\",\"breadcrumb\":{\"@id\":\"https:\/\/demoweb.info\/sexshop001\/producto\/loverspremium-masajeador-energy\/#breadcrumb\"},\"inLanguage\":\"es\",\"potentialAction\":[{\"@type\":\"ReadAction\",\"target\":[\"https:\/\/demoweb.info\/sexshop001\/producto\/loverspremium-masajeador-energy\/\"]}]},{\"@type\":\"BreadcrumbList\",\"@id\":\"https:\/\/demoweb.info\/sexshop001\/producto\/loverspremium-masajeador-energy\/#breadcrumb\",\"itemListElement\":[{\"@type\":\"ListItem\",\"position\":1,\"name\":\"Portada\",\"item\":\"https:\/\/demoweb.info\/sexshop001\/\"},{\"@type\":\"ListItem\",\"position\":2,\"name\":\"Tienda\",\"item\":\"https:\/\/demoweb.info\/sexshop001\/tienda\/\"},{\"@type\":\"ListItem\",\"position\":3,\"name\":\"LOVERSPREMIUM &#8211; MASAJEADOR ENERGY\"}]},{\"@type\":\"WebSite\",\"@id\":\"https:\/\/demoweb.info\/sexshop001\/#website\",\"url\":\"https:\/\/demoweb.info\/sexshop001\/\",\"name\":\"Tienda Er\u00f3tica\",\"description\":\"DEMOWEB SL\",\"potentialAction\":[{\"@type\":\"SearchAction\",\"target\":{\"@type\":\"EntryPoint\",\"urlTemplate\":\"https:\/\/demoweb.info\/sexshop001\/?s={search_term_string}\"},\"query-input\":\"required name=search_term_string\"}],\"inLanguage\":\"es\"}]}<\/script>\n<!-- \/ Yoast SEO plugin. -->","yoast_head_json":{"title":"LOVERSPREMIUM - MASAJEADOR ENERGY - Tienda Er\u00f3tica","robots":{"index":"noindex","follow":"follow","max-snippet":"max-snippet:-1","max-image-preview":"max-image-preview:large","max-video-preview":"max-video-preview:-1"},"og_locale":"es_ES","og_type":"article","og_title":"LOVERSPREMIUM - MASAJEADOR ENERGY - Tienda Er\u00f3tica","og_description":"LOVERSPREMIUM &#8211; ENERGY MASSAGER Las tres bolas de masaje brindan un masaje centelleante, que puede sentir que penetra profundamente en","og_url":"https:\/\/demoweb.info\/sexshop001\/producto\/loverspremium-masajeador-energy\/","og_site_name":"Tienda Er\u00f3tica","article_modified_time":"2022-01-22T11:59:32+00:00","og_image":[{"width":550,"height":550,"url":"https:\/\/demoweb.info\/sexshop001\/wp-content\/uploads\/2022\/01\/LOVERSPREMIUM-MASAJEADOR-ENERGY.jpg","type":"image\/jpeg"}],"twitter_card":"summary_large_image","twitter_misc":{"Tiempo de lectura":"1 minuto"},"schema":{"@context":"https:\/\/schema.org","@graph":[{"@type":"WebPage","@id":"https:\/\/demoweb.info\/sexshop001\/producto\/loverspremium-masajeador-energy\/","url":"https:\/\/demoweb.info\/sexshop001\/producto\/loverspremium-masajeador-energy\/","name":"LOVERSPREMIUM - MASAJEADOR ENERGY - Tienda Er\u00f3tica","isPartOf":{"@id":"https:\/\/demoweb.info\/sexshop001\/#website"},"datePublished":"2022-01-22T11:59:31+00:00","dateModified":"2022-01-22T11:59:32+00:00","breadcrumb":{"@id":"https:\/\/demoweb.info\/sexshop001\/producto\/loverspremium-masajeador-energy\/#breadcrumb"},"inLanguage":"es","potentialAction":[{"@type":"ReadAction","target":["https:\/\/demoweb.info\/sexshop001\/producto\/loverspremium-masajeador-energy\/"]}]},{"@type":"BreadcrumbList","@id":"https:\/\/demoweb.info\/sexshop001\/producto\/loverspremium-masajeador-energy\/#breadcrumb","itemListElement":[{"@type":"ListItem","position":1,"name":"Portada","item":"https:\/\/demoweb.info\/sexshop001\/"},{"@type":"ListItem","position":2,"name":"Tienda","item":"https:\/\/demoweb.info\/sexshop001\/tienda\/"},{"@type":"ListItem","position":3,"name":"LOVERSPREMIUM &#8211; MASAJEADOR ENERGY"}]},{"@type":"WebSite","@id":"https:\/\/demoweb.info\/sexshop001\/#website","url":"https:\/\/demoweb.info\/sexshop001\/","name":"Tienda Er\u00f3tica","description":"DEMOWEB SL","potentialAction":[{"@type":"SearchAction","target":{"@type":"EntryPoint","urlTemplate":"https:\/\/demoweb.info\/sexshop001\/?s={search_term_string}"},"query-input":"required name=search_term_string"}],"inLanguage":"es"}]}},"_links":{"self":[{"href":"https:\/\/demoweb.info\/sexshop001\/wp-json\/wp\/v3\/product\/32345","targetHints":{"allow":["GET"]}}],"collection":[{"href":"https:\/\/demoweb.info\/sexshop001\/wp-json\/wp\/v3\/product"}],"about":[{"href":"https:\/\/demoweb.info\/sexshop001\/wp-json\/wp\/v2\/types\/product"}],"replies":[{"embeddable":true,"href":"https:\/\/demoweb.info\/sexshop001\/wp-json\/wp\/v2\/comments?post=32345"}],"wp:featuredmedia":[{"embeddable":true,"href":"https:\/\/demoweb.info\/sexshop001\/wp-json\/wp\/v2\/media\/32346"}],"wp:attachment":[{"href":"https:\/\/demoweb.info\/sexshop001\/wp-json\/wp\/v2\/media?parent=32345"}],"wp:term":[{"taxonomy":"product_cat","embeddable":true,"href":"https:\/\/demoweb.info\/sexshop001\/wp-json\/wp\/v2\/product_cat?post=32345"},{"taxonomy":"product_tag","embeddable":true,"href":"https:\/\/demoweb.info\/sexshop001\/wp-json\/wp\/v2\/product_tag?post=32345"}],"curies":[{"name":"wp","href":"https:\/\/api.w.org\/{rel}","templated":true}]}}