{"id":32302,"date":"2022-01-22T12:58:54","date_gmt":"2022-01-22T11:58:54","guid":{"rendered":"https:\/\/demoweb.info\/sexshop001\/producto\/wonder-vibrador-lila\/"},"modified":"2022-01-22T12:59:05","modified_gmt":"2022-01-22T11:59:05","slug":"wonder-vibrador-lila","status":"publish","type":"product","link":"https:\/\/demoweb.info\/sexshop001\/producto\/wonder-vibrador-lila\/","title":{"rendered":"WONDER VIBRADOR LILA"},"content":{"rendered":"<p><font size=&quot;1&quot;><br \/>\n<b>WONDER VIBE PURPLE<\/b><\/p>\n<p>\u00a1Puedes llevar contigo este <b>Wonder Vibe<\/b> c\u00f3modamente y disfrutar de<br \/>\nmaravillosas vibraciones precisamente en las zonas donde m\u00e1s te gusta!.<\/p>\n<p>Debido a su peque\u00f1o formato podr\u00e1s alcanzar las zonas m\u00e1s peque\u00f1as de forma<br \/>\nsencilla. Pero no solo eso, gracias a su mango de atractiva forma te ser\u00e1<br \/>\nposible estimular al mismo tiempo zonas m\u00e1s amplias.<\/p>\n<p>El aparato requiere una pila <b>R6\/AA<\/b>, que podr\u00e1s encontrar en la secci\u00f3n de <b>Pilas<\/b>.<\/p>\n<p>Su tacto es suave y aterciopelado. <\/p>\n<p>Medidas: 11 x 2,3 cm.<\/font><\/p>\n","protected":false},"excerpt":{"rendered":"<p>WONDER VIBE PURPLE \u00a1Puedes llevar contigo este Wonder Vibe c\u00f3modamente y disfrutar de maravillosas vibraciones precisamente en las zonas donde<\/p>\n","protected":false},"featured_media":32303,"comment_status":"open","ping_status":"open","template":"","meta":[],"product_cat":[639],"product_tag":[302,547],"class_list":["post-32302","product","type-product","status-publish","has-post-thumbnail","hentry","product_cat-punto-g","product_tag-shots","product_tag-shots-toys"],"bundled_by":[],"bundle_stock_status":"outofstock","bundle_stock_quantity":0,"bundle_virtual":false,"bundle_layout":"","bundle_add_to_cart_form_location":"","bundle_editable_in_cart":false,"bundle_sold_individually_context":"","bundle_item_grouping":"","bundle_min_size":"","bundle_max_size":"","bundled_items":[],"yoast_head":"<!-- This site is optimized with the Yoast SEO plugin v20.6 - https:\/\/yoast.com\/wordpress\/plugins\/seo\/ -->\n<title>WONDER VIBRADOR LILA - Tienda Er\u00f3tica<\/title>\n<meta name=\"robots\" content=\"noindex, follow, max-snippet:-1, max-image-preview:large, max-video-preview:-1\" \/>\n<meta property=\"og:locale\" content=\"es_ES\" \/>\n<meta property=\"og:type\" content=\"article\" \/>\n<meta property=\"og:title\" content=\"WONDER VIBRADOR LILA - Tienda Er\u00f3tica\" \/>\n<meta property=\"og:description\" content=\"WONDER VIBE PURPLE \u00a1Puedes llevar contigo este Wonder Vibe c\u00f3modamente y disfrutar de maravillosas vibraciones precisamente en las zonas donde\" \/>\n<meta property=\"og:url\" content=\"https:\/\/demoweb.info\/sexshop001\/producto\/wonder-vibrador-lila\/\" \/>\n<meta property=\"og:site_name\" content=\"Tienda Er\u00f3tica\" \/>\n<meta property=\"article:modified_time\" content=\"2022-01-22T11:59:05+00:00\" \/>\n<meta property=\"og:image\" content=\"https:\/\/demoweb.info\/sexshop001\/wp-content\/uploads\/2022\/01\/WONDER-VIBRADOR-LILA.jpg\" \/>\n\t<meta property=\"og:image:width\" content=\"550\" \/>\n\t<meta property=\"og:image:height\" content=\"550\" \/>\n\t<meta property=\"og:image:type\" content=\"image\/jpeg\" \/>\n<meta name=\"twitter:card\" content=\"summary_large_image\" \/>\n<script type=\"application\/ld+json\" class=\"yoast-schema-graph\">{\"@context\":\"https:\/\/schema.org\",\"@graph\":[{\"@type\":\"WebPage\",\"@id\":\"https:\/\/demoweb.info\/sexshop001\/producto\/wonder-vibrador-lila\/\",\"url\":\"https:\/\/demoweb.info\/sexshop001\/producto\/wonder-vibrador-lila\/\",\"name\":\"WONDER VIBRADOR LILA - Tienda Er\u00f3tica\",\"isPartOf\":{\"@id\":\"https:\/\/demoweb.info\/sexshop001\/#website\"},\"datePublished\":\"2022-01-22T11:58:54+00:00\",\"dateModified\":\"2022-01-22T11:59:05+00:00\",\"breadcrumb\":{\"@id\":\"https:\/\/demoweb.info\/sexshop001\/producto\/wonder-vibrador-lila\/#breadcrumb\"},\"inLanguage\":\"es\",\"potentialAction\":[{\"@type\":\"ReadAction\",\"target\":[\"https:\/\/demoweb.info\/sexshop001\/producto\/wonder-vibrador-lila\/\"]}]},{\"@type\":\"BreadcrumbList\",\"@id\":\"https:\/\/demoweb.info\/sexshop001\/producto\/wonder-vibrador-lila\/#breadcrumb\",\"itemListElement\":[{\"@type\":\"ListItem\",\"position\":1,\"name\":\"Portada\",\"item\":\"https:\/\/demoweb.info\/sexshop001\/\"},{\"@type\":\"ListItem\",\"position\":2,\"name\":\"Tienda\",\"item\":\"https:\/\/demoweb.info\/sexshop001\/tienda\/\"},{\"@type\":\"ListItem\",\"position\":3,\"name\":\"WONDER VIBRADOR LILA\"}]},{\"@type\":\"WebSite\",\"@id\":\"https:\/\/demoweb.info\/sexshop001\/#website\",\"url\":\"https:\/\/demoweb.info\/sexshop001\/\",\"name\":\"Tienda Er\u00f3tica\",\"description\":\"DEMOWEB SL\",\"potentialAction\":[{\"@type\":\"SearchAction\",\"target\":{\"@type\":\"EntryPoint\",\"urlTemplate\":\"https:\/\/demoweb.info\/sexshop001\/?s={search_term_string}\"},\"query-input\":\"required name=search_term_string\"}],\"inLanguage\":\"es\"}]}<\/script>\n<!-- \/ Yoast SEO plugin. -->","yoast_head_json":{"title":"WONDER VIBRADOR LILA - Tienda Er\u00f3tica","robots":{"index":"noindex","follow":"follow","max-snippet":"max-snippet:-1","max-image-preview":"max-image-preview:large","max-video-preview":"max-video-preview:-1"},"og_locale":"es_ES","og_type":"article","og_title":"WONDER VIBRADOR LILA - Tienda Er\u00f3tica","og_description":"WONDER VIBE PURPLE \u00a1Puedes llevar contigo este Wonder Vibe c\u00f3modamente y disfrutar de maravillosas vibraciones precisamente en las zonas donde","og_url":"https:\/\/demoweb.info\/sexshop001\/producto\/wonder-vibrador-lila\/","og_site_name":"Tienda Er\u00f3tica","article_modified_time":"2022-01-22T11:59:05+00:00","og_image":[{"width":550,"height":550,"url":"https:\/\/demoweb.info\/sexshop001\/wp-content\/uploads\/2022\/01\/WONDER-VIBRADOR-LILA.jpg","type":"image\/jpeg"}],"twitter_card":"summary_large_image","schema":{"@context":"https:\/\/schema.org","@graph":[{"@type":"WebPage","@id":"https:\/\/demoweb.info\/sexshop001\/producto\/wonder-vibrador-lila\/","url":"https:\/\/demoweb.info\/sexshop001\/producto\/wonder-vibrador-lila\/","name":"WONDER VIBRADOR LILA - Tienda Er\u00f3tica","isPartOf":{"@id":"https:\/\/demoweb.info\/sexshop001\/#website"},"datePublished":"2022-01-22T11:58:54+00:00","dateModified":"2022-01-22T11:59:05+00:00","breadcrumb":{"@id":"https:\/\/demoweb.info\/sexshop001\/producto\/wonder-vibrador-lila\/#breadcrumb"},"inLanguage":"es","potentialAction":[{"@type":"ReadAction","target":["https:\/\/demoweb.info\/sexshop001\/producto\/wonder-vibrador-lila\/"]}]},{"@type":"BreadcrumbList","@id":"https:\/\/demoweb.info\/sexshop001\/producto\/wonder-vibrador-lila\/#breadcrumb","itemListElement":[{"@type":"ListItem","position":1,"name":"Portada","item":"https:\/\/demoweb.info\/sexshop001\/"},{"@type":"ListItem","position":2,"name":"Tienda","item":"https:\/\/demoweb.info\/sexshop001\/tienda\/"},{"@type":"ListItem","position":3,"name":"WONDER VIBRADOR LILA"}]},{"@type":"WebSite","@id":"https:\/\/demoweb.info\/sexshop001\/#website","url":"https:\/\/demoweb.info\/sexshop001\/","name":"Tienda Er\u00f3tica","description":"DEMOWEB SL","potentialAction":[{"@type":"SearchAction","target":{"@type":"EntryPoint","urlTemplate":"https:\/\/demoweb.info\/sexshop001\/?s={search_term_string}"},"query-input":"required name=search_term_string"}],"inLanguage":"es"}]}},"_links":{"self":[{"href":"https:\/\/demoweb.info\/sexshop001\/wp-json\/wp\/v3\/product\/32302","targetHints":{"allow":["GET"]}}],"collection":[{"href":"https:\/\/demoweb.info\/sexshop001\/wp-json\/wp\/v3\/product"}],"about":[{"href":"https:\/\/demoweb.info\/sexshop001\/wp-json\/wp\/v2\/types\/product"}],"replies":[{"embeddable":true,"href":"https:\/\/demoweb.info\/sexshop001\/wp-json\/wp\/v2\/comments?post=32302"}],"wp:featuredmedia":[{"embeddable":true,"href":"https:\/\/demoweb.info\/sexshop001\/wp-json\/wp\/v2\/media\/32303"}],"wp:attachment":[{"href":"https:\/\/demoweb.info\/sexshop001\/wp-json\/wp\/v2\/media?parent=32302"}],"wp:term":[{"taxonomy":"product_cat","embeddable":true,"href":"https:\/\/demoweb.info\/sexshop001\/wp-json\/wp\/v2\/product_cat?post=32302"},{"taxonomy":"product_tag","embeddable":true,"href":"https:\/\/demoweb.info\/sexshop001\/wp-json\/wp\/v2\/product_tag?post=32302"}],"curies":[{"name":"wp","href":"https:\/\/api.w.org\/{rel}","templated":true}]}}