{"id":32236,"date":"2022-01-22T12:58:19","date_gmt":"2022-01-22T11:58:19","guid":{"rendered":"https:\/\/demoweb.info\/sexshop001\/producto\/we-vibe-tango-womanizer-premium-silver-delights-collection\/"},"modified":"2022-01-22T12:58:29","modified_gmt":"2022-01-22T11:58:29","slug":"we-vibe-tango-womanizer-premium-silver-delights-collection","status":"publish","type":"product","link":"https:\/\/demoweb.info\/sexshop001\/producto\/we-vibe-tango-womanizer-premium-silver-delights-collection\/","title":{"rendered":"WE-VIBE TANGO WOMANIZER PREMIUM SILVER DELIGHTS COLLECTION"},"content":{"rendered":"<p><strong>WE-VIBE TANGO WOMANIZER PREMIUM SILVER DELIGHTS COLLECTION<\/strong><\/p>\n<p><strong>Womanizer Premium <\/strong>es la combinaci\u00f3n ideal de nuevas tecnolog\u00edas y dise\u00f1o de alta calidad. La tecnolog\u00eda Pleasure Air estimula su cl\u00edtoris sin hacer contacto, desde supersuave hasta superpotencia en 12 niveles de intensidad diferentes. Con la nueva funci\u00f3n de piloto autom\u00e1tico, experimenta su orgasmo inesperadamente y de una manera sorprendentemente nueva. El ritmo cambia con cada uso.<\/p>\n<p><strong>Smart Silence<\/strong> detecta tu deseo. Womanizer Premium solo comienza cuando casi toca la superficie de tu piel. Esto no solo lo hace m\u00e1s silencioso de usar, sino que tambi\u00e9n hace que su disfrute sea a\u00fan m\u00e1s intenso. Gracias a su procesamiento \u00fanico, Womanizer Premium es completamente impermeable. Totalmente recargable a trav\u00e9s de USB, el Premium se enciende en cualquier puerto USB disponible utilizando el cable magn\u00e9tico incluido. Una carga de 2 horas har\u00e1 funcionar el motor hasta 240 minutos continuos. Color: negro \/ dorado Material: silicona ABS Material de la cabeza de estimulaci\u00f3n: silicona m\u00e9dica hipoalerg\u00e9nica Tama\u00f1o: 155 mm x 50 mm x 35 mm<\/p>\n<p><strong>Womanizer Premium<\/strong> es la combinaci\u00f3n ideal de nuevas tecnolog\u00edas y dise\u00f1o de alta calidad. La tecnolog\u00eda Pleasure Air estimula su cl\u00edtoris sin hacer contacto, desde supersuave hasta superpotencia en 12 niveles de intensidad diferentes. Con la nueva funci\u00f3n de piloto autom\u00e1tico, experimenta su orgasmo inesperadamente y de una manera sorprendentemente nueva. El ritmo cambia con cada uso. Smart Silence detecta tu deseo. Womanizer Premium solo comienza cuando casi toca la superficie de tu piel. Esto no solo lo hace m\u00e1s silencioso de usar, sino que tambi\u00e9n hace que su disfrute sea a\u00fan m\u00e1s intenso.<\/p>\n<p>Gracias a su procesamiento \u00fanico, Womanizer Premium es completamente impermeable. Totalmente recargable a trav\u00e9s de USB, el Premium se enciende en cualquier puerto USB disponible utilizando el cable magn\u00e9tico incluido. Una carga de 2 horas har\u00e1 funcionar el motor hasta 240 minutos continuos. Color: negro \/ dorado Material: silicona ABS Material de la cabeza de estimulaci\u00f3n: silicona m\u00e9dica hipoalerg\u00e9nica Tama\u00f1o: 155 mm x 50 mm x 35 mm<\/p>\n<p><strong>We-Vibe Tango <\/strong>est\u00e1 dise\u00f1ado para una estimulaci\u00f3n externa precisa. La punta c\u00f3nica ofrece vibraciones intensas con un enfoque preciso, mientras que el borde plano es perfecto para un masaje completo. Es recargable, seguro para el cuerpo y 100% impermeable. Disfruta de un poderoso placer en cualquier lugar. Peque\u00f1o, potente y de bolsillo. Con 8 modos de vibraci\u00f3n para elegir, Tango es perfecto por s\u00ed solo o para agregar vibraciones a su producto de placer favorito.<\/p>\n<p>Vibraciones potentes y silenciosas. 100% impermeable. Recarga de 90 minutos. 8 modos de vibraci\u00f3n. Indicador de alerta de bajo consumo. Control de placer con 1 bot\u00f3n. Seguro para el cuerpo &#8211; Termopl\u00e1stico ABS PC &#8211; libre de ftalatos, l\u00e1tex y BPA. Respetuoso con el medio ambiente: bater\u00eda recargable y sin emisiones de carbono y embalaje reciclable. Hasta 2 horas de juego con una sola carga. 1 a\u00f1o de garant\u00eda. F\u00e1cil limpieza con agua y jab\u00f3n.<\/p>\n<p><strong>We-Vibe Tango <\/strong>est\u00e1 dise\u00f1ado para una estimulaci\u00f3n externa precisa. La punta c\u00f3nica ofrece vibraciones intensas con un enfoque preciso, mientras que el borde plano es perfecto para un masaje completo. Es recargable, seguro para el cuerpo y 100% impermeable. Disfruta de un poderoso placer en cualquier lugar. Peque\u00f1o, potente y de bolsillo. Con 8 modos de vibraci\u00f3n para elegir,<\/p>\n<p>Tango es perfecto por s\u00ed solo o para agregar vibraciones a su producto de placer favorito. Vibraciones potentes y silenciosas. 100% impermeable. Recarga de 90 minutos. 8 modos de vibraci\u00f3n. Indicador de alerta de bajo consumo.<\/p>\n<p>Control de placer con 1 bot\u00f3n. Seguro para el cuerpo &#8211; Termopl\u00e1stico ABS PC &#8211; libre de ftalatos, l\u00e1tex y BPA. Respetuoso con el medio ambiente: bater\u00eda recargable y sin emisiones de carbono y embalaje reciclable. Hasta 2 horas de juego con una sola carga. 1 a\u00f1o de garant\u00eda. F\u00e1cil limpieza con agua y jab\u00f3n.<\/p><\/p>\n","protected":false},"excerpt":{"rendered":"<p>WE-VIBE TANGO WOMANIZER PREMIUM SILVER DELIGHTS COLLECTION Womanizer Premium es la combinaci\u00f3n ideal de nuevas tecnolog\u00edas y dise\u00f1o de alta<\/p>\n","protected":false},"featured_media":32237,"comment_status":"open","ping_status":"open","template":"","meta":[],"product_cat":[374],"product_tag":[444],"class_list":["post-32236","product","type-product","status-publish","has-post-thumbnail","hentry","product_cat-para-parejas","product_tag-we-vibe"],"bundled_by":[],"bundle_stock_status":"instock","bundle_stock_quantity":2,"bundle_virtual":false,"bundle_layout":"","bundle_add_to_cart_form_location":"","bundle_editable_in_cart":false,"bundle_sold_individually_context":"","bundle_item_grouping":"","bundle_min_size":"","bundle_max_size":"","bundled_items":[],"yoast_head":"<!-- This site is optimized with the Yoast SEO plugin v20.6 - https:\/\/yoast.com\/wordpress\/plugins\/seo\/ -->\n<title>WE-VIBE TANGO WOMANIZER PREMIUM SILVER DELIGHTS COLLECTION - Tienda Er\u00f3tica<\/title>\n<meta name=\"robots\" content=\"noindex, follow, max-snippet:-1, max-image-preview:large, max-video-preview:-1\" \/>\n<meta property=\"og:locale\" content=\"es_ES\" \/>\n<meta property=\"og:type\" content=\"article\" \/>\n<meta property=\"og:title\" content=\"WE-VIBE TANGO WOMANIZER PREMIUM SILVER DELIGHTS COLLECTION - Tienda Er\u00f3tica\" \/>\n<meta property=\"og:description\" content=\"WE-VIBE TANGO WOMANIZER PREMIUM SILVER DELIGHTS COLLECTION Womanizer Premium es la combinaci\u00f3n ideal de nuevas tecnolog\u00edas y dise\u00f1o de alta\" \/>\n<meta property=\"og:url\" content=\"https:\/\/demoweb.info\/sexshop001\/producto\/we-vibe-tango-womanizer-premium-silver-delights-collection\/\" \/>\n<meta property=\"og:site_name\" content=\"Tienda Er\u00f3tica\" \/>\n<meta property=\"article:modified_time\" content=\"2022-01-22T11:58:29+00:00\" \/>\n<meta property=\"og:image\" content=\"https:\/\/demoweb.info\/sexshop001\/wp-content\/uploads\/2022\/01\/WE-VIBE-TANGO-WOMANIZER-PREMIUM-SILVER-DELIGHTS-COLLECTION.jpg\" \/>\n\t<meta property=\"og:image:width\" content=\"550\" \/>\n\t<meta property=\"og:image:height\" content=\"550\" \/>\n\t<meta property=\"og:image:type\" content=\"image\/jpeg\" \/>\n<meta name=\"twitter:card\" content=\"summary_large_image\" \/>\n<meta name=\"twitter:label1\" content=\"Tiempo de lectura\" \/>\n\t<meta name=\"twitter:data1\" content=\"3 minutos\" \/>\n<script type=\"application\/ld+json\" class=\"yoast-schema-graph\">{\"@context\":\"https:\/\/schema.org\",\"@graph\":[{\"@type\":\"WebPage\",\"@id\":\"https:\/\/demoweb.info\/sexshop001\/producto\/we-vibe-tango-womanizer-premium-silver-delights-collection\/\",\"url\":\"https:\/\/demoweb.info\/sexshop001\/producto\/we-vibe-tango-womanizer-premium-silver-delights-collection\/\",\"name\":\"WE-VIBE TANGO WOMANIZER PREMIUM SILVER DELIGHTS COLLECTION - Tienda Er\u00f3tica\",\"isPartOf\":{\"@id\":\"https:\/\/demoweb.info\/sexshop001\/#website\"},\"datePublished\":\"2022-01-22T11:58:19+00:00\",\"dateModified\":\"2022-01-22T11:58:29+00:00\",\"breadcrumb\":{\"@id\":\"https:\/\/demoweb.info\/sexshop001\/producto\/we-vibe-tango-womanizer-premium-silver-delights-collection\/#breadcrumb\"},\"inLanguage\":\"es\",\"potentialAction\":[{\"@type\":\"ReadAction\",\"target\":[\"https:\/\/demoweb.info\/sexshop001\/producto\/we-vibe-tango-womanizer-premium-silver-delights-collection\/\"]}]},{\"@type\":\"BreadcrumbList\",\"@id\":\"https:\/\/demoweb.info\/sexshop001\/producto\/we-vibe-tango-womanizer-premium-silver-delights-collection\/#breadcrumb\",\"itemListElement\":[{\"@type\":\"ListItem\",\"position\":1,\"name\":\"Portada\",\"item\":\"https:\/\/demoweb.info\/sexshop001\/\"},{\"@type\":\"ListItem\",\"position\":2,\"name\":\"Tienda\",\"item\":\"https:\/\/demoweb.info\/sexshop001\/tienda\/\"},{\"@type\":\"ListItem\",\"position\":3,\"name\":\"WE-VIBE TANGO WOMANIZER PREMIUM SILVER DELIGHTS COLLECTION\"}]},{\"@type\":\"WebSite\",\"@id\":\"https:\/\/demoweb.info\/sexshop001\/#website\",\"url\":\"https:\/\/demoweb.info\/sexshop001\/\",\"name\":\"Tienda Er\u00f3tica\",\"description\":\"DEMOWEB SL\",\"potentialAction\":[{\"@type\":\"SearchAction\",\"target\":{\"@type\":\"EntryPoint\",\"urlTemplate\":\"https:\/\/demoweb.info\/sexshop001\/?s={search_term_string}\"},\"query-input\":\"required name=search_term_string\"}],\"inLanguage\":\"es\"}]}<\/script>\n<!-- \/ Yoast SEO plugin. -->","yoast_head_json":{"title":"WE-VIBE TANGO WOMANIZER PREMIUM SILVER DELIGHTS COLLECTION - Tienda Er\u00f3tica","robots":{"index":"noindex","follow":"follow","max-snippet":"max-snippet:-1","max-image-preview":"max-image-preview:large","max-video-preview":"max-video-preview:-1"},"og_locale":"es_ES","og_type":"article","og_title":"WE-VIBE TANGO WOMANIZER PREMIUM SILVER DELIGHTS COLLECTION - Tienda Er\u00f3tica","og_description":"WE-VIBE TANGO WOMANIZER PREMIUM SILVER DELIGHTS COLLECTION Womanizer Premium es la combinaci\u00f3n ideal de nuevas tecnolog\u00edas y dise\u00f1o de alta","og_url":"https:\/\/demoweb.info\/sexshop001\/producto\/we-vibe-tango-womanizer-premium-silver-delights-collection\/","og_site_name":"Tienda Er\u00f3tica","article_modified_time":"2022-01-22T11:58:29+00:00","og_image":[{"width":550,"height":550,"url":"https:\/\/demoweb.info\/sexshop001\/wp-content\/uploads\/2022\/01\/WE-VIBE-TANGO-WOMANIZER-PREMIUM-SILVER-DELIGHTS-COLLECTION.jpg","type":"image\/jpeg"}],"twitter_card":"summary_large_image","twitter_misc":{"Tiempo de lectura":"3 minutos"},"schema":{"@context":"https:\/\/schema.org","@graph":[{"@type":"WebPage","@id":"https:\/\/demoweb.info\/sexshop001\/producto\/we-vibe-tango-womanizer-premium-silver-delights-collection\/","url":"https:\/\/demoweb.info\/sexshop001\/producto\/we-vibe-tango-womanizer-premium-silver-delights-collection\/","name":"WE-VIBE TANGO WOMANIZER PREMIUM SILVER DELIGHTS COLLECTION - Tienda Er\u00f3tica","isPartOf":{"@id":"https:\/\/demoweb.info\/sexshop001\/#website"},"datePublished":"2022-01-22T11:58:19+00:00","dateModified":"2022-01-22T11:58:29+00:00","breadcrumb":{"@id":"https:\/\/demoweb.info\/sexshop001\/producto\/we-vibe-tango-womanizer-premium-silver-delights-collection\/#breadcrumb"},"inLanguage":"es","potentialAction":[{"@type":"ReadAction","target":["https:\/\/demoweb.info\/sexshop001\/producto\/we-vibe-tango-womanizer-premium-silver-delights-collection\/"]}]},{"@type":"BreadcrumbList","@id":"https:\/\/demoweb.info\/sexshop001\/producto\/we-vibe-tango-womanizer-premium-silver-delights-collection\/#breadcrumb","itemListElement":[{"@type":"ListItem","position":1,"name":"Portada","item":"https:\/\/demoweb.info\/sexshop001\/"},{"@type":"ListItem","position":2,"name":"Tienda","item":"https:\/\/demoweb.info\/sexshop001\/tienda\/"},{"@type":"ListItem","position":3,"name":"WE-VIBE TANGO WOMANIZER PREMIUM SILVER DELIGHTS COLLECTION"}]},{"@type":"WebSite","@id":"https:\/\/demoweb.info\/sexshop001\/#website","url":"https:\/\/demoweb.info\/sexshop001\/","name":"Tienda Er\u00f3tica","description":"DEMOWEB SL","potentialAction":[{"@type":"SearchAction","target":{"@type":"EntryPoint","urlTemplate":"https:\/\/demoweb.info\/sexshop001\/?s={search_term_string}"},"query-input":"required name=search_term_string"}],"inLanguage":"es"}]}},"_links":{"self":[{"href":"https:\/\/demoweb.info\/sexshop001\/wp-json\/wp\/v3\/product\/32236","targetHints":{"allow":["GET"]}}],"collection":[{"href":"https:\/\/demoweb.info\/sexshop001\/wp-json\/wp\/v3\/product"}],"about":[{"href":"https:\/\/demoweb.info\/sexshop001\/wp-json\/wp\/v2\/types\/product"}],"replies":[{"embeddable":true,"href":"https:\/\/demoweb.info\/sexshop001\/wp-json\/wp\/v2\/comments?post=32236"}],"wp:featuredmedia":[{"embeddable":true,"href":"https:\/\/demoweb.info\/sexshop001\/wp-json\/wp\/v2\/media\/32237"}],"wp:attachment":[{"href":"https:\/\/demoweb.info\/sexshop001\/wp-json\/wp\/v2\/media?parent=32236"}],"wp:term":[{"taxonomy":"product_cat","embeddable":true,"href":"https:\/\/demoweb.info\/sexshop001\/wp-json\/wp\/v2\/product_cat?post=32236"},{"taxonomy":"product_tag","embeddable":true,"href":"https:\/\/demoweb.info\/sexshop001\/wp-json\/wp\/v2\/product_tag?post=32236"}],"curies":[{"name":"wp","href":"https:\/\/api.w.org\/{rel}","templated":true}]}}