{"id":32054,"date":"2022-01-22T12:56:17","date_gmt":"2022-01-22T11:56:17","guid":{"rendered":"https:\/\/demoweb.info\/sexshop001\/producto\/leg-avenue-mascarilla-naya-rhinestone\/"},"modified":"2022-01-22T12:56:21","modified_gmt":"2022-01-22T11:56:21","slug":"leg-avenue-mascarilla-naya-rhinestone","status":"publish","type":"product","link":"https:\/\/demoweb.info\/sexshop001\/producto\/leg-avenue-mascarilla-naya-rhinestone\/","title":{"rendered":"LEG AVENUE MASCARILLA NAYA RHINESTONE"},"content":{"rendered":"<p><strong>LEG AVENUE NAYA RHINESTONE FACE MASK<\/strong><\/p>\n<p>La m\u00e1scara facial de strass reutilizable Naya cuenta con tiras ajustables para las orejas para una comodidad \u00f3ptima. Su m\u00e1scara facial de tela tiene una capa externa de poliespandex que permite respirar muy bien y un bolsillo interior para filtro hecho de 100% algod\u00f3n.<\/p>\n<p>Es reutilizable y lavable a mano. Los hermosos estrases AB dan un brillo iridiscente y esta m\u00e1scara fashion te hace destacar entre la multitud. Se puede usar sobre la m\u00e1scara quir\u00fargica como un divertido accesorio de moda o sola, como un protector facial.<\/p>\n<p>Esta m\u00e1scara facial est\u00e1 hecha de tela lavable y es perfecta para la casa, la oficina o la protecci\u00f3n al aire libre. No es un producto certificado o probado m\u00e9dicamente, sino una llamada m\u00e1scara bucal-nasal sin un filtro especial<\/p>\n<p>Material: 95% POLYESTER 5% SPANDEX<\/p>\n","protected":false},"excerpt":{"rendered":"<p>LEG AVENUE NAYA RHINESTONE FACE MASK La m\u00e1scara facial de strass reutilizable Naya cuenta con tiras ajustables para las orejas<\/p>\n","protected":false},"featured_media":32055,"comment_status":"open","ping_status":"open","template":"","meta":[],"product_cat":[1101],"product_tag":[1013],"class_list":["post-32054","product","type-product","status-publish","has-post-thumbnail","hentry","product_cat-mascarillas","product_tag-leg-avenue"],"bundled_by":[],"bundle_stock_status":"instock","bundle_stock_quantity":1,"bundle_virtual":false,"bundle_layout":"","bundle_add_to_cart_form_location":"","bundle_editable_in_cart":false,"bundle_sold_individually_context":"","bundle_item_grouping":"","bundle_min_size":"","bundle_max_size":"","bundled_items":[],"yoast_head":"<!-- This site is optimized with the Yoast SEO plugin v20.6 - https:\/\/yoast.com\/wordpress\/plugins\/seo\/ -->\n<title>LEG AVENUE MASCARILLA NAYA RHINESTONE - Tienda Er\u00f3tica<\/title>\n<meta name=\"robots\" content=\"noindex, follow, max-snippet:-1, max-image-preview:large, max-video-preview:-1\" \/>\n<meta property=\"og:locale\" content=\"es_ES\" \/>\n<meta property=\"og:type\" content=\"article\" \/>\n<meta property=\"og:title\" content=\"LEG AVENUE MASCARILLA NAYA RHINESTONE - Tienda Er\u00f3tica\" \/>\n<meta property=\"og:description\" content=\"LEG AVENUE NAYA RHINESTONE FACE MASK La m\u00e1scara facial de strass reutilizable Naya cuenta con tiras ajustables para las orejas\" \/>\n<meta property=\"og:url\" content=\"https:\/\/demoweb.info\/sexshop001\/producto\/leg-avenue-mascarilla-naya-rhinestone\/\" \/>\n<meta property=\"og:site_name\" content=\"Tienda Er\u00f3tica\" \/>\n<meta property=\"article:modified_time\" content=\"2022-01-22T11:56:21+00:00\" \/>\n<meta property=\"og:image\" content=\"https:\/\/demoweb.info\/sexshop001\/wp-content\/uploads\/2022\/01\/LEG-AVENUE-MASCARILLA-NAYA-RHINESTONE.jpg\" \/>\n\t<meta property=\"og:image:width\" content=\"550\" \/>\n\t<meta property=\"og:image:height\" content=\"550\" \/>\n\t<meta property=\"og:image:type\" content=\"image\/jpeg\" \/>\n<meta name=\"twitter:card\" content=\"summary_large_image\" \/>\n<meta name=\"twitter:label1\" content=\"Tiempo de lectura\" \/>\n\t<meta name=\"twitter:data1\" content=\"1 minuto\" \/>\n<script type=\"application\/ld+json\" class=\"yoast-schema-graph\">{\"@context\":\"https:\/\/schema.org\",\"@graph\":[{\"@type\":\"WebPage\",\"@id\":\"https:\/\/demoweb.info\/sexshop001\/producto\/leg-avenue-mascarilla-naya-rhinestone\/\",\"url\":\"https:\/\/demoweb.info\/sexshop001\/producto\/leg-avenue-mascarilla-naya-rhinestone\/\",\"name\":\"LEG AVENUE MASCARILLA NAYA RHINESTONE - Tienda Er\u00f3tica\",\"isPartOf\":{\"@id\":\"https:\/\/demoweb.info\/sexshop001\/#website\"},\"datePublished\":\"2022-01-22T11:56:17+00:00\",\"dateModified\":\"2022-01-22T11:56:21+00:00\",\"breadcrumb\":{\"@id\":\"https:\/\/demoweb.info\/sexshop001\/producto\/leg-avenue-mascarilla-naya-rhinestone\/#breadcrumb\"},\"inLanguage\":\"es\",\"potentialAction\":[{\"@type\":\"ReadAction\",\"target\":[\"https:\/\/demoweb.info\/sexshop001\/producto\/leg-avenue-mascarilla-naya-rhinestone\/\"]}]},{\"@type\":\"BreadcrumbList\",\"@id\":\"https:\/\/demoweb.info\/sexshop001\/producto\/leg-avenue-mascarilla-naya-rhinestone\/#breadcrumb\",\"itemListElement\":[{\"@type\":\"ListItem\",\"position\":1,\"name\":\"Portada\",\"item\":\"https:\/\/demoweb.info\/sexshop001\/\"},{\"@type\":\"ListItem\",\"position\":2,\"name\":\"Tienda\",\"item\":\"https:\/\/demoweb.info\/sexshop001\/tienda\/\"},{\"@type\":\"ListItem\",\"position\":3,\"name\":\"LEG AVENUE MASCARILLA NAYA RHINESTONE\"}]},{\"@type\":\"WebSite\",\"@id\":\"https:\/\/demoweb.info\/sexshop001\/#website\",\"url\":\"https:\/\/demoweb.info\/sexshop001\/\",\"name\":\"Tienda Er\u00f3tica\",\"description\":\"DEMOWEB SL\",\"potentialAction\":[{\"@type\":\"SearchAction\",\"target\":{\"@type\":\"EntryPoint\",\"urlTemplate\":\"https:\/\/demoweb.info\/sexshop001\/?s={search_term_string}\"},\"query-input\":\"required name=search_term_string\"}],\"inLanguage\":\"es\"}]}<\/script>\n<!-- \/ Yoast SEO plugin. -->","yoast_head_json":{"title":"LEG AVENUE MASCARILLA NAYA RHINESTONE - Tienda Er\u00f3tica","robots":{"index":"noindex","follow":"follow","max-snippet":"max-snippet:-1","max-image-preview":"max-image-preview:large","max-video-preview":"max-video-preview:-1"},"og_locale":"es_ES","og_type":"article","og_title":"LEG AVENUE MASCARILLA NAYA RHINESTONE - Tienda Er\u00f3tica","og_description":"LEG AVENUE NAYA RHINESTONE FACE MASK La m\u00e1scara facial de strass reutilizable Naya cuenta con tiras ajustables para las orejas","og_url":"https:\/\/demoweb.info\/sexshop001\/producto\/leg-avenue-mascarilla-naya-rhinestone\/","og_site_name":"Tienda Er\u00f3tica","article_modified_time":"2022-01-22T11:56:21+00:00","og_image":[{"width":550,"height":550,"url":"https:\/\/demoweb.info\/sexshop001\/wp-content\/uploads\/2022\/01\/LEG-AVENUE-MASCARILLA-NAYA-RHINESTONE.jpg","type":"image\/jpeg"}],"twitter_card":"summary_large_image","twitter_misc":{"Tiempo de lectura":"1 minuto"},"schema":{"@context":"https:\/\/schema.org","@graph":[{"@type":"WebPage","@id":"https:\/\/demoweb.info\/sexshop001\/producto\/leg-avenue-mascarilla-naya-rhinestone\/","url":"https:\/\/demoweb.info\/sexshop001\/producto\/leg-avenue-mascarilla-naya-rhinestone\/","name":"LEG AVENUE MASCARILLA NAYA RHINESTONE - Tienda Er\u00f3tica","isPartOf":{"@id":"https:\/\/demoweb.info\/sexshop001\/#website"},"datePublished":"2022-01-22T11:56:17+00:00","dateModified":"2022-01-22T11:56:21+00:00","breadcrumb":{"@id":"https:\/\/demoweb.info\/sexshop001\/producto\/leg-avenue-mascarilla-naya-rhinestone\/#breadcrumb"},"inLanguage":"es","potentialAction":[{"@type":"ReadAction","target":["https:\/\/demoweb.info\/sexshop001\/producto\/leg-avenue-mascarilla-naya-rhinestone\/"]}]},{"@type":"BreadcrumbList","@id":"https:\/\/demoweb.info\/sexshop001\/producto\/leg-avenue-mascarilla-naya-rhinestone\/#breadcrumb","itemListElement":[{"@type":"ListItem","position":1,"name":"Portada","item":"https:\/\/demoweb.info\/sexshop001\/"},{"@type":"ListItem","position":2,"name":"Tienda","item":"https:\/\/demoweb.info\/sexshop001\/tienda\/"},{"@type":"ListItem","position":3,"name":"LEG AVENUE MASCARILLA NAYA RHINESTONE"}]},{"@type":"WebSite","@id":"https:\/\/demoweb.info\/sexshop001\/#website","url":"https:\/\/demoweb.info\/sexshop001\/","name":"Tienda Er\u00f3tica","description":"DEMOWEB SL","potentialAction":[{"@type":"SearchAction","target":{"@type":"EntryPoint","urlTemplate":"https:\/\/demoweb.info\/sexshop001\/?s={search_term_string}"},"query-input":"required name=search_term_string"}],"inLanguage":"es"}]}},"_links":{"self":[{"href":"https:\/\/demoweb.info\/sexshop001\/wp-json\/wp\/v3\/product\/32054","targetHints":{"allow":["GET"]}}],"collection":[{"href":"https:\/\/demoweb.info\/sexshop001\/wp-json\/wp\/v3\/product"}],"about":[{"href":"https:\/\/demoweb.info\/sexshop001\/wp-json\/wp\/v2\/types\/product"}],"replies":[{"embeddable":true,"href":"https:\/\/demoweb.info\/sexshop001\/wp-json\/wp\/v2\/comments?post=32054"}],"wp:featuredmedia":[{"embeddable":true,"href":"https:\/\/demoweb.info\/sexshop001\/wp-json\/wp\/v2\/media\/32055"}],"wp:attachment":[{"href":"https:\/\/demoweb.info\/sexshop001\/wp-json\/wp\/v2\/media?parent=32054"}],"wp:term":[{"taxonomy":"product_cat","embeddable":true,"href":"https:\/\/demoweb.info\/sexshop001\/wp-json\/wp\/v2\/product_cat?post=32054"},{"taxonomy":"product_tag","embeddable":true,"href":"https:\/\/demoweb.info\/sexshop001\/wp-json\/wp\/v2\/product_tag?post=32054"}],"curies":[{"name":"wp","href":"https:\/\/api.w.org\/{rel}","templated":true}]}}