{"id":32035,"date":"2022-01-22T12:56:02","date_gmt":"2022-01-22T11:56:02","guid":{"rendered":"https:\/\/demoweb.info\/sexshop001\/producto\/we-vibe-chorus-cosmic-vibrador-para-parejas-rosa\/"},"modified":"2022-01-22T12:56:10","modified_gmt":"2022-01-22T11:56:10","slug":"we-vibe-chorus-cosmic-vibrador-para-parejas-rosa","status":"publish","type":"product","link":"https:\/\/demoweb.info\/sexshop001\/producto\/we-vibe-chorus-cosmic-vibrador-para-parejas-rosa\/","title":{"rendered":"WE-VIBE CHORUS COSMIC VIBRADOR PARA PAREJAS &#8211; ROSA"},"content":{"rendered":"<p><strong>WE-VIBE CHORUS COSMIC<\/strong><\/p>\n<p>El vibrador para parejas m\u00e1s intuitivo de We-Vibe. El Chorus\u2122 est\u00e1 dise\u00f1ado para disfrutarlo con una pareja durante el sexo. Ella consigue una intensa estimulaci\u00f3n en el cl\u00edtoris y el punto G, y los dos juntos compartir\u00e9is el orgasmo.<\/p>\n<p>AJUSTABLE<\/p>\n<p>Usado durante el sexo, Chorus se puede adaptar para que encaje en tu extraordinario cuerpo y puedas sentir las vibraciones en el lugar exacto en que lo desees. La forma es f\u00e1cil de adaptar y se mantiene en la misma posici\u00f3n una vez que has podido ajustarlo perfectamente.<\/p>\n<p>SENSIBLE AL TACTO<\/p>\n<p>Chorus cuenta con unos receptores excepcionales sensibles al tacto colocados debajo del logotipo de We-Vibe. Mientras est\u00e1s jugando, tus movimientos controlan las vibraciones. Elige entre tres modos de sensibilidad para buscar tu m\u00e1ximo placer.<\/p>\n<p>MEJOR CONEXI\u00d3N APP<\/p>\n<p>Chorus funciona con tecnolog\u00eda AnkorLink\u2122. AnkorLink crea la conexi\u00f3n m\u00e1s estable entre tu We-Vibe y la app We-Connect\u2122. El Squeeze Remote es un punto de uni\u00f3n entre el Chorus y la app We-Connect \u2014 tendr\u00e1s que mantenerlo cerrado mientras est\u00e9s usando We-Connect.<\/p>\n<p>RESISTENTE AL AGUA<\/p>\n<p>Chorus es 100 % resistente al agua, por eso podr\u00e1s disfrutarlo f\u00e1cilmente en cualquier sitio y limpiarlo sin problemas.<br \/>\nEl mando a distancia solo es resistente a las salpicaduras, no es completamente resistente al agua.<\/p>\n<p>TACTO SUAVE<\/p>\n<p>Fabricado con una delicada y sedosa silicona que resulta suave y agradable en tu cuerpo.<\/p>\n<p>CONTROL REMOTO<\/p>\n<p>Cambiar los modos de vibraci\u00f3n y la intensidad seg\u00fan el ardor del momento. El Squeeze Remote de Chorus est\u00e1 dise\u00f1ado pensando en la respuesta humana m\u00e1s natural &#8211; cuanto m\u00e1s aprietes, m\u00e1s fuerte ser\u00e1 la vibraci\u00f3n. Al disminuir la presi\u00f3n, la vibraci\u00f3n se va debilitando.<br \/>\nSi usas Chorus en la ba\u00f1era o bajo la ducha, ten en cuenta, por favor, que el mando a distancia es resistente a las salpicaduras, no resistente al agua. Consejo: deja el mando en el borde de la ba\u00f1era.<\/p>\n<p>FUNCI\u00d3N APP<\/p>\n<p>Con la app gratuita de We-Connect\u2122, podr\u00e1s jugar y compartir el control del Chorus desde cualquier sitio, conseguir orgasmos a tu gusto y jugar juntos con otros productos We-Vibe\u2122. Disfruta con la m\u00fasica con el modo Beat o usa el modo Touch para tener un control en tiempo real en la punta de los dedos.<\/p>\n<p>RECARGABLE CON USB<\/p>\n<p>Adecuado y ecol\u00f3gico, Chorus se puede cargar con hasta 90 minutos de juego de una sola vez.<\/p>\n<p>DOBLE ESTIMULACI\u00d3N<\/p>\n<p>Placer compartido con intensidad durante el sexo con vibraciones intensas y profundas que estimulan el punto G y el cl\u00edtoris.<\/p>\n","protected":false},"excerpt":{"rendered":"<p>WE-VIBE CHORUS COSMIC El vibrador para parejas m\u00e1s intuitivo de We-Vibe. El Chorus\u2122 est\u00e1 dise\u00f1ado para disfrutarlo con una pareja<\/p>\n","protected":false},"featured_media":32036,"comment_status":"open","ping_status":"open","template":"","meta":[],"product_cat":[445],"product_tag":[444],"class_list":["post-32035","product","type-product","status-publish","has-post-thumbnail","hentry","product_cat-para-parejas-vibradores-juguetes-xxx","product_tag-we-vibe"],"bundled_by":[],"bundle_stock_status":"instock","bundle_stock_quantity":1,"bundle_virtual":false,"bundle_layout":"","bundle_add_to_cart_form_location":"","bundle_editable_in_cart":false,"bundle_sold_individually_context":"","bundle_item_grouping":"","bundle_min_size":"","bundle_max_size":"","bundled_items":[],"yoast_head":"<!-- This site is optimized with the Yoast SEO plugin v20.6 - https:\/\/yoast.com\/wordpress\/plugins\/seo\/ -->\n<title>WE-VIBE CHORUS COSMIC VIBRADOR PARA PAREJAS - ROSA - Tienda Er\u00f3tica<\/title>\n<meta name=\"robots\" content=\"noindex, follow, max-snippet:-1, max-image-preview:large, max-video-preview:-1\" \/>\n<meta property=\"og:locale\" content=\"es_ES\" \/>\n<meta property=\"og:type\" content=\"article\" \/>\n<meta property=\"og:title\" content=\"WE-VIBE CHORUS COSMIC VIBRADOR PARA PAREJAS - ROSA - Tienda Er\u00f3tica\" \/>\n<meta property=\"og:description\" content=\"WE-VIBE CHORUS COSMIC El vibrador para parejas m\u00e1s intuitivo de We-Vibe. El Chorus\u2122 est\u00e1 dise\u00f1ado para disfrutarlo con una pareja\" \/>\n<meta property=\"og:url\" content=\"https:\/\/demoweb.info\/sexshop001\/producto\/we-vibe-chorus-cosmic-vibrador-para-parejas-rosa\/\" \/>\n<meta property=\"og:site_name\" content=\"Tienda Er\u00f3tica\" \/>\n<meta property=\"article:modified_time\" content=\"2022-01-22T11:56:10+00:00\" \/>\n<meta property=\"og:image\" content=\"https:\/\/demoweb.info\/sexshop001\/wp-content\/uploads\/2022\/01\/WE-VIBE-CHORUS-COSMIC-VIBRADOR-PARA-PAREJAS-ROSA.jpg\" \/>\n\t<meta property=\"og:image:width\" content=\"550\" \/>\n\t<meta property=\"og:image:height\" content=\"550\" \/>\n\t<meta property=\"og:image:type\" content=\"image\/jpeg\" \/>\n<meta name=\"twitter:card\" content=\"summary_large_image\" \/>\n<meta name=\"twitter:label1\" content=\"Tiempo de lectura\" \/>\n\t<meta name=\"twitter:data1\" content=\"2 minutos\" \/>\n<script type=\"application\/ld+json\" class=\"yoast-schema-graph\">{\"@context\":\"https:\/\/schema.org\",\"@graph\":[{\"@type\":\"WebPage\",\"@id\":\"https:\/\/demoweb.info\/sexshop001\/producto\/we-vibe-chorus-cosmic-vibrador-para-parejas-rosa\/\",\"url\":\"https:\/\/demoweb.info\/sexshop001\/producto\/we-vibe-chorus-cosmic-vibrador-para-parejas-rosa\/\",\"name\":\"WE-VIBE CHORUS COSMIC VIBRADOR PARA PAREJAS - ROSA - Tienda Er\u00f3tica\",\"isPartOf\":{\"@id\":\"https:\/\/demoweb.info\/sexshop001\/#website\"},\"datePublished\":\"2022-01-22T11:56:02+00:00\",\"dateModified\":\"2022-01-22T11:56:10+00:00\",\"breadcrumb\":{\"@id\":\"https:\/\/demoweb.info\/sexshop001\/producto\/we-vibe-chorus-cosmic-vibrador-para-parejas-rosa\/#breadcrumb\"},\"inLanguage\":\"es\",\"potentialAction\":[{\"@type\":\"ReadAction\",\"target\":[\"https:\/\/demoweb.info\/sexshop001\/producto\/we-vibe-chorus-cosmic-vibrador-para-parejas-rosa\/\"]}]},{\"@type\":\"BreadcrumbList\",\"@id\":\"https:\/\/demoweb.info\/sexshop001\/producto\/we-vibe-chorus-cosmic-vibrador-para-parejas-rosa\/#breadcrumb\",\"itemListElement\":[{\"@type\":\"ListItem\",\"position\":1,\"name\":\"Portada\",\"item\":\"https:\/\/demoweb.info\/sexshop001\/\"},{\"@type\":\"ListItem\",\"position\":2,\"name\":\"Tienda\",\"item\":\"https:\/\/demoweb.info\/sexshop001\/tienda\/\"},{\"@type\":\"ListItem\",\"position\":3,\"name\":\"WE-VIBE CHORUS COSMIC VIBRADOR PARA PAREJAS &#8211; ROSA\"}]},{\"@type\":\"WebSite\",\"@id\":\"https:\/\/demoweb.info\/sexshop001\/#website\",\"url\":\"https:\/\/demoweb.info\/sexshop001\/\",\"name\":\"Tienda Er\u00f3tica\",\"description\":\"DEMOWEB SL\",\"potentialAction\":[{\"@type\":\"SearchAction\",\"target\":{\"@type\":\"EntryPoint\",\"urlTemplate\":\"https:\/\/demoweb.info\/sexshop001\/?s={search_term_string}\"},\"query-input\":\"required name=search_term_string\"}],\"inLanguage\":\"es\"}]}<\/script>\n<!-- \/ Yoast SEO plugin. -->","yoast_head_json":{"title":"WE-VIBE CHORUS COSMIC VIBRADOR PARA PAREJAS - ROSA - Tienda Er\u00f3tica","robots":{"index":"noindex","follow":"follow","max-snippet":"max-snippet:-1","max-image-preview":"max-image-preview:large","max-video-preview":"max-video-preview:-1"},"og_locale":"es_ES","og_type":"article","og_title":"WE-VIBE CHORUS COSMIC VIBRADOR PARA PAREJAS - ROSA - Tienda Er\u00f3tica","og_description":"WE-VIBE CHORUS COSMIC El vibrador para parejas m\u00e1s intuitivo de We-Vibe. El Chorus\u2122 est\u00e1 dise\u00f1ado para disfrutarlo con una pareja","og_url":"https:\/\/demoweb.info\/sexshop001\/producto\/we-vibe-chorus-cosmic-vibrador-para-parejas-rosa\/","og_site_name":"Tienda Er\u00f3tica","article_modified_time":"2022-01-22T11:56:10+00:00","og_image":[{"width":550,"height":550,"url":"https:\/\/demoweb.info\/sexshop001\/wp-content\/uploads\/2022\/01\/WE-VIBE-CHORUS-COSMIC-VIBRADOR-PARA-PAREJAS-ROSA.jpg","type":"image\/jpeg"}],"twitter_card":"summary_large_image","twitter_misc":{"Tiempo de lectura":"2 minutos"},"schema":{"@context":"https:\/\/schema.org","@graph":[{"@type":"WebPage","@id":"https:\/\/demoweb.info\/sexshop001\/producto\/we-vibe-chorus-cosmic-vibrador-para-parejas-rosa\/","url":"https:\/\/demoweb.info\/sexshop001\/producto\/we-vibe-chorus-cosmic-vibrador-para-parejas-rosa\/","name":"WE-VIBE CHORUS COSMIC VIBRADOR PARA PAREJAS - ROSA - Tienda Er\u00f3tica","isPartOf":{"@id":"https:\/\/demoweb.info\/sexshop001\/#website"},"datePublished":"2022-01-22T11:56:02+00:00","dateModified":"2022-01-22T11:56:10+00:00","breadcrumb":{"@id":"https:\/\/demoweb.info\/sexshop001\/producto\/we-vibe-chorus-cosmic-vibrador-para-parejas-rosa\/#breadcrumb"},"inLanguage":"es","potentialAction":[{"@type":"ReadAction","target":["https:\/\/demoweb.info\/sexshop001\/producto\/we-vibe-chorus-cosmic-vibrador-para-parejas-rosa\/"]}]},{"@type":"BreadcrumbList","@id":"https:\/\/demoweb.info\/sexshop001\/producto\/we-vibe-chorus-cosmic-vibrador-para-parejas-rosa\/#breadcrumb","itemListElement":[{"@type":"ListItem","position":1,"name":"Portada","item":"https:\/\/demoweb.info\/sexshop001\/"},{"@type":"ListItem","position":2,"name":"Tienda","item":"https:\/\/demoweb.info\/sexshop001\/tienda\/"},{"@type":"ListItem","position":3,"name":"WE-VIBE CHORUS COSMIC VIBRADOR PARA PAREJAS &#8211; ROSA"}]},{"@type":"WebSite","@id":"https:\/\/demoweb.info\/sexshop001\/#website","url":"https:\/\/demoweb.info\/sexshop001\/","name":"Tienda Er\u00f3tica","description":"DEMOWEB SL","potentialAction":[{"@type":"SearchAction","target":{"@type":"EntryPoint","urlTemplate":"https:\/\/demoweb.info\/sexshop001\/?s={search_term_string}"},"query-input":"required name=search_term_string"}],"inLanguage":"es"}]}},"_links":{"self":[{"href":"https:\/\/demoweb.info\/sexshop001\/wp-json\/wp\/v3\/product\/32035","targetHints":{"allow":["GET"]}}],"collection":[{"href":"https:\/\/demoweb.info\/sexshop001\/wp-json\/wp\/v3\/product"}],"about":[{"href":"https:\/\/demoweb.info\/sexshop001\/wp-json\/wp\/v2\/types\/product"}],"replies":[{"embeddable":true,"href":"https:\/\/demoweb.info\/sexshop001\/wp-json\/wp\/v2\/comments?post=32035"}],"wp:featuredmedia":[{"embeddable":true,"href":"https:\/\/demoweb.info\/sexshop001\/wp-json\/wp\/v2\/media\/32036"}],"wp:attachment":[{"href":"https:\/\/demoweb.info\/sexshop001\/wp-json\/wp\/v2\/media?parent=32035"}],"wp:term":[{"taxonomy":"product_cat","embeddable":true,"href":"https:\/\/demoweb.info\/sexshop001\/wp-json\/wp\/v2\/product_cat?post=32035"},{"taxonomy":"product_tag","embeddable":true,"href":"https:\/\/demoweb.info\/sexshop001\/wp-json\/wp\/v2\/product_tag?post=32035"}],"curies":[{"name":"wp","href":"https:\/\/api.w.org\/{rel}","templated":true}]}}