{"id":31860,"date":"2022-01-22T12:54:22","date_gmt":"2022-01-22T11:54:22","guid":{"rendered":"https:\/\/demoweb.info\/sexshop001\/producto\/365-dias-mas-trilogia-365-dias-3\/"},"modified":"2022-01-22T12:54:34","modified_gmt":"2022-01-22T11:54:34","slug":"365-dias-mas-trilogia-365-dias-3","status":"publish","type":"product","link":"https:\/\/demoweb.info\/sexshop001\/producto\/365-dias-mas-trilogia-365-dias-3\/","title":{"rendered":"365 DIAS MAS (TRILOG\u00cdA 365 D\u00cdAS 3)"},"content":{"rendered":"<p><strong>365 DIAS MAS (TRILOG\u00cdA 365 D\u00cdAS 3)<\/strong><\/p>\n<p>Blanka Lipinska<\/p>\n<p><strong>El esperado desenlace de<\/strong> <em><strong>365 d\u00edas<\/strong><\/em><strong>, el fen\u00f3meno mundial<\/strong> <strong>emitido por<\/strong> <strong>Netflix.<\/strong><\/p>\n<p><strong>Una provocadora historia de amor y pasi\u00f3n<\/strong> <strong>que ha conquistado a millones de<\/strong> <strong>lectoras en todo el mundo.<\/strong><\/p>\n<p><strong>Una pasi\u00f3n sin medida. Un mundo donde no existen los l\u00edmites ni la clemencia. Y otros 365 d\u00edas para volver a amar.<\/strong><\/p>\n<p>La vida de Laura y Massimo, marcada por el glamour y una relaci\u00f3n apasionada, atraviesa su momento m\u00e1s oscuro. La inmensa atracci\u00f3n que sienten el uno por el otro podr\u00eda peligrar cuando en su camino se cruza el atractivo Marcelo Matos, un importante miembro del hampa espa\u00f1ola. Ser\u00e1 entonces cuando Laura tome conciencia de la amenaza real que se cierne sobre ellos y deba decidir si su amor por Massimo es lo suficientemente fuerte para superar todas las adversidades.<\/p>\n<ul>\n<li>N&ordm; de p\u00e1ginas: 432<\/li>\n<li>Editorial: GRIJALBO<\/li>\n<li>Idioma: CASTELLANO<\/li>\n<li>Encuadernaci\u00f3n: Tapa blanda<\/li>\n<li>ISBN: 9788425360626<\/li>\n<li>A\u00f1o de edici\u00f3n: 2021<\/li>\n<li>Plaza de edici\u00f3n: ES<\/li>\n<li>Fecha de lanzamiento: 10\/06\/2021<\/li>\n<\/ul>\n","protected":false},"excerpt":{"rendered":"<p>365 DIAS MAS (TRILOG\u00cdA 365 D\u00cdAS 3) Blanka Lipinska El esperado desenlace de 365 d\u00edas, el fen\u00f3meno mundial emitido por<\/p>\n","protected":false},"featured_media":31861,"comment_status":"open","ping_status":"open","template":"","meta":[],"product_cat":[414],"product_tag":[416,415],"class_list":["post-31860","product","type-product","status-publish","has-post-thumbnail","hentry","product_cat-libros","product_tag-grijalbo","product_tag-random-house"],"bundled_by":[],"bundle_stock_status":"instock","bundle_stock_quantity":2,"bundle_virtual":false,"bundle_layout":"","bundle_add_to_cart_form_location":"","bundle_editable_in_cart":false,"bundle_sold_individually_context":"","bundle_item_grouping":"","bundle_min_size":"","bundle_max_size":"","bundled_items":[],"yoast_head":"<!-- This site is optimized with the Yoast SEO plugin v20.6 - https:\/\/yoast.com\/wordpress\/plugins\/seo\/ -->\n<title>365 DIAS MAS (TRILOG\u00cdA 365 D\u00cdAS 3) - Tienda Er\u00f3tica<\/title>\n<meta name=\"robots\" content=\"noindex, follow, max-snippet:-1, max-image-preview:large, max-video-preview:-1\" \/>\n<meta property=\"og:locale\" content=\"es_ES\" \/>\n<meta property=\"og:type\" content=\"article\" \/>\n<meta property=\"og:title\" content=\"365 DIAS MAS (TRILOG\u00cdA 365 D\u00cdAS 3) - Tienda Er\u00f3tica\" \/>\n<meta property=\"og:description\" content=\"365 DIAS MAS (TRILOG\u00cdA 365 D\u00cdAS 3) Blanka Lipinska El esperado desenlace de 365 d\u00edas, el fen\u00f3meno mundial emitido por\" \/>\n<meta property=\"og:url\" content=\"https:\/\/demoweb.info\/sexshop001\/producto\/365-dias-mas-trilogia-365-dias-3\/\" \/>\n<meta property=\"og:site_name\" content=\"Tienda Er\u00f3tica\" \/>\n<meta property=\"article:modified_time\" content=\"2022-01-22T11:54:34+00:00\" \/>\n<meta property=\"og:image\" content=\"https:\/\/demoweb.info\/sexshop001\/wp-content\/uploads\/2022\/01\/365-DIAS-MAS-TRILOGIA-365-DIAS-3.jpg\" \/>\n\t<meta property=\"og:image:width\" content=\"550\" \/>\n\t<meta property=\"og:image:height\" content=\"550\" \/>\n\t<meta property=\"og:image:type\" content=\"image\/jpeg\" \/>\n<meta name=\"twitter:card\" content=\"summary_large_image\" \/>\n<meta name=\"twitter:label1\" content=\"Tiempo de lectura\" \/>\n\t<meta name=\"twitter:data1\" content=\"1 minuto\" \/>\n<script type=\"application\/ld+json\" class=\"yoast-schema-graph\">{\"@context\":\"https:\/\/schema.org\",\"@graph\":[{\"@type\":\"WebPage\",\"@id\":\"https:\/\/demoweb.info\/sexshop001\/producto\/365-dias-mas-trilogia-365-dias-3\/\",\"url\":\"https:\/\/demoweb.info\/sexshop001\/producto\/365-dias-mas-trilogia-365-dias-3\/\",\"name\":\"365 DIAS MAS (TRILOG\u00cdA 365 D\u00cdAS 3) - Tienda Er\u00f3tica\",\"isPartOf\":{\"@id\":\"https:\/\/demoweb.info\/sexshop001\/#website\"},\"datePublished\":\"2022-01-22T11:54:22+00:00\",\"dateModified\":\"2022-01-22T11:54:34+00:00\",\"breadcrumb\":{\"@id\":\"https:\/\/demoweb.info\/sexshop001\/producto\/365-dias-mas-trilogia-365-dias-3\/#breadcrumb\"},\"inLanguage\":\"es\",\"potentialAction\":[{\"@type\":\"ReadAction\",\"target\":[\"https:\/\/demoweb.info\/sexshop001\/producto\/365-dias-mas-trilogia-365-dias-3\/\"]}]},{\"@type\":\"BreadcrumbList\",\"@id\":\"https:\/\/demoweb.info\/sexshop001\/producto\/365-dias-mas-trilogia-365-dias-3\/#breadcrumb\",\"itemListElement\":[{\"@type\":\"ListItem\",\"position\":1,\"name\":\"Portada\",\"item\":\"https:\/\/demoweb.info\/sexshop001\/\"},{\"@type\":\"ListItem\",\"position\":2,\"name\":\"Tienda\",\"item\":\"https:\/\/demoweb.info\/sexshop001\/tienda\/\"},{\"@type\":\"ListItem\",\"position\":3,\"name\":\"365 DIAS MAS (TRILOG\u00cdA 365 D\u00cdAS 3)\"}]},{\"@type\":\"WebSite\",\"@id\":\"https:\/\/demoweb.info\/sexshop001\/#website\",\"url\":\"https:\/\/demoweb.info\/sexshop001\/\",\"name\":\"Tienda Er\u00f3tica\",\"description\":\"DEMOWEB SL\",\"potentialAction\":[{\"@type\":\"SearchAction\",\"target\":{\"@type\":\"EntryPoint\",\"urlTemplate\":\"https:\/\/demoweb.info\/sexshop001\/?s={search_term_string}\"},\"query-input\":\"required name=search_term_string\"}],\"inLanguage\":\"es\"}]}<\/script>\n<!-- \/ Yoast SEO plugin. -->","yoast_head_json":{"title":"365 DIAS MAS (TRILOG\u00cdA 365 D\u00cdAS 3) - Tienda Er\u00f3tica","robots":{"index":"noindex","follow":"follow","max-snippet":"max-snippet:-1","max-image-preview":"max-image-preview:large","max-video-preview":"max-video-preview:-1"},"og_locale":"es_ES","og_type":"article","og_title":"365 DIAS MAS (TRILOG\u00cdA 365 D\u00cdAS 3) - Tienda Er\u00f3tica","og_description":"365 DIAS MAS (TRILOG\u00cdA 365 D\u00cdAS 3) Blanka Lipinska El esperado desenlace de 365 d\u00edas, el fen\u00f3meno mundial emitido por","og_url":"https:\/\/demoweb.info\/sexshop001\/producto\/365-dias-mas-trilogia-365-dias-3\/","og_site_name":"Tienda Er\u00f3tica","article_modified_time":"2022-01-22T11:54:34+00:00","og_image":[{"width":550,"height":550,"url":"https:\/\/demoweb.info\/sexshop001\/wp-content\/uploads\/2022\/01\/365-DIAS-MAS-TRILOGIA-365-DIAS-3.jpg","type":"image\/jpeg"}],"twitter_card":"summary_large_image","twitter_misc":{"Tiempo de lectura":"1 minuto"},"schema":{"@context":"https:\/\/schema.org","@graph":[{"@type":"WebPage","@id":"https:\/\/demoweb.info\/sexshop001\/producto\/365-dias-mas-trilogia-365-dias-3\/","url":"https:\/\/demoweb.info\/sexshop001\/producto\/365-dias-mas-trilogia-365-dias-3\/","name":"365 DIAS MAS (TRILOG\u00cdA 365 D\u00cdAS 3) - Tienda Er\u00f3tica","isPartOf":{"@id":"https:\/\/demoweb.info\/sexshop001\/#website"},"datePublished":"2022-01-22T11:54:22+00:00","dateModified":"2022-01-22T11:54:34+00:00","breadcrumb":{"@id":"https:\/\/demoweb.info\/sexshop001\/producto\/365-dias-mas-trilogia-365-dias-3\/#breadcrumb"},"inLanguage":"es","potentialAction":[{"@type":"ReadAction","target":["https:\/\/demoweb.info\/sexshop001\/producto\/365-dias-mas-trilogia-365-dias-3\/"]}]},{"@type":"BreadcrumbList","@id":"https:\/\/demoweb.info\/sexshop001\/producto\/365-dias-mas-trilogia-365-dias-3\/#breadcrumb","itemListElement":[{"@type":"ListItem","position":1,"name":"Portada","item":"https:\/\/demoweb.info\/sexshop001\/"},{"@type":"ListItem","position":2,"name":"Tienda","item":"https:\/\/demoweb.info\/sexshop001\/tienda\/"},{"@type":"ListItem","position":3,"name":"365 DIAS MAS (TRILOG\u00cdA 365 D\u00cdAS 3)"}]},{"@type":"WebSite","@id":"https:\/\/demoweb.info\/sexshop001\/#website","url":"https:\/\/demoweb.info\/sexshop001\/","name":"Tienda Er\u00f3tica","description":"DEMOWEB SL","potentialAction":[{"@type":"SearchAction","target":{"@type":"EntryPoint","urlTemplate":"https:\/\/demoweb.info\/sexshop001\/?s={search_term_string}"},"query-input":"required name=search_term_string"}],"inLanguage":"es"}]}},"_links":{"self":[{"href":"https:\/\/demoweb.info\/sexshop001\/wp-json\/wp\/v3\/product\/31860","targetHints":{"allow":["GET"]}}],"collection":[{"href":"https:\/\/demoweb.info\/sexshop001\/wp-json\/wp\/v3\/product"}],"about":[{"href":"https:\/\/demoweb.info\/sexshop001\/wp-json\/wp\/v2\/types\/product"}],"replies":[{"embeddable":true,"href":"https:\/\/demoweb.info\/sexshop001\/wp-json\/wp\/v2\/comments?post=31860"}],"wp:featuredmedia":[{"embeddable":true,"href":"https:\/\/demoweb.info\/sexshop001\/wp-json\/wp\/v2\/media\/31861"}],"wp:attachment":[{"href":"https:\/\/demoweb.info\/sexshop001\/wp-json\/wp\/v2\/media?parent=31860"}],"wp:term":[{"taxonomy":"product_cat","embeddable":true,"href":"https:\/\/demoweb.info\/sexshop001\/wp-json\/wp\/v2\/product_cat?post=31860"},{"taxonomy":"product_tag","embeddable":true,"href":"https:\/\/demoweb.info\/sexshop001\/wp-json\/wp\/v2\/product_tag?post=31860"}],"curies":[{"name":"wp","href":"https:\/\/api.w.org\/{rel}","templated":true}]}}