{"id":31837,"date":"2022-01-22T12:54:08","date_gmt":"2022-01-22T11:54:08","guid":{"rendered":"https:\/\/demoweb.info\/sexshop001\/producto\/satisfyer-double-love-blanco\/"},"modified":"2022-01-22T12:54:14","modified_gmt":"2022-01-22T11:54:14","slug":"satisfyer-double-love-blanco","status":"publish","type":"product","link":"https:\/\/demoweb.info\/sexshop001\/producto\/satisfyer-double-love-blanco\/","title":{"rendered":"SATISFYER DOUBLE LOVE &#8211; BLANCO"},"content":{"rendered":"<p><strong>SATISFYER LUXURY DOUBLE LOVE<\/strong><\/p>\n<p>Double Love, nuestro vibrador de lujo para parejas, presenta una silicona suave y excitante combinada con un metal precioso de alta calidad. Combinado doblemente con un c\u00f3modo mando a distancia y nuestra aplicaci\u00f3n de alta tecnolog\u00eda, es posible jugar a distancia y las opciones son infinitas.<\/p>\n<ul>\n<li>Compatible con la aplicaci\u00f3n gratuita de Satisfyer, disponible en iOS y Android<\/li>\n<li>Fabricado con metales de alta calidad<\/li>\n<li>15 a\u00f1os de garant\u00eda comercial<\/li>\n<li>Con mando a distancia por radio<\/li>\n<li>Silicona agradable al cuerpo<\/li>\n<li>Posibilidad de utilizar tambi\u00e9n sin aplicaci\u00f3n<\/li>\n<li>Infinita variedad de programas a trav\u00e9s de la aplicaci\u00f3n<\/li>\n<li>Bater\u00eda de iones de litio<\/li>\n<li>Para parejas<\/li>\n<li>Impermeable (IPX7)<\/li>\n<li>Programas predefinidos editables<\/li>\n<li>Modo de susurro<\/li>\n<li>Cable de carga magn\u00e9tico por USB incluido<\/li>\n<li>10 programas de vibraci\u00f3n<\/li>\n<\/ul>\n<p><strong>Satisfyer Double Love: Vibrador para parejas de lujo con control mediante aplicaci\u00f3n y control remoto<\/strong><\/p>\n<p>\u00a1Disfruta de una brisa de aire fresco al hacer el amor con el Satisfyer Double Love! El vibrador para parejas con 2 motores sorprende por su cl\u00e1sica forma en U, que estimula a ambos miembros de la pareja con vibraciones potentes. La parte ligeramente curvada se introduce en la vagina y estimula al mismo tiempo el punto G y el pene, mientras que la parte exterior acaricia tambi\u00e9n el cl\u00edtoris. La silicona inocua para el cuerpo tambi\u00e9n seduce gracias a la sensaci\u00f3n de suavidad al tacto.<br \/>\nAdem\u00e1s, a nivel visual, el Satisfyer Double Love tiene mucho que ofrecer: Los detalles elegantes de metal genuino de alta calidad le aportan un toque de lujo a las relaciones sexuales.<\/p>\n<p><strong>A\u00fan m\u00e1s divertido con el control a trav\u00e9s de la aplicaci\u00f3n<\/strong><\/p>\n<p>El Satisfyer Double Love se puede controlar a trav\u00e9s del control remoto inal\u00e1mbrico incluido, as\u00ed como mediante la aplicaci\u00f3n gratuita Satisfyer Connect. Gracias a la aplicaci\u00f3n podr\u00e1s descubrir una nueva faceta de la vida sexual en pareja: Adem\u00e1s de poder controlar a distancia el dispositivo de placer, tambi\u00e9n puedes crear tus propios programas de vibraci\u00f3n o iniciar sesiones de chat de audio y v\u00eddeo. \u00bfA qu\u00e9 est\u00e1s esperando? Adem\u00e1s, como el vibrador para parejas tiene un acabado impermeable (IPX7), tambi\u00e9n contribuye a enriquecer los juegos er\u00f3ticos bajo la ducha o en la ba\u00f1era con vibraciones calientes. Si el vibrador para parejas se queda sin aliento, las bater\u00edas integradas se pueden recargar mediante el cable de carga USB incluido.<\/p>\n","protected":false},"excerpt":{"rendered":"<p>SATISFYER LUXURY DOUBLE LOVE Double Love, nuestro vibrador de lujo para parejas, presenta una silicona suave y excitante combinada con<\/p>\n","protected":false},"featured_media":31838,"comment_status":"open","ping_status":"open","template":"","meta":[],"product_cat":[445],"product_tag":[1190,442],"class_list":["post-31837","product","type-product","status-publish","has-post-thumbnail","hentry","product_cat-para-parejas-vibradores-juguetes-xxx","product_tag-luxury","product_tag-satisfyer"],"bundled_by":[],"bundle_stock_status":"instock","bundle_stock_quantity":25,"bundle_virtual":false,"bundle_layout":"","bundle_add_to_cart_form_location":"","bundle_editable_in_cart":false,"bundle_sold_individually_context":"","bundle_item_grouping":"","bundle_min_size":"","bundle_max_size":"","bundled_items":[],"yoast_head":"<!-- This site is optimized with the Yoast SEO plugin v20.6 - https:\/\/yoast.com\/wordpress\/plugins\/seo\/ -->\n<title>SATISFYER DOUBLE LOVE - BLANCO - Tienda Er\u00f3tica<\/title>\n<meta name=\"robots\" content=\"noindex, follow, max-snippet:-1, max-image-preview:large, max-video-preview:-1\" \/>\n<meta property=\"og:locale\" content=\"es_ES\" \/>\n<meta property=\"og:type\" content=\"article\" \/>\n<meta property=\"og:title\" content=\"SATISFYER DOUBLE LOVE - BLANCO - Tienda Er\u00f3tica\" \/>\n<meta property=\"og:description\" content=\"SATISFYER LUXURY DOUBLE LOVE Double Love, nuestro vibrador de lujo para parejas, presenta una silicona suave y excitante combinada con\" \/>\n<meta property=\"og:url\" content=\"https:\/\/demoweb.info\/sexshop001\/producto\/satisfyer-double-love-blanco\/\" \/>\n<meta property=\"og:site_name\" content=\"Tienda Er\u00f3tica\" \/>\n<meta property=\"article:modified_time\" content=\"2022-01-22T11:54:14+00:00\" \/>\n<meta property=\"og:image\" content=\"https:\/\/demoweb.info\/sexshop001\/wp-content\/uploads\/2022\/01\/SATISFYER-DOUBLE-LOVE-BLANCO.jpg\" \/>\n\t<meta property=\"og:image:width\" content=\"550\" \/>\n\t<meta property=\"og:image:height\" content=\"550\" \/>\n\t<meta property=\"og:image:type\" content=\"image\/jpeg\" \/>\n<meta name=\"twitter:card\" content=\"summary_large_image\" \/>\n<meta name=\"twitter:label1\" content=\"Tiempo de lectura\" \/>\n\t<meta name=\"twitter:data1\" content=\"2 minutos\" \/>\n<script type=\"application\/ld+json\" class=\"yoast-schema-graph\">{\"@context\":\"https:\/\/schema.org\",\"@graph\":[{\"@type\":\"WebPage\",\"@id\":\"https:\/\/demoweb.info\/sexshop001\/producto\/satisfyer-double-love-blanco\/\",\"url\":\"https:\/\/demoweb.info\/sexshop001\/producto\/satisfyer-double-love-blanco\/\",\"name\":\"SATISFYER DOUBLE LOVE - BLANCO - Tienda Er\u00f3tica\",\"isPartOf\":{\"@id\":\"https:\/\/demoweb.info\/sexshop001\/#website\"},\"datePublished\":\"2022-01-22T11:54:08+00:00\",\"dateModified\":\"2022-01-22T11:54:14+00:00\",\"breadcrumb\":{\"@id\":\"https:\/\/demoweb.info\/sexshop001\/producto\/satisfyer-double-love-blanco\/#breadcrumb\"},\"inLanguage\":\"es\",\"potentialAction\":[{\"@type\":\"ReadAction\",\"target\":[\"https:\/\/demoweb.info\/sexshop001\/producto\/satisfyer-double-love-blanco\/\"]}]},{\"@type\":\"BreadcrumbList\",\"@id\":\"https:\/\/demoweb.info\/sexshop001\/producto\/satisfyer-double-love-blanco\/#breadcrumb\",\"itemListElement\":[{\"@type\":\"ListItem\",\"position\":1,\"name\":\"Portada\",\"item\":\"https:\/\/demoweb.info\/sexshop001\/\"},{\"@type\":\"ListItem\",\"position\":2,\"name\":\"Tienda\",\"item\":\"https:\/\/demoweb.info\/sexshop001\/tienda\/\"},{\"@type\":\"ListItem\",\"position\":3,\"name\":\"SATISFYER DOUBLE LOVE &#8211; BLANCO\"}]},{\"@type\":\"WebSite\",\"@id\":\"https:\/\/demoweb.info\/sexshop001\/#website\",\"url\":\"https:\/\/demoweb.info\/sexshop001\/\",\"name\":\"Tienda Er\u00f3tica\",\"description\":\"DEMOWEB SL\",\"potentialAction\":[{\"@type\":\"SearchAction\",\"target\":{\"@type\":\"EntryPoint\",\"urlTemplate\":\"https:\/\/demoweb.info\/sexshop001\/?s={search_term_string}\"},\"query-input\":\"required name=search_term_string\"}],\"inLanguage\":\"es\"}]}<\/script>\n<!-- \/ Yoast SEO plugin. -->","yoast_head_json":{"title":"SATISFYER DOUBLE LOVE - BLANCO - Tienda Er\u00f3tica","robots":{"index":"noindex","follow":"follow","max-snippet":"max-snippet:-1","max-image-preview":"max-image-preview:large","max-video-preview":"max-video-preview:-1"},"og_locale":"es_ES","og_type":"article","og_title":"SATISFYER DOUBLE LOVE - BLANCO - Tienda Er\u00f3tica","og_description":"SATISFYER LUXURY DOUBLE LOVE Double Love, nuestro vibrador de lujo para parejas, presenta una silicona suave y excitante combinada con","og_url":"https:\/\/demoweb.info\/sexshop001\/producto\/satisfyer-double-love-blanco\/","og_site_name":"Tienda Er\u00f3tica","article_modified_time":"2022-01-22T11:54:14+00:00","og_image":[{"width":550,"height":550,"url":"https:\/\/demoweb.info\/sexshop001\/wp-content\/uploads\/2022\/01\/SATISFYER-DOUBLE-LOVE-BLANCO.jpg","type":"image\/jpeg"}],"twitter_card":"summary_large_image","twitter_misc":{"Tiempo de lectura":"2 minutos"},"schema":{"@context":"https:\/\/schema.org","@graph":[{"@type":"WebPage","@id":"https:\/\/demoweb.info\/sexshop001\/producto\/satisfyer-double-love-blanco\/","url":"https:\/\/demoweb.info\/sexshop001\/producto\/satisfyer-double-love-blanco\/","name":"SATISFYER DOUBLE LOVE - BLANCO - Tienda Er\u00f3tica","isPartOf":{"@id":"https:\/\/demoweb.info\/sexshop001\/#website"},"datePublished":"2022-01-22T11:54:08+00:00","dateModified":"2022-01-22T11:54:14+00:00","breadcrumb":{"@id":"https:\/\/demoweb.info\/sexshop001\/producto\/satisfyer-double-love-blanco\/#breadcrumb"},"inLanguage":"es","potentialAction":[{"@type":"ReadAction","target":["https:\/\/demoweb.info\/sexshop001\/producto\/satisfyer-double-love-blanco\/"]}]},{"@type":"BreadcrumbList","@id":"https:\/\/demoweb.info\/sexshop001\/producto\/satisfyer-double-love-blanco\/#breadcrumb","itemListElement":[{"@type":"ListItem","position":1,"name":"Portada","item":"https:\/\/demoweb.info\/sexshop001\/"},{"@type":"ListItem","position":2,"name":"Tienda","item":"https:\/\/demoweb.info\/sexshop001\/tienda\/"},{"@type":"ListItem","position":3,"name":"SATISFYER DOUBLE LOVE &#8211; BLANCO"}]},{"@type":"WebSite","@id":"https:\/\/demoweb.info\/sexshop001\/#website","url":"https:\/\/demoweb.info\/sexshop001\/","name":"Tienda Er\u00f3tica","description":"DEMOWEB SL","potentialAction":[{"@type":"SearchAction","target":{"@type":"EntryPoint","urlTemplate":"https:\/\/demoweb.info\/sexshop001\/?s={search_term_string}"},"query-input":"required name=search_term_string"}],"inLanguage":"es"}]}},"_links":{"self":[{"href":"https:\/\/demoweb.info\/sexshop001\/wp-json\/wp\/v3\/product\/31837","targetHints":{"allow":["GET"]}}],"collection":[{"href":"https:\/\/demoweb.info\/sexshop001\/wp-json\/wp\/v3\/product"}],"about":[{"href":"https:\/\/demoweb.info\/sexshop001\/wp-json\/wp\/v2\/types\/product"}],"replies":[{"embeddable":true,"href":"https:\/\/demoweb.info\/sexshop001\/wp-json\/wp\/v2\/comments?post=31837"}],"wp:featuredmedia":[{"embeddable":true,"href":"https:\/\/demoweb.info\/sexshop001\/wp-json\/wp\/v2\/media\/31838"}],"wp:attachment":[{"href":"https:\/\/demoweb.info\/sexshop001\/wp-json\/wp\/v2\/media?parent=31837"}],"wp:term":[{"taxonomy":"product_cat","embeddable":true,"href":"https:\/\/demoweb.info\/sexshop001\/wp-json\/wp\/v2\/product_cat?post=31837"},{"taxonomy":"product_tag","embeddable":true,"href":"https:\/\/demoweb.info\/sexshop001\/wp-json\/wp\/v2\/product_tag?post=31837"}],"curies":[{"name":"wp","href":"https:\/\/api.w.org\/{rel}","templated":true}]}}