{"id":31812,"date":"2022-01-22T12:53:47","date_gmt":"2022-01-22T11:53:47","guid":{"rendered":"https:\/\/demoweb.info\/sexshop001\/producto\/we-vibe-jive-huevo-vibrador-para-parejas-con-control-remoto-rosa\/"},"modified":"2022-01-22T12:53:58","modified_gmt":"2022-01-22T11:53:58","slug":"we-vibe-jive-huevo-vibrador-para-parejas-con-control-remoto-rosa","status":"publish","type":"product","link":"https:\/\/demoweb.info\/sexshop001\/producto\/we-vibe-jive-huevo-vibrador-para-parejas-con-control-remoto-rosa\/","title":{"rendered":"WE-VIBE JIVE HUEVO VIBRADOR PARA PAREJAS CON CONTROL REMOTO ROSA"},"content":{"rendered":"<p><strong>WE-VIBE JIVE REMOTE CONTROL EGG COUPLES VIBRATOR <\/strong><\/p>\n<p>Experimenta lo \u00faltimo en placer discreto con Jive by We-Vibe \u2122, un vibrador port\u00e1til controlado por Bluetooth.<\/p>\n<p>Disfruta del juego de manos libres, solo o con tu pareja con la aplicaci\u00f3n gratuita We-Connect \u2122.<\/p>\n<p><em>Poderosas vibraciones retumbantes. <\/em><\/p>\n<p>Intensifica el placer con m\u00e1s de 10 modos y vibraciones profundas y potentes.<\/p>\n<p><em>Dise\u00f1o confortable. <\/em><\/p>\n<p>Forma contorneada perfectamente dise\u00f1ada y hecha de silicona suave.<\/p>\n<p><em>Impermeable. <\/em><\/p>\n<p>Jive es 100% resistente al agua, por lo que es f\u00e1cil de disfrutar en cualquier lugar y f\u00e1cil de limpiar.<\/p>\n<p><em>Recargable.<\/em><\/p>\n<p>Pr\u00e1ctico y ecol\u00f3gico, Jive es recargable y dura hasta 2 horas de juego con una sola carga. No hay necesidad de bater\u00edas desechables costosas y derrochadoras. Alerta de baja potencia.<\/p>\n<p><em>We-Connect \u2122.<\/em><\/p>\n<p>Con la aplicaci\u00f3n gratuita We-Connect \u2122 puedes jugar y compartir el control de Jive desde cualquier lugar, crear vibraciones personalizadas y jugar junto con otros productos We-Vibe\u00ae.<\/p>\n<p>Incluye: vibrador, cable de alimentaci\u00f3n USB (adaptador de CA no incluido), manual de usuario, lubricante We-Vibe, bolsa de almacenamiento.<\/p>\n","protected":false},"excerpt":{"rendered":"<p>WE-VIBE JIVE REMOTE CONTROL EGG COUPLES VIBRATOR Experimenta lo \u00faltimo en placer discreto con Jive by We-Vibe \u2122, un vibrador<\/p>\n","protected":false},"featured_media":31813,"comment_status":"open","ping_status":"open","template":"","meta":[],"product_cat":[445],"product_tag":[444],"class_list":["post-31812","product","type-product","status-publish","has-post-thumbnail","hentry","product_cat-para-parejas-vibradores-juguetes-xxx","product_tag-we-vibe"],"bundled_by":[],"bundle_stock_status":"instock","bundle_stock_quantity":2,"bundle_virtual":false,"bundle_layout":"","bundle_add_to_cart_form_location":"","bundle_editable_in_cart":false,"bundle_sold_individually_context":"","bundle_item_grouping":"","bundle_min_size":"","bundle_max_size":"","bundled_items":[],"yoast_head":"<!-- This site is optimized with the Yoast SEO plugin v20.6 - https:\/\/yoast.com\/wordpress\/plugins\/seo\/ -->\n<title>WE-VIBE JIVE HUEVO VIBRADOR PARA PAREJAS CON CONTROL REMOTO ROSA - Tienda Er\u00f3tica<\/title>\n<meta name=\"robots\" content=\"noindex, follow, max-snippet:-1, max-image-preview:large, max-video-preview:-1\" \/>\n<meta property=\"og:locale\" content=\"es_ES\" \/>\n<meta property=\"og:type\" content=\"article\" \/>\n<meta property=\"og:title\" content=\"WE-VIBE JIVE HUEVO VIBRADOR PARA PAREJAS CON CONTROL REMOTO ROSA - Tienda Er\u00f3tica\" \/>\n<meta property=\"og:description\" content=\"WE-VIBE JIVE REMOTE CONTROL EGG COUPLES VIBRATOR Experimenta lo \u00faltimo en placer discreto con Jive by We-Vibe \u2122, un vibrador\" \/>\n<meta property=\"og:url\" content=\"https:\/\/demoweb.info\/sexshop001\/producto\/we-vibe-jive-huevo-vibrador-para-parejas-con-control-remoto-rosa\/\" \/>\n<meta property=\"og:site_name\" content=\"Tienda Er\u00f3tica\" \/>\n<meta property=\"article:modified_time\" content=\"2022-01-22T11:53:58+00:00\" \/>\n<meta property=\"og:image\" content=\"https:\/\/demoweb.info\/sexshop001\/wp-content\/uploads\/2022\/01\/WE-VIBE-JIVE-HUEVO-VIBRADOR-PARA-PAREJAS-CON-CONTROL-REMOTO-ROSA.jpg\" \/>\n\t<meta property=\"og:image:width\" content=\"550\" \/>\n\t<meta property=\"og:image:height\" content=\"550\" \/>\n\t<meta property=\"og:image:type\" content=\"image\/jpeg\" \/>\n<meta name=\"twitter:card\" content=\"summary_large_image\" \/>\n<meta name=\"twitter:label1\" content=\"Tiempo de lectura\" \/>\n\t<meta name=\"twitter:data1\" content=\"1 minuto\" \/>\n<script type=\"application\/ld+json\" class=\"yoast-schema-graph\">{\"@context\":\"https:\/\/schema.org\",\"@graph\":[{\"@type\":\"WebPage\",\"@id\":\"https:\/\/demoweb.info\/sexshop001\/producto\/we-vibe-jive-huevo-vibrador-para-parejas-con-control-remoto-rosa\/\",\"url\":\"https:\/\/demoweb.info\/sexshop001\/producto\/we-vibe-jive-huevo-vibrador-para-parejas-con-control-remoto-rosa\/\",\"name\":\"WE-VIBE JIVE HUEVO VIBRADOR PARA PAREJAS CON CONTROL REMOTO ROSA - Tienda Er\u00f3tica\",\"isPartOf\":{\"@id\":\"https:\/\/demoweb.info\/sexshop001\/#website\"},\"datePublished\":\"2022-01-22T11:53:47+00:00\",\"dateModified\":\"2022-01-22T11:53:58+00:00\",\"breadcrumb\":{\"@id\":\"https:\/\/demoweb.info\/sexshop001\/producto\/we-vibe-jive-huevo-vibrador-para-parejas-con-control-remoto-rosa\/#breadcrumb\"},\"inLanguage\":\"es\",\"potentialAction\":[{\"@type\":\"ReadAction\",\"target\":[\"https:\/\/demoweb.info\/sexshop001\/producto\/we-vibe-jive-huevo-vibrador-para-parejas-con-control-remoto-rosa\/\"]}]},{\"@type\":\"BreadcrumbList\",\"@id\":\"https:\/\/demoweb.info\/sexshop001\/producto\/we-vibe-jive-huevo-vibrador-para-parejas-con-control-remoto-rosa\/#breadcrumb\",\"itemListElement\":[{\"@type\":\"ListItem\",\"position\":1,\"name\":\"Portada\",\"item\":\"https:\/\/demoweb.info\/sexshop001\/\"},{\"@type\":\"ListItem\",\"position\":2,\"name\":\"Tienda\",\"item\":\"https:\/\/demoweb.info\/sexshop001\/tienda\/\"},{\"@type\":\"ListItem\",\"position\":3,\"name\":\"WE-VIBE JIVE HUEVO VIBRADOR PARA PAREJAS CON CONTROL REMOTO ROSA\"}]},{\"@type\":\"WebSite\",\"@id\":\"https:\/\/demoweb.info\/sexshop001\/#website\",\"url\":\"https:\/\/demoweb.info\/sexshop001\/\",\"name\":\"Tienda Er\u00f3tica\",\"description\":\"DEMOWEB SL\",\"potentialAction\":[{\"@type\":\"SearchAction\",\"target\":{\"@type\":\"EntryPoint\",\"urlTemplate\":\"https:\/\/demoweb.info\/sexshop001\/?s={search_term_string}\"},\"query-input\":\"required name=search_term_string\"}],\"inLanguage\":\"es\"}]}<\/script>\n<!-- \/ Yoast SEO plugin. -->","yoast_head_json":{"title":"WE-VIBE JIVE HUEVO VIBRADOR PARA PAREJAS CON CONTROL REMOTO ROSA - Tienda Er\u00f3tica","robots":{"index":"noindex","follow":"follow","max-snippet":"max-snippet:-1","max-image-preview":"max-image-preview:large","max-video-preview":"max-video-preview:-1"},"og_locale":"es_ES","og_type":"article","og_title":"WE-VIBE JIVE HUEVO VIBRADOR PARA PAREJAS CON CONTROL REMOTO ROSA - Tienda Er\u00f3tica","og_description":"WE-VIBE JIVE REMOTE CONTROL EGG COUPLES VIBRATOR Experimenta lo \u00faltimo en placer discreto con Jive by We-Vibe \u2122, un vibrador","og_url":"https:\/\/demoweb.info\/sexshop001\/producto\/we-vibe-jive-huevo-vibrador-para-parejas-con-control-remoto-rosa\/","og_site_name":"Tienda Er\u00f3tica","article_modified_time":"2022-01-22T11:53:58+00:00","og_image":[{"width":550,"height":550,"url":"https:\/\/demoweb.info\/sexshop001\/wp-content\/uploads\/2022\/01\/WE-VIBE-JIVE-HUEVO-VIBRADOR-PARA-PAREJAS-CON-CONTROL-REMOTO-ROSA.jpg","type":"image\/jpeg"}],"twitter_card":"summary_large_image","twitter_misc":{"Tiempo de lectura":"1 minuto"},"schema":{"@context":"https:\/\/schema.org","@graph":[{"@type":"WebPage","@id":"https:\/\/demoweb.info\/sexshop001\/producto\/we-vibe-jive-huevo-vibrador-para-parejas-con-control-remoto-rosa\/","url":"https:\/\/demoweb.info\/sexshop001\/producto\/we-vibe-jive-huevo-vibrador-para-parejas-con-control-remoto-rosa\/","name":"WE-VIBE JIVE HUEVO VIBRADOR PARA PAREJAS CON CONTROL REMOTO ROSA - Tienda Er\u00f3tica","isPartOf":{"@id":"https:\/\/demoweb.info\/sexshop001\/#website"},"datePublished":"2022-01-22T11:53:47+00:00","dateModified":"2022-01-22T11:53:58+00:00","breadcrumb":{"@id":"https:\/\/demoweb.info\/sexshop001\/producto\/we-vibe-jive-huevo-vibrador-para-parejas-con-control-remoto-rosa\/#breadcrumb"},"inLanguage":"es","potentialAction":[{"@type":"ReadAction","target":["https:\/\/demoweb.info\/sexshop001\/producto\/we-vibe-jive-huevo-vibrador-para-parejas-con-control-remoto-rosa\/"]}]},{"@type":"BreadcrumbList","@id":"https:\/\/demoweb.info\/sexshop001\/producto\/we-vibe-jive-huevo-vibrador-para-parejas-con-control-remoto-rosa\/#breadcrumb","itemListElement":[{"@type":"ListItem","position":1,"name":"Portada","item":"https:\/\/demoweb.info\/sexshop001\/"},{"@type":"ListItem","position":2,"name":"Tienda","item":"https:\/\/demoweb.info\/sexshop001\/tienda\/"},{"@type":"ListItem","position":3,"name":"WE-VIBE JIVE HUEVO VIBRADOR PARA PAREJAS CON CONTROL REMOTO ROSA"}]},{"@type":"WebSite","@id":"https:\/\/demoweb.info\/sexshop001\/#website","url":"https:\/\/demoweb.info\/sexshop001\/","name":"Tienda Er\u00f3tica","description":"DEMOWEB SL","potentialAction":[{"@type":"SearchAction","target":{"@type":"EntryPoint","urlTemplate":"https:\/\/demoweb.info\/sexshop001\/?s={search_term_string}"},"query-input":"required name=search_term_string"}],"inLanguage":"es"}]}},"_links":{"self":[{"href":"https:\/\/demoweb.info\/sexshop001\/wp-json\/wp\/v3\/product\/31812","targetHints":{"allow":["GET"]}}],"collection":[{"href":"https:\/\/demoweb.info\/sexshop001\/wp-json\/wp\/v3\/product"}],"about":[{"href":"https:\/\/demoweb.info\/sexshop001\/wp-json\/wp\/v2\/types\/product"}],"replies":[{"embeddable":true,"href":"https:\/\/demoweb.info\/sexshop001\/wp-json\/wp\/v2\/comments?post=31812"}],"wp:featuredmedia":[{"embeddable":true,"href":"https:\/\/demoweb.info\/sexshop001\/wp-json\/wp\/v2\/media\/31813"}],"wp:attachment":[{"href":"https:\/\/demoweb.info\/sexshop001\/wp-json\/wp\/v2\/media?parent=31812"}],"wp:term":[{"taxonomy":"product_cat","embeddable":true,"href":"https:\/\/demoweb.info\/sexshop001\/wp-json\/wp\/v2\/product_cat?post=31812"},{"taxonomy":"product_tag","embeddable":true,"href":"https:\/\/demoweb.info\/sexshop001\/wp-json\/wp\/v2\/product_tag?post=31812"}],"curies":[{"name":"wp","href":"https:\/\/api.w.org\/{rel}","templated":true}]}}