{"id":31803,"date":"2022-01-22T12:53:47","date_gmt":"2022-01-22T11:53:47","guid":{"rendered":"https:\/\/demoweb.info\/sexshop001\/producto\/autoblow-2-plus-xt-masturbador-con-funda-talla-b\/"},"modified":"2022-01-22T12:53:53","modified_gmt":"2022-01-22T11:53:53","slug":"autoblow-2-plus-xt-masturbador-con-funda-talla-b","status":"publish","type":"product","link":"https:\/\/demoweb.info\/sexshop001\/producto\/autoblow-2-plus-xt-masturbador-con-funda-talla-b\/","title":{"rendered":"AUTOBLOW &#8211; 2 PLUS XT MASTURBADOR CON FUNDA &#8211; TALLA B"},"content":{"rendered":"<p><strong>AUTOBLOW &#8211; 2 PLUS XT MASTURBATOR &#038; SLEEVE<\/strong><\/p>\n<p><strong>SIZE B<\/strong><\/p>\n<p>Disfruta del placer sin l\u00edmites. \u00a1Tu robot Autoblow trabajar\u00e1 duro para ti!<\/p>\n<ul>\n<li>Las fundas intercambiables vienen en 3 tama\u00f1os para adaptarse a todos los hombres<\/li>\n<li>Las fundas est\u00e1n frabricadas de material de piel artificial realista.<\/li>\n<li>Las fundas son f\u00e1ciles de limpiar.<\/li>\n<li>Los resortes se expanden para darle un ajuste perfecto<\/li>\n<li>Trazos de 10 cm hacia arriba y hacia abajo<\/li>\n<li>El motor de fuerza industrial totalmente met\u00e1lico es potente y est\u00e1 construido para durar<\/li>\n<li>Se conecta en cualquier toma de corriente de pared &#8211; nunca necesita bater\u00edas.<\/li>\n<\/ul>\n<p>Las \u00fanicas 6 cosas que necesita saber sobre Autoblow 2:<\/p>\n<p>1. Con\u00e9ctelo: Autoblow 2 no necesita bater\u00edas. Simplemente con\u00e9ctelo a cualquier toma de corriente (110v-240v). No se preocupe, lo hemos dise\u00f1ado para que sea seguro.<\/p>\n<p>2. Sistema de fundas: utiliza fundas intercambiables. Las fundas son f\u00e1ciles de limpiar, reutilizables y vienen en varios tama\u00f1os para adaptarse a todos los hombres.<\/p>\n<p>3. Manos libres: simplemente mantenga el Autoblow 2 en su lugar y har\u00e1 todo el trabajo duro por usted. Usted controla la velocidad y la intensidad del movimiento motorizado hacia arriba \/ abajo.<\/p>\n<p>4. Se siente genial: la primera alternativa verdaderamente realista a los productos de placer tradicionales para hombres. \u00a1Perfecto para parejas tambi\u00e9n!<\/p>\n<p>5. Construcci\u00f3n robusta: El Autoblow 2 utiliza un motor totalmente met\u00e1lico clasificado para durar m\u00e1s de 500 horas de uso.<\/p>\n<p>6. Higi\u00e9nico: Las fundas intercambiables se pueden limpiar f\u00e1cilmente con agua jabonosa o un limpiador de juguetes. Un ajuste perfecto para cada hombre en todo momento.<\/p>\n<p>Talla A: circunferencia de 7,5-10 cm, todos los largos<\/p>\n<p>Talla B: 10-14 cm de circunferencia, todas las longitudes<\/p>\n<p>Talla C: 14-16 cm de circunferencia, todas las longitudes<\/p>\n<p><em>Si\u00e9ntense y rel\u00e1jense, chicos. Es hora de disfrutar.<\/em><\/p>\n<p>Con el nuevo y mejorado Autoblow 2, pronto experimentar\u00e1s el juguete sexual para hombres que establece un nuevo est\u00e1ndar en experiencias realistas en solitario. Dale un descanso a tu brazo y deja que el Autoblow 2 trabaje una carga o dos, autom\u00e1ticamente.<\/p>\n<p>La funda se abre en un segundo para facilitar la limpieza. Necesitar\u00e1 un lubricante a base de agua, adem\u00e1s, es posible que desee usar un limpiador de juguetes para asegurarse de que sus mangas est\u00e9n perfectamente limpias cuando haya terminado.<\/p>\n<p>\u00a1DISFRUTAR! 1<\/p>\n<p>. \u00bfEste producto est\u00e1 construido para durar? Si. Nos dimos cuenta de que todos los dem\u00e1s productos de caricias para hombres anteriores se construyeron como juguetes, no como electrodom\u00e9sticos. Este es el primer aparato de masturbaci\u00f3n adecuado: el motor est\u00e1 dise\u00f1ado para durar m\u00e1s de 500 horas de uso. Es un poco pesado y un poco m\u00e1s grande de lo que nos gustar\u00eda que fuera, pero bueno, funciona y funciona bien.<\/p>\n<p>2. \u00bfC\u00f3mo es de grande? Mide unos 22,9 cm de alto y 10,7 cm de ancho.<\/p>\n<p>3. \u00bfVibra? No, el Autoblow 2 no vibra; no creemos que realmente mejore la funci\u00f3n.<\/p>\n<p>4. \u00bfC\u00f3mo utilizo Autoblow 2? Enchufe su Autoblow 2 en cualquier tomacorriente de pared para que est\u00e9 listo para usar. Controle la velocidad del movimiento arriba \/ abajo usando el dial de velocidad. Puede sostener el Autoblow 2 con la mano o puede acostarse boca abajo mientras hace todo el trabajo por usted, completamente con las manos libres. Cuando est\u00e9 listo, eyacule. Luego retire la funda para facilitar la limpieza.<\/p>\n<p>5. \u00bfQu\u00e9 sonido tiene? El Autoblow 2 no es un producto silencioso. Es una m\u00e1quina, y la raz\u00f3n por la que funciona es porque un motor impulsa las perlas cargadas hacia arriba y hacia abajo. Si necesita silencio, es posible que este no sea el producto para usted. Hace un sonido parecido al de los limpiaparabrisas.<\/p>\n<p>6. \u00bfEl material de la funda Autoblow 2 contiene ftalatos? No. El producto est\u00e1 certificado por un laboratorio de pruebas externo como libre de ftalatos.<\/p>\n<p>7. \u00bfC\u00f3mo limpio mi Auotoblow 2? Puede limpiar el exterior de la carcasa de pl\u00e1stico del Autoblow 2 con cualquier cosa que sea segura para usar en pl\u00e1stico, pero preferimos un limpiador de juguetes para asegurarnos de que las superficies permanezcan libres de bacterias. Le recomendamos que limpie su funda con agua y jab\u00f3n tibia, seguido de algunas pulverizaciones de limpiador de juguetes antibacteriano. Puede dejar que la manga se seque al aire.<\/p>\n<p>8. \u00bfC\u00f3mo debo cuidar mis fundas Autoblow 2? Puede conservar el material de piel realista de la funda Autoblow 2 guard\u00e1ndola en una bolsa con cierre herm\u00e9tico, con un poco de maicena com\u00fan. Aseg\u00farate de que est\u00e9 totalmente seco antes de guardarlo.<\/p>\n<p>9. \u00bfPuedo usar mi Autoblow 2 en la ducha o en la ba\u00f1era? No. El Autoblow 2 es un aparato el\u00e9ctrico y se usa mientras est\u00e1 enchufado a una toma de corriente. A pesar de que solo se env\u00eda una peque\u00f1a corriente a la m\u00e1quina, utilizando un convertidor de CA a CC, a\u00fan no puede usarlo en ning\u00fan lugar donde se moje o se sumerja en agua. Entonces &#8230; \u00a1NO, NO PUEDES!<\/p>\n<p>10. \u00bfEs seguro? Quiero decir, se conecta a la toma de corriente &#8230; \u00a1Si! Hemos dise\u00f1ado el producto para que sea completamente seguro. Utiliza un adaptador convertidor de CA a CC listado en UL que env\u00eda solo 12v 1.2a CC al producto. \u00a1Eso no es suficiente corriente para siquiera sentirlo! Adem\u00e1s, las partes el\u00e9ctricas est\u00e1n completamente aisladas del resto del producto. Descanse tranquilos, chicos.<\/p>\n<p>11. \u00bfOfrecen garant\u00eda sobre este producto? Las piezas el\u00e9ctricas y el motor de este producto est\u00e1n cubiertos por una garant\u00eda de 6 meses. Las fundas son art\u00edculos consumibles y no est\u00e1n cubiertas por una garant\u00eda.<\/p>\n","protected":false},"excerpt":{"rendered":"<p>AUTOBLOW &#8211; 2 PLUS XT MASTURBATOR &#038; SLEEVE SIZE B Disfruta del placer sin l\u00edmites. \u00a1Tu robot Autoblow trabajar\u00e1 duro<\/p>\n","protected":false},"featured_media":31804,"comment_status":"open","ping_status":"open","template":"","meta":[],"product_cat":[522],"product_tag":[365],"class_list":["post-31803","product","type-product","status-publish","has-post-thumbnail","hentry","product_cat-ellos","product_tag-autoblow"],"bundled_by":[],"bundle_stock_status":"instock","bundle_stock_quantity":1,"bundle_virtual":false,"bundle_layout":"","bundle_add_to_cart_form_location":"","bundle_editable_in_cart":false,"bundle_sold_individually_context":"","bundle_item_grouping":"","bundle_min_size":"","bundle_max_size":"","bundled_items":[],"yoast_head":"<!-- This site is optimized with the Yoast SEO plugin v20.6 - https:\/\/yoast.com\/wordpress\/plugins\/seo\/ -->\n<title>AUTOBLOW - 2 PLUS XT MASTURBADOR CON FUNDA - TALLA B - Tienda Er\u00f3tica<\/title>\n<meta name=\"robots\" content=\"noindex, follow, max-snippet:-1, max-image-preview:large, max-video-preview:-1\" \/>\n<meta property=\"og:locale\" content=\"es_ES\" \/>\n<meta property=\"og:type\" content=\"article\" \/>\n<meta property=\"og:title\" content=\"AUTOBLOW - 2 PLUS XT MASTURBADOR CON FUNDA - TALLA B - Tienda Er\u00f3tica\" \/>\n<meta property=\"og:description\" content=\"AUTOBLOW &#8211; 2 PLUS XT MASTURBATOR &#038; SLEEVE SIZE B Disfruta del placer sin l\u00edmites. \u00a1Tu robot Autoblow trabajar\u00e1 duro\" \/>\n<meta property=\"og:url\" content=\"https:\/\/demoweb.info\/sexshop001\/producto\/autoblow-2-plus-xt-masturbador-con-funda-talla-b\/\" \/>\n<meta property=\"og:site_name\" content=\"Tienda Er\u00f3tica\" \/>\n<meta property=\"article:modified_time\" content=\"2022-01-22T11:53:53+00:00\" \/>\n<meta property=\"og:image\" content=\"https:\/\/demoweb.info\/sexshop001\/wp-content\/uploads\/2022\/01\/AUTOBLOW-2-PLUS-XT-MASTURBADOR-CON-FUNDA-TALLA-B.jpg\" \/>\n\t<meta property=\"og:image:width\" content=\"550\" \/>\n\t<meta property=\"og:image:height\" content=\"550\" \/>\n\t<meta property=\"og:image:type\" content=\"image\/jpeg\" \/>\n<meta name=\"twitter:card\" content=\"summary_large_image\" \/>\n<meta name=\"twitter:label1\" content=\"Tiempo de lectura\" \/>\n\t<meta name=\"twitter:data1\" content=\"5 minutos\" \/>\n<script type=\"application\/ld+json\" class=\"yoast-schema-graph\">{\"@context\":\"https:\/\/schema.org\",\"@graph\":[{\"@type\":\"WebPage\",\"@id\":\"https:\/\/demoweb.info\/sexshop001\/producto\/autoblow-2-plus-xt-masturbador-con-funda-talla-b\/\",\"url\":\"https:\/\/demoweb.info\/sexshop001\/producto\/autoblow-2-plus-xt-masturbador-con-funda-talla-b\/\",\"name\":\"AUTOBLOW - 2 PLUS XT MASTURBADOR CON FUNDA - TALLA B - Tienda Er\u00f3tica\",\"isPartOf\":{\"@id\":\"https:\/\/demoweb.info\/sexshop001\/#website\"},\"datePublished\":\"2022-01-22T11:53:47+00:00\",\"dateModified\":\"2022-01-22T11:53:53+00:00\",\"breadcrumb\":{\"@id\":\"https:\/\/demoweb.info\/sexshop001\/producto\/autoblow-2-plus-xt-masturbador-con-funda-talla-b\/#breadcrumb\"},\"inLanguage\":\"es\",\"potentialAction\":[{\"@type\":\"ReadAction\",\"target\":[\"https:\/\/demoweb.info\/sexshop001\/producto\/autoblow-2-plus-xt-masturbador-con-funda-talla-b\/\"]}]},{\"@type\":\"BreadcrumbList\",\"@id\":\"https:\/\/demoweb.info\/sexshop001\/producto\/autoblow-2-plus-xt-masturbador-con-funda-talla-b\/#breadcrumb\",\"itemListElement\":[{\"@type\":\"ListItem\",\"position\":1,\"name\":\"Portada\",\"item\":\"https:\/\/demoweb.info\/sexshop001\/\"},{\"@type\":\"ListItem\",\"position\":2,\"name\":\"Tienda\",\"item\":\"https:\/\/demoweb.info\/sexshop001\/tienda\/\"},{\"@type\":\"ListItem\",\"position\":3,\"name\":\"AUTOBLOW &#8211; 2 PLUS XT MASTURBADOR CON FUNDA &#8211; TALLA B\"}]},{\"@type\":\"WebSite\",\"@id\":\"https:\/\/demoweb.info\/sexshop001\/#website\",\"url\":\"https:\/\/demoweb.info\/sexshop001\/\",\"name\":\"Tienda Er\u00f3tica\",\"description\":\"DEMOWEB SL\",\"potentialAction\":[{\"@type\":\"SearchAction\",\"target\":{\"@type\":\"EntryPoint\",\"urlTemplate\":\"https:\/\/demoweb.info\/sexshop001\/?s={search_term_string}\"},\"query-input\":\"required name=search_term_string\"}],\"inLanguage\":\"es\"}]}<\/script>\n<!-- \/ Yoast SEO plugin. -->","yoast_head_json":{"title":"AUTOBLOW - 2 PLUS XT MASTURBADOR CON FUNDA - TALLA B - Tienda Er\u00f3tica","robots":{"index":"noindex","follow":"follow","max-snippet":"max-snippet:-1","max-image-preview":"max-image-preview:large","max-video-preview":"max-video-preview:-1"},"og_locale":"es_ES","og_type":"article","og_title":"AUTOBLOW - 2 PLUS XT MASTURBADOR CON FUNDA - TALLA B - Tienda Er\u00f3tica","og_description":"AUTOBLOW &#8211; 2 PLUS XT MASTURBATOR &#038; SLEEVE SIZE B Disfruta del placer sin l\u00edmites. \u00a1Tu robot Autoblow trabajar\u00e1 duro","og_url":"https:\/\/demoweb.info\/sexshop001\/producto\/autoblow-2-plus-xt-masturbador-con-funda-talla-b\/","og_site_name":"Tienda Er\u00f3tica","article_modified_time":"2022-01-22T11:53:53+00:00","og_image":[{"width":550,"height":550,"url":"https:\/\/demoweb.info\/sexshop001\/wp-content\/uploads\/2022\/01\/AUTOBLOW-2-PLUS-XT-MASTURBADOR-CON-FUNDA-TALLA-B.jpg","type":"image\/jpeg"}],"twitter_card":"summary_large_image","twitter_misc":{"Tiempo de lectura":"5 minutos"},"schema":{"@context":"https:\/\/schema.org","@graph":[{"@type":"WebPage","@id":"https:\/\/demoweb.info\/sexshop001\/producto\/autoblow-2-plus-xt-masturbador-con-funda-talla-b\/","url":"https:\/\/demoweb.info\/sexshop001\/producto\/autoblow-2-plus-xt-masturbador-con-funda-talla-b\/","name":"AUTOBLOW - 2 PLUS XT MASTURBADOR CON FUNDA - TALLA B - Tienda Er\u00f3tica","isPartOf":{"@id":"https:\/\/demoweb.info\/sexshop001\/#website"},"datePublished":"2022-01-22T11:53:47+00:00","dateModified":"2022-01-22T11:53:53+00:00","breadcrumb":{"@id":"https:\/\/demoweb.info\/sexshop001\/producto\/autoblow-2-plus-xt-masturbador-con-funda-talla-b\/#breadcrumb"},"inLanguage":"es","potentialAction":[{"@type":"ReadAction","target":["https:\/\/demoweb.info\/sexshop001\/producto\/autoblow-2-plus-xt-masturbador-con-funda-talla-b\/"]}]},{"@type":"BreadcrumbList","@id":"https:\/\/demoweb.info\/sexshop001\/producto\/autoblow-2-plus-xt-masturbador-con-funda-talla-b\/#breadcrumb","itemListElement":[{"@type":"ListItem","position":1,"name":"Portada","item":"https:\/\/demoweb.info\/sexshop001\/"},{"@type":"ListItem","position":2,"name":"Tienda","item":"https:\/\/demoweb.info\/sexshop001\/tienda\/"},{"@type":"ListItem","position":3,"name":"AUTOBLOW &#8211; 2 PLUS XT MASTURBADOR CON FUNDA &#8211; TALLA B"}]},{"@type":"WebSite","@id":"https:\/\/demoweb.info\/sexshop001\/#website","url":"https:\/\/demoweb.info\/sexshop001\/","name":"Tienda Er\u00f3tica","description":"DEMOWEB SL","potentialAction":[{"@type":"SearchAction","target":{"@type":"EntryPoint","urlTemplate":"https:\/\/demoweb.info\/sexshop001\/?s={search_term_string}"},"query-input":"required name=search_term_string"}],"inLanguage":"es"}]}},"_links":{"self":[{"href":"https:\/\/demoweb.info\/sexshop001\/wp-json\/wp\/v3\/product\/31803","targetHints":{"allow":["GET"]}}],"collection":[{"href":"https:\/\/demoweb.info\/sexshop001\/wp-json\/wp\/v3\/product"}],"about":[{"href":"https:\/\/demoweb.info\/sexshop001\/wp-json\/wp\/v2\/types\/product"}],"replies":[{"embeddable":true,"href":"https:\/\/demoweb.info\/sexshop001\/wp-json\/wp\/v2\/comments?post=31803"}],"wp:featuredmedia":[{"embeddable":true,"href":"https:\/\/demoweb.info\/sexshop001\/wp-json\/wp\/v2\/media\/31804"}],"wp:attachment":[{"href":"https:\/\/demoweb.info\/sexshop001\/wp-json\/wp\/v2\/media?parent=31803"}],"wp:term":[{"taxonomy":"product_cat","embeddable":true,"href":"https:\/\/demoweb.info\/sexshop001\/wp-json\/wp\/v2\/product_cat?post=31803"},{"taxonomy":"product_tag","embeddable":true,"href":"https:\/\/demoweb.info\/sexshop001\/wp-json\/wp\/v2\/product_tag?post=31803"}],"curies":[{"name":"wp","href":"https:\/\/api.w.org\/{rel}","templated":true}]}}