{"id":31785,"date":"2022-01-22T12:53:22","date_gmt":"2022-01-22T11:53:22","guid":{"rendered":"https:\/\/demoweb.info\/sexshop001\/producto\/autoblow-2-plus-xt-funda-vagina-talla-c\/"},"modified":"2022-01-22T12:53:41","modified_gmt":"2022-01-22T11:53:41","slug":"autoblow-2-plus-xt-funda-vagina-talla-c","status":"publish","type":"product","link":"https:\/\/demoweb.info\/sexshop001\/producto\/autoblow-2-plus-xt-funda-vagina-talla-c\/","title":{"rendered":"AUTOBLOW &#8211; 2 PLUS XT FUNDA VAGINA &#8211; TALLA C"},"content":{"rendered":"<p><strong>AUTOBLOW &#8211; 2 PLUS XT VAGINA SLEEVE &#8211; SIZE C<\/strong><\/p>\n<p>\u00bfQuieres fundas extra? Has venido al lugar correcto.<\/p>\n<ul>\n<li>Llavable<\/li>\n<li>Reutilizable<\/li>\n<li>Intercambiable<\/li>\n<\/ul>\n<p>Placer que se adapta a ti. Elige tu talla.<\/p>\n<p>Talla A: circunferencia de 7,5-10 cm, todos los largos<\/p>\n<p>Talla B: 10-14 cm de circunferencia, todas las longitudes<\/p>\n<p>Talla C: 14-16 cm de circunferencia, todas las longitudes<\/p>\n<p>Disfruta tu manga. Disfruta tu vida.<\/p>\n<p>\u00a1Los 3 tama\u00f1os de mangas intercambiables del Autoblow 2 hacen que el Autoblow 2 sea totalmente \u00fanico en el universo de los juguetes sexuales masculinos!<\/p>\n<p>Hechas de un material de piel artificial de alta calidad, las mangas son f\u00e1ciles de limpiar y est\u00e1n dise\u00f1adas para durar. Necesitar\u00e1 un lubricante a base de agua para entrar f\u00e1cilmente en la m\u00e1quina, \u00a1as\u00ed que no se olvide de comprar uno!<\/p>\n","protected":false},"excerpt":{"rendered":"<p>AUTOBLOW &#8211; 2 PLUS XT VAGINA SLEEVE &#8211; SIZE C \u00bfQuieres fundas extra? Has venido al lugar correcto. Llavable Reutilizable<\/p>\n","protected":false},"featured_media":31786,"comment_status":"open","ping_status":"open","template":"","meta":[],"product_cat":[659],"product_tag":[365],"class_list":["post-31785","product","type-product","status-publish","has-post-thumbnail","hentry","product_cat-accesorios-masturbadores","product_tag-autoblow"],"bundled_by":[],"bundle_stock_status":"instock","bundle_stock_quantity":2,"bundle_virtual":false,"bundle_layout":"","bundle_add_to_cart_form_location":"","bundle_editable_in_cart":false,"bundle_sold_individually_context":"","bundle_item_grouping":"","bundle_min_size":"","bundle_max_size":"","bundled_items":[],"yoast_head":"<!-- This site is optimized with the Yoast SEO plugin v20.6 - https:\/\/yoast.com\/wordpress\/plugins\/seo\/ -->\n<title>AUTOBLOW - 2 PLUS XT FUNDA VAGINA - TALLA C - Tienda Er\u00f3tica<\/title>\n<meta name=\"robots\" content=\"noindex, follow, max-snippet:-1, max-image-preview:large, max-video-preview:-1\" \/>\n<meta property=\"og:locale\" content=\"es_ES\" \/>\n<meta property=\"og:type\" content=\"article\" \/>\n<meta property=\"og:title\" content=\"AUTOBLOW - 2 PLUS XT FUNDA VAGINA - TALLA C - Tienda Er\u00f3tica\" \/>\n<meta property=\"og:description\" content=\"AUTOBLOW &#8211; 2 PLUS XT VAGINA SLEEVE &#8211; SIZE C \u00bfQuieres fundas extra? Has venido al lugar correcto. Llavable Reutilizable\" \/>\n<meta property=\"og:url\" content=\"https:\/\/demoweb.info\/sexshop001\/producto\/autoblow-2-plus-xt-funda-vagina-talla-c\/\" \/>\n<meta property=\"og:site_name\" content=\"Tienda Er\u00f3tica\" \/>\n<meta property=\"article:modified_time\" content=\"2022-01-22T11:53:41+00:00\" \/>\n<meta property=\"og:image\" content=\"https:\/\/demoweb.info\/sexshop001\/wp-content\/uploads\/2022\/01\/AUTOBLOW-2-PLUS-XT-FUNDA-VAGINA-TALLA-C.jpg\" \/>\n\t<meta property=\"og:image:width\" content=\"550\" \/>\n\t<meta property=\"og:image:height\" content=\"550\" \/>\n\t<meta property=\"og:image:type\" content=\"image\/jpeg\" \/>\n<meta name=\"twitter:card\" content=\"summary_large_image\" \/>\n<meta name=\"twitter:label1\" content=\"Tiempo de lectura\" \/>\n\t<meta name=\"twitter:data1\" content=\"1 minuto\" \/>\n<script type=\"application\/ld+json\" class=\"yoast-schema-graph\">{\"@context\":\"https:\/\/schema.org\",\"@graph\":[{\"@type\":\"WebPage\",\"@id\":\"https:\/\/demoweb.info\/sexshop001\/producto\/autoblow-2-plus-xt-funda-vagina-talla-c\/\",\"url\":\"https:\/\/demoweb.info\/sexshop001\/producto\/autoblow-2-plus-xt-funda-vagina-talla-c\/\",\"name\":\"AUTOBLOW - 2 PLUS XT FUNDA VAGINA - TALLA C - Tienda Er\u00f3tica\",\"isPartOf\":{\"@id\":\"https:\/\/demoweb.info\/sexshop001\/#website\"},\"datePublished\":\"2022-01-22T11:53:22+00:00\",\"dateModified\":\"2022-01-22T11:53:41+00:00\",\"breadcrumb\":{\"@id\":\"https:\/\/demoweb.info\/sexshop001\/producto\/autoblow-2-plus-xt-funda-vagina-talla-c\/#breadcrumb\"},\"inLanguage\":\"es\",\"potentialAction\":[{\"@type\":\"ReadAction\",\"target\":[\"https:\/\/demoweb.info\/sexshop001\/producto\/autoblow-2-plus-xt-funda-vagina-talla-c\/\"]}]},{\"@type\":\"BreadcrumbList\",\"@id\":\"https:\/\/demoweb.info\/sexshop001\/producto\/autoblow-2-plus-xt-funda-vagina-talla-c\/#breadcrumb\",\"itemListElement\":[{\"@type\":\"ListItem\",\"position\":1,\"name\":\"Portada\",\"item\":\"https:\/\/demoweb.info\/sexshop001\/\"},{\"@type\":\"ListItem\",\"position\":2,\"name\":\"Tienda\",\"item\":\"https:\/\/demoweb.info\/sexshop001\/tienda\/\"},{\"@type\":\"ListItem\",\"position\":3,\"name\":\"AUTOBLOW &#8211; 2 PLUS XT FUNDA VAGINA &#8211; TALLA C\"}]},{\"@type\":\"WebSite\",\"@id\":\"https:\/\/demoweb.info\/sexshop001\/#website\",\"url\":\"https:\/\/demoweb.info\/sexshop001\/\",\"name\":\"Tienda Er\u00f3tica\",\"description\":\"DEMOWEB SL\",\"potentialAction\":[{\"@type\":\"SearchAction\",\"target\":{\"@type\":\"EntryPoint\",\"urlTemplate\":\"https:\/\/demoweb.info\/sexshop001\/?s={search_term_string}\"},\"query-input\":\"required name=search_term_string\"}],\"inLanguage\":\"es\"}]}<\/script>\n<!-- \/ Yoast SEO plugin. -->","yoast_head_json":{"title":"AUTOBLOW - 2 PLUS XT FUNDA VAGINA - TALLA C - Tienda Er\u00f3tica","robots":{"index":"noindex","follow":"follow","max-snippet":"max-snippet:-1","max-image-preview":"max-image-preview:large","max-video-preview":"max-video-preview:-1"},"og_locale":"es_ES","og_type":"article","og_title":"AUTOBLOW - 2 PLUS XT FUNDA VAGINA - TALLA C - Tienda Er\u00f3tica","og_description":"AUTOBLOW &#8211; 2 PLUS XT VAGINA SLEEVE &#8211; SIZE C \u00bfQuieres fundas extra? Has venido al lugar correcto. Llavable Reutilizable","og_url":"https:\/\/demoweb.info\/sexshop001\/producto\/autoblow-2-plus-xt-funda-vagina-talla-c\/","og_site_name":"Tienda Er\u00f3tica","article_modified_time":"2022-01-22T11:53:41+00:00","og_image":[{"width":550,"height":550,"url":"https:\/\/demoweb.info\/sexshop001\/wp-content\/uploads\/2022\/01\/AUTOBLOW-2-PLUS-XT-FUNDA-VAGINA-TALLA-C.jpg","type":"image\/jpeg"}],"twitter_card":"summary_large_image","twitter_misc":{"Tiempo de lectura":"1 minuto"},"schema":{"@context":"https:\/\/schema.org","@graph":[{"@type":"WebPage","@id":"https:\/\/demoweb.info\/sexshop001\/producto\/autoblow-2-plus-xt-funda-vagina-talla-c\/","url":"https:\/\/demoweb.info\/sexshop001\/producto\/autoblow-2-plus-xt-funda-vagina-talla-c\/","name":"AUTOBLOW - 2 PLUS XT FUNDA VAGINA - TALLA C - Tienda Er\u00f3tica","isPartOf":{"@id":"https:\/\/demoweb.info\/sexshop001\/#website"},"datePublished":"2022-01-22T11:53:22+00:00","dateModified":"2022-01-22T11:53:41+00:00","breadcrumb":{"@id":"https:\/\/demoweb.info\/sexshop001\/producto\/autoblow-2-plus-xt-funda-vagina-talla-c\/#breadcrumb"},"inLanguage":"es","potentialAction":[{"@type":"ReadAction","target":["https:\/\/demoweb.info\/sexshop001\/producto\/autoblow-2-plus-xt-funda-vagina-talla-c\/"]}]},{"@type":"BreadcrumbList","@id":"https:\/\/demoweb.info\/sexshop001\/producto\/autoblow-2-plus-xt-funda-vagina-talla-c\/#breadcrumb","itemListElement":[{"@type":"ListItem","position":1,"name":"Portada","item":"https:\/\/demoweb.info\/sexshop001\/"},{"@type":"ListItem","position":2,"name":"Tienda","item":"https:\/\/demoweb.info\/sexshop001\/tienda\/"},{"@type":"ListItem","position":3,"name":"AUTOBLOW &#8211; 2 PLUS XT FUNDA VAGINA &#8211; TALLA C"}]},{"@type":"WebSite","@id":"https:\/\/demoweb.info\/sexshop001\/#website","url":"https:\/\/demoweb.info\/sexshop001\/","name":"Tienda Er\u00f3tica","description":"DEMOWEB SL","potentialAction":[{"@type":"SearchAction","target":{"@type":"EntryPoint","urlTemplate":"https:\/\/demoweb.info\/sexshop001\/?s={search_term_string}"},"query-input":"required name=search_term_string"}],"inLanguage":"es"}]}},"_links":{"self":[{"href":"https:\/\/demoweb.info\/sexshop001\/wp-json\/wp\/v3\/product\/31785","targetHints":{"allow":["GET"]}}],"collection":[{"href":"https:\/\/demoweb.info\/sexshop001\/wp-json\/wp\/v3\/product"}],"about":[{"href":"https:\/\/demoweb.info\/sexshop001\/wp-json\/wp\/v2\/types\/product"}],"replies":[{"embeddable":true,"href":"https:\/\/demoweb.info\/sexshop001\/wp-json\/wp\/v2\/comments?post=31785"}],"wp:featuredmedia":[{"embeddable":true,"href":"https:\/\/demoweb.info\/sexshop001\/wp-json\/wp\/v2\/media\/31786"}],"wp:attachment":[{"href":"https:\/\/demoweb.info\/sexshop001\/wp-json\/wp\/v2\/media?parent=31785"}],"wp:term":[{"taxonomy":"product_cat","embeddable":true,"href":"https:\/\/demoweb.info\/sexshop001\/wp-json\/wp\/v2\/product_cat?post=31785"},{"taxonomy":"product_tag","embeddable":true,"href":"https:\/\/demoweb.info\/sexshop001\/wp-json\/wp\/v2\/product_tag?post=31785"}],"curies":[{"name":"wp","href":"https:\/\/api.w.org\/{rel}","templated":true}]}}