{"id":31700,"date":"2022-01-22T12:52:34","date_gmt":"2022-01-22T11:52:34","guid":{"rendered":"https:\/\/demoweb.info\/sexshop001\/producto\/loverspremium-masturbador-vulcan-negro\/"},"modified":"2022-01-22T12:52:43","modified_gmt":"2022-01-22T11:52:43","slug":"loverspremium-masturbador-vulcan-negro","status":"publish","type":"product","link":"https:\/\/demoweb.info\/sexshop001\/producto\/loverspremium-masturbador-vulcan-negro\/","title":{"rendered":"LOVERSPREMIUM &#8211; MASTURBADOR VULCAN NEGRO"},"content":{"rendered":"<p><strong>LOVERSPREMIUM &#8211; VULCAN MASTURBATOR<\/strong><\/p>\n<p>Masturbador vibrador con una excitante estructura interior de suaves y estimulantes protuberancias.<\/p>\n<p>Este masturbador cuenta con un bot\u00f3n de aceleraci\u00f3n de impulso para una vibraci\u00f3n directa e incluso m\u00e1s explosiva.<\/p>\n<p>Es completamente recargable (USB), impermeable y est\u00e1 hecho de material de silicona seguro para el cuerpo.<\/p>\n<p>Caracter\u00edsticas:<\/p>\n<ul>\n<li>Material: silicona de alta calidad y ABS<\/li>\n<li>Libre de ftalato<\/li>\n<li>N\u00famero de motores silenciosos: 1<\/li>\n<li>Funci\u00f3n de vibraci\u00f3n: 10 velocidades \/ pulsaciones<\/li>\n<li>Impermeable<\/li>\n<li>Bot\u00f3n de aceleraci\u00f3n de impulso<\/li>\n<li>Bater\u00eda: (USB) recargable<\/li>\n<li>Peso: 185 gramos<\/li>\n<li>Duraci\u00f3n: 80 minutos<\/li>\n<li>Tiempo de carga: 2,5 horas<\/li>\n<li>Informaci\u00f3n de voltaje: 3,7 V<\/li>\n<li>Di\u00e1metro: 4,3 cm<\/li>\n<\/ul>\n","protected":false},"excerpt":{"rendered":"<p>LOVERSPREMIUM &#8211; VULCAN MASTURBATOR Masturbador vibrador con una excitante estructura interior de suaves y estimulantes protuberancias. Este masturbador cuenta con<\/p>\n","protected":false},"featured_media":31701,"comment_status":"open","ping_status":"open","template":"","meta":[],"product_cat":[364],"product_tag":[821],"class_list":["post-31700","product","type-product","status-publish","has-post-thumbnail","hentry","product_cat-con-vibracion","product_tag-loverspremium"],"bundled_by":[],"bundle_stock_status":"instock","bundle_stock_quantity":4,"bundle_virtual":false,"bundle_layout":"","bundle_add_to_cart_form_location":"","bundle_editable_in_cart":false,"bundle_sold_individually_context":"","bundle_item_grouping":"","bundle_min_size":"","bundle_max_size":"","bundled_items":[],"yoast_head":"<!-- This site is optimized with the Yoast SEO plugin v20.6 - https:\/\/yoast.com\/wordpress\/plugins\/seo\/ -->\n<title>LOVERSPREMIUM - MASTURBADOR VULCAN NEGRO - Tienda Er\u00f3tica<\/title>\n<meta name=\"robots\" content=\"noindex, follow, max-snippet:-1, max-image-preview:large, max-video-preview:-1\" \/>\n<meta property=\"og:locale\" content=\"es_ES\" \/>\n<meta property=\"og:type\" content=\"article\" \/>\n<meta property=\"og:title\" content=\"LOVERSPREMIUM - MASTURBADOR VULCAN NEGRO - Tienda Er\u00f3tica\" \/>\n<meta property=\"og:description\" content=\"LOVERSPREMIUM &#8211; VULCAN MASTURBATOR Masturbador vibrador con una excitante estructura interior de suaves y estimulantes protuberancias. Este masturbador cuenta con\" \/>\n<meta property=\"og:url\" content=\"https:\/\/demoweb.info\/sexshop001\/producto\/loverspremium-masturbador-vulcan-negro\/\" \/>\n<meta property=\"og:site_name\" content=\"Tienda Er\u00f3tica\" \/>\n<meta property=\"article:modified_time\" content=\"2022-01-22T11:52:43+00:00\" \/>\n<meta property=\"og:image\" content=\"https:\/\/demoweb.info\/sexshop001\/wp-content\/uploads\/2022\/01\/LOVERSPREMIUM-MASTURBADOR-VULCAN-NEGRO.jpg\" \/>\n\t<meta property=\"og:image:width\" content=\"550\" \/>\n\t<meta property=\"og:image:height\" content=\"550\" \/>\n\t<meta property=\"og:image:type\" content=\"image\/jpeg\" \/>\n<meta name=\"twitter:card\" content=\"summary_large_image\" \/>\n<meta name=\"twitter:label1\" content=\"Tiempo de lectura\" \/>\n\t<meta name=\"twitter:data1\" content=\"1 minuto\" \/>\n<script type=\"application\/ld+json\" class=\"yoast-schema-graph\">{\"@context\":\"https:\/\/schema.org\",\"@graph\":[{\"@type\":\"WebPage\",\"@id\":\"https:\/\/demoweb.info\/sexshop001\/producto\/loverspremium-masturbador-vulcan-negro\/\",\"url\":\"https:\/\/demoweb.info\/sexshop001\/producto\/loverspremium-masturbador-vulcan-negro\/\",\"name\":\"LOVERSPREMIUM - MASTURBADOR VULCAN NEGRO - Tienda Er\u00f3tica\",\"isPartOf\":{\"@id\":\"https:\/\/demoweb.info\/sexshop001\/#website\"},\"datePublished\":\"2022-01-22T11:52:34+00:00\",\"dateModified\":\"2022-01-22T11:52:43+00:00\",\"breadcrumb\":{\"@id\":\"https:\/\/demoweb.info\/sexshop001\/producto\/loverspremium-masturbador-vulcan-negro\/#breadcrumb\"},\"inLanguage\":\"es\",\"potentialAction\":[{\"@type\":\"ReadAction\",\"target\":[\"https:\/\/demoweb.info\/sexshop001\/producto\/loverspremium-masturbador-vulcan-negro\/\"]}]},{\"@type\":\"BreadcrumbList\",\"@id\":\"https:\/\/demoweb.info\/sexshop001\/producto\/loverspremium-masturbador-vulcan-negro\/#breadcrumb\",\"itemListElement\":[{\"@type\":\"ListItem\",\"position\":1,\"name\":\"Portada\",\"item\":\"https:\/\/demoweb.info\/sexshop001\/\"},{\"@type\":\"ListItem\",\"position\":2,\"name\":\"Tienda\",\"item\":\"https:\/\/demoweb.info\/sexshop001\/tienda\/\"},{\"@type\":\"ListItem\",\"position\":3,\"name\":\"LOVERSPREMIUM &#8211; MASTURBADOR VULCAN NEGRO\"}]},{\"@type\":\"WebSite\",\"@id\":\"https:\/\/demoweb.info\/sexshop001\/#website\",\"url\":\"https:\/\/demoweb.info\/sexshop001\/\",\"name\":\"Tienda Er\u00f3tica\",\"description\":\"DEMOWEB SL\",\"potentialAction\":[{\"@type\":\"SearchAction\",\"target\":{\"@type\":\"EntryPoint\",\"urlTemplate\":\"https:\/\/demoweb.info\/sexshop001\/?s={search_term_string}\"},\"query-input\":\"required name=search_term_string\"}],\"inLanguage\":\"es\"}]}<\/script>\n<!-- \/ Yoast SEO plugin. -->","yoast_head_json":{"title":"LOVERSPREMIUM - MASTURBADOR VULCAN NEGRO - Tienda Er\u00f3tica","robots":{"index":"noindex","follow":"follow","max-snippet":"max-snippet:-1","max-image-preview":"max-image-preview:large","max-video-preview":"max-video-preview:-1"},"og_locale":"es_ES","og_type":"article","og_title":"LOVERSPREMIUM - MASTURBADOR VULCAN NEGRO - Tienda Er\u00f3tica","og_description":"LOVERSPREMIUM &#8211; VULCAN MASTURBATOR Masturbador vibrador con una excitante estructura interior de suaves y estimulantes protuberancias. Este masturbador cuenta con","og_url":"https:\/\/demoweb.info\/sexshop001\/producto\/loverspremium-masturbador-vulcan-negro\/","og_site_name":"Tienda Er\u00f3tica","article_modified_time":"2022-01-22T11:52:43+00:00","og_image":[{"width":550,"height":550,"url":"https:\/\/demoweb.info\/sexshop001\/wp-content\/uploads\/2022\/01\/LOVERSPREMIUM-MASTURBADOR-VULCAN-NEGRO.jpg","type":"image\/jpeg"}],"twitter_card":"summary_large_image","twitter_misc":{"Tiempo de lectura":"1 minuto"},"schema":{"@context":"https:\/\/schema.org","@graph":[{"@type":"WebPage","@id":"https:\/\/demoweb.info\/sexshop001\/producto\/loverspremium-masturbador-vulcan-negro\/","url":"https:\/\/demoweb.info\/sexshop001\/producto\/loverspremium-masturbador-vulcan-negro\/","name":"LOVERSPREMIUM - MASTURBADOR VULCAN NEGRO - Tienda Er\u00f3tica","isPartOf":{"@id":"https:\/\/demoweb.info\/sexshop001\/#website"},"datePublished":"2022-01-22T11:52:34+00:00","dateModified":"2022-01-22T11:52:43+00:00","breadcrumb":{"@id":"https:\/\/demoweb.info\/sexshop001\/producto\/loverspremium-masturbador-vulcan-negro\/#breadcrumb"},"inLanguage":"es","potentialAction":[{"@type":"ReadAction","target":["https:\/\/demoweb.info\/sexshop001\/producto\/loverspremium-masturbador-vulcan-negro\/"]}]},{"@type":"BreadcrumbList","@id":"https:\/\/demoweb.info\/sexshop001\/producto\/loverspremium-masturbador-vulcan-negro\/#breadcrumb","itemListElement":[{"@type":"ListItem","position":1,"name":"Portada","item":"https:\/\/demoweb.info\/sexshop001\/"},{"@type":"ListItem","position":2,"name":"Tienda","item":"https:\/\/demoweb.info\/sexshop001\/tienda\/"},{"@type":"ListItem","position":3,"name":"LOVERSPREMIUM &#8211; MASTURBADOR VULCAN NEGRO"}]},{"@type":"WebSite","@id":"https:\/\/demoweb.info\/sexshop001\/#website","url":"https:\/\/demoweb.info\/sexshop001\/","name":"Tienda Er\u00f3tica","description":"DEMOWEB SL","potentialAction":[{"@type":"SearchAction","target":{"@type":"EntryPoint","urlTemplate":"https:\/\/demoweb.info\/sexshop001\/?s={search_term_string}"},"query-input":"required name=search_term_string"}],"inLanguage":"es"}]}},"_links":{"self":[{"href":"https:\/\/demoweb.info\/sexshop001\/wp-json\/wp\/v3\/product\/31700","targetHints":{"allow":["GET"]}}],"collection":[{"href":"https:\/\/demoweb.info\/sexshop001\/wp-json\/wp\/v3\/product"}],"about":[{"href":"https:\/\/demoweb.info\/sexshop001\/wp-json\/wp\/v2\/types\/product"}],"replies":[{"embeddable":true,"href":"https:\/\/demoweb.info\/sexshop001\/wp-json\/wp\/v2\/comments?post=31700"}],"wp:featuredmedia":[{"embeddable":true,"href":"https:\/\/demoweb.info\/sexshop001\/wp-json\/wp\/v2\/media\/31701"}],"wp:attachment":[{"href":"https:\/\/demoweb.info\/sexshop001\/wp-json\/wp\/v2\/media?parent=31700"}],"wp:term":[{"taxonomy":"product_cat","embeddable":true,"href":"https:\/\/demoweb.info\/sexshop001\/wp-json\/wp\/v2\/product_cat?post=31700"},{"taxonomy":"product_tag","embeddable":true,"href":"https:\/\/demoweb.info\/sexshop001\/wp-json\/wp\/v2\/product_tag?post=31700"}],"curies":[{"name":"wp","href":"https:\/\/api.w.org\/{rel}","templated":true}]}}