{"id":31694,"date":"2022-01-22T12:52:34","date_gmt":"2022-01-22T11:52:34","guid":{"rendered":"https:\/\/demoweb.info\/sexshop001\/producto\/loverspremium-huevo-vibrador-morado\/"},"modified":"2022-01-22T12:52:39","modified_gmt":"2022-01-22T11:52:39","slug":"loverspremium-huevo-vibrador-morado","status":"publish","type":"product","link":"https:\/\/demoweb.info\/sexshop001\/producto\/loverspremium-huevo-vibrador-morado\/","title":{"rendered":"LOVERSPREMIUM &#8211; HUEVO VIBRADOR MORADO"},"content":{"rendered":"<p><strong>LOVERSPREMIUM &#8211; VIBRATING EGG<\/strong><\/p>\n<p>Huevo vibrador con control remoto inal\u00e1mbrico. Hasta 10 modos diferentes de vibraci\u00f3n. \u00a1Muy f\u00e1cil de controlar!<\/p>\n<p>El control remoto cuenta con una pantalla digital, en la que se pueden ver los distintos modos de vibraci\u00f3n.<\/p>\n<p>\u00a1Hazlo m\u00e1s emocionante y deja que tu pareja controle el vibrador, donde sea y cuando sea!<\/p>\n<p>Caracter\u00edsticas:<\/p>\n<ul>\n<li>Pilas: 2 x AAA y 1 x 23A (incluidas)<\/li>\n<li>Tama\u00f1o del huevo: longitud 8 cm, di\u00e1metro 3,4 cm<\/li>\n<li>Controlador de color: blanco \/ negro<\/li>\n<li>Huevo de color: morado \/ negro<\/li>\n<li>Max. controlador de distancia y huevo: 6-10 metros<\/li>\n<\/ul>\n","protected":false},"excerpt":{"rendered":"<p>LOVERSPREMIUM &#8211; VIBRATING EGG Huevo vibrador con control remoto inal\u00e1mbrico. Hasta 10 modos diferentes de vibraci\u00f3n. \u00a1Muy f\u00e1cil de controlar!<\/p>\n","protected":false},"featured_media":31695,"comment_status":"open","ping_status":"open","template":"","meta":[],"product_cat":[322],"product_tag":[821],"class_list":["post-31694","product","type-product","status-publish","has-post-thumbnail","hentry","product_cat-con-mando","product_tag-loverspremium"],"bundled_by":[],"bundle_stock_status":"instock","bundle_stock_quantity":1,"bundle_virtual":false,"bundle_layout":"","bundle_add_to_cart_form_location":"","bundle_editable_in_cart":false,"bundle_sold_individually_context":"","bundle_item_grouping":"","bundle_min_size":"","bundle_max_size":"","bundled_items":[],"yoast_head":"<!-- This site is optimized with the Yoast SEO plugin v20.6 - https:\/\/yoast.com\/wordpress\/plugins\/seo\/ -->\n<title>LOVERSPREMIUM - HUEVO VIBRADOR MORADO - Tienda Er\u00f3tica<\/title>\n<meta name=\"robots\" content=\"noindex, follow, max-snippet:-1, max-image-preview:large, max-video-preview:-1\" \/>\n<meta property=\"og:locale\" content=\"es_ES\" \/>\n<meta property=\"og:type\" content=\"article\" \/>\n<meta property=\"og:title\" content=\"LOVERSPREMIUM - HUEVO VIBRADOR MORADO - Tienda Er\u00f3tica\" \/>\n<meta property=\"og:description\" content=\"LOVERSPREMIUM &#8211; VIBRATING EGG Huevo vibrador con control remoto inal\u00e1mbrico. Hasta 10 modos diferentes de vibraci\u00f3n. \u00a1Muy f\u00e1cil de controlar!\" \/>\n<meta property=\"og:url\" content=\"https:\/\/demoweb.info\/sexshop001\/producto\/loverspremium-huevo-vibrador-morado\/\" \/>\n<meta property=\"og:site_name\" content=\"Tienda Er\u00f3tica\" \/>\n<meta property=\"article:modified_time\" content=\"2022-01-22T11:52:39+00:00\" \/>\n<meta property=\"og:image\" content=\"https:\/\/demoweb.info\/sexshop001\/wp-content\/uploads\/2022\/01\/LOVERSPREMIUM-HUEVO-VIBRADOR-MORADO.jpg\" \/>\n\t<meta property=\"og:image:width\" content=\"550\" \/>\n\t<meta property=\"og:image:height\" content=\"550\" \/>\n\t<meta property=\"og:image:type\" content=\"image\/jpeg\" \/>\n<meta name=\"twitter:card\" content=\"summary_large_image\" \/>\n<script type=\"application\/ld+json\" class=\"yoast-schema-graph\">{\"@context\":\"https:\/\/schema.org\",\"@graph\":[{\"@type\":\"WebPage\",\"@id\":\"https:\/\/demoweb.info\/sexshop001\/producto\/loverspremium-huevo-vibrador-morado\/\",\"url\":\"https:\/\/demoweb.info\/sexshop001\/producto\/loverspremium-huevo-vibrador-morado\/\",\"name\":\"LOVERSPREMIUM - HUEVO VIBRADOR MORADO - Tienda Er\u00f3tica\",\"isPartOf\":{\"@id\":\"https:\/\/demoweb.info\/sexshop001\/#website\"},\"datePublished\":\"2022-01-22T11:52:34+00:00\",\"dateModified\":\"2022-01-22T11:52:39+00:00\",\"breadcrumb\":{\"@id\":\"https:\/\/demoweb.info\/sexshop001\/producto\/loverspremium-huevo-vibrador-morado\/#breadcrumb\"},\"inLanguage\":\"es\",\"potentialAction\":[{\"@type\":\"ReadAction\",\"target\":[\"https:\/\/demoweb.info\/sexshop001\/producto\/loverspremium-huevo-vibrador-morado\/\"]}]},{\"@type\":\"BreadcrumbList\",\"@id\":\"https:\/\/demoweb.info\/sexshop001\/producto\/loverspremium-huevo-vibrador-morado\/#breadcrumb\",\"itemListElement\":[{\"@type\":\"ListItem\",\"position\":1,\"name\":\"Portada\",\"item\":\"https:\/\/demoweb.info\/sexshop001\/\"},{\"@type\":\"ListItem\",\"position\":2,\"name\":\"Tienda\",\"item\":\"https:\/\/demoweb.info\/sexshop001\/tienda\/\"},{\"@type\":\"ListItem\",\"position\":3,\"name\":\"LOVERSPREMIUM &#8211; HUEVO VIBRADOR MORADO\"}]},{\"@type\":\"WebSite\",\"@id\":\"https:\/\/demoweb.info\/sexshop001\/#website\",\"url\":\"https:\/\/demoweb.info\/sexshop001\/\",\"name\":\"Tienda Er\u00f3tica\",\"description\":\"DEMOWEB SL\",\"potentialAction\":[{\"@type\":\"SearchAction\",\"target\":{\"@type\":\"EntryPoint\",\"urlTemplate\":\"https:\/\/demoweb.info\/sexshop001\/?s={search_term_string}\"},\"query-input\":\"required name=search_term_string\"}],\"inLanguage\":\"es\"}]}<\/script>\n<!-- \/ Yoast SEO plugin. -->","yoast_head_json":{"title":"LOVERSPREMIUM - HUEVO VIBRADOR MORADO - Tienda Er\u00f3tica","robots":{"index":"noindex","follow":"follow","max-snippet":"max-snippet:-1","max-image-preview":"max-image-preview:large","max-video-preview":"max-video-preview:-1"},"og_locale":"es_ES","og_type":"article","og_title":"LOVERSPREMIUM - HUEVO VIBRADOR MORADO - Tienda Er\u00f3tica","og_description":"LOVERSPREMIUM &#8211; VIBRATING EGG Huevo vibrador con control remoto inal\u00e1mbrico. Hasta 10 modos diferentes de vibraci\u00f3n. \u00a1Muy f\u00e1cil de controlar!","og_url":"https:\/\/demoweb.info\/sexshop001\/producto\/loverspremium-huevo-vibrador-morado\/","og_site_name":"Tienda Er\u00f3tica","article_modified_time":"2022-01-22T11:52:39+00:00","og_image":[{"width":550,"height":550,"url":"https:\/\/demoweb.info\/sexshop001\/wp-content\/uploads\/2022\/01\/LOVERSPREMIUM-HUEVO-VIBRADOR-MORADO.jpg","type":"image\/jpeg"}],"twitter_card":"summary_large_image","schema":{"@context":"https:\/\/schema.org","@graph":[{"@type":"WebPage","@id":"https:\/\/demoweb.info\/sexshop001\/producto\/loverspremium-huevo-vibrador-morado\/","url":"https:\/\/demoweb.info\/sexshop001\/producto\/loverspremium-huevo-vibrador-morado\/","name":"LOVERSPREMIUM - HUEVO VIBRADOR MORADO - Tienda Er\u00f3tica","isPartOf":{"@id":"https:\/\/demoweb.info\/sexshop001\/#website"},"datePublished":"2022-01-22T11:52:34+00:00","dateModified":"2022-01-22T11:52:39+00:00","breadcrumb":{"@id":"https:\/\/demoweb.info\/sexshop001\/producto\/loverspremium-huevo-vibrador-morado\/#breadcrumb"},"inLanguage":"es","potentialAction":[{"@type":"ReadAction","target":["https:\/\/demoweb.info\/sexshop001\/producto\/loverspremium-huevo-vibrador-morado\/"]}]},{"@type":"BreadcrumbList","@id":"https:\/\/demoweb.info\/sexshop001\/producto\/loverspremium-huevo-vibrador-morado\/#breadcrumb","itemListElement":[{"@type":"ListItem","position":1,"name":"Portada","item":"https:\/\/demoweb.info\/sexshop001\/"},{"@type":"ListItem","position":2,"name":"Tienda","item":"https:\/\/demoweb.info\/sexshop001\/tienda\/"},{"@type":"ListItem","position":3,"name":"LOVERSPREMIUM &#8211; HUEVO VIBRADOR MORADO"}]},{"@type":"WebSite","@id":"https:\/\/demoweb.info\/sexshop001\/#website","url":"https:\/\/demoweb.info\/sexshop001\/","name":"Tienda Er\u00f3tica","description":"DEMOWEB SL","potentialAction":[{"@type":"SearchAction","target":{"@type":"EntryPoint","urlTemplate":"https:\/\/demoweb.info\/sexshop001\/?s={search_term_string}"},"query-input":"required name=search_term_string"}],"inLanguage":"es"}]}},"_links":{"self":[{"href":"https:\/\/demoweb.info\/sexshop001\/wp-json\/wp\/v3\/product\/31694","targetHints":{"allow":["GET"]}}],"collection":[{"href":"https:\/\/demoweb.info\/sexshop001\/wp-json\/wp\/v3\/product"}],"about":[{"href":"https:\/\/demoweb.info\/sexshop001\/wp-json\/wp\/v2\/types\/product"}],"replies":[{"embeddable":true,"href":"https:\/\/demoweb.info\/sexshop001\/wp-json\/wp\/v2\/comments?post=31694"}],"wp:featuredmedia":[{"embeddable":true,"href":"https:\/\/demoweb.info\/sexshop001\/wp-json\/wp\/v2\/media\/31695"}],"wp:attachment":[{"href":"https:\/\/demoweb.info\/sexshop001\/wp-json\/wp\/v2\/media?parent=31694"}],"wp:term":[{"taxonomy":"product_cat","embeddable":true,"href":"https:\/\/demoweb.info\/sexshop001\/wp-json\/wp\/v2\/product_cat?post=31694"},{"taxonomy":"product_tag","embeddable":true,"href":"https:\/\/demoweb.info\/sexshop001\/wp-json\/wp\/v2\/product_tag?post=31694"}],"curies":[{"name":"wp","href":"https:\/\/api.w.org\/{rel}","templated":true}]}}